{"id":47424,"date":"2025-04-10T09:18:13","date_gmt":"2025-04-10T07:18:13","guid":{"rendered":"https:\/\/librairie7l.com\/?post_type=product&#038;p=47424"},"modified":"2026-04-23T12:31:54","modified_gmt":"2026-04-23T10:31:54","slug":"les-pionnieres-tome-2-les-authentiques-dans-les-ateliers-dartistes-du-xxie-siecle-2","status":"publish","type":"product","link":"https:\/\/librairie7l.com\/en\/produit\/les-pionnieres-tome-2-les-authentiques-dans-les-ateliers-dartistes-du-xxie-siecle-2\/","title":{"rendered":"LES PIONNI\u00c8RES TOME 2 ; LES AUTHENTIQUES, DANS LES ATELIERS D&#8217;ARTISTES DU XXIE SI\u00c8CLE"},"content":{"rendered":"<p>Catherine Panchout avait d\u00e9j\u00e0 photographi\u00e9 les ateliers des grandes artistes \u00abpionni\u00e8res\u00bb du XXe si\u00e8cle.Elle a poursuivi ce travail avec les artistes de ce d\u00e9but du XXIe si\u00e8cle.\u00c0 travers les vues des ateliers, la documentation des activit\u00e9s, les portraits de vingt-cinq artistes majeures, elle nous livre une vision prenante de la diversit\u00e9 et de la vitalit\u00e9 de l&#8217;art aujourd&#8217;hui.Yves Michaud, philosophe et critique d&#8217;art, a r\u00e9dig\u00e9 les textes qui accompagnent ses photographies et permettent de situer chaque artiste.Les \u00abAuthentiques\u00bb ?Oui, par leur engagement, par leur peu d&#8217;int\u00e9r\u00eat pour les postures, pour la diversit\u00e9 de leurs choix.Et ce sont toutes&#8230; des artistes femmes dans un monde de l&#8217;art dont la mise \u00e0 jour \u00abgendr\u00e9e\u00bb a bien avanc\u00e9 &#8211; et \u00e0 laquelle ce livre contribue.Avec : Lydie Arickx, \u00c9lisabeth Ballet, Rina Banerjee, Val\u00e9rie Belin, Carole Benzaken, B\u00e9atrice Casadesus, H\u00e9l\u00e8ne Delprat, Val\u00e9rie Favre, Gloria Friedmann, Monique Frydman, Claire-Jeanne Jezequel, Marina Karella, Laurie Karp, Catherine Lopes-Curval, Federica Matta, Gabriela Morawetz, Shirin Neshat, Fran\u00e7oise P\u00e9trovitch, Alexandra Roussopoulos, Micha\u00eble -Andrea Schatt, Kiki Smith, Barbara Thaden, Agn\u00e8s Thurnauer, Tatiana Trouv\u00e9, Sophia Vari.<\/p>\n","protected":false},"excerpt":{"rendered":"<p>Catherine Panchout avait d\u00e9j\u00e0 photographi\u00e9 les ateliers des grandes artistes \u00abpionni\u00e8res\u00bb du XXe si\u00e8cle.Elle a poursuivi ce travail avec les artistes de ce d\u00e9but du XXIe si\u00e8cle.\u00c0 travers les vues des ateliers, la documentation des activit\u00e9s, les portraits de vingt-cinq artistes majeures, elle nous livre une vision prenante de la diversit\u00e9 et de la vitalit\u00e9 [&hellip;]<\/p>\n","protected":false},"featured_media":47422,"template":"","meta":[],"product_cat":[2948,2953],"product_tag":[],"acf":[],"yoast_head":"<!-- This site is optimized with the Yoast SEO plugin v20.11 - https:\/\/yoast.com\/wordpress\/plugins\/seo\/ -->\n<title>Les pionni\u00e8res Tome 2 ; les authentiques, dans les ateliers d&#039;artistes du XXIe si\u00e8cle - Librairie 7L<\/title>\n<meta name=\"robots\" content=\"index, follow, max-snippet:-1, max-image-preview:large, max-video-preview:-1\" \/>\n<link rel=\"canonical\" href=\"https:\/\/librairie7l.com\/en\/produit\/les-pionnieres-tome-2-les-authentiques-dans-les-ateliers-dartistes-du-xxie-siecle-2\/\" \/>\n<meta property=\"og:locale\" content=\"en_US\" \/>\n<meta property=\"og:type\" content=\"article\" \/>\n<meta property=\"og:title\" content=\"Les pionni\u00e8res Tome 2 ; les authentiques, dans les ateliers d&#039;artistes du XXIe si\u00e8cle - Librairie 7L\" \/>\n<meta property=\"og:description\" content=\"Catherine Panchout avait d\u00e9j\u00e0 photographi\u00e9 les ateliers des grandes artistes \u00abpionni\u00e8res\u00bb du XXe si\u00e8cle.Elle a poursuivi ce travail avec les artistes de ce d\u00e9but du XXIe si\u00e8cle.\u00c0 travers les vues des ateliers, la documentation des activit\u00e9s, les portraits de vingt-cinq artistes majeures, elle nous livre une vision prenante de la diversit\u00e9 et de la vitalit\u00e9 [&hellip;]\" \/>\n<meta property=\"og:url\" content=\"https:\/\/librairie7l.com\/en\/produit\/les-pionnieres-tome-2-les-authentiques-dans-les-ateliers-dartistes-du-xxie-siecle-2\/\" \/>\n<meta property=\"og:site_name\" content=\"Librairie 7L\" \/>\n<meta property=\"article:modified_time\" content=\"2026-04-23T10:31:54+00:00\" \/>\n<meta property=\"og:image\" content=\"https:\/\/librairie7l.com\/wp-content\/uploads\/2020\/02\/9782081514461_1_75.jpg\" \/>\n\t<meta property=\"og:image:width\" content=\"600\" \/>\n\t<meta property=\"og:image:height\" content=\"757\" \/>\n\t<meta property=\"og:image:type\" content=\"image\/jpeg\" \/>\n<meta name=\"twitter:card\" content=\"summary_large_image\" \/>\n<meta name=\"twitter:label1\" content=\"Est. reading time\" \/>\n\t<meta name=\"twitter:data1\" content=\"1 minute\" \/>\n<script type=\"application\/ld+json\" class=\"yoast-schema-graph\">{\"@context\":\"https:\/\/schema.org\",\"@graph\":[{\"@type\":\"WebPage\",\"@id\":\"https:\/\/librairie7l.com\/en\/produit\/les-pionnieres-tome-2-les-authentiques-dans-les-ateliers-dartistes-du-xxie-siecle-2\/\",\"url\":\"https:\/\/librairie7l.com\/en\/produit\/les-pionnieres-tome-2-les-authentiques-dans-les-ateliers-dartistes-du-xxie-siecle-2\/\",\"name\":\"Les pionni\u00e8res Tome 2 ; les authentiques, dans les ateliers d'artistes du XXIe si\u00e8cle - Librairie 7L\",\"isPartOf\":{\"@id\":\"https:\/\/librairie7l.com\/en\/#website\"},\"datePublished\":\"2025-04-10T07:18:13+00:00\",\"dateModified\":\"2026-04-23T10:31:54+00:00\",\"breadcrumb\":{\"@id\":\"https:\/\/librairie7l.com\/en\/produit\/les-pionnieres-tome-2-les-authentiques-dans-les-ateliers-dartistes-du-xxie-siecle-2\/#breadcrumb\"},\"inLanguage\":\"en-US\",\"potentialAction\":[{\"@type\":\"ReadAction\",\"target\":[\"https:\/\/librairie7l.com\/en\/produit\/les-pionnieres-tome-2-les-authentiques-dans-les-ateliers-dartistes-du-xxie-siecle-2\/\"]}]},{\"@type\":\"BreadcrumbList\",\"@id\":\"https:\/\/librairie7l.com\/en\/produit\/les-pionnieres-tome-2-les-authentiques-dans-les-ateliers-dartistes-du-xxie-siecle-2\/#breadcrumb\",\"itemListElement\":[{\"@type\":\"ListItem\",\"position\":1,\"name\":\"Accueil\",\"item\":\"https:\/\/librairie7l.com\/en\/\"},{\"@type\":\"ListItem\",\"position\":2,\"name\":\"Shop\",\"item\":\"https:\/\/librairie7l.com\/en\/shop\/\"},{\"@type\":\"ListItem\",\"position\":3,\"name\":\"LES PIONNI\u00c8RES TOME 2 ; LES AUTHENTIQUES, DANS LES ATELIERS D&#8217;ARTISTES DU XXIE SI\u00c8CLE\"}]},{\"@type\":\"WebSite\",\"@id\":\"https:\/\/librairie7l.com\/en\/#website\",\"url\":\"https:\/\/librairie7l.com\/en\/\",\"name\":\"Librairie 7L\",\"description\":\"Librairie fond\u00e9e en 1999 par Karl Lagerfeld \u00e0 Paris\",\"publisher\":{\"@id\":\"https:\/\/librairie7l.com\/en\/#organization\"},\"potentialAction\":[{\"@type\":\"SearchAction\",\"target\":{\"@type\":\"EntryPoint\",\"urlTemplate\":\"https:\/\/librairie7l.com\/en\/?s={search_term_string}\"},\"query-input\":\"required name=search_term_string\"}],\"inLanguage\":\"en-US\"},{\"@type\":\"Organization\",\"@id\":\"https:\/\/librairie7l.com\/en\/#organization\",\"name\":\"Librairie 7L\",\"url\":\"https:\/\/librairie7l.com\/en\/\",\"logo\":{\"@type\":\"ImageObject\",\"inLanguage\":\"en-US\",\"@id\":\"https:\/\/librairie7l.com\/en\/#\/schema\/logo\/image\/\",\"url\":\"https:\/\/librairie7l.com\/wp-content\/uploads\/2022\/08\/logo-1.png\",\"contentUrl\":\"https:\/\/librairie7l.com\/wp-content\/uploads\/2022\/08\/logo-1.png\",\"width\":227,\"height\":301,\"caption\":\"Librairie 7L\"},\"image\":{\"@id\":\"https:\/\/librairie7l.com\/en\/#\/schema\/logo\/image\/\"}}]}<\/script>\n<!-- \/ Yoast SEO plugin. -->","yoast_head_json":{"title":"Les pionni\u00e8res Tome 2 ; les authentiques, dans les ateliers d'artistes du XXIe si\u00e8cle - Librairie 7L","robots":{"index":"index","follow":"follow","max-snippet":"max-snippet:-1","max-image-preview":"max-image-preview:large","max-video-preview":"max-video-preview:-1"},"canonical":"https:\/\/librairie7l.com\/en\/produit\/les-pionnieres-tome-2-les-authentiques-dans-les-ateliers-dartistes-du-xxie-siecle-2\/","og_locale":"en_US","og_type":"article","og_title":"Les pionni\u00e8res Tome 2 ; les authentiques, dans les ateliers d'artistes du XXIe si\u00e8cle - Librairie 7L","og_description":"Catherine Panchout avait d\u00e9j\u00e0 photographi\u00e9 les ateliers des grandes artistes \u00abpionni\u00e8res\u00bb du XXe si\u00e8cle.Elle a poursuivi ce travail avec les artistes de ce d\u00e9but du XXIe si\u00e8cle.\u00c0 travers les vues des ateliers, la documentation des activit\u00e9s, les portraits de vingt-cinq artistes majeures, elle nous livre une vision prenante de la diversit\u00e9 et de la vitalit\u00e9 [&hellip;]","og_url":"https:\/\/librairie7l.com\/en\/produit\/les-pionnieres-tome-2-les-authentiques-dans-les-ateliers-dartistes-du-xxie-siecle-2\/","og_site_name":"Librairie 7L","article_modified_time":"2026-04-23T10:31:54+00:00","og_image":[{"width":600,"height":757,"url":"https:\/\/librairie7l.com\/wp-content\/uploads\/2020\/02\/9782081514461_1_75.jpg","type":"image\/jpeg"}],"twitter_card":"summary_large_image","twitter_misc":{"Est. reading time":"1 minute"},"schema":{"@context":"https:\/\/schema.org","@graph":[{"@type":"WebPage","@id":"https:\/\/librairie7l.com\/en\/produit\/les-pionnieres-tome-2-les-authentiques-dans-les-ateliers-dartistes-du-xxie-siecle-2\/","url":"https:\/\/librairie7l.com\/en\/produit\/les-pionnieres-tome-2-les-authentiques-dans-les-ateliers-dartistes-du-xxie-siecle-2\/","name":"Les pionni\u00e8res Tome 2 ; les authentiques, dans les ateliers d'artistes du XXIe si\u00e8cle - Librairie 7L","isPartOf":{"@id":"https:\/\/librairie7l.com\/en\/#website"},"datePublished":"2025-04-10T07:18:13+00:00","dateModified":"2026-04-23T10:31:54+00:00","breadcrumb":{"@id":"https:\/\/librairie7l.com\/en\/produit\/les-pionnieres-tome-2-les-authentiques-dans-les-ateliers-dartistes-du-xxie-siecle-2\/#breadcrumb"},"inLanguage":"en-US","potentialAction":[{"@type":"ReadAction","target":["https:\/\/librairie7l.com\/en\/produit\/les-pionnieres-tome-2-les-authentiques-dans-les-ateliers-dartistes-du-xxie-siecle-2\/"]}]},{"@type":"BreadcrumbList","@id":"https:\/\/librairie7l.com\/en\/produit\/les-pionnieres-tome-2-les-authentiques-dans-les-ateliers-dartistes-du-xxie-siecle-2\/#breadcrumb","itemListElement":[{"@type":"ListItem","position":1,"name":"Accueil","item":"https:\/\/librairie7l.com\/en\/"},{"@type":"ListItem","position":2,"name":"Shop","item":"https:\/\/librairie7l.com\/en\/shop\/"},{"@type":"ListItem","position":3,"name":"LES PIONNI\u00c8RES TOME 2 ; LES AUTHENTIQUES, DANS LES ATELIERS D&#8217;ARTISTES DU XXIE SI\u00c8CLE"}]},{"@type":"WebSite","@id":"https:\/\/librairie7l.com\/en\/#website","url":"https:\/\/librairie7l.com\/en\/","name":"Librairie 7L","description":"Librairie fond\u00e9e en 1999 par Karl Lagerfeld \u00e0 Paris","publisher":{"@id":"https:\/\/librairie7l.com\/en\/#organization"},"potentialAction":[{"@type":"SearchAction","target":{"@type":"EntryPoint","urlTemplate":"https:\/\/librairie7l.com\/en\/?s={search_term_string}"},"query-input":"required name=search_term_string"}],"inLanguage":"en-US"},{"@type":"Organization","@id":"https:\/\/librairie7l.com\/en\/#organization","name":"Librairie 7L","url":"https:\/\/librairie7l.com\/en\/","logo":{"@type":"ImageObject","inLanguage":"en-US","@id":"https:\/\/librairie7l.com\/en\/#\/schema\/logo\/image\/","url":"https:\/\/librairie7l.com\/wp-content\/uploads\/2022\/08\/logo-1.png","contentUrl":"https:\/\/librairie7l.com\/wp-content\/uploads\/2022\/08\/logo-1.png","width":227,"height":301,"caption":"Librairie 7L"},"image":{"@id":"https:\/\/librairie7l.com\/en\/#\/schema\/logo\/image\/"}}]}},"_links":{"self":[{"href":"https:\/\/librairie7l.com\/en\/wp-json\/wp\/v2\/product\/47424"}],"collection":[{"href":"https:\/\/librairie7l.com\/en\/wp-json\/wp\/v2\/product"}],"about":[{"href":"https:\/\/librairie7l.com\/en\/wp-json\/wp\/v2\/types\/product"}],"wp:featuredmedia":[{"embeddable":true,"href":"https:\/\/librairie7l.com\/en\/wp-json\/wp\/v2\/media\/47422"}],"wp:attachment":[{"href":"https:\/\/librairie7l.com\/en\/wp-json\/wp\/v2\/media?parent=47424"}],"wp:term":[{"taxonomy":"product_cat","embeddable":true,"href":"https:\/\/librairie7l.com\/en\/wp-json\/wp\/v2\/product_cat?post=47424"},{"taxonomy":"product_tag","embeddable":true,"href":"https:\/\/librairie7l.com\/en\/wp-json\/wp\/v2\/product_tag?post=47424"}],"curies":[{"name":"wp","href":"https:\/\/api.w.org\/{rel}","templated":true}]}}