{"id":47440,"date":"2025-04-11T09:18:18","date_gmt":"2025-04-11T07:18:18","guid":{"rendered":"https:\/\/librairie7l.com\/?post_type=product&#038;p=47440"},"modified":"2026-04-07T14:29:01","modified_gmt":"2026-04-07T12:29:01","slug":"the-virgin-suicides-2","status":"publish","type":"product","link":"https:\/\/librairie7l.com\/en\/produit\/the-virgin-suicides-2\/","title":{"rendered":"THE VIRGIN SUICIDES"},"content":{"rendered":"<p>&#8221; M Lisbon continuait d&#8217;essayer de la d\u00e9gager, doucement, mais m\u00eame dans notre ignorance nous savions que c&#8217;\u00e9tait sans espoir et qu&#8217;en d\u00e9pit des yeux ouverts de Cecilia et de sa bouche qui ne cessait de se contracter, ce n&#8217;\u00e9taient que les nerfs et qu&#8217;elle avait r\u00e9ussi \u00e0 s&#8217;arracher du monde. &#8221; Des adolescents amoureux s&#8217;efforcent de percer le myst\u00e8re des filles Lisbon. Du haut d&#8217;une cabane nich\u00e9e dans les arbres, ils passent leur temps \u00e0 scruter les fen\u00eatres de leur maison. Vingt ans plus tard, ils rassemblent des fragments de ragots et de ou\u00ef-dire, de conversations t\u00e9l\u00e9phoniques, de rapports de m\u00e9decins et de confessions crues et tourment\u00e9es. Autant de pi\u00e8ces \u00e0 conviction qui expliqueront peut-\u00eatre les morts successives de C\u00e9cilia, Th\u00e9r\u00e8se, Bonnie, Lux et Mary.<\/p>\n","protected":false},"excerpt":{"rendered":"<p>&#8221; M Lisbon continuait d&#8217;essayer de la d\u00e9gager, doucement, mais m\u00eame dans notre ignorance nous savions que c&#8217;\u00e9tait sans espoir et qu&#8217;en d\u00e9pit des yeux ouverts de Cecilia et de sa bouche qui ne cessait de se contracter, ce n&#8217;\u00e9taient que les nerfs et qu&#8217;elle avait r\u00e9ussi \u00e0 s&#8217;arracher du monde. &#8221; Des adolescents amoureux [&hellip;]<\/p>\n","protected":false},"featured_media":47438,"template":"","meta":[],"product_cat":[2948,2958],"product_tag":[],"acf":[],"yoast_head":"<!-- This site is optimized with the Yoast SEO plugin v20.11 - https:\/\/yoast.com\/wordpress\/plugins\/seo\/ -->\n<title>The virgin suicides - Librairie 7L<\/title>\n<meta name=\"robots\" content=\"index, follow, max-snippet:-1, max-image-preview:large, max-video-preview:-1\" \/>\n<link rel=\"canonical\" href=\"https:\/\/librairie7l.com\/en\/produit\/the-virgin-suicides-2\/\" \/>\n<meta property=\"og:locale\" content=\"en_US\" \/>\n<meta property=\"og:type\" content=\"article\" \/>\n<meta property=\"og:title\" content=\"The virgin suicides - Librairie 7L\" \/>\n<meta property=\"og:description\" content=\"&#8221; M Lisbon continuait d&#8217;essayer de la d\u00e9gager, doucement, mais m\u00eame dans notre ignorance nous savions que c&#8217;\u00e9tait sans espoir et qu&#8217;en d\u00e9pit des yeux ouverts de Cecilia et de sa bouche qui ne cessait de se contracter, ce n&#8217;\u00e9taient que les nerfs et qu&#8217;elle avait r\u00e9ussi \u00e0 s&#8217;arracher du monde. &#8221; Des adolescents amoureux [&hellip;]\" \/>\n<meta property=\"og:url\" content=\"https:\/\/librairie7l.com\/en\/produit\/the-virgin-suicides-2\/\" \/>\n<meta property=\"og:site_name\" content=\"Librairie 7L\" \/>\n<meta property=\"article:modified_time\" content=\"2026-04-07T12:29:01+00:00\" \/>\n<meta property=\"og:image\" content=\"https:\/\/librairie7l.com\/wp-content\/uploads\/2025\/02\/9781915743824_1_75.jpg\" \/>\n\t<meta property=\"og:image:width\" content=\"600\" \/>\n\t<meta property=\"og:image:height\" content=\"740\" \/>\n\t<meta property=\"og:image:type\" content=\"image\/jpeg\" \/>\n<meta name=\"twitter:card\" content=\"summary_large_image\" \/>\n<meta name=\"twitter:label1\" content=\"Est. reading time\" \/>\n\t<meta name=\"twitter:data1\" content=\"1 minute\" \/>\n<script type=\"application\/ld+json\" class=\"yoast-schema-graph\">{\"@context\":\"https:\/\/schema.org\",\"@graph\":[{\"@type\":\"WebPage\",\"@id\":\"https:\/\/librairie7l.com\/en\/produit\/the-virgin-suicides-2\/\",\"url\":\"https:\/\/librairie7l.com\/en\/produit\/the-virgin-suicides-2\/\",\"name\":\"The virgin suicides - Librairie 7L\",\"isPartOf\":{\"@id\":\"https:\/\/librairie7l.com\/en\/#website\"},\"datePublished\":\"2025-04-11T07:18:18+00:00\",\"dateModified\":\"2026-04-07T12:29:01+00:00\",\"breadcrumb\":{\"@id\":\"https:\/\/librairie7l.com\/en\/produit\/the-virgin-suicides-2\/#breadcrumb\"},\"inLanguage\":\"en-US\",\"potentialAction\":[{\"@type\":\"ReadAction\",\"target\":[\"https:\/\/librairie7l.com\/en\/produit\/the-virgin-suicides-2\/\"]}]},{\"@type\":\"BreadcrumbList\",\"@id\":\"https:\/\/librairie7l.com\/en\/produit\/the-virgin-suicides-2\/#breadcrumb\",\"itemListElement\":[{\"@type\":\"ListItem\",\"position\":1,\"name\":\"Accueil\",\"item\":\"https:\/\/librairie7l.com\/en\/\"},{\"@type\":\"ListItem\",\"position\":2,\"name\":\"Shop\",\"item\":\"https:\/\/librairie7l.com\/en\/shop\/\"},{\"@type\":\"ListItem\",\"position\":3,\"name\":\"THE VIRGIN SUICIDES\"}]},{\"@type\":\"WebSite\",\"@id\":\"https:\/\/librairie7l.com\/en\/#website\",\"url\":\"https:\/\/librairie7l.com\/en\/\",\"name\":\"Librairie 7L\",\"description\":\"Librairie fond\u00e9e en 1999 par Karl Lagerfeld \u00e0 Paris\",\"publisher\":{\"@id\":\"https:\/\/librairie7l.com\/en\/#organization\"},\"potentialAction\":[{\"@type\":\"SearchAction\",\"target\":{\"@type\":\"EntryPoint\",\"urlTemplate\":\"https:\/\/librairie7l.com\/en\/?s={search_term_string}\"},\"query-input\":\"required name=search_term_string\"}],\"inLanguage\":\"en-US\"},{\"@type\":\"Organization\",\"@id\":\"https:\/\/librairie7l.com\/en\/#organization\",\"name\":\"Librairie 7L\",\"url\":\"https:\/\/librairie7l.com\/en\/\",\"logo\":{\"@type\":\"ImageObject\",\"inLanguage\":\"en-US\",\"@id\":\"https:\/\/librairie7l.com\/en\/#\/schema\/logo\/image\/\",\"url\":\"https:\/\/librairie7l.com\/wp-content\/uploads\/2022\/08\/logo-1.png\",\"contentUrl\":\"https:\/\/librairie7l.com\/wp-content\/uploads\/2022\/08\/logo-1.png\",\"width\":227,\"height\":301,\"caption\":\"Librairie 7L\"},\"image\":{\"@id\":\"https:\/\/librairie7l.com\/en\/#\/schema\/logo\/image\/\"}}]}<\/script>\n<!-- \/ Yoast SEO plugin. -->","yoast_head_json":{"title":"The virgin suicides - Librairie 7L","robots":{"index":"index","follow":"follow","max-snippet":"max-snippet:-1","max-image-preview":"max-image-preview:large","max-video-preview":"max-video-preview:-1"},"canonical":"https:\/\/librairie7l.com\/en\/produit\/the-virgin-suicides-2\/","og_locale":"en_US","og_type":"article","og_title":"The virgin suicides - Librairie 7L","og_description":"&#8221; M Lisbon continuait d&#8217;essayer de la d\u00e9gager, doucement, mais m\u00eame dans notre ignorance nous savions que c&#8217;\u00e9tait sans espoir et qu&#8217;en d\u00e9pit des yeux ouverts de Cecilia et de sa bouche qui ne cessait de se contracter, ce n&#8217;\u00e9taient que les nerfs et qu&#8217;elle avait r\u00e9ussi \u00e0 s&#8217;arracher du monde. &#8221; Des adolescents amoureux [&hellip;]","og_url":"https:\/\/librairie7l.com\/en\/produit\/the-virgin-suicides-2\/","og_site_name":"Librairie 7L","article_modified_time":"2026-04-07T12:29:01+00:00","og_image":[{"width":600,"height":740,"url":"https:\/\/librairie7l.com\/wp-content\/uploads\/2025\/02\/9781915743824_1_75.jpg","type":"image\/jpeg"}],"twitter_card":"summary_large_image","twitter_misc":{"Est. reading time":"1 minute"},"schema":{"@context":"https:\/\/schema.org","@graph":[{"@type":"WebPage","@id":"https:\/\/librairie7l.com\/en\/produit\/the-virgin-suicides-2\/","url":"https:\/\/librairie7l.com\/en\/produit\/the-virgin-suicides-2\/","name":"The virgin suicides - Librairie 7L","isPartOf":{"@id":"https:\/\/librairie7l.com\/en\/#website"},"datePublished":"2025-04-11T07:18:18+00:00","dateModified":"2026-04-07T12:29:01+00:00","breadcrumb":{"@id":"https:\/\/librairie7l.com\/en\/produit\/the-virgin-suicides-2\/#breadcrumb"},"inLanguage":"en-US","potentialAction":[{"@type":"ReadAction","target":["https:\/\/librairie7l.com\/en\/produit\/the-virgin-suicides-2\/"]}]},{"@type":"BreadcrumbList","@id":"https:\/\/librairie7l.com\/en\/produit\/the-virgin-suicides-2\/#breadcrumb","itemListElement":[{"@type":"ListItem","position":1,"name":"Accueil","item":"https:\/\/librairie7l.com\/en\/"},{"@type":"ListItem","position":2,"name":"Shop","item":"https:\/\/librairie7l.com\/en\/shop\/"},{"@type":"ListItem","position":3,"name":"THE VIRGIN SUICIDES"}]},{"@type":"WebSite","@id":"https:\/\/librairie7l.com\/en\/#website","url":"https:\/\/librairie7l.com\/en\/","name":"Librairie 7L","description":"Librairie fond\u00e9e en 1999 par Karl Lagerfeld \u00e0 Paris","publisher":{"@id":"https:\/\/librairie7l.com\/en\/#organization"},"potentialAction":[{"@type":"SearchAction","target":{"@type":"EntryPoint","urlTemplate":"https:\/\/librairie7l.com\/en\/?s={search_term_string}"},"query-input":"required name=search_term_string"}],"inLanguage":"en-US"},{"@type":"Organization","@id":"https:\/\/librairie7l.com\/en\/#organization","name":"Librairie 7L","url":"https:\/\/librairie7l.com\/en\/","logo":{"@type":"ImageObject","inLanguage":"en-US","@id":"https:\/\/librairie7l.com\/en\/#\/schema\/logo\/image\/","url":"https:\/\/librairie7l.com\/wp-content\/uploads\/2022\/08\/logo-1.png","contentUrl":"https:\/\/librairie7l.com\/wp-content\/uploads\/2022\/08\/logo-1.png","width":227,"height":301,"caption":"Librairie 7L"},"image":{"@id":"https:\/\/librairie7l.com\/en\/#\/schema\/logo\/image\/"}}]}},"_links":{"self":[{"href":"https:\/\/librairie7l.com\/en\/wp-json\/wp\/v2\/product\/47440"}],"collection":[{"href":"https:\/\/librairie7l.com\/en\/wp-json\/wp\/v2\/product"}],"about":[{"href":"https:\/\/librairie7l.com\/en\/wp-json\/wp\/v2\/types\/product"}],"wp:featuredmedia":[{"embeddable":true,"href":"https:\/\/librairie7l.com\/en\/wp-json\/wp\/v2\/media\/47438"}],"wp:attachment":[{"href":"https:\/\/librairie7l.com\/en\/wp-json\/wp\/v2\/media?parent=47440"}],"wp:term":[{"taxonomy":"product_cat","embeddable":true,"href":"https:\/\/librairie7l.com\/en\/wp-json\/wp\/v2\/product_cat?post=47440"},{"taxonomy":"product_tag","embeddable":true,"href":"https:\/\/librairie7l.com\/en\/wp-json\/wp\/v2\/product_tag?post=47440"}],"curies":[{"name":"wp","href":"https:\/\/api.w.org\/{rel}","templated":true}]}}