{"id":47492,"date":"2025-04-12T09:17:55","date_gmt":"2025-04-12T07:17:55","guid":{"rendered":"https:\/\/librairie7l.com\/?post_type=product&#038;p=47492"},"modified":"2026-04-13T22:05:56","modified_gmt":"2026-04-13T20:05:56","slug":"art-deco-4","status":"publish","type":"product","link":"https:\/\/librairie7l.com\/en\/produit\/art-deco-4\/","title":{"rendered":"ART D\u00c9CO"},"content":{"rendered":"<p>&#8211; Des cl\u00e9s pour mieux comprendre l&#8217;Art D\u00e9co qui a \u00e9t\u00e9 prendant pr\u00e8s de 20 ans, de 1918 \u00e0 1939, le style embl\u00e9matique de la vie moderne.<br \/>\n&#8211; Un ouvrage qui fait un tour d&#8217;horizon des villes et monuments embl\u00e9matiques de l&#8217;Art D\u00e9co en France : Paris (ancien mus\u00e9e des Colonies, palais de Chaillot, palais de Tokyo&#8230;), villas et casinos de la c\u00f4te basque et de la C\u00f4te d&#8217;Azur, Reims (biblioth\u00e8que Carnegie), Arras, Saint-Quentin&#8230;<br \/>\n&#8211; De tr\u00e8s nombreux ajouts de lieux par rapport \u00e0 la premi\u00e8re \u00e9dition : La Mutualit\u00e9, l&#8217;\u00e9glise Saint-Jean-Bosco \u00e0 Paris, des habitations dans la ceinture de la capitale (portes des Ternes, de Saint-Cloud, Dor\u00e9e&#8230;), l&#8217;architecture thermale \u00e0 Vichy, la villa Cavrois \u00e0 Croix&#8230;<br \/>\nEn couverture : un h\u00f4tel art-d\u00e9co \u00e0 Gu\u00e9thary (Pays basque).<\/p>\n","protected":false},"excerpt":{"rendered":"<p>&#8211; Des cl\u00e9s pour mieux comprendre l&#8217;Art D\u00e9co qui a \u00e9t\u00e9 prendant pr\u00e8s de 20 ans, de 1918 \u00e0 1939, le style embl\u00e9matique de la vie moderne. &#8211; Un ouvrage qui fait un tour d&#8217;horizon des villes et monuments embl\u00e9matiques de l&#8217;Art D\u00e9co en France : Paris (ancien mus\u00e9e des Colonies, palais de Chaillot, palais [&hellip;]<\/p>\n","protected":false},"featured_media":47490,"template":"","meta":[],"product_cat":[2948,2950],"product_tag":[],"acf":[],"yoast_head":"<!-- This site is optimized with the Yoast SEO plugin v20.11 - https:\/\/yoast.com\/wordpress\/plugins\/seo\/ -->\n<title>Art d\u00e9co - Librairie 7L<\/title>\n<meta name=\"robots\" content=\"index, follow, max-snippet:-1, max-image-preview:large, max-video-preview:-1\" \/>\n<link rel=\"canonical\" href=\"https:\/\/librairie7l.com\/en\/produit\/art-deco-4\/\" \/>\n<meta property=\"og:locale\" content=\"en_US\" \/>\n<meta property=\"og:type\" content=\"article\" \/>\n<meta property=\"og:title\" content=\"Art d\u00e9co - Librairie 7L\" \/>\n<meta property=\"og:description\" content=\"&#8211; Des cl\u00e9s pour mieux comprendre l&#8217;Art D\u00e9co qui a \u00e9t\u00e9 prendant pr\u00e8s de 20 ans, de 1918 \u00e0 1939, le style embl\u00e9matique de la vie moderne. &#8211; Un ouvrage qui fait un tour d&#8217;horizon des villes et monuments embl\u00e9matiques de l&#8217;Art D\u00e9co en France : Paris (ancien mus\u00e9e des Colonies, palais de Chaillot, palais [&hellip;]\" \/>\n<meta property=\"og:url\" content=\"https:\/\/librairie7l.com\/en\/produit\/art-deco-4\/\" \/>\n<meta property=\"og:site_name\" content=\"Librairie 7L\" \/>\n<meta property=\"article:modified_time\" content=\"2026-04-13T20:05:56+00:00\" \/>\n<meta property=\"og:image\" content=\"https:\/\/librairie7l.com\/wp-content\/uploads\/2022\/07\/9782737387968_1_75.jpg\" \/>\n\t<meta property=\"og:image:width\" content=\"500\" \/>\n\t<meta property=\"og:image:height\" content=\"723\" \/>\n\t<meta property=\"og:image:type\" content=\"image\/jpeg\" \/>\n<meta name=\"twitter:card\" content=\"summary_large_image\" \/>\n<meta name=\"twitter:label1\" content=\"Est. reading time\" \/>\n\t<meta name=\"twitter:data1\" content=\"1 minute\" \/>\n<script type=\"application\/ld+json\" class=\"yoast-schema-graph\">{\"@context\":\"https:\/\/schema.org\",\"@graph\":[{\"@type\":\"WebPage\",\"@id\":\"https:\/\/librairie7l.com\/en\/produit\/art-deco-4\/\",\"url\":\"https:\/\/librairie7l.com\/en\/produit\/art-deco-4\/\",\"name\":\"Art d\u00e9co - Librairie 7L\",\"isPartOf\":{\"@id\":\"https:\/\/librairie7l.com\/en\/#website\"},\"datePublished\":\"2025-04-12T07:17:55+00:00\",\"dateModified\":\"2026-04-13T20:05:56+00:00\",\"breadcrumb\":{\"@id\":\"https:\/\/librairie7l.com\/en\/produit\/art-deco-4\/#breadcrumb\"},\"inLanguage\":\"en-US\",\"potentialAction\":[{\"@type\":\"ReadAction\",\"target\":[\"https:\/\/librairie7l.com\/en\/produit\/art-deco-4\/\"]}]},{\"@type\":\"BreadcrumbList\",\"@id\":\"https:\/\/librairie7l.com\/en\/produit\/art-deco-4\/#breadcrumb\",\"itemListElement\":[{\"@type\":\"ListItem\",\"position\":1,\"name\":\"Accueil\",\"item\":\"https:\/\/librairie7l.com\/en\/\"},{\"@type\":\"ListItem\",\"position\":2,\"name\":\"Shop\",\"item\":\"https:\/\/librairie7l.com\/en\/shop\/\"},{\"@type\":\"ListItem\",\"position\":3,\"name\":\"ART D\u00c9CO\"}]},{\"@type\":\"WebSite\",\"@id\":\"https:\/\/librairie7l.com\/en\/#website\",\"url\":\"https:\/\/librairie7l.com\/en\/\",\"name\":\"Librairie 7L\",\"description\":\"Librairie fond\u00e9e en 1999 par Karl Lagerfeld \u00e0 Paris\",\"publisher\":{\"@id\":\"https:\/\/librairie7l.com\/en\/#organization\"},\"potentialAction\":[{\"@type\":\"SearchAction\",\"target\":{\"@type\":\"EntryPoint\",\"urlTemplate\":\"https:\/\/librairie7l.com\/en\/?s={search_term_string}\"},\"query-input\":\"required name=search_term_string\"}],\"inLanguage\":\"en-US\"},{\"@type\":\"Organization\",\"@id\":\"https:\/\/librairie7l.com\/en\/#organization\",\"name\":\"Librairie 7L\",\"url\":\"https:\/\/librairie7l.com\/en\/\",\"logo\":{\"@type\":\"ImageObject\",\"inLanguage\":\"en-US\",\"@id\":\"https:\/\/librairie7l.com\/en\/#\/schema\/logo\/image\/\",\"url\":\"https:\/\/librairie7l.com\/wp-content\/uploads\/2022\/08\/logo-1.png\",\"contentUrl\":\"https:\/\/librairie7l.com\/wp-content\/uploads\/2022\/08\/logo-1.png\",\"width\":227,\"height\":301,\"caption\":\"Librairie 7L\"},\"image\":{\"@id\":\"https:\/\/librairie7l.com\/en\/#\/schema\/logo\/image\/\"}}]}<\/script>\n<!-- \/ Yoast SEO plugin. -->","yoast_head_json":{"title":"Art d\u00e9co - Librairie 7L","robots":{"index":"index","follow":"follow","max-snippet":"max-snippet:-1","max-image-preview":"max-image-preview:large","max-video-preview":"max-video-preview:-1"},"canonical":"https:\/\/librairie7l.com\/en\/produit\/art-deco-4\/","og_locale":"en_US","og_type":"article","og_title":"Art d\u00e9co - Librairie 7L","og_description":"&#8211; Des cl\u00e9s pour mieux comprendre l&#8217;Art D\u00e9co qui a \u00e9t\u00e9 prendant pr\u00e8s de 20 ans, de 1918 \u00e0 1939, le style embl\u00e9matique de la vie moderne. &#8211; Un ouvrage qui fait un tour d&#8217;horizon des villes et monuments embl\u00e9matiques de l&#8217;Art D\u00e9co en France : Paris (ancien mus\u00e9e des Colonies, palais de Chaillot, palais [&hellip;]","og_url":"https:\/\/librairie7l.com\/en\/produit\/art-deco-4\/","og_site_name":"Librairie 7L","article_modified_time":"2026-04-13T20:05:56+00:00","og_image":[{"width":500,"height":723,"url":"https:\/\/librairie7l.com\/wp-content\/uploads\/2022\/07\/9782737387968_1_75.jpg","type":"image\/jpeg"}],"twitter_card":"summary_large_image","twitter_misc":{"Est. reading time":"1 minute"},"schema":{"@context":"https:\/\/schema.org","@graph":[{"@type":"WebPage","@id":"https:\/\/librairie7l.com\/en\/produit\/art-deco-4\/","url":"https:\/\/librairie7l.com\/en\/produit\/art-deco-4\/","name":"Art d\u00e9co - Librairie 7L","isPartOf":{"@id":"https:\/\/librairie7l.com\/en\/#website"},"datePublished":"2025-04-12T07:17:55+00:00","dateModified":"2026-04-13T20:05:56+00:00","breadcrumb":{"@id":"https:\/\/librairie7l.com\/en\/produit\/art-deco-4\/#breadcrumb"},"inLanguage":"en-US","potentialAction":[{"@type":"ReadAction","target":["https:\/\/librairie7l.com\/en\/produit\/art-deco-4\/"]}]},{"@type":"BreadcrumbList","@id":"https:\/\/librairie7l.com\/en\/produit\/art-deco-4\/#breadcrumb","itemListElement":[{"@type":"ListItem","position":1,"name":"Accueil","item":"https:\/\/librairie7l.com\/en\/"},{"@type":"ListItem","position":2,"name":"Shop","item":"https:\/\/librairie7l.com\/en\/shop\/"},{"@type":"ListItem","position":3,"name":"ART D\u00c9CO"}]},{"@type":"WebSite","@id":"https:\/\/librairie7l.com\/en\/#website","url":"https:\/\/librairie7l.com\/en\/","name":"Librairie 7L","description":"Librairie fond\u00e9e en 1999 par Karl Lagerfeld \u00e0 Paris","publisher":{"@id":"https:\/\/librairie7l.com\/en\/#organization"},"potentialAction":[{"@type":"SearchAction","target":{"@type":"EntryPoint","urlTemplate":"https:\/\/librairie7l.com\/en\/?s={search_term_string}"},"query-input":"required name=search_term_string"}],"inLanguage":"en-US"},{"@type":"Organization","@id":"https:\/\/librairie7l.com\/en\/#organization","name":"Librairie 7L","url":"https:\/\/librairie7l.com\/en\/","logo":{"@type":"ImageObject","inLanguage":"en-US","@id":"https:\/\/librairie7l.com\/en\/#\/schema\/logo\/image\/","url":"https:\/\/librairie7l.com\/wp-content\/uploads\/2022\/08\/logo-1.png","contentUrl":"https:\/\/librairie7l.com\/wp-content\/uploads\/2022\/08\/logo-1.png","width":227,"height":301,"caption":"Librairie 7L"},"image":{"@id":"https:\/\/librairie7l.com\/en\/#\/schema\/logo\/image\/"}}]}},"_links":{"self":[{"href":"https:\/\/librairie7l.com\/en\/wp-json\/wp\/v2\/product\/47492"}],"collection":[{"href":"https:\/\/librairie7l.com\/en\/wp-json\/wp\/v2\/product"}],"about":[{"href":"https:\/\/librairie7l.com\/en\/wp-json\/wp\/v2\/types\/product"}],"wp:featuredmedia":[{"embeddable":true,"href":"https:\/\/librairie7l.com\/en\/wp-json\/wp\/v2\/media\/47490"}],"wp:attachment":[{"href":"https:\/\/librairie7l.com\/en\/wp-json\/wp\/v2\/media?parent=47492"}],"wp:term":[{"taxonomy":"product_cat","embeddable":true,"href":"https:\/\/librairie7l.com\/en\/wp-json\/wp\/v2\/product_cat?post=47492"},{"taxonomy":"product_tag","embeddable":true,"href":"https:\/\/librairie7l.com\/en\/wp-json\/wp\/v2\/product_tag?post=47492"}],"curies":[{"name":"wp","href":"https:\/\/api.w.org\/{rel}","templated":true}]}}