{"id":47507,"date":"2025-04-16T09:18:00","date_gmt":"2025-04-16T07:18:00","guid":{"rendered":"https:\/\/librairie7l.com\/?post_type=product&#038;p=47507"},"modified":"2026-04-29T20:48:32","modified_gmt":"2026-04-29T18:48:32","slug":"i-am-hymns-of-the-new-temples-2","status":"publish","type":"product","link":"https:\/\/librairie7l.com\/en\/produit\/i-am-hymns-of-the-new-temples-2\/","title":{"rendered":"I AM HYMNS OF THE NEW TEMPLES"},"content":{"rendered":"<p>Con\u00e7u comme un livre d&#8217;artiste avec ses multiples inserts sur papiers de cr\u00e9ation, cet ouvrage d\u00e9roule toutes les s\u00e9quences du film pour une lecture sensible et immersive.<br \/>\nArtiste pluridisciplinaire \u00e9gyptien, Wael Shawky met en sc\u00e8ne des fictions qui interrogent les notions d&#8217;identit\u00e9 artistique et culturelle. Sa derni\u00e8re cr\u00e9ation tourn\u00e9e sur le site arch\u00e9ologique de Pomp\u00e9i se d\u00e9ploie comme un r\u00e9cit filmique dans lequel se m\u00ealent cin\u00e9ma, performance et danse. Intitul\u00e9e I Am Hymns of the New Temples, l&#8217;oeuvre inaugure un programme d&#8217;\u00e9changes artistiques entre art contemporain et antique au sein du site de Pomp\u00e9i.<\/p>\n<p>Fascin\u00e9 par le syncr\u00e9tisme religieux et culturel, l&#8217;artiste a imagin\u00e9 une grande fresque autour du culte d&#8217;Isis, d\u00e9esse du panth\u00e9on \u00e9gyptien c\u00e9l\u00e9br\u00e9e \u00e9galement dans le monde romain.<\/p>\n<p>La ville antique devient le th\u00e9\u00e2tre d&#8217;une \u00e9pop\u00e9e qui remonte aux mythes fondateurs. Le film, tourn\u00e9 in situ dans le temple d&#8217;Isis,<\/p>\n<p>la villa des Myst\u00e8res, la basilique, l&#8217;Od\u00e9on ou encore la maison de l&#8217;\u00c9ph\u00e8be, raconte l&#8217;histoire de la pr\u00eatresse, Io, condamn\u00e9e \u00e0 fuir en \u00c9gypte pour \u00e9chapper \u00e0 la jalousie d&#8217;H\u00e9ra, qui l&#8217;avait m\u00e9tamorphos\u00e9e en vache pour se venger de Zeus. Du royaume des Titans \u00e0 celui des dieux de l&#8217;Olympe, le film combine mythes grecs, romains et \u00e9gyptiens dans une approche \u00e0 la fois po\u00e9tique et merveilleuse. Puisant dans la riche iconographie du site<\/p>\n<p>de Pomp\u00e9i (fresques, mosa\u00efques, architectures, sculptures&#8230;), Wael Shawky a dessin\u00e9 les costumes, d\u00e9cors, accessoires et les fabuleux masques en c\u00e9ramique inspir\u00e9s de la trag\u00e9die grecque. L&#8217;artiste donne ainsi \u00e0 voir la multiplicit\u00e9 des r\u00e9cits et l&#8217;enchev\u00eatrement des cultes qui transforment Io en Isis, rappelant le changement perp\u00e9tuel des points de vue et des narrations. R\u00e9currence de l&#8217;univers de Wael Shawky : dans ses restitutions \u00e9piques, l&#8217;Occident et l&#8217;Orient sont mis en miroir, les contours culturels deviennent poreux, \u00e0 rebours de tout clivage.<\/p>\n<p>Des cahiers th\u00e9matiques r\u00e9v\u00e8lent la toile de fond de l&#8217;oeuvre cin\u00e9matographique : les sources d&#8217;inspiration de Shawky, les dessins pr\u00e9paratoires des masques et costumes, les maquettes des d\u00e9cors et making-of du tournage. Ce voyage dans l&#8217;univers fantastique et magique d&#8217;une des figures majeures de la sc\u00e8ne contemporaine offre un \u00e9cho aux questions actuelles que sont les notions d&#8217;identit\u00e9 religieuse et culturelle \u00e0 travers une relecture des mythes fondateurs.<\/p>\n","protected":false},"excerpt":{"rendered":"<p>Con\u00e7u comme un livre d&#8217;artiste avec ses multiples inserts sur papiers de cr\u00e9ation, cet ouvrage d\u00e9roule toutes les s\u00e9quences du film pour une lecture sensible et immersive. Artiste pluridisciplinaire \u00e9gyptien, Wael Shawky met en sc\u00e8ne des fictions qui interrogent les notions d&#8217;identit\u00e9 artistique et culturelle. Sa derni\u00e8re cr\u00e9ation tourn\u00e9e sur le site arch\u00e9ologique de Pomp\u00e9i [&hellip;]<\/p>\n","protected":false},"featured_media":48060,"template":"","meta":[],"product_cat":[2948],"product_tag":[],"acf":[],"yoast_head":"<!-- This site is optimized with the Yoast SEO plugin v20.11 - https:\/\/yoast.com\/wordpress\/plugins\/seo\/ -->\n<title>I am hymns of the new temples - Librairie 7L<\/title>\n<meta name=\"robots\" content=\"index, follow, max-snippet:-1, max-image-preview:large, max-video-preview:-1\" \/>\n<link rel=\"canonical\" href=\"https:\/\/librairie7l.com\/en\/produit\/i-am-hymns-of-the-new-temples-2\/\" \/>\n<meta property=\"og:locale\" content=\"en_US\" \/>\n<meta property=\"og:type\" content=\"article\" \/>\n<meta property=\"og:title\" content=\"I am hymns of the new temples - Librairie 7L\" \/>\n<meta property=\"og:description\" content=\"Con\u00e7u comme un livre d&#8217;artiste avec ses multiples inserts sur papiers de cr\u00e9ation, cet ouvrage d\u00e9roule toutes les s\u00e9quences du film pour une lecture sensible et immersive. Artiste pluridisciplinaire \u00e9gyptien, Wael Shawky met en sc\u00e8ne des fictions qui interrogent les notions d&#8217;identit\u00e9 artistique et culturelle. Sa derni\u00e8re cr\u00e9ation tourn\u00e9e sur le site arch\u00e9ologique de Pomp\u00e9i [&hellip;]\" \/>\n<meta property=\"og:url\" content=\"https:\/\/librairie7l.com\/en\/produit\/i-am-hymns-of-the-new-temples-2\/\" \/>\n<meta property=\"og:site_name\" content=\"Librairie 7L\" \/>\n<meta property=\"article:modified_time\" content=\"2026-04-29T18:48:32+00:00\" \/>\n<meta name=\"twitter:card\" content=\"summary_large_image\" \/>\n<meta name=\"twitter:label1\" content=\"Est. reading time\" \/>\n\t<meta name=\"twitter:data1\" content=\"2 minutes\" \/>\n<script type=\"application\/ld+json\" class=\"yoast-schema-graph\">{\"@context\":\"https:\/\/schema.org\",\"@graph\":[{\"@type\":\"WebPage\",\"@id\":\"https:\/\/librairie7l.com\/en\/produit\/i-am-hymns-of-the-new-temples-2\/\",\"url\":\"https:\/\/librairie7l.com\/en\/produit\/i-am-hymns-of-the-new-temples-2\/\",\"name\":\"I am hymns of the new temples - Librairie 7L\",\"isPartOf\":{\"@id\":\"https:\/\/librairie7l.com\/en\/#website\"},\"datePublished\":\"2025-04-16T07:18:00+00:00\",\"dateModified\":\"2026-04-29T18:48:32+00:00\",\"breadcrumb\":{\"@id\":\"https:\/\/librairie7l.com\/en\/produit\/i-am-hymns-of-the-new-temples-2\/#breadcrumb\"},\"inLanguage\":\"en-US\",\"potentialAction\":[{\"@type\":\"ReadAction\",\"target\":[\"https:\/\/librairie7l.com\/en\/produit\/i-am-hymns-of-the-new-temples-2\/\"]}]},{\"@type\":\"BreadcrumbList\",\"@id\":\"https:\/\/librairie7l.com\/en\/produit\/i-am-hymns-of-the-new-temples-2\/#breadcrumb\",\"itemListElement\":[{\"@type\":\"ListItem\",\"position\":1,\"name\":\"Accueil\",\"item\":\"https:\/\/librairie7l.com\/en\/\"},{\"@type\":\"ListItem\",\"position\":2,\"name\":\"Shop\",\"item\":\"https:\/\/librairie7l.com\/en\/shop\/\"},{\"@type\":\"ListItem\",\"position\":3,\"name\":\"I AM HYMNS OF THE NEW TEMPLES\"}]},{\"@type\":\"WebSite\",\"@id\":\"https:\/\/librairie7l.com\/en\/#website\",\"url\":\"https:\/\/librairie7l.com\/en\/\",\"name\":\"Librairie 7L\",\"description\":\"Librairie fond\u00e9e en 1999 par Karl Lagerfeld \u00e0 Paris\",\"publisher\":{\"@id\":\"https:\/\/librairie7l.com\/en\/#organization\"},\"potentialAction\":[{\"@type\":\"SearchAction\",\"target\":{\"@type\":\"EntryPoint\",\"urlTemplate\":\"https:\/\/librairie7l.com\/en\/?s={search_term_string}\"},\"query-input\":\"required name=search_term_string\"}],\"inLanguage\":\"en-US\"},{\"@type\":\"Organization\",\"@id\":\"https:\/\/librairie7l.com\/en\/#organization\",\"name\":\"Librairie 7L\",\"url\":\"https:\/\/librairie7l.com\/en\/\",\"logo\":{\"@type\":\"ImageObject\",\"inLanguage\":\"en-US\",\"@id\":\"https:\/\/librairie7l.com\/en\/#\/schema\/logo\/image\/\",\"url\":\"https:\/\/librairie7l.com\/wp-content\/uploads\/2022\/08\/logo-1.png\",\"contentUrl\":\"https:\/\/librairie7l.com\/wp-content\/uploads\/2022\/08\/logo-1.png\",\"width\":227,\"height\":301,\"caption\":\"Librairie 7L\"},\"image\":{\"@id\":\"https:\/\/librairie7l.com\/en\/#\/schema\/logo\/image\/\"}}]}<\/script>\n<!-- \/ Yoast SEO plugin. -->","yoast_head_json":{"title":"I am hymns of the new temples - Librairie 7L","robots":{"index":"index","follow":"follow","max-snippet":"max-snippet:-1","max-image-preview":"max-image-preview:large","max-video-preview":"max-video-preview:-1"},"canonical":"https:\/\/librairie7l.com\/en\/produit\/i-am-hymns-of-the-new-temples-2\/","og_locale":"en_US","og_type":"article","og_title":"I am hymns of the new temples - Librairie 7L","og_description":"Con\u00e7u comme un livre d&#8217;artiste avec ses multiples inserts sur papiers de cr\u00e9ation, cet ouvrage d\u00e9roule toutes les s\u00e9quences du film pour une lecture sensible et immersive. Artiste pluridisciplinaire \u00e9gyptien, Wael Shawky met en sc\u00e8ne des fictions qui interrogent les notions d&#8217;identit\u00e9 artistique et culturelle. Sa derni\u00e8re cr\u00e9ation tourn\u00e9e sur le site arch\u00e9ologique de Pomp\u00e9i [&hellip;]","og_url":"https:\/\/librairie7l.com\/en\/produit\/i-am-hymns-of-the-new-temples-2\/","og_site_name":"Librairie 7L","article_modified_time":"2026-04-29T18:48:32+00:00","twitter_card":"summary_large_image","twitter_misc":{"Est. reading time":"2 minutes"},"schema":{"@context":"https:\/\/schema.org","@graph":[{"@type":"WebPage","@id":"https:\/\/librairie7l.com\/en\/produit\/i-am-hymns-of-the-new-temples-2\/","url":"https:\/\/librairie7l.com\/en\/produit\/i-am-hymns-of-the-new-temples-2\/","name":"I am hymns of the new temples - Librairie 7L","isPartOf":{"@id":"https:\/\/librairie7l.com\/en\/#website"},"datePublished":"2025-04-16T07:18:00+00:00","dateModified":"2026-04-29T18:48:32+00:00","breadcrumb":{"@id":"https:\/\/librairie7l.com\/en\/produit\/i-am-hymns-of-the-new-temples-2\/#breadcrumb"},"inLanguage":"en-US","potentialAction":[{"@type":"ReadAction","target":["https:\/\/librairie7l.com\/en\/produit\/i-am-hymns-of-the-new-temples-2\/"]}]},{"@type":"BreadcrumbList","@id":"https:\/\/librairie7l.com\/en\/produit\/i-am-hymns-of-the-new-temples-2\/#breadcrumb","itemListElement":[{"@type":"ListItem","position":1,"name":"Accueil","item":"https:\/\/librairie7l.com\/en\/"},{"@type":"ListItem","position":2,"name":"Shop","item":"https:\/\/librairie7l.com\/en\/shop\/"},{"@type":"ListItem","position":3,"name":"I AM HYMNS OF THE NEW TEMPLES"}]},{"@type":"WebSite","@id":"https:\/\/librairie7l.com\/en\/#website","url":"https:\/\/librairie7l.com\/en\/","name":"Librairie 7L","description":"Librairie fond\u00e9e en 1999 par Karl Lagerfeld \u00e0 Paris","publisher":{"@id":"https:\/\/librairie7l.com\/en\/#organization"},"potentialAction":[{"@type":"SearchAction","target":{"@type":"EntryPoint","urlTemplate":"https:\/\/librairie7l.com\/en\/?s={search_term_string}"},"query-input":"required name=search_term_string"}],"inLanguage":"en-US"},{"@type":"Organization","@id":"https:\/\/librairie7l.com\/en\/#organization","name":"Librairie 7L","url":"https:\/\/librairie7l.com\/en\/","logo":{"@type":"ImageObject","inLanguage":"en-US","@id":"https:\/\/librairie7l.com\/en\/#\/schema\/logo\/image\/","url":"https:\/\/librairie7l.com\/wp-content\/uploads\/2022\/08\/logo-1.png","contentUrl":"https:\/\/librairie7l.com\/wp-content\/uploads\/2022\/08\/logo-1.png","width":227,"height":301,"caption":"Librairie 7L"},"image":{"@id":"https:\/\/librairie7l.com\/en\/#\/schema\/logo\/image\/"}}]}},"_links":{"self":[{"href":"https:\/\/librairie7l.com\/en\/wp-json\/wp\/v2\/product\/47507"}],"collection":[{"href":"https:\/\/librairie7l.com\/en\/wp-json\/wp\/v2\/product"}],"about":[{"href":"https:\/\/librairie7l.com\/en\/wp-json\/wp\/v2\/types\/product"}],"wp:featuredmedia":[{"embeddable":true,"href":"https:\/\/librairie7l.com\/en\/wp-json\/wp\/v2\/media\/48060"}],"wp:attachment":[{"href":"https:\/\/librairie7l.com\/en\/wp-json\/wp\/v2\/media?parent=47507"}],"wp:term":[{"taxonomy":"product_cat","embeddable":true,"href":"https:\/\/librairie7l.com\/en\/wp-json\/wp\/v2\/product_cat?post=47507"},{"taxonomy":"product_tag","embeddable":true,"href":"https:\/\/librairie7l.com\/en\/wp-json\/wp\/v2\/product_tag?post=47507"}],"curies":[{"name":"wp","href":"https:\/\/api.w.org\/{rel}","templated":true}]}}