{"id":47511,"date":"2025-04-16T09:18:03","date_gmt":"2025-04-16T07:18:03","guid":{"rendered":"https:\/\/librairie7l.com\/?post_type=product&#038;p=47511"},"modified":"2026-04-29T20:48:22","modified_gmt":"2026-04-29T18:48:22","slug":"sur-la-photographie-2","status":"publish","type":"product","link":"https:\/\/librairie7l.com\/en\/produit\/sur-la-photographie-2\/","title":{"rendered":"SUR LA PHOTOGRAPHIE"},"content":{"rendered":"<p>\u00ab Tout a d\u00e9but\u00e9 par un essai, consacr\u00e9 \u00e0 quelques-uns des probl\u00e8mes esth\u00e9tiques et moraux que pose l&#8217;omnipr\u00e9sence des images photographiques : mais plus je r\u00e9fl\u00e9chissais \u00e0 la nature des photographies, plus elles devenaient complexes et suggestives. Si bien qu&#8217;un essai en engendra un autre, qui \u00e0 son tour (\u00e0 mon grand \u00e9tonnement) en engendra un troisi\u00e8me, et ainsi de suite, chacun ajoutant un maillon \u00e0 une cha\u00eene d&#8217;essais sur le sens et la vie des photographies, jusqu&#8217;\u00e0 ce que je fusse all\u00e9e assez loin pour que le d\u00e9veloppement esquiss\u00e9 dans le premier essai, \u00e9tay\u00e9 puis prolong\u00e9 dans les suivants, p\u00fbt \u00eatre r\u00e9capitul\u00e9 et g\u00e9n\u00e9ralis\u00e9 de fa\u00e7on plus th\u00e9orique. Et trouver son terme. [&#8230;] \u00c9crire sur la photographie, c&#8217;est \u00e9crire sur le monde. Et ces essais sont en fait une m\u00e9ditation prolong\u00e9e sur la nature de notre modernit\u00e9. \u00bb Susan Sontag Sur la photographie est une \u00e9tude de la force des images photographiques qui s&#8217;ins\u00e8rent continuellement entre l&#8217;exp\u00e9rience et la r\u00e9alit\u00e9. Sontag d\u00e9veloppe plus avant le concept de \u00ab transparence \u00bb. Lorsque tout peut \u00eatre photographi\u00e9 et que la photographie a d\u00e9truit les fronti\u00e8res et les d\u00e9finitions de l&#8217;art, un spectateur peut aborder une photographie librement, sans s&#8217;attendre \u00e0 en d\u00e9couvrir le sens. Ce recueil de six essais lucides et revigorants constitue une exploration profonde de la mani\u00e8re dont l&#8217;image a boulevers\u00e9 la soci\u00e9t\u00e9.<br \/>\nParu pour la premi\u00e8re fois en 1977, Sur la photographie est devenu un livre culte sur le sujet.<\/p>\n","protected":false},"excerpt":{"rendered":"<p>\u00ab Tout a d\u00e9but\u00e9 par un essai, consacr\u00e9 \u00e0 quelques-uns des probl\u00e8mes esth\u00e9tiques et moraux que pose l&#8217;omnipr\u00e9sence des images photographiques : mais plus je r\u00e9fl\u00e9chissais \u00e0 la nature des photographies, plus elles devenaient complexes et suggestives. Si bien qu&#8217;un essai en engendra un autre, qui \u00e0 son tour (\u00e0 mon grand \u00e9tonnement) en engendra [&hellip;]<\/p>\n","protected":false},"featured_media":47509,"template":"","meta":[],"product_cat":[2948],"product_tag":[],"acf":[],"yoast_head":"<!-- This site is optimized with the Yoast SEO plugin v20.11 - https:\/\/yoast.com\/wordpress\/plugins\/seo\/ -->\n<title>Sur la photographie - Librairie 7L<\/title>\n<meta name=\"robots\" content=\"index, follow, max-snippet:-1, max-image-preview:large, max-video-preview:-1\" \/>\n<link rel=\"canonical\" href=\"https:\/\/librairie7l.com\/en\/produit\/sur-la-photographie-2\/\" \/>\n<meta property=\"og:locale\" content=\"en_US\" \/>\n<meta property=\"og:type\" content=\"article\" \/>\n<meta property=\"og:title\" content=\"Sur la photographie - Librairie 7L\" \/>\n<meta property=\"og:description\" content=\"\u00ab Tout a d\u00e9but\u00e9 par un essai, consacr\u00e9 \u00e0 quelques-uns des probl\u00e8mes esth\u00e9tiques et moraux que pose l&#8217;omnipr\u00e9sence des images photographiques : mais plus je r\u00e9fl\u00e9chissais \u00e0 la nature des photographies, plus elles devenaient complexes et suggestives. Si bien qu&#8217;un essai en engendra un autre, qui \u00e0 son tour (\u00e0 mon grand \u00e9tonnement) en engendra [&hellip;]\" \/>\n<meta property=\"og:url\" content=\"https:\/\/librairie7l.com\/en\/produit\/sur-la-photographie-2\/\" \/>\n<meta property=\"og:site_name\" content=\"Librairie 7L\" \/>\n<meta property=\"article:modified_time\" content=\"2026-04-29T18:48:22+00:00\" \/>\n<meta property=\"og:image\" content=\"https:\/\/librairie7l.com\/wp-content\/uploads\/2021\/05\/9782267044812_1_75.jpg\" \/>\n\t<meta property=\"og:image:width\" content=\"600\" \/>\n\t<meta property=\"og:image:height\" content=\"1000\" \/>\n\t<meta property=\"og:image:type\" content=\"image\/jpeg\" \/>\n<meta name=\"twitter:card\" content=\"summary_large_image\" \/>\n<meta name=\"twitter:label1\" content=\"Est. reading time\" \/>\n\t<meta name=\"twitter:data1\" content=\"1 minute\" \/>\n<script type=\"application\/ld+json\" class=\"yoast-schema-graph\">{\"@context\":\"https:\/\/schema.org\",\"@graph\":[{\"@type\":\"WebPage\",\"@id\":\"https:\/\/librairie7l.com\/en\/produit\/sur-la-photographie-2\/\",\"url\":\"https:\/\/librairie7l.com\/en\/produit\/sur-la-photographie-2\/\",\"name\":\"Sur la photographie - Librairie 7L\",\"isPartOf\":{\"@id\":\"https:\/\/librairie7l.com\/en\/#website\"},\"datePublished\":\"2025-04-16T07:18:03+00:00\",\"dateModified\":\"2026-04-29T18:48:22+00:00\",\"breadcrumb\":{\"@id\":\"https:\/\/librairie7l.com\/en\/produit\/sur-la-photographie-2\/#breadcrumb\"},\"inLanguage\":\"en-US\",\"potentialAction\":[{\"@type\":\"ReadAction\",\"target\":[\"https:\/\/librairie7l.com\/en\/produit\/sur-la-photographie-2\/\"]}]},{\"@type\":\"BreadcrumbList\",\"@id\":\"https:\/\/librairie7l.com\/en\/produit\/sur-la-photographie-2\/#breadcrumb\",\"itemListElement\":[{\"@type\":\"ListItem\",\"position\":1,\"name\":\"Accueil\",\"item\":\"https:\/\/librairie7l.com\/en\/\"},{\"@type\":\"ListItem\",\"position\":2,\"name\":\"Shop\",\"item\":\"https:\/\/librairie7l.com\/en\/shop\/\"},{\"@type\":\"ListItem\",\"position\":3,\"name\":\"SUR LA PHOTOGRAPHIE\"}]},{\"@type\":\"WebSite\",\"@id\":\"https:\/\/librairie7l.com\/en\/#website\",\"url\":\"https:\/\/librairie7l.com\/en\/\",\"name\":\"Librairie 7L\",\"description\":\"Librairie fond\u00e9e en 1999 par Karl Lagerfeld \u00e0 Paris\",\"publisher\":{\"@id\":\"https:\/\/librairie7l.com\/en\/#organization\"},\"potentialAction\":[{\"@type\":\"SearchAction\",\"target\":{\"@type\":\"EntryPoint\",\"urlTemplate\":\"https:\/\/librairie7l.com\/en\/?s={search_term_string}\"},\"query-input\":\"required name=search_term_string\"}],\"inLanguage\":\"en-US\"},{\"@type\":\"Organization\",\"@id\":\"https:\/\/librairie7l.com\/en\/#organization\",\"name\":\"Librairie 7L\",\"url\":\"https:\/\/librairie7l.com\/en\/\",\"logo\":{\"@type\":\"ImageObject\",\"inLanguage\":\"en-US\",\"@id\":\"https:\/\/librairie7l.com\/en\/#\/schema\/logo\/image\/\",\"url\":\"https:\/\/librairie7l.com\/wp-content\/uploads\/2022\/08\/logo-1.png\",\"contentUrl\":\"https:\/\/librairie7l.com\/wp-content\/uploads\/2022\/08\/logo-1.png\",\"width\":227,\"height\":301,\"caption\":\"Librairie 7L\"},\"image\":{\"@id\":\"https:\/\/librairie7l.com\/en\/#\/schema\/logo\/image\/\"}}]}<\/script>\n<!-- \/ Yoast SEO plugin. -->","yoast_head_json":{"title":"Sur la photographie - Librairie 7L","robots":{"index":"index","follow":"follow","max-snippet":"max-snippet:-1","max-image-preview":"max-image-preview:large","max-video-preview":"max-video-preview:-1"},"canonical":"https:\/\/librairie7l.com\/en\/produit\/sur-la-photographie-2\/","og_locale":"en_US","og_type":"article","og_title":"Sur la photographie - Librairie 7L","og_description":"\u00ab Tout a d\u00e9but\u00e9 par un essai, consacr\u00e9 \u00e0 quelques-uns des probl\u00e8mes esth\u00e9tiques et moraux que pose l&#8217;omnipr\u00e9sence des images photographiques : mais plus je r\u00e9fl\u00e9chissais \u00e0 la nature des photographies, plus elles devenaient complexes et suggestives. Si bien qu&#8217;un essai en engendra un autre, qui \u00e0 son tour (\u00e0 mon grand \u00e9tonnement) en engendra [&hellip;]","og_url":"https:\/\/librairie7l.com\/en\/produit\/sur-la-photographie-2\/","og_site_name":"Librairie 7L","article_modified_time":"2026-04-29T18:48:22+00:00","og_image":[{"width":600,"height":1000,"url":"https:\/\/librairie7l.com\/wp-content\/uploads\/2021\/05\/9782267044812_1_75.jpg","type":"image\/jpeg"}],"twitter_card":"summary_large_image","twitter_misc":{"Est. reading time":"1 minute"},"schema":{"@context":"https:\/\/schema.org","@graph":[{"@type":"WebPage","@id":"https:\/\/librairie7l.com\/en\/produit\/sur-la-photographie-2\/","url":"https:\/\/librairie7l.com\/en\/produit\/sur-la-photographie-2\/","name":"Sur la photographie - Librairie 7L","isPartOf":{"@id":"https:\/\/librairie7l.com\/en\/#website"},"datePublished":"2025-04-16T07:18:03+00:00","dateModified":"2026-04-29T18:48:22+00:00","breadcrumb":{"@id":"https:\/\/librairie7l.com\/en\/produit\/sur-la-photographie-2\/#breadcrumb"},"inLanguage":"en-US","potentialAction":[{"@type":"ReadAction","target":["https:\/\/librairie7l.com\/en\/produit\/sur-la-photographie-2\/"]}]},{"@type":"BreadcrumbList","@id":"https:\/\/librairie7l.com\/en\/produit\/sur-la-photographie-2\/#breadcrumb","itemListElement":[{"@type":"ListItem","position":1,"name":"Accueil","item":"https:\/\/librairie7l.com\/en\/"},{"@type":"ListItem","position":2,"name":"Shop","item":"https:\/\/librairie7l.com\/en\/shop\/"},{"@type":"ListItem","position":3,"name":"SUR LA PHOTOGRAPHIE"}]},{"@type":"WebSite","@id":"https:\/\/librairie7l.com\/en\/#website","url":"https:\/\/librairie7l.com\/en\/","name":"Librairie 7L","description":"Librairie fond\u00e9e en 1999 par Karl Lagerfeld \u00e0 Paris","publisher":{"@id":"https:\/\/librairie7l.com\/en\/#organization"},"potentialAction":[{"@type":"SearchAction","target":{"@type":"EntryPoint","urlTemplate":"https:\/\/librairie7l.com\/en\/?s={search_term_string}"},"query-input":"required name=search_term_string"}],"inLanguage":"en-US"},{"@type":"Organization","@id":"https:\/\/librairie7l.com\/en\/#organization","name":"Librairie 7L","url":"https:\/\/librairie7l.com\/en\/","logo":{"@type":"ImageObject","inLanguage":"en-US","@id":"https:\/\/librairie7l.com\/en\/#\/schema\/logo\/image\/","url":"https:\/\/librairie7l.com\/wp-content\/uploads\/2022\/08\/logo-1.png","contentUrl":"https:\/\/librairie7l.com\/wp-content\/uploads\/2022\/08\/logo-1.png","width":227,"height":301,"caption":"Librairie 7L"},"image":{"@id":"https:\/\/librairie7l.com\/en\/#\/schema\/logo\/image\/"}}]}},"_links":{"self":[{"href":"https:\/\/librairie7l.com\/en\/wp-json\/wp\/v2\/product\/47511"}],"collection":[{"href":"https:\/\/librairie7l.com\/en\/wp-json\/wp\/v2\/product"}],"about":[{"href":"https:\/\/librairie7l.com\/en\/wp-json\/wp\/v2\/types\/product"}],"wp:featuredmedia":[{"embeddable":true,"href":"https:\/\/librairie7l.com\/en\/wp-json\/wp\/v2\/media\/47509"}],"wp:attachment":[{"href":"https:\/\/librairie7l.com\/en\/wp-json\/wp\/v2\/media?parent=47511"}],"wp:term":[{"taxonomy":"product_cat","embeddable":true,"href":"https:\/\/librairie7l.com\/en\/wp-json\/wp\/v2\/product_cat?post=47511"},{"taxonomy":"product_tag","embeddable":true,"href":"https:\/\/librairie7l.com\/en\/wp-json\/wp\/v2\/product_tag?post=47511"}],"curies":[{"name":"wp","href":"https:\/\/api.w.org\/{rel}","templated":true}]}}