{"id":47528,"date":"2025-04-17T09:17:58","date_gmt":"2025-04-17T07:17:58","guid":{"rendered":"https:\/\/librairie7l.com\/?post_type=product&#038;p=47528"},"modified":"2026-04-08T11:48:46","modified_gmt":"2026-04-08T09:48:46","slug":"dits-entretiens-de-bram-van-velde-precedes-par-le-palimpseste-et-le-commencement-par-jerome-thelot-2","status":"publish","type":"product","link":"https:\/\/librairie7l.com\/en\/produit\/dits-entretiens-de-bram-van-velde-precedes-par-le-palimpseste-et-le-commencement-par-jerome-thelot-2\/","title":{"rendered":"DITS &AMP; ENTRETIENS DE BRAM VAN VELDE : PR\u00c9C\u00c9D\u00c9S PAR LE PALIMPSESTE ET LE COMMENCEMENT PAR J\u00c9R\u00d4ME TH\u00c9LOT"},"content":{"rendered":"<p>Les Dits &amp; entretiens, ici rassembl\u00e9s pour la premi\u00e8re fois, donnent \u00e0 lire les propos tenus par Bram van Velde (1895-1981) \u00e0 des amis, \u00e0 des critiques, \u00e0 toute personne qui a pu s&#8217;entretenir avec lui ou noter un fragment de sa conversation, tels qu&#8217;on peut les retrouver imprim\u00e9s dans des journaux anciens, des comptes rendus d&#8217;exposition, des articles ou des \u00e9tudes, ou enregistr\u00e9s dans des films. L&#8217;ensemble r\u00e9alise le voeu jadis formul\u00e9 par Rainer Michael Mason: \u00abIl serait incontestablement utile de collationner et de publier un jour l&#8217;int\u00e9gralit\u00e9 des assertions de l&#8217;artiste.\u00bb<br \/>\nOn sait que c&#8217;est sur le fond de son inaptitude au discours et de sa pudeur intransigeante que de Bram van Velde a prononc\u00e9 des phrases \u00e9tonnantes, parmi les plus inpir\u00e9es qui aient jamais \u00e9t\u00e9 dites sur la peinture. Voici encore le t\u00e9moignage de Mason: \u00abParce qu&#8217;elles ne sont pas pr\u00e9m\u00e9dit\u00e9es, ses paroles constituent dans l&#8217;urgence simple, presque na\u00efve, d&#8217;une sinc\u00e9rit\u00e9 totale les plus justes consid\u00e9rations sur le travail du peintre.\u00bb<br \/>\nCet ensemble de propos de Bram van Velde est pr\u00e9c\u00e9d\u00e9 d&#8217;un essai de J\u00e9r\u00f4me Th\u00e9lotqui ne vise pas \u00e0 r\u00e9soudre une \u00e9nigme, mais \u00e0 la poser. Il ne s&#8217;agit pas d&#8217;apprivoiser Bram van Velde ni de rendre usuelle et maniable sa figure d&#8217;\u00e9tranger radical  &#8211; au contraire il s&#8217;agit de restituer son irr\u00e9ductibilit\u00e9, son impossibilit\u00e9 presque, d&#8217;une autre essence que nos domesticit\u00e9s. Les analyses de cet essai, toutes \u00e9tay\u00e9es sur les rares propos du peintre, \u00e9lucident les conditions et les motifs ayant d\u00e9termin\u00e9 l&#8217;oeuvre \u00e9nigmatique de Bram van Velde &#8211; pour autant que ce mot d&#8217;\u00aboeuvre\u00bb lui convient -, les raisons qui en justifient l&#8217;aventure, et la pens\u00e9 sensible qui s&#8217;y convie.<\/p>\n","protected":false},"excerpt":{"rendered":"<p>Les Dits &amp; entretiens, ici rassembl\u00e9s pour la premi\u00e8re fois, donnent \u00e0 lire les propos tenus par Bram van Velde (1895-1981) \u00e0 des amis, \u00e0 des critiques, \u00e0 toute personne qui a pu s&#8217;entretenir avec lui ou noter un fragment de sa conversation, tels qu&#8217;on peut les retrouver imprim\u00e9s dans des journaux anciens, des comptes [&hellip;]<\/p>\n","protected":false},"featured_media":47526,"template":"","meta":[],"product_cat":[2948,2953],"product_tag":[],"acf":[],"yoast_head":"<!-- This site is optimized with the Yoast SEO plugin v20.11 - https:\/\/yoast.com\/wordpress\/plugins\/seo\/ -->\n<title>Dits &amp; entretiens de Bram van Velde : pr\u00e9c\u00e9d\u00e9s par Le palimpseste et le commencement par J\u00e9r\u00f4me Th\u00e9lot - Librairie 7L<\/title>\n<meta name=\"robots\" content=\"index, follow, max-snippet:-1, max-image-preview:large, max-video-preview:-1\" \/>\n<link rel=\"canonical\" href=\"https:\/\/librairie7l.com\/en\/produit\/dits-entretiens-de-bram-van-velde-precedes-par-le-palimpseste-et-le-commencement-par-jerome-thelot-2\/\" \/>\n<meta property=\"og:locale\" content=\"en_US\" \/>\n<meta property=\"og:type\" content=\"article\" \/>\n<meta property=\"og:title\" content=\"Dits &amp; entretiens de Bram van Velde : pr\u00e9c\u00e9d\u00e9s par Le palimpseste et le commencement par J\u00e9r\u00f4me Th\u00e9lot - Librairie 7L\" \/>\n<meta property=\"og:description\" content=\"Les Dits &amp; entretiens, ici rassembl\u00e9s pour la premi\u00e8re fois, donnent \u00e0 lire les propos tenus par Bram van Velde (1895-1981) \u00e0 des amis, \u00e0 des critiques, \u00e0 toute personne qui a pu s&#8217;entretenir avec lui ou noter un fragment de sa conversation, tels qu&#8217;on peut les retrouver imprim\u00e9s dans des journaux anciens, des comptes [&hellip;]\" \/>\n<meta property=\"og:url\" content=\"https:\/\/librairie7l.com\/en\/produit\/dits-entretiens-de-bram-van-velde-precedes-par-le-palimpseste-et-le-commencement-par-jerome-thelot-2\/\" \/>\n<meta property=\"og:site_name\" content=\"Librairie 7L\" \/>\n<meta property=\"article:modified_time\" content=\"2026-04-08T09:48:46+00:00\" \/>\n<meta property=\"og:image\" content=\"https:\/\/librairie7l.com\/wp-content\/uploads\/2024\/12\/9782850351839_1_75.jpg\" \/>\n\t<meta property=\"og:image:width\" content=\"600\" \/>\n\t<meta property=\"og:image:height\" content=\"746\" \/>\n\t<meta property=\"og:image:type\" content=\"image\/jpeg\" \/>\n<meta name=\"twitter:card\" content=\"summary_large_image\" \/>\n<meta name=\"twitter:label1\" content=\"Est. reading time\" \/>\n\t<meta name=\"twitter:data1\" content=\"1 minute\" \/>\n<script type=\"application\/ld+json\" class=\"yoast-schema-graph\">{\"@context\":\"https:\/\/schema.org\",\"@graph\":[{\"@type\":\"WebPage\",\"@id\":\"https:\/\/librairie7l.com\/en\/produit\/dits-entretiens-de-bram-van-velde-precedes-par-le-palimpseste-et-le-commencement-par-jerome-thelot-2\/\",\"url\":\"https:\/\/librairie7l.com\/en\/produit\/dits-entretiens-de-bram-van-velde-precedes-par-le-palimpseste-et-le-commencement-par-jerome-thelot-2\/\",\"name\":\"Dits &amp; entretiens de Bram van Velde : pr\u00e9c\u00e9d\u00e9s par Le palimpseste et le commencement par J\u00e9r\u00f4me Th\u00e9lot - Librairie 7L\",\"isPartOf\":{\"@id\":\"https:\/\/librairie7l.com\/en\/#website\"},\"datePublished\":\"2025-04-17T07:17:58+00:00\",\"dateModified\":\"2026-04-08T09:48:46+00:00\",\"breadcrumb\":{\"@id\":\"https:\/\/librairie7l.com\/en\/produit\/dits-entretiens-de-bram-van-velde-precedes-par-le-palimpseste-et-le-commencement-par-jerome-thelot-2\/#breadcrumb\"},\"inLanguage\":\"en-US\",\"potentialAction\":[{\"@type\":\"ReadAction\",\"target\":[\"https:\/\/librairie7l.com\/en\/produit\/dits-entretiens-de-bram-van-velde-precedes-par-le-palimpseste-et-le-commencement-par-jerome-thelot-2\/\"]}]},{\"@type\":\"BreadcrumbList\",\"@id\":\"https:\/\/librairie7l.com\/en\/produit\/dits-entretiens-de-bram-van-velde-precedes-par-le-palimpseste-et-le-commencement-par-jerome-thelot-2\/#breadcrumb\",\"itemListElement\":[{\"@type\":\"ListItem\",\"position\":1,\"name\":\"Accueil\",\"item\":\"https:\/\/librairie7l.com\/en\/\"},{\"@type\":\"ListItem\",\"position\":2,\"name\":\"Shop\",\"item\":\"https:\/\/librairie7l.com\/en\/shop\/\"},{\"@type\":\"ListItem\",\"position\":3,\"name\":\"DITS &AMP; ENTRETIENS DE BRAM VAN VELDE : PR\u00c9C\u00c9D\u00c9S PAR LE PALIMPSESTE ET LE COMMENCEMENT PAR J\u00c9R\u00d4ME TH\u00c9LOT\"}]},{\"@type\":\"WebSite\",\"@id\":\"https:\/\/librairie7l.com\/en\/#website\",\"url\":\"https:\/\/librairie7l.com\/en\/\",\"name\":\"Librairie 7L\",\"description\":\"Librairie fond\u00e9e en 1999 par Karl Lagerfeld \u00e0 Paris\",\"publisher\":{\"@id\":\"https:\/\/librairie7l.com\/en\/#organization\"},\"potentialAction\":[{\"@type\":\"SearchAction\",\"target\":{\"@type\":\"EntryPoint\",\"urlTemplate\":\"https:\/\/librairie7l.com\/en\/?s={search_term_string}\"},\"query-input\":\"required name=search_term_string\"}],\"inLanguage\":\"en-US\"},{\"@type\":\"Organization\",\"@id\":\"https:\/\/librairie7l.com\/en\/#organization\",\"name\":\"Librairie 7L\",\"url\":\"https:\/\/librairie7l.com\/en\/\",\"logo\":{\"@type\":\"ImageObject\",\"inLanguage\":\"en-US\",\"@id\":\"https:\/\/librairie7l.com\/en\/#\/schema\/logo\/image\/\",\"url\":\"https:\/\/librairie7l.com\/wp-content\/uploads\/2022\/08\/logo-1.png\",\"contentUrl\":\"https:\/\/librairie7l.com\/wp-content\/uploads\/2022\/08\/logo-1.png\",\"width\":227,\"height\":301,\"caption\":\"Librairie 7L\"},\"image\":{\"@id\":\"https:\/\/librairie7l.com\/en\/#\/schema\/logo\/image\/\"}}]}<\/script>\n<!-- \/ Yoast SEO plugin. -->","yoast_head_json":{"title":"Dits &amp; entretiens de Bram van Velde : pr\u00e9c\u00e9d\u00e9s par Le palimpseste et le commencement par J\u00e9r\u00f4me Th\u00e9lot - Librairie 7L","robots":{"index":"index","follow":"follow","max-snippet":"max-snippet:-1","max-image-preview":"max-image-preview:large","max-video-preview":"max-video-preview:-1"},"canonical":"https:\/\/librairie7l.com\/en\/produit\/dits-entretiens-de-bram-van-velde-precedes-par-le-palimpseste-et-le-commencement-par-jerome-thelot-2\/","og_locale":"en_US","og_type":"article","og_title":"Dits &amp; entretiens de Bram van Velde : pr\u00e9c\u00e9d\u00e9s par Le palimpseste et le commencement par J\u00e9r\u00f4me Th\u00e9lot - Librairie 7L","og_description":"Les Dits &amp; entretiens, ici rassembl\u00e9s pour la premi\u00e8re fois, donnent \u00e0 lire les propos tenus par Bram van Velde (1895-1981) \u00e0 des amis, \u00e0 des critiques, \u00e0 toute personne qui a pu s&#8217;entretenir avec lui ou noter un fragment de sa conversation, tels qu&#8217;on peut les retrouver imprim\u00e9s dans des journaux anciens, des comptes [&hellip;]","og_url":"https:\/\/librairie7l.com\/en\/produit\/dits-entretiens-de-bram-van-velde-precedes-par-le-palimpseste-et-le-commencement-par-jerome-thelot-2\/","og_site_name":"Librairie 7L","article_modified_time":"2026-04-08T09:48:46+00:00","og_image":[{"width":600,"height":746,"url":"https:\/\/librairie7l.com\/wp-content\/uploads\/2024\/12\/9782850351839_1_75.jpg","type":"image\/jpeg"}],"twitter_card":"summary_large_image","twitter_misc":{"Est. reading time":"1 minute"},"schema":{"@context":"https:\/\/schema.org","@graph":[{"@type":"WebPage","@id":"https:\/\/librairie7l.com\/en\/produit\/dits-entretiens-de-bram-van-velde-precedes-par-le-palimpseste-et-le-commencement-par-jerome-thelot-2\/","url":"https:\/\/librairie7l.com\/en\/produit\/dits-entretiens-de-bram-van-velde-precedes-par-le-palimpseste-et-le-commencement-par-jerome-thelot-2\/","name":"Dits &amp; entretiens de Bram van Velde : pr\u00e9c\u00e9d\u00e9s par Le palimpseste et le commencement par J\u00e9r\u00f4me Th\u00e9lot - Librairie 7L","isPartOf":{"@id":"https:\/\/librairie7l.com\/en\/#website"},"datePublished":"2025-04-17T07:17:58+00:00","dateModified":"2026-04-08T09:48:46+00:00","breadcrumb":{"@id":"https:\/\/librairie7l.com\/en\/produit\/dits-entretiens-de-bram-van-velde-precedes-par-le-palimpseste-et-le-commencement-par-jerome-thelot-2\/#breadcrumb"},"inLanguage":"en-US","potentialAction":[{"@type":"ReadAction","target":["https:\/\/librairie7l.com\/en\/produit\/dits-entretiens-de-bram-van-velde-precedes-par-le-palimpseste-et-le-commencement-par-jerome-thelot-2\/"]}]},{"@type":"BreadcrumbList","@id":"https:\/\/librairie7l.com\/en\/produit\/dits-entretiens-de-bram-van-velde-precedes-par-le-palimpseste-et-le-commencement-par-jerome-thelot-2\/#breadcrumb","itemListElement":[{"@type":"ListItem","position":1,"name":"Accueil","item":"https:\/\/librairie7l.com\/en\/"},{"@type":"ListItem","position":2,"name":"Shop","item":"https:\/\/librairie7l.com\/en\/shop\/"},{"@type":"ListItem","position":3,"name":"DITS &AMP; ENTRETIENS DE BRAM VAN VELDE : PR\u00c9C\u00c9D\u00c9S PAR LE PALIMPSESTE ET LE COMMENCEMENT PAR J\u00c9R\u00d4ME TH\u00c9LOT"}]},{"@type":"WebSite","@id":"https:\/\/librairie7l.com\/en\/#website","url":"https:\/\/librairie7l.com\/en\/","name":"Librairie 7L","description":"Librairie fond\u00e9e en 1999 par Karl Lagerfeld \u00e0 Paris","publisher":{"@id":"https:\/\/librairie7l.com\/en\/#organization"},"potentialAction":[{"@type":"SearchAction","target":{"@type":"EntryPoint","urlTemplate":"https:\/\/librairie7l.com\/en\/?s={search_term_string}"},"query-input":"required name=search_term_string"}],"inLanguage":"en-US"},{"@type":"Organization","@id":"https:\/\/librairie7l.com\/en\/#organization","name":"Librairie 7L","url":"https:\/\/librairie7l.com\/en\/","logo":{"@type":"ImageObject","inLanguage":"en-US","@id":"https:\/\/librairie7l.com\/en\/#\/schema\/logo\/image\/","url":"https:\/\/librairie7l.com\/wp-content\/uploads\/2022\/08\/logo-1.png","contentUrl":"https:\/\/librairie7l.com\/wp-content\/uploads\/2022\/08\/logo-1.png","width":227,"height":301,"caption":"Librairie 7L"},"image":{"@id":"https:\/\/librairie7l.com\/en\/#\/schema\/logo\/image\/"}}]}},"_links":{"self":[{"href":"https:\/\/librairie7l.com\/en\/wp-json\/wp\/v2\/product\/47528"}],"collection":[{"href":"https:\/\/librairie7l.com\/en\/wp-json\/wp\/v2\/product"}],"about":[{"href":"https:\/\/librairie7l.com\/en\/wp-json\/wp\/v2\/types\/product"}],"wp:featuredmedia":[{"embeddable":true,"href":"https:\/\/librairie7l.com\/en\/wp-json\/wp\/v2\/media\/47526"}],"wp:attachment":[{"href":"https:\/\/librairie7l.com\/en\/wp-json\/wp\/v2\/media?parent=47528"}],"wp:term":[{"taxonomy":"product_cat","embeddable":true,"href":"https:\/\/librairie7l.com\/en\/wp-json\/wp\/v2\/product_cat?post=47528"},{"taxonomy":"product_tag","embeddable":true,"href":"https:\/\/librairie7l.com\/en\/wp-json\/wp\/v2\/product_tag?post=47528"}],"curies":[{"name":"wp","href":"https:\/\/api.w.org\/{rel}","templated":true}]}}