{"id":47532,"date":"2025-04-17T09:18:02","date_gmt":"2025-04-17T07:18:02","guid":{"rendered":"https:\/\/librairie7l.com\/?post_type=product&#038;p=47532"},"modified":"2026-04-23T21:31:58","modified_gmt":"2026-04-23T19:31:58","slug":"les-americains-2","status":"publish","type":"product","link":"https:\/\/librairie7l.com\/en\/produit\/les-americains-2\/","title":{"rendered":"LES AM\u00c9RICAINS"},"content":{"rendered":"<p>En 1955, Robert Frank traverse les \u00c9tats-Unis. Un cow-boy, un homme tatou\u00e9 faisant sa sieste sur l&#8217;herbe d&#8217;un parc, la souffrance d&#8217;une femme qui vient d&#8217;enterrer un proche, un cireur de chaussures, une route, des femmes qui trinquent ; seules quatre-vingt-quatre de ses images furent publi\u00e9es, en 1958, dans l&#8217;indiff\u00e9rence.<\/p>\n<p>Ce livre est depuis devenu un classique de la photographie. Jug\u00e9 triste, pervers, voire subversif par la presse am\u00e9ricaine d&#8217;alors, son importance n&#8217;a pourtant cess\u00e9 de cro\u00eetre au fil des ann\u00e9es. Les photographes, les critiques et le grand public ont salu\u00e9 en Robert Frank un v\u00e9ritable novateur.<\/p>\n<p>Ce livre n&#8217;a rien d&#8217;un reportage. Il ne raconte pas le p\u00e9riple d&#8217;un homme \u00e0 travers les \u00c9tats-Unis mais rassemble une suite de notes prises sur le vif, par un \u00e9corch\u00e9 vif.<\/p>\n<p>R\u00e9\u00e9dition &#8211; avec le texte de Jack Kerouac publi\u00e9 dans la premi\u00e8re version am\u00e9ricaine du livre.<\/p>\n","protected":false},"excerpt":{"rendered":"<p>En 1955, Robert Frank traverse les \u00c9tats-Unis. Un cow-boy, un homme tatou\u00e9 faisant sa sieste sur l&#8217;herbe d&#8217;un parc, la souffrance d&#8217;une femme qui vient d&#8217;enterrer un proche, un cireur de chaussures, une route, des femmes qui trinquent ; seules quatre-vingt-quatre de ses images furent publi\u00e9es, en 1958, dans l&#8217;indiff\u00e9rence. Ce livre est depuis devenu [&hellip;]<\/p>\n","protected":false},"featured_media":47530,"template":"","meta":[],"product_cat":[2948,2958],"product_tag":[],"acf":[],"yoast_head":"<!-- This site is optimized with the Yoast SEO plugin v20.11 - https:\/\/yoast.com\/wordpress\/plugins\/seo\/ -->\n<title>Les Am\u00e9ricains - Librairie 7L<\/title>\n<meta name=\"robots\" content=\"index, follow, max-snippet:-1, max-image-preview:large, max-video-preview:-1\" \/>\n<link rel=\"canonical\" href=\"https:\/\/librairie7l.com\/en\/produit\/les-americains-2\/\" \/>\n<meta property=\"og:locale\" content=\"en_US\" \/>\n<meta property=\"og:type\" content=\"article\" \/>\n<meta property=\"og:title\" content=\"Les Am\u00e9ricains - Librairie 7L\" \/>\n<meta property=\"og:description\" content=\"En 1955, Robert Frank traverse les \u00c9tats-Unis. Un cow-boy, un homme tatou\u00e9 faisant sa sieste sur l&#8217;herbe d&#8217;un parc, la souffrance d&#8217;une femme qui vient d&#8217;enterrer un proche, un cireur de chaussures, une route, des femmes qui trinquent ; seules quatre-vingt-quatre de ses images furent publi\u00e9es, en 1958, dans l&#8217;indiff\u00e9rence. Ce livre est depuis devenu [&hellip;]\" \/>\n<meta property=\"og:url\" content=\"https:\/\/librairie7l.com\/en\/produit\/les-americains-2\/\" \/>\n<meta property=\"og:site_name\" content=\"Librairie 7L\" \/>\n<meta property=\"article:modified_time\" content=\"2026-04-23T19:31:58+00:00\" \/>\n<meta property=\"og:image\" content=\"https:\/\/librairie7l.com\/wp-content\/uploads\/2021\/12\/9791095821458_1_75.jpg\" \/>\n\t<meta property=\"og:image:width\" content=\"400\" \/>\n\t<meta property=\"og:image:height\" content=\"357\" \/>\n\t<meta property=\"og:image:type\" content=\"image\/jpeg\" \/>\n<meta name=\"twitter:card\" content=\"summary_large_image\" \/>\n<meta name=\"twitter:label1\" content=\"Est. reading time\" \/>\n\t<meta name=\"twitter:data1\" content=\"1 minute\" \/>\n<script type=\"application\/ld+json\" class=\"yoast-schema-graph\">{\"@context\":\"https:\/\/schema.org\",\"@graph\":[{\"@type\":\"WebPage\",\"@id\":\"https:\/\/librairie7l.com\/en\/produit\/les-americains-2\/\",\"url\":\"https:\/\/librairie7l.com\/en\/produit\/les-americains-2\/\",\"name\":\"Les Am\u00e9ricains - Librairie 7L\",\"isPartOf\":{\"@id\":\"https:\/\/librairie7l.com\/en\/#website\"},\"datePublished\":\"2025-04-17T07:18:02+00:00\",\"dateModified\":\"2026-04-23T19:31:58+00:00\",\"breadcrumb\":{\"@id\":\"https:\/\/librairie7l.com\/en\/produit\/les-americains-2\/#breadcrumb\"},\"inLanguage\":\"en-US\",\"potentialAction\":[{\"@type\":\"ReadAction\",\"target\":[\"https:\/\/librairie7l.com\/en\/produit\/les-americains-2\/\"]}]},{\"@type\":\"BreadcrumbList\",\"@id\":\"https:\/\/librairie7l.com\/en\/produit\/les-americains-2\/#breadcrumb\",\"itemListElement\":[{\"@type\":\"ListItem\",\"position\":1,\"name\":\"Accueil\",\"item\":\"https:\/\/librairie7l.com\/en\/\"},{\"@type\":\"ListItem\",\"position\":2,\"name\":\"Shop\",\"item\":\"https:\/\/librairie7l.com\/en\/shop\/\"},{\"@type\":\"ListItem\",\"position\":3,\"name\":\"LES AM\u00c9RICAINS\"}]},{\"@type\":\"WebSite\",\"@id\":\"https:\/\/librairie7l.com\/en\/#website\",\"url\":\"https:\/\/librairie7l.com\/en\/\",\"name\":\"Librairie 7L\",\"description\":\"Librairie fond\u00e9e en 1999 par Karl Lagerfeld \u00e0 Paris\",\"publisher\":{\"@id\":\"https:\/\/librairie7l.com\/en\/#organization\"},\"potentialAction\":[{\"@type\":\"SearchAction\",\"target\":{\"@type\":\"EntryPoint\",\"urlTemplate\":\"https:\/\/librairie7l.com\/en\/?s={search_term_string}\"},\"query-input\":\"required name=search_term_string\"}],\"inLanguage\":\"en-US\"},{\"@type\":\"Organization\",\"@id\":\"https:\/\/librairie7l.com\/en\/#organization\",\"name\":\"Librairie 7L\",\"url\":\"https:\/\/librairie7l.com\/en\/\",\"logo\":{\"@type\":\"ImageObject\",\"inLanguage\":\"en-US\",\"@id\":\"https:\/\/librairie7l.com\/en\/#\/schema\/logo\/image\/\",\"url\":\"https:\/\/librairie7l.com\/wp-content\/uploads\/2022\/08\/logo-1.png\",\"contentUrl\":\"https:\/\/librairie7l.com\/wp-content\/uploads\/2022\/08\/logo-1.png\",\"width\":227,\"height\":301,\"caption\":\"Librairie 7L\"},\"image\":{\"@id\":\"https:\/\/librairie7l.com\/en\/#\/schema\/logo\/image\/\"}}]}<\/script>\n<!-- \/ Yoast SEO plugin. -->","yoast_head_json":{"title":"Les Am\u00e9ricains - Librairie 7L","robots":{"index":"index","follow":"follow","max-snippet":"max-snippet:-1","max-image-preview":"max-image-preview:large","max-video-preview":"max-video-preview:-1"},"canonical":"https:\/\/librairie7l.com\/en\/produit\/les-americains-2\/","og_locale":"en_US","og_type":"article","og_title":"Les Am\u00e9ricains - Librairie 7L","og_description":"En 1955, Robert Frank traverse les \u00c9tats-Unis. Un cow-boy, un homme tatou\u00e9 faisant sa sieste sur l&#8217;herbe d&#8217;un parc, la souffrance d&#8217;une femme qui vient d&#8217;enterrer un proche, un cireur de chaussures, une route, des femmes qui trinquent ; seules quatre-vingt-quatre de ses images furent publi\u00e9es, en 1958, dans l&#8217;indiff\u00e9rence. Ce livre est depuis devenu [&hellip;]","og_url":"https:\/\/librairie7l.com\/en\/produit\/les-americains-2\/","og_site_name":"Librairie 7L","article_modified_time":"2026-04-23T19:31:58+00:00","og_image":[{"width":400,"height":357,"url":"https:\/\/librairie7l.com\/wp-content\/uploads\/2021\/12\/9791095821458_1_75.jpg","type":"image\/jpeg"}],"twitter_card":"summary_large_image","twitter_misc":{"Est. reading time":"1 minute"},"schema":{"@context":"https:\/\/schema.org","@graph":[{"@type":"WebPage","@id":"https:\/\/librairie7l.com\/en\/produit\/les-americains-2\/","url":"https:\/\/librairie7l.com\/en\/produit\/les-americains-2\/","name":"Les Am\u00e9ricains - Librairie 7L","isPartOf":{"@id":"https:\/\/librairie7l.com\/en\/#website"},"datePublished":"2025-04-17T07:18:02+00:00","dateModified":"2026-04-23T19:31:58+00:00","breadcrumb":{"@id":"https:\/\/librairie7l.com\/en\/produit\/les-americains-2\/#breadcrumb"},"inLanguage":"en-US","potentialAction":[{"@type":"ReadAction","target":["https:\/\/librairie7l.com\/en\/produit\/les-americains-2\/"]}]},{"@type":"BreadcrumbList","@id":"https:\/\/librairie7l.com\/en\/produit\/les-americains-2\/#breadcrumb","itemListElement":[{"@type":"ListItem","position":1,"name":"Accueil","item":"https:\/\/librairie7l.com\/en\/"},{"@type":"ListItem","position":2,"name":"Shop","item":"https:\/\/librairie7l.com\/en\/shop\/"},{"@type":"ListItem","position":3,"name":"LES AM\u00c9RICAINS"}]},{"@type":"WebSite","@id":"https:\/\/librairie7l.com\/en\/#website","url":"https:\/\/librairie7l.com\/en\/","name":"Librairie 7L","description":"Librairie fond\u00e9e en 1999 par Karl Lagerfeld \u00e0 Paris","publisher":{"@id":"https:\/\/librairie7l.com\/en\/#organization"},"potentialAction":[{"@type":"SearchAction","target":{"@type":"EntryPoint","urlTemplate":"https:\/\/librairie7l.com\/en\/?s={search_term_string}"},"query-input":"required name=search_term_string"}],"inLanguage":"en-US"},{"@type":"Organization","@id":"https:\/\/librairie7l.com\/en\/#organization","name":"Librairie 7L","url":"https:\/\/librairie7l.com\/en\/","logo":{"@type":"ImageObject","inLanguage":"en-US","@id":"https:\/\/librairie7l.com\/en\/#\/schema\/logo\/image\/","url":"https:\/\/librairie7l.com\/wp-content\/uploads\/2022\/08\/logo-1.png","contentUrl":"https:\/\/librairie7l.com\/wp-content\/uploads\/2022\/08\/logo-1.png","width":227,"height":301,"caption":"Librairie 7L"},"image":{"@id":"https:\/\/librairie7l.com\/en\/#\/schema\/logo\/image\/"}}]}},"_links":{"self":[{"href":"https:\/\/librairie7l.com\/en\/wp-json\/wp\/v2\/product\/47532"}],"collection":[{"href":"https:\/\/librairie7l.com\/en\/wp-json\/wp\/v2\/product"}],"about":[{"href":"https:\/\/librairie7l.com\/en\/wp-json\/wp\/v2\/types\/product"}],"wp:featuredmedia":[{"embeddable":true,"href":"https:\/\/librairie7l.com\/en\/wp-json\/wp\/v2\/media\/47530"}],"wp:attachment":[{"href":"https:\/\/librairie7l.com\/en\/wp-json\/wp\/v2\/media?parent=47532"}],"wp:term":[{"taxonomy":"product_cat","embeddable":true,"href":"https:\/\/librairie7l.com\/en\/wp-json\/wp\/v2\/product_cat?post=47532"},{"taxonomy":"product_tag","embeddable":true,"href":"https:\/\/librairie7l.com\/en\/wp-json\/wp\/v2\/product_tag?post=47532"}],"curies":[{"name":"wp","href":"https:\/\/api.w.org\/{rel}","templated":true}]}}