{"id":47556,"date":"2025-04-17T10:16:06","date_gmt":"2025-04-17T08:16:06","guid":{"rendered":"https:\/\/librairie7l.com\/?post_type=product&#038;p=47556"},"modified":"2026-04-27T07:38:08","modified_gmt":"2026-04-27T05:38:08","slug":"artist-jewelry-diane-venet-2","status":"publish","type":"product","link":"https:\/\/librairie7l.com\/en\/produit\/artist-jewelry-diane-venet-2\/","title":{"rendered":"ARTIST JEWELRY &AMP; DIANE VENET"},"content":{"rendered":"<p>N\u00e9e \u00e0 Paris, Diane Venet \u00e9volue dans le monde de l&#8217;art depuis son plus jeune \u00e2ge. Issue d&#8217;une famille de collectionneurs elle fr\u00e9quente les artistes et \u00e9pouse le sculpteur internationalement renomm\u00e9 Bernar Venet dont un cadeau, une bague fa\u00e7onn\u00e9e sur son doigt avec une barre d&#8217;argent, lui donne l&#8217;id\u00e9e, et l&#8217;envie, de collectionner les bijoux cr\u00e9es par des artistes. Pendant plus de 30 ans elle b\u00e2tit sa collection en recherchant les pi\u00e8ces les plus rares, les plus sensibles, les plus \u00e9mouvantes et en passant \u00e0 de nombreuses reprises commande \u00e0 des artistes dont elle pense qu&#8217;ils ont des choses \u00e0 dire dans cet exercice. Elle \u00e0 r\u00e9uni au fil du temps plus de 125 pi\u00e8ces comptant parmi leurs auteurs la plupart des artistes ma- jeurs de notre temps : Picasso, Braque, Koons, Lee Ufan, Niki de Saint-Phalle, Louise Bourgeois, Keith Harring, Andy Warhol, Robert Rauschenberg, Frank Stella, &#8230; et bien d&#8217;autres. Cette collection \u00e0 \u00e9t\u00e9 expos\u00e9e \u00e0 de nombreuses reprises dans des mus\u00e9es Internationaux : Mus\u00e9e des Arts D\u00e9coratifs \u00e0 Paris, Bass Museum \u00e0 Miami, Venise, S\u00e9oil, Riga, etc. D&#8217;autres sont \u00e0 venir dans les pro- chains mois. Ce livre, enrichi de commentaires et d&#8217;anecdotes de Diane, propose un tour d&#8217;horizon de cette collection exceptionnelle, sans doute, une des plus importante au monde.<\/p>\n","protected":false},"excerpt":{"rendered":"<p>N\u00e9e \u00e0 Paris, Diane Venet \u00e9volue dans le monde de l&#8217;art depuis son plus jeune \u00e2ge. Issue d&#8217;une famille de collectionneurs elle fr\u00e9quente les artistes et \u00e9pouse le sculpteur internationalement renomm\u00e9 Bernar Venet dont un cadeau, une bague fa\u00e7onn\u00e9e sur son doigt avec une barre d&#8217;argent, lui donne l&#8217;id\u00e9e, et l&#8217;envie, de collectionner les bijoux [&hellip;]<\/p>\n","protected":false},"featured_media":47554,"template":"","meta":[],"product_cat":[2948,2957],"product_tag":[],"acf":[],"yoast_head":"<!-- This site is optimized with the Yoast SEO plugin v20.11 - https:\/\/yoast.com\/wordpress\/plugins\/seo\/ -->\n<title>Artist Jewelry &amp; Diane Venet - Librairie 7L<\/title>\n<meta name=\"robots\" content=\"index, follow, max-snippet:-1, max-image-preview:large, max-video-preview:-1\" \/>\n<link rel=\"canonical\" href=\"https:\/\/librairie7l.com\/en\/produit\/artist-jewelry-diane-venet-2\/\" \/>\n<meta property=\"og:locale\" content=\"en_US\" \/>\n<meta property=\"og:type\" content=\"article\" \/>\n<meta property=\"og:title\" content=\"Artist Jewelry &amp; Diane Venet - Librairie 7L\" \/>\n<meta property=\"og:description\" content=\"N\u00e9e \u00e0 Paris, Diane Venet \u00e9volue dans le monde de l&#8217;art depuis son plus jeune \u00e2ge. Issue d&#8217;une famille de collectionneurs elle fr\u00e9quente les artistes et \u00e9pouse le sculpteur internationalement renomm\u00e9 Bernar Venet dont un cadeau, une bague fa\u00e7onn\u00e9e sur son doigt avec une barre d&#8217;argent, lui donne l&#8217;id\u00e9e, et l&#8217;envie, de collectionner les bijoux [&hellip;]\" \/>\n<meta property=\"og:url\" content=\"https:\/\/librairie7l.com\/en\/produit\/artist-jewelry-diane-venet-2\/\" \/>\n<meta property=\"og:site_name\" content=\"Librairie 7L\" \/>\n<meta property=\"article:modified_time\" content=\"2026-04-27T05:38:08+00:00\" \/>\n<meta property=\"og:image\" content=\"https:\/\/librairie7l.com\/wp-content\/uploads\/2025\/03\/9782958799663_1_75.jpg\" \/>\n\t<meta property=\"og:image:width\" content=\"600\" \/>\n\t<meta property=\"og:image:height\" content=\"738\" \/>\n\t<meta property=\"og:image:type\" content=\"image\/jpeg\" \/>\n<meta name=\"twitter:card\" content=\"summary_large_image\" \/>\n<meta name=\"twitter:label1\" content=\"Est. reading time\" \/>\n\t<meta name=\"twitter:data1\" content=\"1 minute\" \/>\n<script type=\"application\/ld+json\" class=\"yoast-schema-graph\">{\"@context\":\"https:\/\/schema.org\",\"@graph\":[{\"@type\":\"WebPage\",\"@id\":\"https:\/\/librairie7l.com\/en\/produit\/artist-jewelry-diane-venet-2\/\",\"url\":\"https:\/\/librairie7l.com\/en\/produit\/artist-jewelry-diane-venet-2\/\",\"name\":\"Artist Jewelry &amp; Diane Venet - Librairie 7L\",\"isPartOf\":{\"@id\":\"https:\/\/librairie7l.com\/en\/#website\"},\"datePublished\":\"2025-04-17T08:16:06+00:00\",\"dateModified\":\"2026-04-27T05:38:08+00:00\",\"breadcrumb\":{\"@id\":\"https:\/\/librairie7l.com\/en\/produit\/artist-jewelry-diane-venet-2\/#breadcrumb\"},\"inLanguage\":\"en-US\",\"potentialAction\":[{\"@type\":\"ReadAction\",\"target\":[\"https:\/\/librairie7l.com\/en\/produit\/artist-jewelry-diane-venet-2\/\"]}]},{\"@type\":\"BreadcrumbList\",\"@id\":\"https:\/\/librairie7l.com\/en\/produit\/artist-jewelry-diane-venet-2\/#breadcrumb\",\"itemListElement\":[{\"@type\":\"ListItem\",\"position\":1,\"name\":\"Accueil\",\"item\":\"https:\/\/librairie7l.com\/en\/\"},{\"@type\":\"ListItem\",\"position\":2,\"name\":\"Shop\",\"item\":\"https:\/\/librairie7l.com\/en\/shop\/\"},{\"@type\":\"ListItem\",\"position\":3,\"name\":\"ARTIST JEWELRY &AMP; DIANE VENET\"}]},{\"@type\":\"WebSite\",\"@id\":\"https:\/\/librairie7l.com\/en\/#website\",\"url\":\"https:\/\/librairie7l.com\/en\/\",\"name\":\"Librairie 7L\",\"description\":\"Librairie fond\u00e9e en 1999 par Karl Lagerfeld \u00e0 Paris\",\"publisher\":{\"@id\":\"https:\/\/librairie7l.com\/en\/#organization\"},\"potentialAction\":[{\"@type\":\"SearchAction\",\"target\":{\"@type\":\"EntryPoint\",\"urlTemplate\":\"https:\/\/librairie7l.com\/en\/?s={search_term_string}\"},\"query-input\":\"required name=search_term_string\"}],\"inLanguage\":\"en-US\"},{\"@type\":\"Organization\",\"@id\":\"https:\/\/librairie7l.com\/en\/#organization\",\"name\":\"Librairie 7L\",\"url\":\"https:\/\/librairie7l.com\/en\/\",\"logo\":{\"@type\":\"ImageObject\",\"inLanguage\":\"en-US\",\"@id\":\"https:\/\/librairie7l.com\/en\/#\/schema\/logo\/image\/\",\"url\":\"https:\/\/librairie7l.com\/wp-content\/uploads\/2022\/08\/logo-1.png\",\"contentUrl\":\"https:\/\/librairie7l.com\/wp-content\/uploads\/2022\/08\/logo-1.png\",\"width\":227,\"height\":301,\"caption\":\"Librairie 7L\"},\"image\":{\"@id\":\"https:\/\/librairie7l.com\/en\/#\/schema\/logo\/image\/\"}}]}<\/script>\n<!-- \/ Yoast SEO plugin. -->","yoast_head_json":{"title":"Artist Jewelry &amp; Diane Venet - Librairie 7L","robots":{"index":"index","follow":"follow","max-snippet":"max-snippet:-1","max-image-preview":"max-image-preview:large","max-video-preview":"max-video-preview:-1"},"canonical":"https:\/\/librairie7l.com\/en\/produit\/artist-jewelry-diane-venet-2\/","og_locale":"en_US","og_type":"article","og_title":"Artist Jewelry &amp; Diane Venet - Librairie 7L","og_description":"N\u00e9e \u00e0 Paris, Diane Venet \u00e9volue dans le monde de l&#8217;art depuis son plus jeune \u00e2ge. Issue d&#8217;une famille de collectionneurs elle fr\u00e9quente les artistes et \u00e9pouse le sculpteur internationalement renomm\u00e9 Bernar Venet dont un cadeau, une bague fa\u00e7onn\u00e9e sur son doigt avec une barre d&#8217;argent, lui donne l&#8217;id\u00e9e, et l&#8217;envie, de collectionner les bijoux [&hellip;]","og_url":"https:\/\/librairie7l.com\/en\/produit\/artist-jewelry-diane-venet-2\/","og_site_name":"Librairie 7L","article_modified_time":"2026-04-27T05:38:08+00:00","og_image":[{"width":600,"height":738,"url":"https:\/\/librairie7l.com\/wp-content\/uploads\/2025\/03\/9782958799663_1_75.jpg","type":"image\/jpeg"}],"twitter_card":"summary_large_image","twitter_misc":{"Est. reading time":"1 minute"},"schema":{"@context":"https:\/\/schema.org","@graph":[{"@type":"WebPage","@id":"https:\/\/librairie7l.com\/en\/produit\/artist-jewelry-diane-venet-2\/","url":"https:\/\/librairie7l.com\/en\/produit\/artist-jewelry-diane-venet-2\/","name":"Artist Jewelry &amp; Diane Venet - Librairie 7L","isPartOf":{"@id":"https:\/\/librairie7l.com\/en\/#website"},"datePublished":"2025-04-17T08:16:06+00:00","dateModified":"2026-04-27T05:38:08+00:00","breadcrumb":{"@id":"https:\/\/librairie7l.com\/en\/produit\/artist-jewelry-diane-venet-2\/#breadcrumb"},"inLanguage":"en-US","potentialAction":[{"@type":"ReadAction","target":["https:\/\/librairie7l.com\/en\/produit\/artist-jewelry-diane-venet-2\/"]}]},{"@type":"BreadcrumbList","@id":"https:\/\/librairie7l.com\/en\/produit\/artist-jewelry-diane-venet-2\/#breadcrumb","itemListElement":[{"@type":"ListItem","position":1,"name":"Accueil","item":"https:\/\/librairie7l.com\/en\/"},{"@type":"ListItem","position":2,"name":"Shop","item":"https:\/\/librairie7l.com\/en\/shop\/"},{"@type":"ListItem","position":3,"name":"ARTIST JEWELRY &AMP; DIANE VENET"}]},{"@type":"WebSite","@id":"https:\/\/librairie7l.com\/en\/#website","url":"https:\/\/librairie7l.com\/en\/","name":"Librairie 7L","description":"Librairie fond\u00e9e en 1999 par Karl Lagerfeld \u00e0 Paris","publisher":{"@id":"https:\/\/librairie7l.com\/en\/#organization"},"potentialAction":[{"@type":"SearchAction","target":{"@type":"EntryPoint","urlTemplate":"https:\/\/librairie7l.com\/en\/?s={search_term_string}"},"query-input":"required name=search_term_string"}],"inLanguage":"en-US"},{"@type":"Organization","@id":"https:\/\/librairie7l.com\/en\/#organization","name":"Librairie 7L","url":"https:\/\/librairie7l.com\/en\/","logo":{"@type":"ImageObject","inLanguage":"en-US","@id":"https:\/\/librairie7l.com\/en\/#\/schema\/logo\/image\/","url":"https:\/\/librairie7l.com\/wp-content\/uploads\/2022\/08\/logo-1.png","contentUrl":"https:\/\/librairie7l.com\/wp-content\/uploads\/2022\/08\/logo-1.png","width":227,"height":301,"caption":"Librairie 7L"},"image":{"@id":"https:\/\/librairie7l.com\/en\/#\/schema\/logo\/image\/"}}]}},"_links":{"self":[{"href":"https:\/\/librairie7l.com\/en\/wp-json\/wp\/v2\/product\/47556"}],"collection":[{"href":"https:\/\/librairie7l.com\/en\/wp-json\/wp\/v2\/product"}],"about":[{"href":"https:\/\/librairie7l.com\/en\/wp-json\/wp\/v2\/types\/product"}],"wp:featuredmedia":[{"embeddable":true,"href":"https:\/\/librairie7l.com\/en\/wp-json\/wp\/v2\/media\/47554"}],"wp:attachment":[{"href":"https:\/\/librairie7l.com\/en\/wp-json\/wp\/v2\/media?parent=47556"}],"wp:term":[{"taxonomy":"product_cat","embeddable":true,"href":"https:\/\/librairie7l.com\/en\/wp-json\/wp\/v2\/product_cat?post=47556"},{"taxonomy":"product_tag","embeddable":true,"href":"https:\/\/librairie7l.com\/en\/wp-json\/wp\/v2\/product_tag?post=47556"}],"curies":[{"name":"wp","href":"https:\/\/api.w.org\/{rel}","templated":true}]}}