{"id":47566,"date":"2025-04-17T10:16:16","date_gmt":"2025-04-17T08:16:16","guid":{"rendered":"https:\/\/librairie7l.com\/?post_type=product&#038;p=47566"},"modified":"2026-04-23T02:12:25","modified_gmt":"2026-04-23T00:12:25","slug":"shosa-meditation-in-japanese-handwork-2","status":"publish","type":"product","link":"https:\/\/librairie7l.com\/en\/produit\/shosa-meditation-in-japanese-handwork-2\/","title":{"rendered":"SHOSA : MEDITATION IN JAPANESE HANDWORK"},"content":{"rendered":"<p>Douce magnifiques portraits en profondeur de cr\u00e9ateurs japonais, r\u00e9alis\u00e9s avec soin, en mots et en photos, ainsi que des informations sur les diff\u00e9rentes r\u00e9gions \u00e0 visiter au Japon. Le concept japonais Shosa est difficile \u00e0 traduire : il s&#8217;agit de la beaut\u00e9 qui r\u00e9side dans la r\u00e9p\u00e9tition d&#8217;actions et de mouvements, en recherchant la perfection et l&#8217;efficacit\u00e9 dans leur ex\u00e9cution. On retrouve ce concept dans les rituels de la c\u00e9r\u00e9monie du th\u00e9 japonaise, mais aussi dans la r\u00e9p\u00e9tition des gestes de nettoyage (comme dans le film Perfect Days) ou dans les gestes habiles des artisans. Ce livre dresse le portrait de 12 artisans japonais de diff\u00e9rentes r\u00e9gions. D&#8217;un tisserand de bambou \u00e0 un fabricant de tatamis, d&#8217;un c\u00e9ramiste \u00e0 un cuisinier sp\u00e9cialis\u00e9 dans les puddings. L&#8217;\u00e9crivain et le photographe sont all\u00e9s rendre visite \u00e0 ces artisans dans leurs ateliers et ont cr\u00e9\u00e9 de profonds portraits en mots et en images. \u00c9tant donn\u00e9 que les artisans ont souvent recours \u00e0 des mat\u00e9riaux locaux, les r\u00e9cits de ce livre couvrent \u00e9galement l&#8217;environnement. L&#8217;objectif n&#8217;est pas de fournir des informations de type guide touristique, mais de partager un aper\u00e7u des diff\u00e9rentes r\u00e9gions du Japon, de sorte que ce livre peut \u00e9galement servir de source d&#8217;inspiration lorsque vous planifiez un voyage au pays du soleil levant.<\/p>\n","protected":false},"excerpt":{"rendered":"<p>Douce magnifiques portraits en profondeur de cr\u00e9ateurs japonais, r\u00e9alis\u00e9s avec soin, en mots et en photos, ainsi que des informations sur les diff\u00e9rentes r\u00e9gions \u00e0 visiter au Japon. Le concept japonais Shosa est difficile \u00e0 traduire : il s&#8217;agit de la beaut\u00e9 qui r\u00e9side dans la r\u00e9p\u00e9tition d&#8217;actions et de mouvements, en recherchant la perfection [&hellip;]<\/p>\n","protected":false},"featured_media":47564,"template":"","meta":[],"product_cat":[2948,2952],"product_tag":[],"acf":[],"yoast_head":"<!-- This site is optimized with the Yoast SEO plugin v20.11 - https:\/\/yoast.com\/wordpress\/plugins\/seo\/ -->\n<title>Shosa : Meditation in japanese handwork - Librairie 7L<\/title>\n<meta name=\"robots\" content=\"index, follow, max-snippet:-1, max-image-preview:large, max-video-preview:-1\" \/>\n<link rel=\"canonical\" href=\"https:\/\/librairie7l.com\/en\/produit\/shosa-meditation-in-japanese-handwork-2\/\" \/>\n<meta property=\"og:locale\" content=\"en_US\" \/>\n<meta property=\"og:type\" content=\"article\" \/>\n<meta property=\"og:title\" content=\"Shosa : Meditation in japanese handwork - Librairie 7L\" \/>\n<meta property=\"og:description\" content=\"Douce magnifiques portraits en profondeur de cr\u00e9ateurs japonais, r\u00e9alis\u00e9s avec soin, en mots et en photos, ainsi que des informations sur les diff\u00e9rentes r\u00e9gions \u00e0 visiter au Japon. Le concept japonais Shosa est difficile \u00e0 traduire : il s&#8217;agit de la beaut\u00e9 qui r\u00e9side dans la r\u00e9p\u00e9tition d&#8217;actions et de mouvements, en recherchant la perfection [&hellip;]\" \/>\n<meta property=\"og:url\" content=\"https:\/\/librairie7l.com\/en\/produit\/shosa-meditation-in-japanese-handwork-2\/\" \/>\n<meta property=\"og:site_name\" content=\"Librairie 7L\" \/>\n<meta property=\"article:modified_time\" content=\"2026-04-23T00:12:25+00:00\" \/>\n<meta property=\"og:image\" content=\"https:\/\/librairie7l.com\/wp-content\/uploads\/2025\/02\/9789460583803_1_75.jpg\" \/>\n\t<meta property=\"og:image:width\" content=\"600\" \/>\n\t<meta property=\"og:image:height\" content=\"896\" \/>\n\t<meta property=\"og:image:type\" content=\"image\/jpeg\" \/>\n<meta name=\"twitter:card\" content=\"summary_large_image\" \/>\n<meta name=\"twitter:label1\" content=\"Est. reading time\" \/>\n\t<meta name=\"twitter:data1\" content=\"1 minute\" \/>\n<script type=\"application\/ld+json\" class=\"yoast-schema-graph\">{\"@context\":\"https:\/\/schema.org\",\"@graph\":[{\"@type\":\"WebPage\",\"@id\":\"https:\/\/librairie7l.com\/en\/produit\/shosa-meditation-in-japanese-handwork-2\/\",\"url\":\"https:\/\/librairie7l.com\/en\/produit\/shosa-meditation-in-japanese-handwork-2\/\",\"name\":\"Shosa : Meditation in japanese handwork - Librairie 7L\",\"isPartOf\":{\"@id\":\"https:\/\/librairie7l.com\/en\/#website\"},\"datePublished\":\"2025-04-17T08:16:16+00:00\",\"dateModified\":\"2026-04-23T00:12:25+00:00\",\"breadcrumb\":{\"@id\":\"https:\/\/librairie7l.com\/en\/produit\/shosa-meditation-in-japanese-handwork-2\/#breadcrumb\"},\"inLanguage\":\"en-US\",\"potentialAction\":[{\"@type\":\"ReadAction\",\"target\":[\"https:\/\/librairie7l.com\/en\/produit\/shosa-meditation-in-japanese-handwork-2\/\"]}]},{\"@type\":\"BreadcrumbList\",\"@id\":\"https:\/\/librairie7l.com\/en\/produit\/shosa-meditation-in-japanese-handwork-2\/#breadcrumb\",\"itemListElement\":[{\"@type\":\"ListItem\",\"position\":1,\"name\":\"Accueil\",\"item\":\"https:\/\/librairie7l.com\/en\/\"},{\"@type\":\"ListItem\",\"position\":2,\"name\":\"Shop\",\"item\":\"https:\/\/librairie7l.com\/en\/shop\/\"},{\"@type\":\"ListItem\",\"position\":3,\"name\":\"SHOSA : MEDITATION IN JAPANESE HANDWORK\"}]},{\"@type\":\"WebSite\",\"@id\":\"https:\/\/librairie7l.com\/en\/#website\",\"url\":\"https:\/\/librairie7l.com\/en\/\",\"name\":\"Librairie 7L\",\"description\":\"Librairie fond\u00e9e en 1999 par Karl Lagerfeld \u00e0 Paris\",\"publisher\":{\"@id\":\"https:\/\/librairie7l.com\/en\/#organization\"},\"potentialAction\":[{\"@type\":\"SearchAction\",\"target\":{\"@type\":\"EntryPoint\",\"urlTemplate\":\"https:\/\/librairie7l.com\/en\/?s={search_term_string}\"},\"query-input\":\"required name=search_term_string\"}],\"inLanguage\":\"en-US\"},{\"@type\":\"Organization\",\"@id\":\"https:\/\/librairie7l.com\/en\/#organization\",\"name\":\"Librairie 7L\",\"url\":\"https:\/\/librairie7l.com\/en\/\",\"logo\":{\"@type\":\"ImageObject\",\"inLanguage\":\"en-US\",\"@id\":\"https:\/\/librairie7l.com\/en\/#\/schema\/logo\/image\/\",\"url\":\"https:\/\/librairie7l.com\/wp-content\/uploads\/2022\/08\/logo-1.png\",\"contentUrl\":\"https:\/\/librairie7l.com\/wp-content\/uploads\/2022\/08\/logo-1.png\",\"width\":227,\"height\":301,\"caption\":\"Librairie 7L\"},\"image\":{\"@id\":\"https:\/\/librairie7l.com\/en\/#\/schema\/logo\/image\/\"}}]}<\/script>\n<!-- \/ Yoast SEO plugin. -->","yoast_head_json":{"title":"Shosa : Meditation in japanese handwork - Librairie 7L","robots":{"index":"index","follow":"follow","max-snippet":"max-snippet:-1","max-image-preview":"max-image-preview:large","max-video-preview":"max-video-preview:-1"},"canonical":"https:\/\/librairie7l.com\/en\/produit\/shosa-meditation-in-japanese-handwork-2\/","og_locale":"en_US","og_type":"article","og_title":"Shosa : Meditation in japanese handwork - Librairie 7L","og_description":"Douce magnifiques portraits en profondeur de cr\u00e9ateurs japonais, r\u00e9alis\u00e9s avec soin, en mots et en photos, ainsi que des informations sur les diff\u00e9rentes r\u00e9gions \u00e0 visiter au Japon. Le concept japonais Shosa est difficile \u00e0 traduire : il s&#8217;agit de la beaut\u00e9 qui r\u00e9side dans la r\u00e9p\u00e9tition d&#8217;actions et de mouvements, en recherchant la perfection [&hellip;]","og_url":"https:\/\/librairie7l.com\/en\/produit\/shosa-meditation-in-japanese-handwork-2\/","og_site_name":"Librairie 7L","article_modified_time":"2026-04-23T00:12:25+00:00","og_image":[{"width":600,"height":896,"url":"https:\/\/librairie7l.com\/wp-content\/uploads\/2025\/02\/9789460583803_1_75.jpg","type":"image\/jpeg"}],"twitter_card":"summary_large_image","twitter_misc":{"Est. reading time":"1 minute"},"schema":{"@context":"https:\/\/schema.org","@graph":[{"@type":"WebPage","@id":"https:\/\/librairie7l.com\/en\/produit\/shosa-meditation-in-japanese-handwork-2\/","url":"https:\/\/librairie7l.com\/en\/produit\/shosa-meditation-in-japanese-handwork-2\/","name":"Shosa : Meditation in japanese handwork - Librairie 7L","isPartOf":{"@id":"https:\/\/librairie7l.com\/en\/#website"},"datePublished":"2025-04-17T08:16:16+00:00","dateModified":"2026-04-23T00:12:25+00:00","breadcrumb":{"@id":"https:\/\/librairie7l.com\/en\/produit\/shosa-meditation-in-japanese-handwork-2\/#breadcrumb"},"inLanguage":"en-US","potentialAction":[{"@type":"ReadAction","target":["https:\/\/librairie7l.com\/en\/produit\/shosa-meditation-in-japanese-handwork-2\/"]}]},{"@type":"BreadcrumbList","@id":"https:\/\/librairie7l.com\/en\/produit\/shosa-meditation-in-japanese-handwork-2\/#breadcrumb","itemListElement":[{"@type":"ListItem","position":1,"name":"Accueil","item":"https:\/\/librairie7l.com\/en\/"},{"@type":"ListItem","position":2,"name":"Shop","item":"https:\/\/librairie7l.com\/en\/shop\/"},{"@type":"ListItem","position":3,"name":"SHOSA : MEDITATION IN JAPANESE HANDWORK"}]},{"@type":"WebSite","@id":"https:\/\/librairie7l.com\/en\/#website","url":"https:\/\/librairie7l.com\/en\/","name":"Librairie 7L","description":"Librairie fond\u00e9e en 1999 par Karl Lagerfeld \u00e0 Paris","publisher":{"@id":"https:\/\/librairie7l.com\/en\/#organization"},"potentialAction":[{"@type":"SearchAction","target":{"@type":"EntryPoint","urlTemplate":"https:\/\/librairie7l.com\/en\/?s={search_term_string}"},"query-input":"required name=search_term_string"}],"inLanguage":"en-US"},{"@type":"Organization","@id":"https:\/\/librairie7l.com\/en\/#organization","name":"Librairie 7L","url":"https:\/\/librairie7l.com\/en\/","logo":{"@type":"ImageObject","inLanguage":"en-US","@id":"https:\/\/librairie7l.com\/en\/#\/schema\/logo\/image\/","url":"https:\/\/librairie7l.com\/wp-content\/uploads\/2022\/08\/logo-1.png","contentUrl":"https:\/\/librairie7l.com\/wp-content\/uploads\/2022\/08\/logo-1.png","width":227,"height":301,"caption":"Librairie 7L"},"image":{"@id":"https:\/\/librairie7l.com\/en\/#\/schema\/logo\/image\/"}}]}},"_links":{"self":[{"href":"https:\/\/librairie7l.com\/en\/wp-json\/wp\/v2\/product\/47566"}],"collection":[{"href":"https:\/\/librairie7l.com\/en\/wp-json\/wp\/v2\/product"}],"about":[{"href":"https:\/\/librairie7l.com\/en\/wp-json\/wp\/v2\/types\/product"}],"wp:featuredmedia":[{"embeddable":true,"href":"https:\/\/librairie7l.com\/en\/wp-json\/wp\/v2\/media\/47564"}],"wp:attachment":[{"href":"https:\/\/librairie7l.com\/en\/wp-json\/wp\/v2\/media?parent=47566"}],"wp:term":[{"taxonomy":"product_cat","embeddable":true,"href":"https:\/\/librairie7l.com\/en\/wp-json\/wp\/v2\/product_cat?post=47566"},{"taxonomy":"product_tag","embeddable":true,"href":"https:\/\/librairie7l.com\/en\/wp-json\/wp\/v2\/product_tag?post=47566"}],"curies":[{"name":"wp","href":"https:\/\/api.w.org\/{rel}","templated":true}]}}