{"id":47615,"date":"2025-04-19T22:41:29","date_gmt":"2025-04-19T20:41:29","guid":{"rendered":"https:\/\/librairie7l.com\/?post_type=product&#038;p=47615"},"modified":"2026-04-17T14:59:47","modified_gmt":"2026-04-17T12:59:47","slug":"kate-moss-by-mario-testino-2","status":"publish","type":"product","link":"https:\/\/librairie7l.com\/en\/produit\/kate-moss-by-mario-testino-2\/","title":{"rendered":"KATE MOSS BY MARIO TESTINO"},"content":{"rendered":"<p>Mario Testino est consid\u00e9r\u00e9 comme le photographe de mode majeur de sa g\u00e9n\u00e9ration, mais ses photos de Kate Moss transcendent la mode. Fruit de plus de vingt ans d&#8217;une amiti\u00e9 \u00e0 toute \u00e9preuve et d&#8217;une complicit\u00e9 ph\u00e9nom\u00e9nale au service de l&#8217;\u00e9l\u00e9gance, cet ouvrage n\u00e9 de leur collaboration mythique offre un aper\u00e7u intime de la vie et de l&#8217;esprit de deux cr\u00e9ateurs de tendance.<\/p>\n<p>Le livre suit l&#8217;\u00e9volution d&#8217;un des duos les plus cr\u00e9atifs de la mode, des d\u00e9buts dans les coulisses des d\u00e9fil\u00e9s \u00e0 l&#8217;intimit\u00e9 des s\u00e9ances de pose pour les publications innovantes qu&#8217;ils continuent \u00e0 proposer aux magazines les plus respect\u00e9s au monde. Parmi les plus de 100 images r\u00e9unies, nombre de photos ont \u00e9t\u00e9 choisies parmi les archives personnelles de Testino et sont ici publi\u00e9es pour la premi\u00e8re fois. Elles sont accompagn\u00e9es d&#8217;un avant-propos de Mario Testino et d&#8217;un texte exclusif de Kate Moss.<\/p>\n","protected":false},"excerpt":{"rendered":"<p>Mario Testino est consid\u00e9r\u00e9 comme le photographe de mode majeur de sa g\u00e9n\u00e9ration, mais ses photos de Kate Moss transcendent la mode. Fruit de plus de vingt ans d&#8217;une amiti\u00e9 \u00e0 toute \u00e9preuve et d&#8217;une complicit\u00e9 ph\u00e9nom\u00e9nale au service de l&#8217;\u00e9l\u00e9gance, cet ouvrage n\u00e9 de leur collaboration mythique offre un aper\u00e7u intime de la vie [&hellip;]<\/p>\n","protected":false},"featured_media":47613,"template":"","meta":[],"product_cat":[7364,2948],"product_tag":[],"acf":[],"yoast_head":"<!-- This site is optimized with the Yoast SEO plugin v20.11 - https:\/\/yoast.com\/wordpress\/plugins\/seo\/ -->\n<title>Kate Moss by Mario Testino - Librairie 7L<\/title>\n<meta name=\"robots\" content=\"index, follow, max-snippet:-1, max-image-preview:large, max-video-preview:-1\" \/>\n<link rel=\"canonical\" href=\"https:\/\/librairie7l.com\/en\/produit\/kate-moss-by-mario-testino-2\/\" \/>\n<meta property=\"og:locale\" content=\"en_US\" \/>\n<meta property=\"og:type\" content=\"article\" \/>\n<meta property=\"og:title\" content=\"Kate Moss by Mario Testino - Librairie 7L\" \/>\n<meta property=\"og:description\" content=\"Mario Testino est consid\u00e9r\u00e9 comme le photographe de mode majeur de sa g\u00e9n\u00e9ration, mais ses photos de Kate Moss transcendent la mode. Fruit de plus de vingt ans d&#8217;une amiti\u00e9 \u00e0 toute \u00e9preuve et d&#8217;une complicit\u00e9 ph\u00e9nom\u00e9nale au service de l&#8217;\u00e9l\u00e9gance, cet ouvrage n\u00e9 de leur collaboration mythique offre un aper\u00e7u intime de la vie [&hellip;]\" \/>\n<meta property=\"og:url\" content=\"https:\/\/librairie7l.com\/en\/produit\/kate-moss-by-mario-testino-2\/\" \/>\n<meta property=\"og:site_name\" content=\"Librairie 7L\" \/>\n<meta property=\"article:modified_time\" content=\"2026-04-17T12:59:47+00:00\" \/>\n<meta property=\"og:image\" content=\"https:\/\/librairie7l.com\/wp-content\/uploads\/2014\/02\/9783836550697_1_75.jpg\" \/>\n\t<meta property=\"og:image:width\" content=\"600\" \/>\n\t<meta property=\"og:image:height\" content=\"807\" \/>\n\t<meta property=\"og:image:type\" content=\"image\/jpeg\" \/>\n<meta name=\"twitter:card\" content=\"summary_large_image\" \/>\n<meta name=\"twitter:label1\" content=\"Est. reading time\" \/>\n\t<meta name=\"twitter:data1\" content=\"1 minute\" \/>\n<script type=\"application\/ld+json\" class=\"yoast-schema-graph\">{\"@context\":\"https:\/\/schema.org\",\"@graph\":[{\"@type\":\"WebPage\",\"@id\":\"https:\/\/librairie7l.com\/en\/produit\/kate-moss-by-mario-testino-2\/\",\"url\":\"https:\/\/librairie7l.com\/en\/produit\/kate-moss-by-mario-testino-2\/\",\"name\":\"Kate Moss by Mario Testino - Librairie 7L\",\"isPartOf\":{\"@id\":\"https:\/\/librairie7l.com\/en\/#website\"},\"datePublished\":\"2025-04-19T20:41:29+00:00\",\"dateModified\":\"2026-04-17T12:59:47+00:00\",\"breadcrumb\":{\"@id\":\"https:\/\/librairie7l.com\/en\/produit\/kate-moss-by-mario-testino-2\/#breadcrumb\"},\"inLanguage\":\"en-US\",\"potentialAction\":[{\"@type\":\"ReadAction\",\"target\":[\"https:\/\/librairie7l.com\/en\/produit\/kate-moss-by-mario-testino-2\/\"]}]},{\"@type\":\"BreadcrumbList\",\"@id\":\"https:\/\/librairie7l.com\/en\/produit\/kate-moss-by-mario-testino-2\/#breadcrumb\",\"itemListElement\":[{\"@type\":\"ListItem\",\"position\":1,\"name\":\"Accueil\",\"item\":\"https:\/\/librairie7l.com\/en\/\"},{\"@type\":\"ListItem\",\"position\":2,\"name\":\"Shop\",\"item\":\"https:\/\/librairie7l.com\/en\/shop\/\"},{\"@type\":\"ListItem\",\"position\":3,\"name\":\"KATE MOSS BY MARIO TESTINO\"}]},{\"@type\":\"WebSite\",\"@id\":\"https:\/\/librairie7l.com\/en\/#website\",\"url\":\"https:\/\/librairie7l.com\/en\/\",\"name\":\"Librairie 7L\",\"description\":\"Librairie fond\u00e9e en 1999 par Karl Lagerfeld \u00e0 Paris\",\"publisher\":{\"@id\":\"https:\/\/librairie7l.com\/en\/#organization\"},\"potentialAction\":[{\"@type\":\"SearchAction\",\"target\":{\"@type\":\"EntryPoint\",\"urlTemplate\":\"https:\/\/librairie7l.com\/en\/?s={search_term_string}\"},\"query-input\":\"required name=search_term_string\"}],\"inLanguage\":\"en-US\"},{\"@type\":\"Organization\",\"@id\":\"https:\/\/librairie7l.com\/en\/#organization\",\"name\":\"Librairie 7L\",\"url\":\"https:\/\/librairie7l.com\/en\/\",\"logo\":{\"@type\":\"ImageObject\",\"inLanguage\":\"en-US\",\"@id\":\"https:\/\/librairie7l.com\/en\/#\/schema\/logo\/image\/\",\"url\":\"https:\/\/librairie7l.com\/wp-content\/uploads\/2022\/08\/logo-1.png\",\"contentUrl\":\"https:\/\/librairie7l.com\/wp-content\/uploads\/2022\/08\/logo-1.png\",\"width\":227,\"height\":301,\"caption\":\"Librairie 7L\"},\"image\":{\"@id\":\"https:\/\/librairie7l.com\/en\/#\/schema\/logo\/image\/\"}}]}<\/script>\n<!-- \/ Yoast SEO plugin. -->","yoast_head_json":{"title":"Kate Moss by Mario Testino - Librairie 7L","robots":{"index":"index","follow":"follow","max-snippet":"max-snippet:-1","max-image-preview":"max-image-preview:large","max-video-preview":"max-video-preview:-1"},"canonical":"https:\/\/librairie7l.com\/en\/produit\/kate-moss-by-mario-testino-2\/","og_locale":"en_US","og_type":"article","og_title":"Kate Moss by Mario Testino - Librairie 7L","og_description":"Mario Testino est consid\u00e9r\u00e9 comme le photographe de mode majeur de sa g\u00e9n\u00e9ration, mais ses photos de Kate Moss transcendent la mode. Fruit de plus de vingt ans d&#8217;une amiti\u00e9 \u00e0 toute \u00e9preuve et d&#8217;une complicit\u00e9 ph\u00e9nom\u00e9nale au service de l&#8217;\u00e9l\u00e9gance, cet ouvrage n\u00e9 de leur collaboration mythique offre un aper\u00e7u intime de la vie [&hellip;]","og_url":"https:\/\/librairie7l.com\/en\/produit\/kate-moss-by-mario-testino-2\/","og_site_name":"Librairie 7L","article_modified_time":"2026-04-17T12:59:47+00:00","og_image":[{"width":600,"height":807,"url":"https:\/\/librairie7l.com\/wp-content\/uploads\/2014\/02\/9783836550697_1_75.jpg","type":"image\/jpeg"}],"twitter_card":"summary_large_image","twitter_misc":{"Est. reading time":"1 minute"},"schema":{"@context":"https:\/\/schema.org","@graph":[{"@type":"WebPage","@id":"https:\/\/librairie7l.com\/en\/produit\/kate-moss-by-mario-testino-2\/","url":"https:\/\/librairie7l.com\/en\/produit\/kate-moss-by-mario-testino-2\/","name":"Kate Moss by Mario Testino - Librairie 7L","isPartOf":{"@id":"https:\/\/librairie7l.com\/en\/#website"},"datePublished":"2025-04-19T20:41:29+00:00","dateModified":"2026-04-17T12:59:47+00:00","breadcrumb":{"@id":"https:\/\/librairie7l.com\/en\/produit\/kate-moss-by-mario-testino-2\/#breadcrumb"},"inLanguage":"en-US","potentialAction":[{"@type":"ReadAction","target":["https:\/\/librairie7l.com\/en\/produit\/kate-moss-by-mario-testino-2\/"]}]},{"@type":"BreadcrumbList","@id":"https:\/\/librairie7l.com\/en\/produit\/kate-moss-by-mario-testino-2\/#breadcrumb","itemListElement":[{"@type":"ListItem","position":1,"name":"Accueil","item":"https:\/\/librairie7l.com\/en\/"},{"@type":"ListItem","position":2,"name":"Shop","item":"https:\/\/librairie7l.com\/en\/shop\/"},{"@type":"ListItem","position":3,"name":"KATE MOSS BY MARIO TESTINO"}]},{"@type":"WebSite","@id":"https:\/\/librairie7l.com\/en\/#website","url":"https:\/\/librairie7l.com\/en\/","name":"Librairie 7L","description":"Librairie fond\u00e9e en 1999 par Karl Lagerfeld \u00e0 Paris","publisher":{"@id":"https:\/\/librairie7l.com\/en\/#organization"},"potentialAction":[{"@type":"SearchAction","target":{"@type":"EntryPoint","urlTemplate":"https:\/\/librairie7l.com\/en\/?s={search_term_string}"},"query-input":"required name=search_term_string"}],"inLanguage":"en-US"},{"@type":"Organization","@id":"https:\/\/librairie7l.com\/en\/#organization","name":"Librairie 7L","url":"https:\/\/librairie7l.com\/en\/","logo":{"@type":"ImageObject","inLanguage":"en-US","@id":"https:\/\/librairie7l.com\/en\/#\/schema\/logo\/image\/","url":"https:\/\/librairie7l.com\/wp-content\/uploads\/2022\/08\/logo-1.png","contentUrl":"https:\/\/librairie7l.com\/wp-content\/uploads\/2022\/08\/logo-1.png","width":227,"height":301,"caption":"Librairie 7L"},"image":{"@id":"https:\/\/librairie7l.com\/en\/#\/schema\/logo\/image\/"}}]}},"_links":{"self":[{"href":"https:\/\/librairie7l.com\/en\/wp-json\/wp\/v2\/product\/47615"}],"collection":[{"href":"https:\/\/librairie7l.com\/en\/wp-json\/wp\/v2\/product"}],"about":[{"href":"https:\/\/librairie7l.com\/en\/wp-json\/wp\/v2\/types\/product"}],"wp:featuredmedia":[{"embeddable":true,"href":"https:\/\/librairie7l.com\/en\/wp-json\/wp\/v2\/media\/47613"}],"wp:attachment":[{"href":"https:\/\/librairie7l.com\/en\/wp-json\/wp\/v2\/media?parent=47615"}],"wp:term":[{"taxonomy":"product_cat","embeddable":true,"href":"https:\/\/librairie7l.com\/en\/wp-json\/wp\/v2\/product_cat?post=47615"},{"taxonomy":"product_tag","embeddable":true,"href":"https:\/\/librairie7l.com\/en\/wp-json\/wp\/v2\/product_tag?post=47615"}],"curies":[{"name":"wp","href":"https:\/\/api.w.org\/{rel}","templated":true}]}}