{"id":47627,"date":"2025-04-20T09:17:40","date_gmt":"2025-04-20T07:17:40","guid":{"rendered":"https:\/\/librairie7l.com\/?post_type=product&#038;p=47627"},"modified":"2026-04-29T19:23:27","modified_gmt":"2026-04-29T17:23:27","slug":"dessins-de-bijoux-2","status":"publish","type":"product","link":"https:\/\/librairie7l.com\/en\/produit\/dessins-de-bijoux-2\/","title":{"rendered":"DESSINS DE BIJOUX"},"content":{"rendered":"<p>Le Petit Palais est riche d&#8217;une collection m\u00e9connue de dessins de bijoux : ce sont pr\u00e8s de 5700 feuilles, carnets et maquettes, o\u00f9 les gouach\u00e9s de Lalique et des dessinateurs des Maisons Boucheron et Rouvenat c\u00f4toient les fonds d&#8217;atelier de Pierre Georges Deraisme et de Charles Jacqueau, dessinateur majeur de la Maison Cartier.  \u00c9poques et styles s&#8217;y croisent, m\u00ealant les dessins du Second Empire \u00e0 ceux de l&#8217;Art d\u00e9co, les styles historicisants de la seconde moiti\u00e9 du XIXe si\u00e8cle \u00e0 l&#8217;Art nouveau.<br \/>\nCheminant des sources d&#8217;inspiration jusqu&#8217;\u00e0 la pi\u00e8ce r\u00e9alis\u00e9e, cet ouvrage r\u00e9v\u00e8le toutes les \u00e9tapes du processus cr\u00e9atif &#8211; \u00e9tudes, esquisses pr\u00e9paratoires, mises au net et mises en couleurs.  La part belle est faite aux reproductions, le plus souvent \u00e0 taille r\u00e9elle, de ces \u00ab bijoux sur papier \u00bb, qu&#8217;ils soient documents de travail, archives pr\u00e9cieuses, d\u00e9monstrations de virtuosit\u00e9 ou oeuvres d&#8217;art \u00e0 part enti\u00e8re.<\/p>\n","protected":false},"excerpt":{"rendered":"<p>Le Petit Palais est riche d&#8217;une collection m\u00e9connue de dessins de bijoux : ce sont pr\u00e8s de 5700 feuilles, carnets et maquettes, o\u00f9 les gouach\u00e9s de Lalique et des dessinateurs des Maisons Boucheron et Rouvenat c\u00f4toient les fonds d&#8217;atelier de Pierre Georges Deraisme et de Charles Jacqueau, dessinateur majeur de la Maison Cartier. \u00c9poques et [&hellip;]<\/p>\n","protected":false},"featured_media":47625,"template":"","meta":[],"product_cat":[2948,2957],"product_tag":[],"acf":[],"yoast_head":"<!-- This site is optimized with the Yoast SEO plugin v20.11 - https:\/\/yoast.com\/wordpress\/plugins\/seo\/ -->\n<title>Dessins de bijoux - Librairie 7L<\/title>\n<meta name=\"robots\" content=\"index, follow, max-snippet:-1, max-image-preview:large, max-video-preview:-1\" \/>\n<link rel=\"canonical\" href=\"https:\/\/librairie7l.com\/en\/produit\/dessins-de-bijoux-2\/\" \/>\n<meta property=\"og:locale\" content=\"en_US\" \/>\n<meta property=\"og:type\" content=\"article\" \/>\n<meta property=\"og:title\" content=\"Dessins de bijoux - Librairie 7L\" \/>\n<meta property=\"og:description\" content=\"Le Petit Palais est riche d&#8217;une collection m\u00e9connue de dessins de bijoux : ce sont pr\u00e8s de 5700 feuilles, carnets et maquettes, o\u00f9 les gouach\u00e9s de Lalique et des dessinateurs des Maisons Boucheron et Rouvenat c\u00f4toient les fonds d&#8217;atelier de Pierre Georges Deraisme et de Charles Jacqueau, dessinateur majeur de la Maison Cartier. \u00c9poques et [&hellip;]\" \/>\n<meta property=\"og:url\" content=\"https:\/\/librairie7l.com\/en\/produit\/dessins-de-bijoux-2\/\" \/>\n<meta property=\"og:site_name\" content=\"Librairie 7L\" \/>\n<meta property=\"article:modified_time\" content=\"2026-04-29T17:23:27+00:00\" \/>\n<meta property=\"og:image\" content=\"https:\/\/librairie7l.com\/wp-content\/uploads\/2024\/10\/9782759606016_1_75.jpg\" \/>\n\t<meta property=\"og:image:width\" content=\"600\" \/>\n\t<meta property=\"og:image:height\" content=\"851\" \/>\n\t<meta property=\"og:image:type\" content=\"image\/jpeg\" \/>\n<meta name=\"twitter:card\" content=\"summary_large_image\" \/>\n<meta name=\"twitter:label1\" content=\"Est. reading time\" \/>\n\t<meta name=\"twitter:data1\" content=\"1 minute\" \/>\n<script type=\"application\/ld+json\" class=\"yoast-schema-graph\">{\"@context\":\"https:\/\/schema.org\",\"@graph\":[{\"@type\":\"WebPage\",\"@id\":\"https:\/\/librairie7l.com\/en\/produit\/dessins-de-bijoux-2\/\",\"url\":\"https:\/\/librairie7l.com\/en\/produit\/dessins-de-bijoux-2\/\",\"name\":\"Dessins de bijoux - Librairie 7L\",\"isPartOf\":{\"@id\":\"https:\/\/librairie7l.com\/en\/#website\"},\"datePublished\":\"2025-04-20T07:17:40+00:00\",\"dateModified\":\"2026-04-29T17:23:27+00:00\",\"breadcrumb\":{\"@id\":\"https:\/\/librairie7l.com\/en\/produit\/dessins-de-bijoux-2\/#breadcrumb\"},\"inLanguage\":\"en-US\",\"potentialAction\":[{\"@type\":\"ReadAction\",\"target\":[\"https:\/\/librairie7l.com\/en\/produit\/dessins-de-bijoux-2\/\"]}]},{\"@type\":\"BreadcrumbList\",\"@id\":\"https:\/\/librairie7l.com\/en\/produit\/dessins-de-bijoux-2\/#breadcrumb\",\"itemListElement\":[{\"@type\":\"ListItem\",\"position\":1,\"name\":\"Accueil\",\"item\":\"https:\/\/librairie7l.com\/en\/\"},{\"@type\":\"ListItem\",\"position\":2,\"name\":\"Shop\",\"item\":\"https:\/\/librairie7l.com\/en\/shop\/\"},{\"@type\":\"ListItem\",\"position\":3,\"name\":\"DESSINS DE BIJOUX\"}]},{\"@type\":\"WebSite\",\"@id\":\"https:\/\/librairie7l.com\/en\/#website\",\"url\":\"https:\/\/librairie7l.com\/en\/\",\"name\":\"Librairie 7L\",\"description\":\"Librairie fond\u00e9e en 1999 par Karl Lagerfeld \u00e0 Paris\",\"publisher\":{\"@id\":\"https:\/\/librairie7l.com\/en\/#organization\"},\"potentialAction\":[{\"@type\":\"SearchAction\",\"target\":{\"@type\":\"EntryPoint\",\"urlTemplate\":\"https:\/\/librairie7l.com\/en\/?s={search_term_string}\"},\"query-input\":\"required name=search_term_string\"}],\"inLanguage\":\"en-US\"},{\"@type\":\"Organization\",\"@id\":\"https:\/\/librairie7l.com\/en\/#organization\",\"name\":\"Librairie 7L\",\"url\":\"https:\/\/librairie7l.com\/en\/\",\"logo\":{\"@type\":\"ImageObject\",\"inLanguage\":\"en-US\",\"@id\":\"https:\/\/librairie7l.com\/en\/#\/schema\/logo\/image\/\",\"url\":\"https:\/\/librairie7l.com\/wp-content\/uploads\/2022\/08\/logo-1.png\",\"contentUrl\":\"https:\/\/librairie7l.com\/wp-content\/uploads\/2022\/08\/logo-1.png\",\"width\":227,\"height\":301,\"caption\":\"Librairie 7L\"},\"image\":{\"@id\":\"https:\/\/librairie7l.com\/en\/#\/schema\/logo\/image\/\"}}]}<\/script>\n<!-- \/ Yoast SEO plugin. -->","yoast_head_json":{"title":"Dessins de bijoux - Librairie 7L","robots":{"index":"index","follow":"follow","max-snippet":"max-snippet:-1","max-image-preview":"max-image-preview:large","max-video-preview":"max-video-preview:-1"},"canonical":"https:\/\/librairie7l.com\/en\/produit\/dessins-de-bijoux-2\/","og_locale":"en_US","og_type":"article","og_title":"Dessins de bijoux - Librairie 7L","og_description":"Le Petit Palais est riche d&#8217;une collection m\u00e9connue de dessins de bijoux : ce sont pr\u00e8s de 5700 feuilles, carnets et maquettes, o\u00f9 les gouach\u00e9s de Lalique et des dessinateurs des Maisons Boucheron et Rouvenat c\u00f4toient les fonds d&#8217;atelier de Pierre Georges Deraisme et de Charles Jacqueau, dessinateur majeur de la Maison Cartier. \u00c9poques et [&hellip;]","og_url":"https:\/\/librairie7l.com\/en\/produit\/dessins-de-bijoux-2\/","og_site_name":"Librairie 7L","article_modified_time":"2026-04-29T17:23:27+00:00","og_image":[{"width":600,"height":851,"url":"https:\/\/librairie7l.com\/wp-content\/uploads\/2024\/10\/9782759606016_1_75.jpg","type":"image\/jpeg"}],"twitter_card":"summary_large_image","twitter_misc":{"Est. reading time":"1 minute"},"schema":{"@context":"https:\/\/schema.org","@graph":[{"@type":"WebPage","@id":"https:\/\/librairie7l.com\/en\/produit\/dessins-de-bijoux-2\/","url":"https:\/\/librairie7l.com\/en\/produit\/dessins-de-bijoux-2\/","name":"Dessins de bijoux - Librairie 7L","isPartOf":{"@id":"https:\/\/librairie7l.com\/en\/#website"},"datePublished":"2025-04-20T07:17:40+00:00","dateModified":"2026-04-29T17:23:27+00:00","breadcrumb":{"@id":"https:\/\/librairie7l.com\/en\/produit\/dessins-de-bijoux-2\/#breadcrumb"},"inLanguage":"en-US","potentialAction":[{"@type":"ReadAction","target":["https:\/\/librairie7l.com\/en\/produit\/dessins-de-bijoux-2\/"]}]},{"@type":"BreadcrumbList","@id":"https:\/\/librairie7l.com\/en\/produit\/dessins-de-bijoux-2\/#breadcrumb","itemListElement":[{"@type":"ListItem","position":1,"name":"Accueil","item":"https:\/\/librairie7l.com\/en\/"},{"@type":"ListItem","position":2,"name":"Shop","item":"https:\/\/librairie7l.com\/en\/shop\/"},{"@type":"ListItem","position":3,"name":"DESSINS DE BIJOUX"}]},{"@type":"WebSite","@id":"https:\/\/librairie7l.com\/en\/#website","url":"https:\/\/librairie7l.com\/en\/","name":"Librairie 7L","description":"Librairie fond\u00e9e en 1999 par Karl Lagerfeld \u00e0 Paris","publisher":{"@id":"https:\/\/librairie7l.com\/en\/#organization"},"potentialAction":[{"@type":"SearchAction","target":{"@type":"EntryPoint","urlTemplate":"https:\/\/librairie7l.com\/en\/?s={search_term_string}"},"query-input":"required name=search_term_string"}],"inLanguage":"en-US"},{"@type":"Organization","@id":"https:\/\/librairie7l.com\/en\/#organization","name":"Librairie 7L","url":"https:\/\/librairie7l.com\/en\/","logo":{"@type":"ImageObject","inLanguage":"en-US","@id":"https:\/\/librairie7l.com\/en\/#\/schema\/logo\/image\/","url":"https:\/\/librairie7l.com\/wp-content\/uploads\/2022\/08\/logo-1.png","contentUrl":"https:\/\/librairie7l.com\/wp-content\/uploads\/2022\/08\/logo-1.png","width":227,"height":301,"caption":"Librairie 7L"},"image":{"@id":"https:\/\/librairie7l.com\/en\/#\/schema\/logo\/image\/"}}]}},"_links":{"self":[{"href":"https:\/\/librairie7l.com\/en\/wp-json\/wp\/v2\/product\/47627"}],"collection":[{"href":"https:\/\/librairie7l.com\/en\/wp-json\/wp\/v2\/product"}],"about":[{"href":"https:\/\/librairie7l.com\/en\/wp-json\/wp\/v2\/types\/product"}],"wp:featuredmedia":[{"embeddable":true,"href":"https:\/\/librairie7l.com\/en\/wp-json\/wp\/v2\/media\/47625"}],"wp:attachment":[{"href":"https:\/\/librairie7l.com\/en\/wp-json\/wp\/v2\/media?parent=47627"}],"wp:term":[{"taxonomy":"product_cat","embeddable":true,"href":"https:\/\/librairie7l.com\/en\/wp-json\/wp\/v2\/product_cat?post=47627"},{"taxonomy":"product_tag","embeddable":true,"href":"https:\/\/librairie7l.com\/en\/wp-json\/wp\/v2\/product_tag?post=47627"}],"curies":[{"name":"wp","href":"https:\/\/api.w.org\/{rel}","templated":true}]}}