{"id":47635,"date":"2025-04-21T14:06:18","date_gmt":"2025-04-21T12:06:18","guid":{"rendered":"https:\/\/librairie7l.com\/?post_type=product&#038;p=47635"},"modified":"2026-04-08T12:04:02","modified_gmt":"2026-04-08T10:04:02","slug":"le-geste-dagata-2","status":"publish","type":"product","link":"https:\/\/librairie7l.com\/en\/produit\/le-geste-dagata-2\/","title":{"rendered":"LE GESTE D&#8217;AGATA"},"content":{"rendered":"<p>Les images d&#8217;Antoine d&#8217;Agata sont tram\u00e9es dans du politique. Il les arme de sa r\u00e9volte, de sa conscience et de sa lucidit\u00e9. Toujours, en creux, en saillie, en fond, en figure, le politique est l\u00e0. Dans la violence aussi parce que dire ne peut se faire dans les demi-tons. C&#8217;est un cri, un soul\u00e8vement qui viennent de loin, d&#8217;abord retenus dans le silence o\u00f9 Antoine s&#8217;est mur\u00e9 pendant ses ann\u00e9es de vie dans la rue : \u00ab Entre dix-sept et trente ans, mon existence a \u00e9t\u00e9 essentiellement marqu\u00e9e par des choix absolus li\u00e9s au refus de toute compromission : la rue, la zone, la d\u00e9fonce, l&#8217;errance \u00bb.<br \/>\nLa photographie a ouvert la br\u00e8che, lib\u00e9r\u00e9 le passage \u00e0 un exister qui trouverait sa forme dans \u00ab un langage qui lui permettrait d&#8217;aller jusqu&#8217;au bout de mes choix \u00bb. Ceci n&#8217;est pas sans contradictions : \u00ab Le langage pris, film\u00e9, photographi\u00e9 n&#8217;est jamais un \u00e9quilibre. D\u00e8s qu&#8217;on est dans la vie, les images sont de la merde, d\u00e8s qu&#8217;on est trop dans la photographie, la vie passe&#8230; du coup, tout ce que je peux faire, c&#8217;est tenter en permanence d&#8217;atteindre cet impossible point o\u00f9 la vie et le langage qui rend compte de la vie se confrontent . \u00bb Aucune image n&#8217;existe pour elle-m\u00eame, chacune d&#8217;elle vient \u00e9crire une histoire sans d\u00e9but ni fin. Elles arrivent, port\u00e9es par un souffle qui s&#8217;\u00e9puise, une fatigue de plus en plus extr\u00eame. Mais tenues par une volont\u00e9 de continuer ainsi parce que c&#8217;est le seul moyen qu&#8217;Antoine a trouv\u00e9 pour affronter sa position \u00ab vis-\u00e0-vis de la nuit, vis-\u00e0-vis du monde, vis-\u00e0-vis de toutes ces rencontres, de toutes ces trajectoires \u00bb. Il dit aussi : \u00ab Je suis plus radical aujourd&#8217;hui que je ne l&#8217;\u00e9tais . \u00bb Ses contradictions sont ses forces, ses fragilit\u00e9s sont son humanit\u00e9. Toujours entier, ses avanc\u00e9es sont des trac\u00e9s d&#8217;existence o\u00f9 jamais le confort d&#8217;un acte photographique ne vient alt\u00e9rer l&#8217;image. Dress\u00e9, lucide, sensible : \u00ab Je rappelle que quand j&#8217;ai fait mes premiers textes, je disais qu&#8217;on ne peut pas vivre et se photographier en train de vivre. Tout est impur, rien n&#8217;est pur, rien n&#8217;est vrai, rien n&#8217;est faux, on est dans une tentative&#8230;<br \/>\nLe fait de baiser en faisant des photos en m\u00eame temps, cela rendait l&#8217;acte sexuel plus intense, plus conscient, tu le vis, tu le sens, tu le regardes, de l&#8217;ext\u00e9rieur, de l&#8217;int\u00e9rieur, tu multiplies les perspectives, tu multiplies les sensations, mais tout est faux, d\u00e8s que tu mets une cam\u00e9ra, un appareil, tout est faux. Personne n&#8217;oublie qu&#8217;il y a un appareil mais de mettre l&#8217;appareil, \u00e7a force \u00e0 aller plus loin&#8230; Et c&#8217;est ce qui s&#8217;est pass\u00e9 pour moi avec la photographie en g\u00e9n\u00e9ral, de commencer \u00e0 faire des photos m&#8217;a forc\u00e9 \u00e0 aller plus loin dans mes choix et le langage photographique m&#8217;a donn\u00e9 le moyen au moins d&#8217;\u00eatre sensible \u00e0 mes contradictions, \u00e0 mes forces . \u00bb Une voie qu&#8217;Antoine n&#8217;a pas quitt\u00e9e. Obstin\u00e9ment, r\u00e9solument, il s&#8217;y est tenu. Mais apr\u00e8s des ann\u00e9es, il y a le constat : \u00ab Mes tentatives de revendiquer ce que je fais et ce que je suis n&#8217;ont pas abouti. Mais je dois aller jusqu&#8217;au bout, titrer les cons\u00e9quences de cette remise en question de la photographie, lui donner une forme coh\u00e9rente, rendre compte de fa\u00e7on plus juste et lucide de mon appr\u00e9hension du silence et du vide . \u00bb Aller plus loin encore, sans r\u00e9pit, continuer jusqu&#8217;\u00e0 l&#8217;exhaustivit\u00e9. L&#8217;exc\u00e8s comme art de faire, comme r\u00e9sistance&#8230;<\/p>\n","protected":false},"excerpt":{"rendered":"<p>Les images d&#8217;Antoine d&#8217;Agata sont tram\u00e9es dans du politique. Il les arme de sa r\u00e9volte, de sa conscience et de sa lucidit\u00e9. Toujours, en creux, en saillie, en fond, en figure, le politique est l\u00e0. Dans la violence aussi parce que dire ne peut se faire dans les demi-tons. C&#8217;est un cri, un soul\u00e8vement qui [&hellip;]<\/p>\n","protected":false},"featured_media":47633,"template":"","meta":[],"product_cat":[7364,2948],"product_tag":[],"acf":[],"yoast_head":"<!-- This site is optimized with the Yoast SEO plugin v20.11 - https:\/\/yoast.com\/wordpress\/plugins\/seo\/ -->\n<title>Le geste d&#039;Agata - Librairie 7L<\/title>\n<meta name=\"robots\" content=\"index, follow, max-snippet:-1, max-image-preview:large, max-video-preview:-1\" \/>\n<link rel=\"canonical\" href=\"https:\/\/librairie7l.com\/en\/produit\/le-geste-dagata-2\/\" \/>\n<meta property=\"og:locale\" content=\"en_US\" \/>\n<meta property=\"og:type\" content=\"article\" \/>\n<meta property=\"og:title\" content=\"Le geste d&#039;Agata - Librairie 7L\" \/>\n<meta property=\"og:description\" content=\"Les images d&#8217;Antoine d&#8217;Agata sont tram\u00e9es dans du politique. Il les arme de sa r\u00e9volte, de sa conscience et de sa lucidit\u00e9. Toujours, en creux, en saillie, en fond, en figure, le politique est l\u00e0. Dans la violence aussi parce que dire ne peut se faire dans les demi-tons. C&#8217;est un cri, un soul\u00e8vement qui [&hellip;]\" \/>\n<meta property=\"og:url\" content=\"https:\/\/librairie7l.com\/en\/produit\/le-geste-dagata-2\/\" \/>\n<meta property=\"og:site_name\" content=\"Librairie 7L\" \/>\n<meta property=\"article:modified_time\" content=\"2026-04-08T10:04:02+00:00\" \/>\n<meta property=\"og:image\" content=\"https:\/\/librairie7l.com\/wp-content\/uploads\/2016\/11\/9791092265569_1_75.jpg\" \/>\n\t<meta property=\"og:image:width\" content=\"383\" \/>\n\t<meta property=\"og:image:height\" content=\"474\" \/>\n\t<meta property=\"og:image:type\" content=\"image\/jpeg\" \/>\n<meta name=\"twitter:card\" content=\"summary_large_image\" \/>\n<meta name=\"twitter:label1\" content=\"Est. reading time\" \/>\n\t<meta name=\"twitter:data1\" content=\"3 minutes\" \/>\n<script type=\"application\/ld+json\" class=\"yoast-schema-graph\">{\"@context\":\"https:\/\/schema.org\",\"@graph\":[{\"@type\":\"WebPage\",\"@id\":\"https:\/\/librairie7l.com\/en\/produit\/le-geste-dagata-2\/\",\"url\":\"https:\/\/librairie7l.com\/en\/produit\/le-geste-dagata-2\/\",\"name\":\"Le geste d'Agata - Librairie 7L\",\"isPartOf\":{\"@id\":\"https:\/\/librairie7l.com\/en\/#website\"},\"datePublished\":\"2025-04-21T12:06:18+00:00\",\"dateModified\":\"2026-04-08T10:04:02+00:00\",\"breadcrumb\":{\"@id\":\"https:\/\/librairie7l.com\/en\/produit\/le-geste-dagata-2\/#breadcrumb\"},\"inLanguage\":\"en-US\",\"potentialAction\":[{\"@type\":\"ReadAction\",\"target\":[\"https:\/\/librairie7l.com\/en\/produit\/le-geste-dagata-2\/\"]}]},{\"@type\":\"BreadcrumbList\",\"@id\":\"https:\/\/librairie7l.com\/en\/produit\/le-geste-dagata-2\/#breadcrumb\",\"itemListElement\":[{\"@type\":\"ListItem\",\"position\":1,\"name\":\"Accueil\",\"item\":\"https:\/\/librairie7l.com\/en\/\"},{\"@type\":\"ListItem\",\"position\":2,\"name\":\"Shop\",\"item\":\"https:\/\/librairie7l.com\/en\/shop\/\"},{\"@type\":\"ListItem\",\"position\":3,\"name\":\"LE GESTE D&#8217;AGATA\"}]},{\"@type\":\"WebSite\",\"@id\":\"https:\/\/librairie7l.com\/en\/#website\",\"url\":\"https:\/\/librairie7l.com\/en\/\",\"name\":\"Librairie 7L\",\"description\":\"Librairie fond\u00e9e en 1999 par Karl Lagerfeld \u00e0 Paris\",\"publisher\":{\"@id\":\"https:\/\/librairie7l.com\/en\/#organization\"},\"potentialAction\":[{\"@type\":\"SearchAction\",\"target\":{\"@type\":\"EntryPoint\",\"urlTemplate\":\"https:\/\/librairie7l.com\/en\/?s={search_term_string}\"},\"query-input\":\"required name=search_term_string\"}],\"inLanguage\":\"en-US\"},{\"@type\":\"Organization\",\"@id\":\"https:\/\/librairie7l.com\/en\/#organization\",\"name\":\"Librairie 7L\",\"url\":\"https:\/\/librairie7l.com\/en\/\",\"logo\":{\"@type\":\"ImageObject\",\"inLanguage\":\"en-US\",\"@id\":\"https:\/\/librairie7l.com\/en\/#\/schema\/logo\/image\/\",\"url\":\"https:\/\/librairie7l.com\/wp-content\/uploads\/2022\/08\/logo-1.png\",\"contentUrl\":\"https:\/\/librairie7l.com\/wp-content\/uploads\/2022\/08\/logo-1.png\",\"width\":227,\"height\":301,\"caption\":\"Librairie 7L\"},\"image\":{\"@id\":\"https:\/\/librairie7l.com\/en\/#\/schema\/logo\/image\/\"}}]}<\/script>\n<!-- \/ Yoast SEO plugin. -->","yoast_head_json":{"title":"Le geste d'Agata - Librairie 7L","robots":{"index":"index","follow":"follow","max-snippet":"max-snippet:-1","max-image-preview":"max-image-preview:large","max-video-preview":"max-video-preview:-1"},"canonical":"https:\/\/librairie7l.com\/en\/produit\/le-geste-dagata-2\/","og_locale":"en_US","og_type":"article","og_title":"Le geste d'Agata - Librairie 7L","og_description":"Les images d&#8217;Antoine d&#8217;Agata sont tram\u00e9es dans du politique. Il les arme de sa r\u00e9volte, de sa conscience et de sa lucidit\u00e9. Toujours, en creux, en saillie, en fond, en figure, le politique est l\u00e0. Dans la violence aussi parce que dire ne peut se faire dans les demi-tons. C&#8217;est un cri, un soul\u00e8vement qui [&hellip;]","og_url":"https:\/\/librairie7l.com\/en\/produit\/le-geste-dagata-2\/","og_site_name":"Librairie 7L","article_modified_time":"2026-04-08T10:04:02+00:00","og_image":[{"width":383,"height":474,"url":"https:\/\/librairie7l.com\/wp-content\/uploads\/2016\/11\/9791092265569_1_75.jpg","type":"image\/jpeg"}],"twitter_card":"summary_large_image","twitter_misc":{"Est. reading time":"3 minutes"},"schema":{"@context":"https:\/\/schema.org","@graph":[{"@type":"WebPage","@id":"https:\/\/librairie7l.com\/en\/produit\/le-geste-dagata-2\/","url":"https:\/\/librairie7l.com\/en\/produit\/le-geste-dagata-2\/","name":"Le geste d'Agata - Librairie 7L","isPartOf":{"@id":"https:\/\/librairie7l.com\/en\/#website"},"datePublished":"2025-04-21T12:06:18+00:00","dateModified":"2026-04-08T10:04:02+00:00","breadcrumb":{"@id":"https:\/\/librairie7l.com\/en\/produit\/le-geste-dagata-2\/#breadcrumb"},"inLanguage":"en-US","potentialAction":[{"@type":"ReadAction","target":["https:\/\/librairie7l.com\/en\/produit\/le-geste-dagata-2\/"]}]},{"@type":"BreadcrumbList","@id":"https:\/\/librairie7l.com\/en\/produit\/le-geste-dagata-2\/#breadcrumb","itemListElement":[{"@type":"ListItem","position":1,"name":"Accueil","item":"https:\/\/librairie7l.com\/en\/"},{"@type":"ListItem","position":2,"name":"Shop","item":"https:\/\/librairie7l.com\/en\/shop\/"},{"@type":"ListItem","position":3,"name":"LE GESTE D&#8217;AGATA"}]},{"@type":"WebSite","@id":"https:\/\/librairie7l.com\/en\/#website","url":"https:\/\/librairie7l.com\/en\/","name":"Librairie 7L","description":"Librairie fond\u00e9e en 1999 par Karl Lagerfeld \u00e0 Paris","publisher":{"@id":"https:\/\/librairie7l.com\/en\/#organization"},"potentialAction":[{"@type":"SearchAction","target":{"@type":"EntryPoint","urlTemplate":"https:\/\/librairie7l.com\/en\/?s={search_term_string}"},"query-input":"required name=search_term_string"}],"inLanguage":"en-US"},{"@type":"Organization","@id":"https:\/\/librairie7l.com\/en\/#organization","name":"Librairie 7L","url":"https:\/\/librairie7l.com\/en\/","logo":{"@type":"ImageObject","inLanguage":"en-US","@id":"https:\/\/librairie7l.com\/en\/#\/schema\/logo\/image\/","url":"https:\/\/librairie7l.com\/wp-content\/uploads\/2022\/08\/logo-1.png","contentUrl":"https:\/\/librairie7l.com\/wp-content\/uploads\/2022\/08\/logo-1.png","width":227,"height":301,"caption":"Librairie 7L"},"image":{"@id":"https:\/\/librairie7l.com\/en\/#\/schema\/logo\/image\/"}}]}},"_links":{"self":[{"href":"https:\/\/librairie7l.com\/en\/wp-json\/wp\/v2\/product\/47635"}],"collection":[{"href":"https:\/\/librairie7l.com\/en\/wp-json\/wp\/v2\/product"}],"about":[{"href":"https:\/\/librairie7l.com\/en\/wp-json\/wp\/v2\/types\/product"}],"wp:featuredmedia":[{"embeddable":true,"href":"https:\/\/librairie7l.com\/en\/wp-json\/wp\/v2\/media\/47633"}],"wp:attachment":[{"href":"https:\/\/librairie7l.com\/en\/wp-json\/wp\/v2\/media?parent=47635"}],"wp:term":[{"taxonomy":"product_cat","embeddable":true,"href":"https:\/\/librairie7l.com\/en\/wp-json\/wp\/v2\/product_cat?post=47635"},{"taxonomy":"product_tag","embeddable":true,"href":"https:\/\/librairie7l.com\/en\/wp-json\/wp\/v2\/product_tag?post=47635"}],"curies":[{"name":"wp","href":"https:\/\/api.w.org\/{rel}","templated":true}]}}