{"id":47639,"date":"2025-04-21T22:47:15","date_gmt":"2025-04-21T20:47:15","guid":{"rendered":"https:\/\/librairie7l.com\/?post_type=product&#038;p=47639"},"modified":"2026-04-08T12:06:24","modified_gmt":"2026-04-08T10:06:24","slug":"ballet-une-histoire-illustree-2","status":"publish","type":"product","link":"https:\/\/librairie7l.com\/en\/produit\/ballet-une-histoire-illustree-2\/","title":{"rendered":"BALLET : UNE HISTOIRE ILLUSTR\u00c9E"},"content":{"rendered":"<p>500 ans d&#8217;histoire du Ballet dans un ouvrage visuel et familial : &#8211; les oeuvres classiques (Giselle, Le Lac des cygnes&#8230;) comme les cr\u00e9ations plus contemporaines (Chroma&#8230;), r\u00e9sum\u00e9es et analys\u00e9es ; &#8211; les grandes p\u00e9riodes, les techniques et expressions embl\u00e9matiques ; &#8211; les portraits de chor\u00e9graphes, compositeurs, danseurs et danseuses internationaux (de Pierre Beauchamp \u00e0 Akram Khan en passant par Marius Petipa, Martha Graham et Sylvie Guillem) ; &#8211; les grandes compagnies et les lieux de danse incontournables dans le monde.<\/p>\n","protected":false},"excerpt":{"rendered":"<p>500 ans d&#8217;histoire du Ballet dans un ouvrage visuel et familial : &#8211; les oeuvres classiques (Giselle, Le Lac des cygnes&#8230;) comme les cr\u00e9ations plus contemporaines (Chroma&#8230;), r\u00e9sum\u00e9es et analys\u00e9es ; &#8211; les grandes p\u00e9riodes, les techniques et expressions embl\u00e9matiques ; &#8211; les portraits de chor\u00e9graphes, compositeurs, danseurs et danseuses internationaux (de Pierre Beauchamp \u00e0 [&hellip;]<\/p>\n","protected":false},"featured_media":47637,"template":"","meta":[],"product_cat":[7364,2948],"product_tag":[],"acf":[],"yoast_head":"<!-- This site is optimized with the Yoast SEO plugin v20.11 - https:\/\/yoast.com\/wordpress\/plugins\/seo\/ -->\n<title>Ballet : Une histoire illustr\u00e9e - Librairie 7L<\/title>\n<meta name=\"robots\" content=\"index, follow, max-snippet:-1, max-image-preview:large, max-video-preview:-1\" \/>\n<link rel=\"canonical\" href=\"https:\/\/librairie7l.com\/en\/produit\/ballet-une-histoire-illustree-2\/\" \/>\n<meta property=\"og:locale\" content=\"en_US\" \/>\n<meta property=\"og:type\" content=\"article\" \/>\n<meta property=\"og:title\" content=\"Ballet : Une histoire illustr\u00e9e - Librairie 7L\" \/>\n<meta property=\"og:description\" content=\"500 ans d&#8217;histoire du Ballet dans un ouvrage visuel et familial : &#8211; les oeuvres classiques (Giselle, Le Lac des cygnes&#8230;) comme les cr\u00e9ations plus contemporaines (Chroma&#8230;), r\u00e9sum\u00e9es et analys\u00e9es ; &#8211; les grandes p\u00e9riodes, les techniques et expressions embl\u00e9matiques ; &#8211; les portraits de chor\u00e9graphes, compositeurs, danseurs et danseuses internationaux (de Pierre Beauchamp \u00e0 [&hellip;]\" \/>\n<meta property=\"og:url\" content=\"https:\/\/librairie7l.com\/en\/produit\/ballet-une-histoire-illustree-2\/\" \/>\n<meta property=\"og:site_name\" content=\"Librairie 7L\" \/>\n<meta property=\"article:modified_time\" content=\"2026-04-08T10:06:24+00:00\" \/>\n<meta property=\"og:image\" content=\"https:\/\/librairie7l.com\/wp-content\/uploads\/2024\/06\/9782080460912_1_75.jpg\" \/>\n\t<meta property=\"og:image:width\" content=\"600\" \/>\n\t<meta property=\"og:image:height\" content=\"722\" \/>\n\t<meta property=\"og:image:type\" content=\"image\/jpeg\" \/>\n<meta name=\"twitter:card\" content=\"summary_large_image\" \/>\n<script type=\"application\/ld+json\" class=\"yoast-schema-graph\">{\"@context\":\"https:\/\/schema.org\",\"@graph\":[{\"@type\":\"WebPage\",\"@id\":\"https:\/\/librairie7l.com\/en\/produit\/ballet-une-histoire-illustree-2\/\",\"url\":\"https:\/\/librairie7l.com\/en\/produit\/ballet-une-histoire-illustree-2\/\",\"name\":\"Ballet : Une histoire illustr\u00e9e - Librairie 7L\",\"isPartOf\":{\"@id\":\"https:\/\/librairie7l.com\/en\/#website\"},\"datePublished\":\"2025-04-21T20:47:15+00:00\",\"dateModified\":\"2026-04-08T10:06:24+00:00\",\"breadcrumb\":{\"@id\":\"https:\/\/librairie7l.com\/en\/produit\/ballet-une-histoire-illustree-2\/#breadcrumb\"},\"inLanguage\":\"en-US\",\"potentialAction\":[{\"@type\":\"ReadAction\",\"target\":[\"https:\/\/librairie7l.com\/en\/produit\/ballet-une-histoire-illustree-2\/\"]}]},{\"@type\":\"BreadcrumbList\",\"@id\":\"https:\/\/librairie7l.com\/en\/produit\/ballet-une-histoire-illustree-2\/#breadcrumb\",\"itemListElement\":[{\"@type\":\"ListItem\",\"position\":1,\"name\":\"Accueil\",\"item\":\"https:\/\/librairie7l.com\/en\/\"},{\"@type\":\"ListItem\",\"position\":2,\"name\":\"Shop\",\"item\":\"https:\/\/librairie7l.com\/en\/shop\/\"},{\"@type\":\"ListItem\",\"position\":3,\"name\":\"BALLET : UNE HISTOIRE ILLUSTR\u00c9E\"}]},{\"@type\":\"WebSite\",\"@id\":\"https:\/\/librairie7l.com\/en\/#website\",\"url\":\"https:\/\/librairie7l.com\/en\/\",\"name\":\"Librairie 7L\",\"description\":\"Librairie fond\u00e9e en 1999 par Karl Lagerfeld \u00e0 Paris\",\"publisher\":{\"@id\":\"https:\/\/librairie7l.com\/en\/#organization\"},\"potentialAction\":[{\"@type\":\"SearchAction\",\"target\":{\"@type\":\"EntryPoint\",\"urlTemplate\":\"https:\/\/librairie7l.com\/en\/?s={search_term_string}\"},\"query-input\":\"required name=search_term_string\"}],\"inLanguage\":\"en-US\"},{\"@type\":\"Organization\",\"@id\":\"https:\/\/librairie7l.com\/en\/#organization\",\"name\":\"Librairie 7L\",\"url\":\"https:\/\/librairie7l.com\/en\/\",\"logo\":{\"@type\":\"ImageObject\",\"inLanguage\":\"en-US\",\"@id\":\"https:\/\/librairie7l.com\/en\/#\/schema\/logo\/image\/\",\"url\":\"https:\/\/librairie7l.com\/wp-content\/uploads\/2022\/08\/logo-1.png\",\"contentUrl\":\"https:\/\/librairie7l.com\/wp-content\/uploads\/2022\/08\/logo-1.png\",\"width\":227,\"height\":301,\"caption\":\"Librairie 7L\"},\"image\":{\"@id\":\"https:\/\/librairie7l.com\/en\/#\/schema\/logo\/image\/\"}}]}<\/script>\n<!-- \/ Yoast SEO plugin. -->","yoast_head_json":{"title":"Ballet : Une histoire illustr\u00e9e - Librairie 7L","robots":{"index":"index","follow":"follow","max-snippet":"max-snippet:-1","max-image-preview":"max-image-preview:large","max-video-preview":"max-video-preview:-1"},"canonical":"https:\/\/librairie7l.com\/en\/produit\/ballet-une-histoire-illustree-2\/","og_locale":"en_US","og_type":"article","og_title":"Ballet : Une histoire illustr\u00e9e - Librairie 7L","og_description":"500 ans d&#8217;histoire du Ballet dans un ouvrage visuel et familial : &#8211; les oeuvres classiques (Giselle, Le Lac des cygnes&#8230;) comme les cr\u00e9ations plus contemporaines (Chroma&#8230;), r\u00e9sum\u00e9es et analys\u00e9es ; &#8211; les grandes p\u00e9riodes, les techniques et expressions embl\u00e9matiques ; &#8211; les portraits de chor\u00e9graphes, compositeurs, danseurs et danseuses internationaux (de Pierre Beauchamp \u00e0 [&hellip;]","og_url":"https:\/\/librairie7l.com\/en\/produit\/ballet-une-histoire-illustree-2\/","og_site_name":"Librairie 7L","article_modified_time":"2026-04-08T10:06:24+00:00","og_image":[{"width":600,"height":722,"url":"https:\/\/librairie7l.com\/wp-content\/uploads\/2024\/06\/9782080460912_1_75.jpg","type":"image\/jpeg"}],"twitter_card":"summary_large_image","schema":{"@context":"https:\/\/schema.org","@graph":[{"@type":"WebPage","@id":"https:\/\/librairie7l.com\/en\/produit\/ballet-une-histoire-illustree-2\/","url":"https:\/\/librairie7l.com\/en\/produit\/ballet-une-histoire-illustree-2\/","name":"Ballet : Une histoire illustr\u00e9e - Librairie 7L","isPartOf":{"@id":"https:\/\/librairie7l.com\/en\/#website"},"datePublished":"2025-04-21T20:47:15+00:00","dateModified":"2026-04-08T10:06:24+00:00","breadcrumb":{"@id":"https:\/\/librairie7l.com\/en\/produit\/ballet-une-histoire-illustree-2\/#breadcrumb"},"inLanguage":"en-US","potentialAction":[{"@type":"ReadAction","target":["https:\/\/librairie7l.com\/en\/produit\/ballet-une-histoire-illustree-2\/"]}]},{"@type":"BreadcrumbList","@id":"https:\/\/librairie7l.com\/en\/produit\/ballet-une-histoire-illustree-2\/#breadcrumb","itemListElement":[{"@type":"ListItem","position":1,"name":"Accueil","item":"https:\/\/librairie7l.com\/en\/"},{"@type":"ListItem","position":2,"name":"Shop","item":"https:\/\/librairie7l.com\/en\/shop\/"},{"@type":"ListItem","position":3,"name":"BALLET : UNE HISTOIRE ILLUSTR\u00c9E"}]},{"@type":"WebSite","@id":"https:\/\/librairie7l.com\/en\/#website","url":"https:\/\/librairie7l.com\/en\/","name":"Librairie 7L","description":"Librairie fond\u00e9e en 1999 par Karl Lagerfeld \u00e0 Paris","publisher":{"@id":"https:\/\/librairie7l.com\/en\/#organization"},"potentialAction":[{"@type":"SearchAction","target":{"@type":"EntryPoint","urlTemplate":"https:\/\/librairie7l.com\/en\/?s={search_term_string}"},"query-input":"required name=search_term_string"}],"inLanguage":"en-US"},{"@type":"Organization","@id":"https:\/\/librairie7l.com\/en\/#organization","name":"Librairie 7L","url":"https:\/\/librairie7l.com\/en\/","logo":{"@type":"ImageObject","inLanguage":"en-US","@id":"https:\/\/librairie7l.com\/en\/#\/schema\/logo\/image\/","url":"https:\/\/librairie7l.com\/wp-content\/uploads\/2022\/08\/logo-1.png","contentUrl":"https:\/\/librairie7l.com\/wp-content\/uploads\/2022\/08\/logo-1.png","width":227,"height":301,"caption":"Librairie 7L"},"image":{"@id":"https:\/\/librairie7l.com\/en\/#\/schema\/logo\/image\/"}}]}},"_links":{"self":[{"href":"https:\/\/librairie7l.com\/en\/wp-json\/wp\/v2\/product\/47639"}],"collection":[{"href":"https:\/\/librairie7l.com\/en\/wp-json\/wp\/v2\/product"}],"about":[{"href":"https:\/\/librairie7l.com\/en\/wp-json\/wp\/v2\/types\/product"}],"wp:featuredmedia":[{"embeddable":true,"href":"https:\/\/librairie7l.com\/en\/wp-json\/wp\/v2\/media\/47637"}],"wp:attachment":[{"href":"https:\/\/librairie7l.com\/en\/wp-json\/wp\/v2\/media?parent=47639"}],"wp:term":[{"taxonomy":"product_cat","embeddable":true,"href":"https:\/\/librairie7l.com\/en\/wp-json\/wp\/v2\/product_cat?post=47639"},{"taxonomy":"product_tag","embeddable":true,"href":"https:\/\/librairie7l.com\/en\/wp-json\/wp\/v2\/product_tag?post=47639"}],"curies":[{"name":"wp","href":"https:\/\/api.w.org\/{rel}","templated":true}]}}