{"id":47651,"date":"2025-04-23T09:17:37","date_gmt":"2025-04-23T07:17:37","guid":{"rendered":"https:\/\/librairie7l.com\/?post_type=product&#038;p=47651"},"modified":"2026-04-24T13:51:23","modified_gmt":"2026-04-24T11:51:23","slug":"dans-le-flou-une-autre-vision-de-lart-de-1945-a-nos-jours-2","status":"publish","type":"product","link":"https:\/\/librairie7l.com\/en\/produit\/dans-le-flou-une-autre-vision-de-lart-de-1945-a-nos-jours-2\/","title":{"rendered":"DANS LE FLOU : UNE AUTRE VISION DE L&#8217;ART DE 1945 \u00c0 NOS JOURS"},"content":{"rendered":"<p>Publi\u00e9 \u00e0 l&#8217;occasion de l&#8217;exposition Dans le flou, pr\u00e9sent\u00e9e au mus\u00e9e de l&#8217;Orangerie du 30 avril au 18 ao\u00fbt 2025, cet ouvrage r\u00e9unit de nombreuses contributions de commissaires d&#8217;exposition, historiens et critiques d&#8217;art, qui interrogent pour la premi\u00e8re fois la place du flou dans les productions artistiques du XXe si\u00e8cle \u00e0 aujourd&#8217;hui.<br \/>\nL&#8217;esth\u00e9tique du flou, qui commence \u00e0 voir le jour au XVIIIe si\u00e8cle, en opposition \u00e0 la rigidit\u00e9 classique, appara\u00eet au sortir de la Seconde Guerre mondiale comme un moyen privil\u00e9gi\u00e9 d&#8217;expression d&#8217;un monde o\u00f9 l&#8217;instabilit\u00e9 r\u00e8gne et o\u00f9 la visibilit\u00e9 s&#8217;est troubl\u00e9e. Face au champ de possibles qui leur est ouvert, des artistes proposent alors, \u00e0 travers une pluralit\u00e9 de m\u00e9diums, de nouvelles approches artistiques et font leur mati\u00e8re du transitoire, du d\u00e9sordre, du mouvement, de l&#8217;inachev\u00e9, du doute&#8230; Instrument de sublimation tout autant que manifestation d&#8217;une v\u00e9rit\u00e9 latente, le flou se fait, de Richter \u00e0 Munch, en passant par Rothko, \u00e0 la fois sympt\u00f4me et rem\u00e8de d&#8217;un monde en qu\u00eate de sens.<\/p>\n","protected":false},"excerpt":{"rendered":"<p>Publi\u00e9 \u00e0 l&#8217;occasion de l&#8217;exposition Dans le flou, pr\u00e9sent\u00e9e au mus\u00e9e de l&#8217;Orangerie du 30 avril au 18 ao\u00fbt 2025, cet ouvrage r\u00e9unit de nombreuses contributions de commissaires d&#8217;exposition, historiens et critiques d&#8217;art, qui interrogent pour la premi\u00e8re fois la place du flou dans les productions artistiques du XXe si\u00e8cle \u00e0 aujourd&#8217;hui. L&#8217;esth\u00e9tique du flou, [&hellip;]<\/p>\n","protected":false},"featured_media":47649,"template":"","meta":[],"product_cat":[2948,2953],"product_tag":[],"acf":[],"yoast_head":"<!-- This site is optimized with the Yoast SEO plugin v20.11 - https:\/\/yoast.com\/wordpress\/plugins\/seo\/ -->\n<title>Dans le flou : Une autre vision de l&#039;art de 1945 \u00e0 nos jours - Librairie 7L<\/title>\n<meta name=\"robots\" content=\"index, follow, max-snippet:-1, max-image-preview:large, max-video-preview:-1\" \/>\n<link rel=\"canonical\" href=\"https:\/\/librairie7l.com\/en\/produit\/dans-le-flou-une-autre-vision-de-lart-de-1945-a-nos-jours-2\/\" \/>\n<meta property=\"og:locale\" content=\"en_US\" \/>\n<meta property=\"og:type\" content=\"article\" \/>\n<meta property=\"og:title\" content=\"Dans le flou : Une autre vision de l&#039;art de 1945 \u00e0 nos jours - Librairie 7L\" \/>\n<meta property=\"og:description\" content=\"Publi\u00e9 \u00e0 l&#8217;occasion de l&#8217;exposition Dans le flou, pr\u00e9sent\u00e9e au mus\u00e9e de l&#8217;Orangerie du 30 avril au 18 ao\u00fbt 2025, cet ouvrage r\u00e9unit de nombreuses contributions de commissaires d&#8217;exposition, historiens et critiques d&#8217;art, qui interrogent pour la premi\u00e8re fois la place du flou dans les productions artistiques du XXe si\u00e8cle \u00e0 aujourd&#8217;hui. L&#8217;esth\u00e9tique du flou, [&hellip;]\" \/>\n<meta property=\"og:url\" content=\"https:\/\/librairie7l.com\/en\/produit\/dans-le-flou-une-autre-vision-de-lart-de-1945-a-nos-jours-2\/\" \/>\n<meta property=\"og:site_name\" content=\"Librairie 7L\" \/>\n<meta property=\"article:modified_time\" content=\"2026-04-24T11:51:23+00:00\" \/>\n<meta property=\"og:image\" content=\"https:\/\/librairie7l.com\/wp-content\/uploads\/2024\/12\/9782365114301_1_75.jpg\" \/>\n\t<meta property=\"og:image:width\" content=\"400\" \/>\n\t<meta property=\"og:image:height\" content=\"573\" \/>\n\t<meta property=\"og:image:type\" content=\"image\/jpeg\" \/>\n<meta name=\"twitter:card\" content=\"summary_large_image\" \/>\n<meta name=\"twitter:label1\" content=\"Est. reading time\" \/>\n\t<meta name=\"twitter:data1\" content=\"1 minute\" \/>\n<script type=\"application\/ld+json\" class=\"yoast-schema-graph\">{\"@context\":\"https:\/\/schema.org\",\"@graph\":[{\"@type\":\"WebPage\",\"@id\":\"https:\/\/librairie7l.com\/en\/produit\/dans-le-flou-une-autre-vision-de-lart-de-1945-a-nos-jours-2\/\",\"url\":\"https:\/\/librairie7l.com\/en\/produit\/dans-le-flou-une-autre-vision-de-lart-de-1945-a-nos-jours-2\/\",\"name\":\"Dans le flou : Une autre vision de l'art de 1945 \u00e0 nos jours - Librairie 7L\",\"isPartOf\":{\"@id\":\"https:\/\/librairie7l.com\/en\/#website\"},\"datePublished\":\"2025-04-23T07:17:37+00:00\",\"dateModified\":\"2026-04-24T11:51:23+00:00\",\"breadcrumb\":{\"@id\":\"https:\/\/librairie7l.com\/en\/produit\/dans-le-flou-une-autre-vision-de-lart-de-1945-a-nos-jours-2\/#breadcrumb\"},\"inLanguage\":\"en-US\",\"potentialAction\":[{\"@type\":\"ReadAction\",\"target\":[\"https:\/\/librairie7l.com\/en\/produit\/dans-le-flou-une-autre-vision-de-lart-de-1945-a-nos-jours-2\/\"]}]},{\"@type\":\"BreadcrumbList\",\"@id\":\"https:\/\/librairie7l.com\/en\/produit\/dans-le-flou-une-autre-vision-de-lart-de-1945-a-nos-jours-2\/#breadcrumb\",\"itemListElement\":[{\"@type\":\"ListItem\",\"position\":1,\"name\":\"Accueil\",\"item\":\"https:\/\/librairie7l.com\/en\/\"},{\"@type\":\"ListItem\",\"position\":2,\"name\":\"Shop\",\"item\":\"https:\/\/librairie7l.com\/en\/shop\/\"},{\"@type\":\"ListItem\",\"position\":3,\"name\":\"DANS LE FLOU : UNE AUTRE VISION DE L&#8217;ART DE 1945 \u00c0 NOS JOURS\"}]},{\"@type\":\"WebSite\",\"@id\":\"https:\/\/librairie7l.com\/en\/#website\",\"url\":\"https:\/\/librairie7l.com\/en\/\",\"name\":\"Librairie 7L\",\"description\":\"Librairie fond\u00e9e en 1999 par Karl Lagerfeld \u00e0 Paris\",\"publisher\":{\"@id\":\"https:\/\/librairie7l.com\/en\/#organization\"},\"potentialAction\":[{\"@type\":\"SearchAction\",\"target\":{\"@type\":\"EntryPoint\",\"urlTemplate\":\"https:\/\/librairie7l.com\/en\/?s={search_term_string}\"},\"query-input\":\"required name=search_term_string\"}],\"inLanguage\":\"en-US\"},{\"@type\":\"Organization\",\"@id\":\"https:\/\/librairie7l.com\/en\/#organization\",\"name\":\"Librairie 7L\",\"url\":\"https:\/\/librairie7l.com\/en\/\",\"logo\":{\"@type\":\"ImageObject\",\"inLanguage\":\"en-US\",\"@id\":\"https:\/\/librairie7l.com\/en\/#\/schema\/logo\/image\/\",\"url\":\"https:\/\/librairie7l.com\/wp-content\/uploads\/2022\/08\/logo-1.png\",\"contentUrl\":\"https:\/\/librairie7l.com\/wp-content\/uploads\/2022\/08\/logo-1.png\",\"width\":227,\"height\":301,\"caption\":\"Librairie 7L\"},\"image\":{\"@id\":\"https:\/\/librairie7l.com\/en\/#\/schema\/logo\/image\/\"}}]}<\/script>\n<!-- \/ Yoast SEO plugin. -->","yoast_head_json":{"title":"Dans le flou : Une autre vision de l'art de 1945 \u00e0 nos jours - Librairie 7L","robots":{"index":"index","follow":"follow","max-snippet":"max-snippet:-1","max-image-preview":"max-image-preview:large","max-video-preview":"max-video-preview:-1"},"canonical":"https:\/\/librairie7l.com\/en\/produit\/dans-le-flou-une-autre-vision-de-lart-de-1945-a-nos-jours-2\/","og_locale":"en_US","og_type":"article","og_title":"Dans le flou : Une autre vision de l'art de 1945 \u00e0 nos jours - Librairie 7L","og_description":"Publi\u00e9 \u00e0 l&#8217;occasion de l&#8217;exposition Dans le flou, pr\u00e9sent\u00e9e au mus\u00e9e de l&#8217;Orangerie du 30 avril au 18 ao\u00fbt 2025, cet ouvrage r\u00e9unit de nombreuses contributions de commissaires d&#8217;exposition, historiens et critiques d&#8217;art, qui interrogent pour la premi\u00e8re fois la place du flou dans les productions artistiques du XXe si\u00e8cle \u00e0 aujourd&#8217;hui. L&#8217;esth\u00e9tique du flou, [&hellip;]","og_url":"https:\/\/librairie7l.com\/en\/produit\/dans-le-flou-une-autre-vision-de-lart-de-1945-a-nos-jours-2\/","og_site_name":"Librairie 7L","article_modified_time":"2026-04-24T11:51:23+00:00","og_image":[{"width":400,"height":573,"url":"https:\/\/librairie7l.com\/wp-content\/uploads\/2024\/12\/9782365114301_1_75.jpg","type":"image\/jpeg"}],"twitter_card":"summary_large_image","twitter_misc":{"Est. reading time":"1 minute"},"schema":{"@context":"https:\/\/schema.org","@graph":[{"@type":"WebPage","@id":"https:\/\/librairie7l.com\/en\/produit\/dans-le-flou-une-autre-vision-de-lart-de-1945-a-nos-jours-2\/","url":"https:\/\/librairie7l.com\/en\/produit\/dans-le-flou-une-autre-vision-de-lart-de-1945-a-nos-jours-2\/","name":"Dans le flou : Une autre vision de l'art de 1945 \u00e0 nos jours - Librairie 7L","isPartOf":{"@id":"https:\/\/librairie7l.com\/en\/#website"},"datePublished":"2025-04-23T07:17:37+00:00","dateModified":"2026-04-24T11:51:23+00:00","breadcrumb":{"@id":"https:\/\/librairie7l.com\/en\/produit\/dans-le-flou-une-autre-vision-de-lart-de-1945-a-nos-jours-2\/#breadcrumb"},"inLanguage":"en-US","potentialAction":[{"@type":"ReadAction","target":["https:\/\/librairie7l.com\/en\/produit\/dans-le-flou-une-autre-vision-de-lart-de-1945-a-nos-jours-2\/"]}]},{"@type":"BreadcrumbList","@id":"https:\/\/librairie7l.com\/en\/produit\/dans-le-flou-une-autre-vision-de-lart-de-1945-a-nos-jours-2\/#breadcrumb","itemListElement":[{"@type":"ListItem","position":1,"name":"Accueil","item":"https:\/\/librairie7l.com\/en\/"},{"@type":"ListItem","position":2,"name":"Shop","item":"https:\/\/librairie7l.com\/en\/shop\/"},{"@type":"ListItem","position":3,"name":"DANS LE FLOU : UNE AUTRE VISION DE L&#8217;ART DE 1945 \u00c0 NOS JOURS"}]},{"@type":"WebSite","@id":"https:\/\/librairie7l.com\/en\/#website","url":"https:\/\/librairie7l.com\/en\/","name":"Librairie 7L","description":"Librairie fond\u00e9e en 1999 par Karl Lagerfeld \u00e0 Paris","publisher":{"@id":"https:\/\/librairie7l.com\/en\/#organization"},"potentialAction":[{"@type":"SearchAction","target":{"@type":"EntryPoint","urlTemplate":"https:\/\/librairie7l.com\/en\/?s={search_term_string}"},"query-input":"required name=search_term_string"}],"inLanguage":"en-US"},{"@type":"Organization","@id":"https:\/\/librairie7l.com\/en\/#organization","name":"Librairie 7L","url":"https:\/\/librairie7l.com\/en\/","logo":{"@type":"ImageObject","inLanguage":"en-US","@id":"https:\/\/librairie7l.com\/en\/#\/schema\/logo\/image\/","url":"https:\/\/librairie7l.com\/wp-content\/uploads\/2022\/08\/logo-1.png","contentUrl":"https:\/\/librairie7l.com\/wp-content\/uploads\/2022\/08\/logo-1.png","width":227,"height":301,"caption":"Librairie 7L"},"image":{"@id":"https:\/\/librairie7l.com\/en\/#\/schema\/logo\/image\/"}}]}},"_links":{"self":[{"href":"https:\/\/librairie7l.com\/en\/wp-json\/wp\/v2\/product\/47651"}],"collection":[{"href":"https:\/\/librairie7l.com\/en\/wp-json\/wp\/v2\/product"}],"about":[{"href":"https:\/\/librairie7l.com\/en\/wp-json\/wp\/v2\/types\/product"}],"wp:featuredmedia":[{"embeddable":true,"href":"https:\/\/librairie7l.com\/en\/wp-json\/wp\/v2\/media\/47649"}],"wp:attachment":[{"href":"https:\/\/librairie7l.com\/en\/wp-json\/wp\/v2\/media?parent=47651"}],"wp:term":[{"taxonomy":"product_cat","embeddable":true,"href":"https:\/\/librairie7l.com\/en\/wp-json\/wp\/v2\/product_cat?post=47651"},{"taxonomy":"product_tag","embeddable":true,"href":"https:\/\/librairie7l.com\/en\/wp-json\/wp\/v2\/product_tag?post=47651"}],"curies":[{"name":"wp","href":"https:\/\/api.w.org\/{rel}","templated":true}]}}