{"id":47655,"date":"2025-04-23T09:17:39","date_gmt":"2025-04-23T07:17:39","guid":{"rendered":"https:\/\/librairie7l.com\/?post_type=product&#038;p=47655"},"modified":"2026-04-08T09:55:40","modified_gmt":"2026-04-08T07:55:40","slug":"clin-doeil-andree-putman-une-collection-pour-litton-furniture-2","status":"publish","type":"product","link":"https:\/\/librairie7l.com\/en\/produit\/clin-doeil-andree-putman-une-collection-pour-litton-furniture-2\/","title":{"rendered":"CLIN D&#8217;OEIL : ANDR\u00c9E PUTMAN ; UNE COLLECTION POUR LITTON FURNITURE"},"content":{"rendered":"<p>Tout a commenc\u00e9 par un d\u00eener entre Andr\u00e9e Putman et Sir Terence Conran, l&#8217;homme qui a \u00abinvent\u00e9\u00bb le design en Europe avec Habitat, la cha\u00eene qui a chang\u00e9 le d\u00e9cor quotidien de millions de personnes. Au cours de ce d\u00eener \u00e0 Paris, Sir Conran a demand\u00e9 \u00e0 Andr\u00e9e Putman de cr\u00e9er une collection enti\u00e8re de meubles pour Litton Furniture, un petit atelier d&#8217;\u00e9b\u00e9nisterie o\u00f9 travaillent dix artisans avec un savoir-faire exceptionnel. Autrefois, Litton, install\u00e9 dans la campagne du Dorset, construisait les plus beaux yachts en bois. Aujourd&#8217;hui, l&#8217;atelier est le fournisseur attitr\u00e9 de Linley, le studio du neveu de la Reine Elizabeth, dont la liste de clients est la plus prestigieuse du Royaume Uni. Andr\u00e9e Putman a accept\u00e9 de dessiner une collection de cinq meubles exceptionnels : des pi\u00e8ces au design original et raffin\u00e9, avec une touche d&#8217;humour et une sophistication extr\u00eame. Texte de Mich\u00e8le L\u00e9cluse, critique d&#8217;art.<\/p>\n","protected":false},"excerpt":{"rendered":"<p>Tout a commenc\u00e9 par un d\u00eener entre Andr\u00e9e Putman et Sir Terence Conran, l&#8217;homme qui a \u00abinvent\u00e9\u00bb le design en Europe avec Habitat, la cha\u00eene qui a chang\u00e9 le d\u00e9cor quotidien de millions de personnes. Au cours de ce d\u00eener \u00e0 Paris, Sir Conran a demand\u00e9 \u00e0 Andr\u00e9e Putman de cr\u00e9er une collection enti\u00e8re de [&hellip;]<\/p>\n","protected":false},"featured_media":47653,"template":"","meta":[],"product_cat":[2948,2952],"product_tag":[],"acf":[],"yoast_head":"<!-- This site is optimized with the Yoast SEO plugin v20.11 - https:\/\/yoast.com\/wordpress\/plugins\/seo\/ -->\n<title>Clin d&#039;oeil : Andr\u00e9e Putman ; une collection pour Litton Furniture - Librairie 7L<\/title>\n<meta name=\"robots\" content=\"index, follow, max-snippet:-1, max-image-preview:large, max-video-preview:-1\" \/>\n<link rel=\"canonical\" href=\"https:\/\/librairie7l.com\/en\/produit\/clin-doeil-andree-putman-une-collection-pour-litton-furniture-2\/\" \/>\n<meta property=\"og:locale\" content=\"en_US\" \/>\n<meta property=\"og:type\" content=\"article\" \/>\n<meta property=\"og:title\" content=\"Clin d&#039;oeil : Andr\u00e9e Putman ; une collection pour Litton Furniture - Librairie 7L\" \/>\n<meta property=\"og:description\" content=\"Tout a commenc\u00e9 par un d\u00eener entre Andr\u00e9e Putman et Sir Terence Conran, l&#8217;homme qui a \u00abinvent\u00e9\u00bb le design en Europe avec Habitat, la cha\u00eene qui a chang\u00e9 le d\u00e9cor quotidien de millions de personnes. Au cours de ce d\u00eener \u00e0 Paris, Sir Conran a demand\u00e9 \u00e0 Andr\u00e9e Putman de cr\u00e9er une collection enti\u00e8re de [&hellip;]\" \/>\n<meta property=\"og:url\" content=\"https:\/\/librairie7l.com\/en\/produit\/clin-doeil-andree-putman-une-collection-pour-litton-furniture-2\/\" \/>\n<meta property=\"og:site_name\" content=\"Librairie 7L\" \/>\n<meta property=\"article:modified_time\" content=\"2026-04-08T07:55:40+00:00\" \/>\n<meta property=\"og:image\" content=\"https:\/\/librairie7l.com\/wp-content\/uploads\/2008\/10\/9782915837339_1_75.jpg\" \/>\n\t<meta property=\"og:image:width\" content=\"50\" \/>\n\t<meta property=\"og:image:height\" content=\"50\" \/>\n\t<meta property=\"og:image:type\" content=\"image\/jpeg\" \/>\n<meta name=\"twitter:card\" content=\"summary_large_image\" \/>\n<meta name=\"twitter:label1\" content=\"Est. reading time\" \/>\n\t<meta name=\"twitter:data1\" content=\"1 minute\" \/>\n<script type=\"application\/ld+json\" class=\"yoast-schema-graph\">{\"@context\":\"https:\/\/schema.org\",\"@graph\":[{\"@type\":\"WebPage\",\"@id\":\"https:\/\/librairie7l.com\/en\/produit\/clin-doeil-andree-putman-une-collection-pour-litton-furniture-2\/\",\"url\":\"https:\/\/librairie7l.com\/en\/produit\/clin-doeil-andree-putman-une-collection-pour-litton-furniture-2\/\",\"name\":\"Clin d'oeil : Andr\u00e9e Putman ; une collection pour Litton Furniture - Librairie 7L\",\"isPartOf\":{\"@id\":\"https:\/\/librairie7l.com\/en\/#website\"},\"datePublished\":\"2025-04-23T07:17:39+00:00\",\"dateModified\":\"2026-04-08T07:55:40+00:00\",\"breadcrumb\":{\"@id\":\"https:\/\/librairie7l.com\/en\/produit\/clin-doeil-andree-putman-une-collection-pour-litton-furniture-2\/#breadcrumb\"},\"inLanguage\":\"en-US\",\"potentialAction\":[{\"@type\":\"ReadAction\",\"target\":[\"https:\/\/librairie7l.com\/en\/produit\/clin-doeil-andree-putman-une-collection-pour-litton-furniture-2\/\"]}]},{\"@type\":\"BreadcrumbList\",\"@id\":\"https:\/\/librairie7l.com\/en\/produit\/clin-doeil-andree-putman-une-collection-pour-litton-furniture-2\/#breadcrumb\",\"itemListElement\":[{\"@type\":\"ListItem\",\"position\":1,\"name\":\"Accueil\",\"item\":\"https:\/\/librairie7l.com\/en\/\"},{\"@type\":\"ListItem\",\"position\":2,\"name\":\"Shop\",\"item\":\"https:\/\/librairie7l.com\/en\/shop\/\"},{\"@type\":\"ListItem\",\"position\":3,\"name\":\"CLIN D&#8217;OEIL : ANDR\u00c9E PUTMAN ; UNE COLLECTION POUR LITTON FURNITURE\"}]},{\"@type\":\"WebSite\",\"@id\":\"https:\/\/librairie7l.com\/en\/#website\",\"url\":\"https:\/\/librairie7l.com\/en\/\",\"name\":\"Librairie 7L\",\"description\":\"Librairie fond\u00e9e en 1999 par Karl Lagerfeld \u00e0 Paris\",\"publisher\":{\"@id\":\"https:\/\/librairie7l.com\/en\/#organization\"},\"potentialAction\":[{\"@type\":\"SearchAction\",\"target\":{\"@type\":\"EntryPoint\",\"urlTemplate\":\"https:\/\/librairie7l.com\/en\/?s={search_term_string}\"},\"query-input\":\"required name=search_term_string\"}],\"inLanguage\":\"en-US\"},{\"@type\":\"Organization\",\"@id\":\"https:\/\/librairie7l.com\/en\/#organization\",\"name\":\"Librairie 7L\",\"url\":\"https:\/\/librairie7l.com\/en\/\",\"logo\":{\"@type\":\"ImageObject\",\"inLanguage\":\"en-US\",\"@id\":\"https:\/\/librairie7l.com\/en\/#\/schema\/logo\/image\/\",\"url\":\"https:\/\/librairie7l.com\/wp-content\/uploads\/2022\/08\/logo-1.png\",\"contentUrl\":\"https:\/\/librairie7l.com\/wp-content\/uploads\/2022\/08\/logo-1.png\",\"width\":227,\"height\":301,\"caption\":\"Librairie 7L\"},\"image\":{\"@id\":\"https:\/\/librairie7l.com\/en\/#\/schema\/logo\/image\/\"}}]}<\/script>\n<!-- \/ Yoast SEO plugin. -->","yoast_head_json":{"title":"Clin d'oeil : Andr\u00e9e Putman ; une collection pour Litton Furniture - Librairie 7L","robots":{"index":"index","follow":"follow","max-snippet":"max-snippet:-1","max-image-preview":"max-image-preview:large","max-video-preview":"max-video-preview:-1"},"canonical":"https:\/\/librairie7l.com\/en\/produit\/clin-doeil-andree-putman-une-collection-pour-litton-furniture-2\/","og_locale":"en_US","og_type":"article","og_title":"Clin d'oeil : Andr\u00e9e Putman ; une collection pour Litton Furniture - Librairie 7L","og_description":"Tout a commenc\u00e9 par un d\u00eener entre Andr\u00e9e Putman et Sir Terence Conran, l&#8217;homme qui a \u00abinvent\u00e9\u00bb le design en Europe avec Habitat, la cha\u00eene qui a chang\u00e9 le d\u00e9cor quotidien de millions de personnes. Au cours de ce d\u00eener \u00e0 Paris, Sir Conran a demand\u00e9 \u00e0 Andr\u00e9e Putman de cr\u00e9er une collection enti\u00e8re de [&hellip;]","og_url":"https:\/\/librairie7l.com\/en\/produit\/clin-doeil-andree-putman-une-collection-pour-litton-furniture-2\/","og_site_name":"Librairie 7L","article_modified_time":"2026-04-08T07:55:40+00:00","og_image":[{"width":50,"height":50,"url":"https:\/\/librairie7l.com\/wp-content\/uploads\/2008\/10\/9782915837339_1_75.jpg","type":"image\/jpeg"}],"twitter_card":"summary_large_image","twitter_misc":{"Est. reading time":"1 minute"},"schema":{"@context":"https:\/\/schema.org","@graph":[{"@type":"WebPage","@id":"https:\/\/librairie7l.com\/en\/produit\/clin-doeil-andree-putman-une-collection-pour-litton-furniture-2\/","url":"https:\/\/librairie7l.com\/en\/produit\/clin-doeil-andree-putman-une-collection-pour-litton-furniture-2\/","name":"Clin d'oeil : Andr\u00e9e Putman ; une collection pour Litton Furniture - Librairie 7L","isPartOf":{"@id":"https:\/\/librairie7l.com\/en\/#website"},"datePublished":"2025-04-23T07:17:39+00:00","dateModified":"2026-04-08T07:55:40+00:00","breadcrumb":{"@id":"https:\/\/librairie7l.com\/en\/produit\/clin-doeil-andree-putman-une-collection-pour-litton-furniture-2\/#breadcrumb"},"inLanguage":"en-US","potentialAction":[{"@type":"ReadAction","target":["https:\/\/librairie7l.com\/en\/produit\/clin-doeil-andree-putman-une-collection-pour-litton-furniture-2\/"]}]},{"@type":"BreadcrumbList","@id":"https:\/\/librairie7l.com\/en\/produit\/clin-doeil-andree-putman-une-collection-pour-litton-furniture-2\/#breadcrumb","itemListElement":[{"@type":"ListItem","position":1,"name":"Accueil","item":"https:\/\/librairie7l.com\/en\/"},{"@type":"ListItem","position":2,"name":"Shop","item":"https:\/\/librairie7l.com\/en\/shop\/"},{"@type":"ListItem","position":3,"name":"CLIN D&#8217;OEIL : ANDR\u00c9E PUTMAN ; UNE COLLECTION POUR LITTON FURNITURE"}]},{"@type":"WebSite","@id":"https:\/\/librairie7l.com\/en\/#website","url":"https:\/\/librairie7l.com\/en\/","name":"Librairie 7L","description":"Librairie fond\u00e9e en 1999 par Karl Lagerfeld \u00e0 Paris","publisher":{"@id":"https:\/\/librairie7l.com\/en\/#organization"},"potentialAction":[{"@type":"SearchAction","target":{"@type":"EntryPoint","urlTemplate":"https:\/\/librairie7l.com\/en\/?s={search_term_string}"},"query-input":"required name=search_term_string"}],"inLanguage":"en-US"},{"@type":"Organization","@id":"https:\/\/librairie7l.com\/en\/#organization","name":"Librairie 7L","url":"https:\/\/librairie7l.com\/en\/","logo":{"@type":"ImageObject","inLanguage":"en-US","@id":"https:\/\/librairie7l.com\/en\/#\/schema\/logo\/image\/","url":"https:\/\/librairie7l.com\/wp-content\/uploads\/2022\/08\/logo-1.png","contentUrl":"https:\/\/librairie7l.com\/wp-content\/uploads\/2022\/08\/logo-1.png","width":227,"height":301,"caption":"Librairie 7L"},"image":{"@id":"https:\/\/librairie7l.com\/en\/#\/schema\/logo\/image\/"}}]}},"_links":{"self":[{"href":"https:\/\/librairie7l.com\/en\/wp-json\/wp\/v2\/product\/47655"}],"collection":[{"href":"https:\/\/librairie7l.com\/en\/wp-json\/wp\/v2\/product"}],"about":[{"href":"https:\/\/librairie7l.com\/en\/wp-json\/wp\/v2\/types\/product"}],"wp:featuredmedia":[{"embeddable":true,"href":"https:\/\/librairie7l.com\/en\/wp-json\/wp\/v2\/media\/47653"}],"wp:attachment":[{"href":"https:\/\/librairie7l.com\/en\/wp-json\/wp\/v2\/media?parent=47655"}],"wp:term":[{"taxonomy":"product_cat","embeddable":true,"href":"https:\/\/librairie7l.com\/en\/wp-json\/wp\/v2\/product_cat?post=47655"},{"taxonomy":"product_tag","embeddable":true,"href":"https:\/\/librairie7l.com\/en\/wp-json\/wp\/v2\/product_tag?post=47655"}],"curies":[{"name":"wp","href":"https:\/\/api.w.org\/{rel}","templated":true}]}}