{"id":47671,"date":"2025-04-23T09:17:49","date_gmt":"2025-04-23T07:17:49","guid":{"rendered":"https:\/\/librairie7l.com\/?post_type=product&#038;p=47671"},"modified":"2026-04-29T17:01:15","modified_gmt":"2026-04-29T15:01:15","slug":"tissus-simultanes-de-sonia-delaunay-une-vision-moderne-2","status":"publish","type":"product","link":"https:\/\/librairie7l.com\/en\/produit\/tissus-simultanes-de-sonia-delaunay-une-vision-moderne-2\/","title":{"rendered":"TISSUS SIMULTAN\u00c9S DE SONIA DELAUNAY : UNE VISION MODERNE"},"content":{"rendered":"<p>Faire d\u00e9couvrir la cr\u00e9ation textile de Sonia Delaunay sous un angle original, voici l&#8217;ambition de l&#8217;exposition qui se tiendra au mus\u00e9e Paul \u00c9luard de Saint-Denis entre le 18 avril et le 21 juillet 2025, dont nous publions le catalogue d&#8217;exposition. Une nouvelle conception de l&#8217;art \u00e9merge au d\u00e9but du XXe si\u00e8cle : un art global, qui cherche \u00e0 d\u00e9cloisonner les beaux-arts et les arts d\u00e9coratifs. L&#8217;art textile prend alors une nouvelle dimension et de nombreuses femmes s&#8217;impliquent dans le domaine de la mode. Sonia Delaunay, peintre, dessinatrice et cr\u00e9atrice de mode en fait partie. Gr\u00e2ce \u00e0 son impressionnante collection de 400 planches d&#8217;impression sur \u00e9toffes grav\u00e9es \u00e0 partir des dessins de Sonia Delaunay, le mus\u00e9e Paul \u00c9luard propose la d\u00e9couverte d&#8217;un pan du travail de l&#8217;artiste encore m\u00e9connu du grand public et offre \u00e0 ses visiteurs une exp\u00e9rience accessible et sans pr\u00e9c\u00e9dent. Le catalogue d&#8217;exposition, suivant le parcours d&#8217;exposition, pr\u00e9sentera pr\u00e8s de 100 oeuvres, dont des gouaches pr\u00e9paratoires, des cartons de coloris, des planches d&#8217;impression, des tissus imprim\u00e9s et des photographies. Mis en regard, ces diff\u00e9rents supports permettent de mieux appr\u00e9hender le processus de cr\u00e9ation de ces textiles r\u00e9alis\u00e9s entre 1924 et 1934 tout en mettant en valeur le lien de Sonia Delaunay avec les manufactures dionysiennes dans les ann\u00e9es 1920 et 1930. Huit auteurs accompagnent cette publication : Pauline Fleury, commissaire de l&#8217;exposition, Waleria Dorogova, historienne de l&#8217;art et sp\u00e9cialiste de Sonia Delaunay, Sophie Kurkdjian, docteure en histoire des m\u00e9dias, V\u00e9ronique de Bruignac-La Hougue, conservateur en chef du d\u00e9partement Papiers peints au mus\u00e9e des arts d\u00e9coratifs de Paris, Aziza Gril-Mariote, directrice g\u00e9n\u00e9rale du mus\u00e9e des tissus de Lyon, Alessandra Ronetti, historienne de l&#8217;art, Matteo de Leeuw De Monti, Emilie Hammen, docteure en histoire de l&#8217;art enseignante de l&#8217;histoire et de la th\u00e9orie de la mode. <\/p>\n","protected":false},"excerpt":{"rendered":"<p>Faire d\u00e9couvrir la cr\u00e9ation textile de Sonia Delaunay sous un angle original, voici l&#8217;ambition de l&#8217;exposition qui se tiendra au mus\u00e9e Paul \u00c9luard de Saint-Denis entre le 18 avril et le 21 juillet 2025, dont nous publions le catalogue d&#8217;exposition. Une nouvelle conception de l&#8217;art \u00e9merge au d\u00e9but du XXe si\u00e8cle : un art global, [&hellip;]<\/p>\n","protected":false},"featured_media":47669,"template":"","meta":[],"product_cat":[2948,2953],"product_tag":[],"acf":[],"yoast_head":"<!-- This site is optimized with the Yoast SEO plugin v20.11 - https:\/\/yoast.com\/wordpress\/plugins\/seo\/ -->\n<title>Tissus simultan\u00e9s de Sonia Delaunay : Une vision moderne - Librairie 7L<\/title>\n<meta name=\"robots\" content=\"index, follow, max-snippet:-1, max-image-preview:large, max-video-preview:-1\" \/>\n<link rel=\"canonical\" href=\"https:\/\/librairie7l.com\/en\/produit\/tissus-simultanes-de-sonia-delaunay-une-vision-moderne-2\/\" \/>\n<meta property=\"og:locale\" content=\"en_US\" \/>\n<meta property=\"og:type\" content=\"article\" \/>\n<meta property=\"og:title\" content=\"Tissus simultan\u00e9s de Sonia Delaunay : Une vision moderne - Librairie 7L\" \/>\n<meta property=\"og:description\" content=\"Faire d\u00e9couvrir la cr\u00e9ation textile de Sonia Delaunay sous un angle original, voici l&#8217;ambition de l&#8217;exposition qui se tiendra au mus\u00e9e Paul \u00c9luard de Saint-Denis entre le 18 avril et le 21 juillet 2025, dont nous publions le catalogue d&#8217;exposition. Une nouvelle conception de l&#8217;art \u00e9merge au d\u00e9but du XXe si\u00e8cle : un art global, [&hellip;]\" \/>\n<meta property=\"og:url\" content=\"https:\/\/librairie7l.com\/en\/produit\/tissus-simultanes-de-sonia-delaunay-une-vision-moderne-2\/\" \/>\n<meta property=\"og:site_name\" content=\"Librairie 7L\" \/>\n<meta property=\"article:modified_time\" content=\"2026-04-29T15:01:15+00:00\" \/>\n<meta property=\"og:image\" content=\"https:\/\/librairie7l.com\/wp-content\/uploads\/2024\/12\/9782363063700_1_75.jpg\" \/>\n\t<meta property=\"og:image:width\" content=\"600\" \/>\n\t<meta property=\"og:image:height\" content=\"827\" \/>\n\t<meta property=\"og:image:type\" content=\"image\/jpeg\" \/>\n<meta name=\"twitter:card\" content=\"summary_large_image\" \/>\n<meta name=\"twitter:label1\" content=\"Est. reading time\" \/>\n\t<meta name=\"twitter:data1\" content=\"2 minutes\" \/>\n<script type=\"application\/ld+json\" class=\"yoast-schema-graph\">{\"@context\":\"https:\/\/schema.org\",\"@graph\":[{\"@type\":\"WebPage\",\"@id\":\"https:\/\/librairie7l.com\/en\/produit\/tissus-simultanes-de-sonia-delaunay-une-vision-moderne-2\/\",\"url\":\"https:\/\/librairie7l.com\/en\/produit\/tissus-simultanes-de-sonia-delaunay-une-vision-moderne-2\/\",\"name\":\"Tissus simultan\u00e9s de Sonia Delaunay : Une vision moderne - Librairie 7L\",\"isPartOf\":{\"@id\":\"https:\/\/librairie7l.com\/en\/#website\"},\"datePublished\":\"2025-04-23T07:17:49+00:00\",\"dateModified\":\"2026-04-29T15:01:15+00:00\",\"breadcrumb\":{\"@id\":\"https:\/\/librairie7l.com\/en\/produit\/tissus-simultanes-de-sonia-delaunay-une-vision-moderne-2\/#breadcrumb\"},\"inLanguage\":\"en-US\",\"potentialAction\":[{\"@type\":\"ReadAction\",\"target\":[\"https:\/\/librairie7l.com\/en\/produit\/tissus-simultanes-de-sonia-delaunay-une-vision-moderne-2\/\"]}]},{\"@type\":\"BreadcrumbList\",\"@id\":\"https:\/\/librairie7l.com\/en\/produit\/tissus-simultanes-de-sonia-delaunay-une-vision-moderne-2\/#breadcrumb\",\"itemListElement\":[{\"@type\":\"ListItem\",\"position\":1,\"name\":\"Accueil\",\"item\":\"https:\/\/librairie7l.com\/en\/\"},{\"@type\":\"ListItem\",\"position\":2,\"name\":\"Shop\",\"item\":\"https:\/\/librairie7l.com\/en\/shop\/\"},{\"@type\":\"ListItem\",\"position\":3,\"name\":\"TISSUS SIMULTAN\u00c9S DE SONIA DELAUNAY : UNE VISION MODERNE\"}]},{\"@type\":\"WebSite\",\"@id\":\"https:\/\/librairie7l.com\/en\/#website\",\"url\":\"https:\/\/librairie7l.com\/en\/\",\"name\":\"Librairie 7L\",\"description\":\"Librairie fond\u00e9e en 1999 par Karl Lagerfeld \u00e0 Paris\",\"publisher\":{\"@id\":\"https:\/\/librairie7l.com\/en\/#organization\"},\"potentialAction\":[{\"@type\":\"SearchAction\",\"target\":{\"@type\":\"EntryPoint\",\"urlTemplate\":\"https:\/\/librairie7l.com\/en\/?s={search_term_string}\"},\"query-input\":\"required name=search_term_string\"}],\"inLanguage\":\"en-US\"},{\"@type\":\"Organization\",\"@id\":\"https:\/\/librairie7l.com\/en\/#organization\",\"name\":\"Librairie 7L\",\"url\":\"https:\/\/librairie7l.com\/en\/\",\"logo\":{\"@type\":\"ImageObject\",\"inLanguage\":\"en-US\",\"@id\":\"https:\/\/librairie7l.com\/en\/#\/schema\/logo\/image\/\",\"url\":\"https:\/\/librairie7l.com\/wp-content\/uploads\/2022\/08\/logo-1.png\",\"contentUrl\":\"https:\/\/librairie7l.com\/wp-content\/uploads\/2022\/08\/logo-1.png\",\"width\":227,\"height\":301,\"caption\":\"Librairie 7L\"},\"image\":{\"@id\":\"https:\/\/librairie7l.com\/en\/#\/schema\/logo\/image\/\"}}]}<\/script>\n<!-- \/ Yoast SEO plugin. -->","yoast_head_json":{"title":"Tissus simultan\u00e9s de Sonia Delaunay : Une vision moderne - Librairie 7L","robots":{"index":"index","follow":"follow","max-snippet":"max-snippet:-1","max-image-preview":"max-image-preview:large","max-video-preview":"max-video-preview:-1"},"canonical":"https:\/\/librairie7l.com\/en\/produit\/tissus-simultanes-de-sonia-delaunay-une-vision-moderne-2\/","og_locale":"en_US","og_type":"article","og_title":"Tissus simultan\u00e9s de Sonia Delaunay : Une vision moderne - Librairie 7L","og_description":"Faire d\u00e9couvrir la cr\u00e9ation textile de Sonia Delaunay sous un angle original, voici l&#8217;ambition de l&#8217;exposition qui se tiendra au mus\u00e9e Paul \u00c9luard de Saint-Denis entre le 18 avril et le 21 juillet 2025, dont nous publions le catalogue d&#8217;exposition. Une nouvelle conception de l&#8217;art \u00e9merge au d\u00e9but du XXe si\u00e8cle : un art global, [&hellip;]","og_url":"https:\/\/librairie7l.com\/en\/produit\/tissus-simultanes-de-sonia-delaunay-une-vision-moderne-2\/","og_site_name":"Librairie 7L","article_modified_time":"2026-04-29T15:01:15+00:00","og_image":[{"width":600,"height":827,"url":"https:\/\/librairie7l.com\/wp-content\/uploads\/2024\/12\/9782363063700_1_75.jpg","type":"image\/jpeg"}],"twitter_card":"summary_large_image","twitter_misc":{"Est. reading time":"2 minutes"},"schema":{"@context":"https:\/\/schema.org","@graph":[{"@type":"WebPage","@id":"https:\/\/librairie7l.com\/en\/produit\/tissus-simultanes-de-sonia-delaunay-une-vision-moderne-2\/","url":"https:\/\/librairie7l.com\/en\/produit\/tissus-simultanes-de-sonia-delaunay-une-vision-moderne-2\/","name":"Tissus simultan\u00e9s de Sonia Delaunay : Une vision moderne - Librairie 7L","isPartOf":{"@id":"https:\/\/librairie7l.com\/en\/#website"},"datePublished":"2025-04-23T07:17:49+00:00","dateModified":"2026-04-29T15:01:15+00:00","breadcrumb":{"@id":"https:\/\/librairie7l.com\/en\/produit\/tissus-simultanes-de-sonia-delaunay-une-vision-moderne-2\/#breadcrumb"},"inLanguage":"en-US","potentialAction":[{"@type":"ReadAction","target":["https:\/\/librairie7l.com\/en\/produit\/tissus-simultanes-de-sonia-delaunay-une-vision-moderne-2\/"]}]},{"@type":"BreadcrumbList","@id":"https:\/\/librairie7l.com\/en\/produit\/tissus-simultanes-de-sonia-delaunay-une-vision-moderne-2\/#breadcrumb","itemListElement":[{"@type":"ListItem","position":1,"name":"Accueil","item":"https:\/\/librairie7l.com\/en\/"},{"@type":"ListItem","position":2,"name":"Shop","item":"https:\/\/librairie7l.com\/en\/shop\/"},{"@type":"ListItem","position":3,"name":"TISSUS SIMULTAN\u00c9S DE SONIA DELAUNAY : UNE VISION MODERNE"}]},{"@type":"WebSite","@id":"https:\/\/librairie7l.com\/en\/#website","url":"https:\/\/librairie7l.com\/en\/","name":"Librairie 7L","description":"Librairie fond\u00e9e en 1999 par Karl Lagerfeld \u00e0 Paris","publisher":{"@id":"https:\/\/librairie7l.com\/en\/#organization"},"potentialAction":[{"@type":"SearchAction","target":{"@type":"EntryPoint","urlTemplate":"https:\/\/librairie7l.com\/en\/?s={search_term_string}"},"query-input":"required name=search_term_string"}],"inLanguage":"en-US"},{"@type":"Organization","@id":"https:\/\/librairie7l.com\/en\/#organization","name":"Librairie 7L","url":"https:\/\/librairie7l.com\/en\/","logo":{"@type":"ImageObject","inLanguage":"en-US","@id":"https:\/\/librairie7l.com\/en\/#\/schema\/logo\/image\/","url":"https:\/\/librairie7l.com\/wp-content\/uploads\/2022\/08\/logo-1.png","contentUrl":"https:\/\/librairie7l.com\/wp-content\/uploads\/2022\/08\/logo-1.png","width":227,"height":301,"caption":"Librairie 7L"},"image":{"@id":"https:\/\/librairie7l.com\/en\/#\/schema\/logo\/image\/"}}]}},"_links":{"self":[{"href":"https:\/\/librairie7l.com\/en\/wp-json\/wp\/v2\/product\/47671"}],"collection":[{"href":"https:\/\/librairie7l.com\/en\/wp-json\/wp\/v2\/product"}],"about":[{"href":"https:\/\/librairie7l.com\/en\/wp-json\/wp\/v2\/types\/product"}],"wp:featuredmedia":[{"embeddable":true,"href":"https:\/\/librairie7l.com\/en\/wp-json\/wp\/v2\/media\/47669"}],"wp:attachment":[{"href":"https:\/\/librairie7l.com\/en\/wp-json\/wp\/v2\/media?parent=47671"}],"wp:term":[{"taxonomy":"product_cat","embeddable":true,"href":"https:\/\/librairie7l.com\/en\/wp-json\/wp\/v2\/product_cat?post=47671"},{"taxonomy":"product_tag","embeddable":true,"href":"https:\/\/librairie7l.com\/en\/wp-json\/wp\/v2\/product_tag?post=47671"}],"curies":[{"name":"wp","href":"https:\/\/api.w.org\/{rel}","templated":true}]}}