{"id":47699,"date":"2025-04-24T09:17:40","date_gmt":"2025-04-24T07:17:40","guid":{"rendered":"https:\/\/librairie7l.com\/?post_type=product&#038;p=47699"},"modified":"2026-04-24T13:52:36","modified_gmt":"2026-04-24T11:52:36","slug":"le-petit-tokaido-de-hiroshige-2","status":"publish","type":"product","link":"https:\/\/librairie7l.com\/en\/produit\/le-petit-tokaido-de-hiroshige-2\/","title":{"rendered":"LE PETIT T\u00d4KAID\u00d4 DE HIROSHIGE"},"content":{"rendered":"<p>Dans les ann\u00e9es 1830, Hiroshige fut l&#8217;auteur de plusieurs s\u00e9ries de gravures illustrant la c\u00e9l\u00e8bre route entre Tokyo et Kyoto qui inspira tant de sc\u00e8nes aux po\u00e8tes et romanciers japonais.<br \/>\nR\u00e9\u00e9dition s\u00e9par\u00e9e sous \u00e9tui du plus petit album consacr\u00e9 par Hiroshige \u00e0 cette route: une reproduction en fac-simile qui figurait dans le coffret Hiroshige. Sur la route du Tokaido, lui-m\u00eame accompagn\u00e9 d&#8217;un album montrant les autres types d&#8217;estampes traitant du m\u00eame motif. L&#8217;ouvrage est accompagn\u00e9 d&#8217;un livret \u00e9crit par Nelly Delay expliquant l&#8217;origine et la fortune du th\u00e8me d&#8217;inspiration que repr\u00e9sente cette route et d\u00e9crivant toutes les planches de l&#8217;album consacr\u00e9es \u00e0 autant de stations de cette c\u00e9l\u00e8bre voie de communication.<\/p>\n","protected":false},"excerpt":{"rendered":"<p>Dans les ann\u00e9es 1830, Hiroshige fut l&#8217;auteur de plusieurs s\u00e9ries de gravures illustrant la c\u00e9l\u00e8bre route entre Tokyo et Kyoto qui inspira tant de sc\u00e8nes aux po\u00e8tes et romanciers japonais. R\u00e9\u00e9dition s\u00e9par\u00e9e sous \u00e9tui du plus petit album consacr\u00e9 par Hiroshige \u00e0 cette route: une reproduction en fac-simile qui figurait dans le coffret Hiroshige. Sur [&hellip;]<\/p>\n","protected":false},"featured_media":47697,"template":"","meta":[],"product_cat":[2948,2953],"product_tag":[],"acf":[],"yoast_head":"<!-- This site is optimized with the Yoast SEO plugin v20.11 - https:\/\/yoast.com\/wordpress\/plugins\/seo\/ -->\n<title>Le petit T\u00f4kaid\u00f4 de Hiroshige - Librairie 7L<\/title>\n<meta name=\"robots\" content=\"index, follow, max-snippet:-1, max-image-preview:large, max-video-preview:-1\" \/>\n<link rel=\"canonical\" href=\"https:\/\/librairie7l.com\/en\/produit\/le-petit-tokaido-de-hiroshige-2\/\" \/>\n<meta property=\"og:locale\" content=\"en_US\" \/>\n<meta property=\"og:type\" content=\"article\" \/>\n<meta property=\"og:title\" content=\"Le petit T\u00f4kaid\u00f4 de Hiroshige - Librairie 7L\" \/>\n<meta property=\"og:description\" content=\"Dans les ann\u00e9es 1830, Hiroshige fut l&#8217;auteur de plusieurs s\u00e9ries de gravures illustrant la c\u00e9l\u00e8bre route entre Tokyo et Kyoto qui inspira tant de sc\u00e8nes aux po\u00e8tes et romanciers japonais. R\u00e9\u00e9dition s\u00e9par\u00e9e sous \u00e9tui du plus petit album consacr\u00e9 par Hiroshige \u00e0 cette route: une reproduction en fac-simile qui figurait dans le coffret Hiroshige. Sur [&hellip;]\" \/>\n<meta property=\"og:url\" content=\"https:\/\/librairie7l.com\/en\/produit\/le-petit-tokaido-de-hiroshige-2\/\" \/>\n<meta property=\"og:site_name\" content=\"Librairie 7L\" \/>\n<meta property=\"article:modified_time\" content=\"2026-04-24T11:52:36+00:00\" \/>\n<meta property=\"og:image\" content=\"https:\/\/librairie7l.com\/wp-content\/uploads\/2012\/04\/9782754106443_1_75.jpg\" \/>\n\t<meta property=\"og:image:width\" content=\"600\" \/>\n\t<meta property=\"og:image:height\" content=\"865\" \/>\n\t<meta property=\"og:image:type\" content=\"image\/jpeg\" \/>\n<meta name=\"twitter:card\" content=\"summary_large_image\" \/>\n<meta name=\"twitter:label1\" content=\"Est. reading time\" \/>\n\t<meta name=\"twitter:data1\" content=\"1 minute\" \/>\n<script type=\"application\/ld+json\" class=\"yoast-schema-graph\">{\"@context\":\"https:\/\/schema.org\",\"@graph\":[{\"@type\":\"WebPage\",\"@id\":\"https:\/\/librairie7l.com\/en\/produit\/le-petit-tokaido-de-hiroshige-2\/\",\"url\":\"https:\/\/librairie7l.com\/en\/produit\/le-petit-tokaido-de-hiroshige-2\/\",\"name\":\"Le petit T\u00f4kaid\u00f4 de Hiroshige - Librairie 7L\",\"isPartOf\":{\"@id\":\"https:\/\/librairie7l.com\/en\/#website\"},\"datePublished\":\"2025-04-24T07:17:40+00:00\",\"dateModified\":\"2026-04-24T11:52:36+00:00\",\"breadcrumb\":{\"@id\":\"https:\/\/librairie7l.com\/en\/produit\/le-petit-tokaido-de-hiroshige-2\/#breadcrumb\"},\"inLanguage\":\"en-US\",\"potentialAction\":[{\"@type\":\"ReadAction\",\"target\":[\"https:\/\/librairie7l.com\/en\/produit\/le-petit-tokaido-de-hiroshige-2\/\"]}]},{\"@type\":\"BreadcrumbList\",\"@id\":\"https:\/\/librairie7l.com\/en\/produit\/le-petit-tokaido-de-hiroshige-2\/#breadcrumb\",\"itemListElement\":[{\"@type\":\"ListItem\",\"position\":1,\"name\":\"Accueil\",\"item\":\"https:\/\/librairie7l.com\/en\/\"},{\"@type\":\"ListItem\",\"position\":2,\"name\":\"Shop\",\"item\":\"https:\/\/librairie7l.com\/en\/shop\/\"},{\"@type\":\"ListItem\",\"position\":3,\"name\":\"LE PETIT T\u00d4KAID\u00d4 DE HIROSHIGE\"}]},{\"@type\":\"WebSite\",\"@id\":\"https:\/\/librairie7l.com\/en\/#website\",\"url\":\"https:\/\/librairie7l.com\/en\/\",\"name\":\"Librairie 7L\",\"description\":\"Librairie fond\u00e9e en 1999 par Karl Lagerfeld \u00e0 Paris\",\"publisher\":{\"@id\":\"https:\/\/librairie7l.com\/en\/#organization\"},\"potentialAction\":[{\"@type\":\"SearchAction\",\"target\":{\"@type\":\"EntryPoint\",\"urlTemplate\":\"https:\/\/librairie7l.com\/en\/?s={search_term_string}\"},\"query-input\":\"required name=search_term_string\"}],\"inLanguage\":\"en-US\"},{\"@type\":\"Organization\",\"@id\":\"https:\/\/librairie7l.com\/en\/#organization\",\"name\":\"Librairie 7L\",\"url\":\"https:\/\/librairie7l.com\/en\/\",\"logo\":{\"@type\":\"ImageObject\",\"inLanguage\":\"en-US\",\"@id\":\"https:\/\/librairie7l.com\/en\/#\/schema\/logo\/image\/\",\"url\":\"https:\/\/librairie7l.com\/wp-content\/uploads\/2022\/08\/logo-1.png\",\"contentUrl\":\"https:\/\/librairie7l.com\/wp-content\/uploads\/2022\/08\/logo-1.png\",\"width\":227,\"height\":301,\"caption\":\"Librairie 7L\"},\"image\":{\"@id\":\"https:\/\/librairie7l.com\/en\/#\/schema\/logo\/image\/\"}}]}<\/script>\n<!-- \/ Yoast SEO plugin. -->","yoast_head_json":{"title":"Le petit T\u00f4kaid\u00f4 de Hiroshige - Librairie 7L","robots":{"index":"index","follow":"follow","max-snippet":"max-snippet:-1","max-image-preview":"max-image-preview:large","max-video-preview":"max-video-preview:-1"},"canonical":"https:\/\/librairie7l.com\/en\/produit\/le-petit-tokaido-de-hiroshige-2\/","og_locale":"en_US","og_type":"article","og_title":"Le petit T\u00f4kaid\u00f4 de Hiroshige - Librairie 7L","og_description":"Dans les ann\u00e9es 1830, Hiroshige fut l&#8217;auteur de plusieurs s\u00e9ries de gravures illustrant la c\u00e9l\u00e8bre route entre Tokyo et Kyoto qui inspira tant de sc\u00e8nes aux po\u00e8tes et romanciers japonais. R\u00e9\u00e9dition s\u00e9par\u00e9e sous \u00e9tui du plus petit album consacr\u00e9 par Hiroshige \u00e0 cette route: une reproduction en fac-simile qui figurait dans le coffret Hiroshige. Sur [&hellip;]","og_url":"https:\/\/librairie7l.com\/en\/produit\/le-petit-tokaido-de-hiroshige-2\/","og_site_name":"Librairie 7L","article_modified_time":"2026-04-24T11:52:36+00:00","og_image":[{"width":600,"height":865,"url":"https:\/\/librairie7l.com\/wp-content\/uploads\/2012\/04\/9782754106443_1_75.jpg","type":"image\/jpeg"}],"twitter_card":"summary_large_image","twitter_misc":{"Est. reading time":"1 minute"},"schema":{"@context":"https:\/\/schema.org","@graph":[{"@type":"WebPage","@id":"https:\/\/librairie7l.com\/en\/produit\/le-petit-tokaido-de-hiroshige-2\/","url":"https:\/\/librairie7l.com\/en\/produit\/le-petit-tokaido-de-hiroshige-2\/","name":"Le petit T\u00f4kaid\u00f4 de Hiroshige - Librairie 7L","isPartOf":{"@id":"https:\/\/librairie7l.com\/en\/#website"},"datePublished":"2025-04-24T07:17:40+00:00","dateModified":"2026-04-24T11:52:36+00:00","breadcrumb":{"@id":"https:\/\/librairie7l.com\/en\/produit\/le-petit-tokaido-de-hiroshige-2\/#breadcrumb"},"inLanguage":"en-US","potentialAction":[{"@type":"ReadAction","target":["https:\/\/librairie7l.com\/en\/produit\/le-petit-tokaido-de-hiroshige-2\/"]}]},{"@type":"BreadcrumbList","@id":"https:\/\/librairie7l.com\/en\/produit\/le-petit-tokaido-de-hiroshige-2\/#breadcrumb","itemListElement":[{"@type":"ListItem","position":1,"name":"Accueil","item":"https:\/\/librairie7l.com\/en\/"},{"@type":"ListItem","position":2,"name":"Shop","item":"https:\/\/librairie7l.com\/en\/shop\/"},{"@type":"ListItem","position":3,"name":"LE PETIT T\u00d4KAID\u00d4 DE HIROSHIGE"}]},{"@type":"WebSite","@id":"https:\/\/librairie7l.com\/en\/#website","url":"https:\/\/librairie7l.com\/en\/","name":"Librairie 7L","description":"Librairie fond\u00e9e en 1999 par Karl Lagerfeld \u00e0 Paris","publisher":{"@id":"https:\/\/librairie7l.com\/en\/#organization"},"potentialAction":[{"@type":"SearchAction","target":{"@type":"EntryPoint","urlTemplate":"https:\/\/librairie7l.com\/en\/?s={search_term_string}"},"query-input":"required name=search_term_string"}],"inLanguage":"en-US"},{"@type":"Organization","@id":"https:\/\/librairie7l.com\/en\/#organization","name":"Librairie 7L","url":"https:\/\/librairie7l.com\/en\/","logo":{"@type":"ImageObject","inLanguage":"en-US","@id":"https:\/\/librairie7l.com\/en\/#\/schema\/logo\/image\/","url":"https:\/\/librairie7l.com\/wp-content\/uploads\/2022\/08\/logo-1.png","contentUrl":"https:\/\/librairie7l.com\/wp-content\/uploads\/2022\/08\/logo-1.png","width":227,"height":301,"caption":"Librairie 7L"},"image":{"@id":"https:\/\/librairie7l.com\/en\/#\/schema\/logo\/image\/"}}]}},"_links":{"self":[{"href":"https:\/\/librairie7l.com\/en\/wp-json\/wp\/v2\/product\/47699"}],"collection":[{"href":"https:\/\/librairie7l.com\/en\/wp-json\/wp\/v2\/product"}],"about":[{"href":"https:\/\/librairie7l.com\/en\/wp-json\/wp\/v2\/types\/product"}],"wp:featuredmedia":[{"embeddable":true,"href":"https:\/\/librairie7l.com\/en\/wp-json\/wp\/v2\/media\/47697"}],"wp:attachment":[{"href":"https:\/\/librairie7l.com\/en\/wp-json\/wp\/v2\/media?parent=47699"}],"wp:term":[{"taxonomy":"product_cat","embeddable":true,"href":"https:\/\/librairie7l.com\/en\/wp-json\/wp\/v2\/product_cat?post=47699"},{"taxonomy":"product_tag","embeddable":true,"href":"https:\/\/librairie7l.com\/en\/wp-json\/wp\/v2\/product_tag?post=47699"}],"curies":[{"name":"wp","href":"https:\/\/api.w.org\/{rel}","templated":true}]}}