{"id":47711,"date":"2025-04-24T09:17:47","date_gmt":"2025-04-24T07:17:47","guid":{"rendered":"https:\/\/librairie7l.com\/?post_type=product&#038;p=47711"},"modified":"2026-04-24T13:52:57","modified_gmt":"2026-04-24T11:52:57","slug":"the-book-of-colour-concepts-2","status":"publish","type":"product","link":"https:\/\/librairie7l.com\/en\/produit\/the-book-of-colour-concepts-2\/","title":{"rendered":"THE BOOK OF COLOUR CONCEPTS"},"content":{"rendered":"<p>Quatre si\u00e8cles de couleurs.<br \/>\nL&#8217;histoire humaine de la couleur, un panorama en deux tomes.<\/p>\n<p>Les formes les plus pr\u00e9coces de cr\u00e9ativit\u00e9 humaine &#8211; entailles, marques et peintures rupestres &#8211; t\u00e9moignent de la relation ancestrale entre l&#8217;Humanit\u00e9 et la couleur. Le d\u00e9sir de donner structure, ordre et sens \u00e0 ce concept aussi universel qu&#8217;insaisissable est tout aussi ancien et c&#8217;est cette fascination qui lie les oeuvres r\u00e9unies dans cet ouvrage d&#8217;envergure.<\/p>\n<p>The Book of Colour Concepts puise dans plus de 65 livres rares et manuscrits conserv\u00e9s par une multitude d&#8217;institutions, notamment dans les collections de couleurs les plus r\u00e9put\u00e9es au monde, et embarque le lecteur pour une odyss\u00e9e chromatique de quatre si\u00e8cles, \u00e0 travers un millier d&#8217;images &#8211; roues et sph\u00e8res sensuelles, tableaux laborieusement remplis et diagrammes m\u00e9ticuleux dont beaucoup ont \u00e9t\u00e9 photographi\u00e9s en exclusivit\u00e9 pour cette \u00e9dition. Certains des concepts expos\u00e9s proposent des taxonomies exhaustives, quand d&#8217;autres offrent plut\u00f4t une r\u00e9flexion sur la relation entre couleur et musique, ou sur les affinit\u00e9s entre les couleurs et les \u00e9motions humaines.<\/p>\n<p>Les oeuvres qui ont marqu\u00e9 la th\u00e9orie de la couleur, comme l&#8217;Optique d&#8217;Isaac Newton et le fameux Trait\u00e9 des couleurs de Johann Wolfgang von Goethe, y figurent au c\u00f4t\u00e9 de contributions plus rares et m\u00e9connues, notamment les syst\u00e8mes th\u00e9osophiques de Charles Webster Leadbeater et Annie Besant, le \u00ab dictionnaire \u00bb exhaustif des couleurs d&#8217;Aloys John Maerz et Morris Rea Paul, et les combinaisons de couleurs de l&#8217;artiste et cr\u00e9ateur de costumes japonais Sanzo Wada.<\/p>\n<p>Les deux tomes mettent aussi en lumi\u00e8re le travail intrigant et souvent m\u00e9sestim\u00e9 de femmes, parmi lesquelles les \u00abtaches\u00bb de couleur radicalement novatrices de l&#8217;aquarelliste anglaise \u00e9prise de botanique Mary Gartside et le carnet de la pionni\u00e8re et mystique Hilma af Klint.<\/p>\n<p>Les syst\u00e8mes chromatiques qui composent cette \u00e9diton sont mises en contexte par des essais introductifs de l&#8217;\u00e9ditrice Alexandra Loske et de sa co-autrice Sarah Lowengard, et des textes \u00e9rudits de l&#8217;\u00e9ditrice consacr\u00e9s aux oeuvres reproduites diss\u00e8quent chaque concept. The Book of Colour Concepts met en lumi\u00e8re l&#8217;histoire de la couleur sous toutes ses formes et propose une chronologie chromatique sans \u00e9quivalent par son ampleur.<\/p>\n","protected":false},"excerpt":{"rendered":"<p>Quatre si\u00e8cles de couleurs. L&#8217;histoire humaine de la couleur, un panorama en deux tomes. Les formes les plus pr\u00e9coces de cr\u00e9ativit\u00e9 humaine &#8211; entailles, marques et peintures rupestres &#8211; t\u00e9moignent de la relation ancestrale entre l&#8217;Humanit\u00e9 et la couleur. Le d\u00e9sir de donner structure, ordre et sens \u00e0 ce concept aussi universel qu&#8217;insaisissable est tout [&hellip;]<\/p>\n","protected":false},"featured_media":47709,"template":"","meta":[],"product_cat":[2948,2953],"product_tag":[],"acf":[],"yoast_head":"<!-- This site is optimized with the Yoast SEO plugin v20.11 - https:\/\/yoast.com\/wordpress\/plugins\/seo\/ -->\n<title>The book of colour concepts - Librairie 7L<\/title>\n<meta name=\"robots\" content=\"index, follow, max-snippet:-1, max-image-preview:large, max-video-preview:-1\" \/>\n<link rel=\"canonical\" href=\"https:\/\/librairie7l.com\/en\/produit\/the-book-of-colour-concepts-2\/\" \/>\n<meta property=\"og:locale\" content=\"en_US\" \/>\n<meta property=\"og:type\" content=\"article\" \/>\n<meta property=\"og:title\" content=\"The book of colour concepts - Librairie 7L\" \/>\n<meta property=\"og:description\" content=\"Quatre si\u00e8cles de couleurs. L&#8217;histoire humaine de la couleur, un panorama en deux tomes. Les formes les plus pr\u00e9coces de cr\u00e9ativit\u00e9 humaine &#8211; entailles, marques et peintures rupestres &#8211; t\u00e9moignent de la relation ancestrale entre l&#8217;Humanit\u00e9 et la couleur. Le d\u00e9sir de donner structure, ordre et sens \u00e0 ce concept aussi universel qu&#8217;insaisissable est tout [&hellip;]\" \/>\n<meta property=\"og:url\" content=\"https:\/\/librairie7l.com\/en\/produit\/the-book-of-colour-concepts-2\/\" \/>\n<meta property=\"og:site_name\" content=\"Librairie 7L\" \/>\n<meta property=\"article:modified_time\" content=\"2026-04-24T11:52:57+00:00\" \/>\n<meta property=\"og:image\" content=\"https:\/\/librairie7l.com\/wp-content\/uploads\/2024\/01\/9783836595650_1_75.jpg\" \/>\n\t<meta property=\"og:image:width\" content=\"600\" \/>\n\t<meta property=\"og:image:height\" content=\"614\" \/>\n\t<meta property=\"og:image:type\" content=\"image\/jpeg\" \/>\n<meta name=\"twitter:card\" content=\"summary_large_image\" \/>\n<meta name=\"twitter:label1\" content=\"Est. reading time\" \/>\n\t<meta name=\"twitter:data1\" content=\"2 minutes\" \/>\n<script type=\"application\/ld+json\" class=\"yoast-schema-graph\">{\"@context\":\"https:\/\/schema.org\",\"@graph\":[{\"@type\":\"WebPage\",\"@id\":\"https:\/\/librairie7l.com\/en\/produit\/the-book-of-colour-concepts-2\/\",\"url\":\"https:\/\/librairie7l.com\/en\/produit\/the-book-of-colour-concepts-2\/\",\"name\":\"The book of colour concepts - Librairie 7L\",\"isPartOf\":{\"@id\":\"https:\/\/librairie7l.com\/en\/#website\"},\"datePublished\":\"2025-04-24T07:17:47+00:00\",\"dateModified\":\"2026-04-24T11:52:57+00:00\",\"breadcrumb\":{\"@id\":\"https:\/\/librairie7l.com\/en\/produit\/the-book-of-colour-concepts-2\/#breadcrumb\"},\"inLanguage\":\"en-US\",\"potentialAction\":[{\"@type\":\"ReadAction\",\"target\":[\"https:\/\/librairie7l.com\/en\/produit\/the-book-of-colour-concepts-2\/\"]}]},{\"@type\":\"BreadcrumbList\",\"@id\":\"https:\/\/librairie7l.com\/en\/produit\/the-book-of-colour-concepts-2\/#breadcrumb\",\"itemListElement\":[{\"@type\":\"ListItem\",\"position\":1,\"name\":\"Accueil\",\"item\":\"https:\/\/librairie7l.com\/en\/\"},{\"@type\":\"ListItem\",\"position\":2,\"name\":\"Shop\",\"item\":\"https:\/\/librairie7l.com\/en\/shop\/\"},{\"@type\":\"ListItem\",\"position\":3,\"name\":\"THE BOOK OF COLOUR CONCEPTS\"}]},{\"@type\":\"WebSite\",\"@id\":\"https:\/\/librairie7l.com\/en\/#website\",\"url\":\"https:\/\/librairie7l.com\/en\/\",\"name\":\"Librairie 7L\",\"description\":\"Librairie fond\u00e9e en 1999 par Karl Lagerfeld \u00e0 Paris\",\"publisher\":{\"@id\":\"https:\/\/librairie7l.com\/en\/#organization\"},\"potentialAction\":[{\"@type\":\"SearchAction\",\"target\":{\"@type\":\"EntryPoint\",\"urlTemplate\":\"https:\/\/librairie7l.com\/en\/?s={search_term_string}\"},\"query-input\":\"required name=search_term_string\"}],\"inLanguage\":\"en-US\"},{\"@type\":\"Organization\",\"@id\":\"https:\/\/librairie7l.com\/en\/#organization\",\"name\":\"Librairie 7L\",\"url\":\"https:\/\/librairie7l.com\/en\/\",\"logo\":{\"@type\":\"ImageObject\",\"inLanguage\":\"en-US\",\"@id\":\"https:\/\/librairie7l.com\/en\/#\/schema\/logo\/image\/\",\"url\":\"https:\/\/librairie7l.com\/wp-content\/uploads\/2022\/08\/logo-1.png\",\"contentUrl\":\"https:\/\/librairie7l.com\/wp-content\/uploads\/2022\/08\/logo-1.png\",\"width\":227,\"height\":301,\"caption\":\"Librairie 7L\"},\"image\":{\"@id\":\"https:\/\/librairie7l.com\/en\/#\/schema\/logo\/image\/\"}}]}<\/script>\n<!-- \/ Yoast SEO plugin. -->","yoast_head_json":{"title":"The book of colour concepts - Librairie 7L","robots":{"index":"index","follow":"follow","max-snippet":"max-snippet:-1","max-image-preview":"max-image-preview:large","max-video-preview":"max-video-preview:-1"},"canonical":"https:\/\/librairie7l.com\/en\/produit\/the-book-of-colour-concepts-2\/","og_locale":"en_US","og_type":"article","og_title":"The book of colour concepts - Librairie 7L","og_description":"Quatre si\u00e8cles de couleurs. L&#8217;histoire humaine de la couleur, un panorama en deux tomes. Les formes les plus pr\u00e9coces de cr\u00e9ativit\u00e9 humaine &#8211; entailles, marques et peintures rupestres &#8211; t\u00e9moignent de la relation ancestrale entre l&#8217;Humanit\u00e9 et la couleur. Le d\u00e9sir de donner structure, ordre et sens \u00e0 ce concept aussi universel qu&#8217;insaisissable est tout [&hellip;]","og_url":"https:\/\/librairie7l.com\/en\/produit\/the-book-of-colour-concepts-2\/","og_site_name":"Librairie 7L","article_modified_time":"2026-04-24T11:52:57+00:00","og_image":[{"width":600,"height":614,"url":"https:\/\/librairie7l.com\/wp-content\/uploads\/2024\/01\/9783836595650_1_75.jpg","type":"image\/jpeg"}],"twitter_card":"summary_large_image","twitter_misc":{"Est. reading time":"2 minutes"},"schema":{"@context":"https:\/\/schema.org","@graph":[{"@type":"WebPage","@id":"https:\/\/librairie7l.com\/en\/produit\/the-book-of-colour-concepts-2\/","url":"https:\/\/librairie7l.com\/en\/produit\/the-book-of-colour-concepts-2\/","name":"The book of colour concepts - Librairie 7L","isPartOf":{"@id":"https:\/\/librairie7l.com\/en\/#website"},"datePublished":"2025-04-24T07:17:47+00:00","dateModified":"2026-04-24T11:52:57+00:00","breadcrumb":{"@id":"https:\/\/librairie7l.com\/en\/produit\/the-book-of-colour-concepts-2\/#breadcrumb"},"inLanguage":"en-US","potentialAction":[{"@type":"ReadAction","target":["https:\/\/librairie7l.com\/en\/produit\/the-book-of-colour-concepts-2\/"]}]},{"@type":"BreadcrumbList","@id":"https:\/\/librairie7l.com\/en\/produit\/the-book-of-colour-concepts-2\/#breadcrumb","itemListElement":[{"@type":"ListItem","position":1,"name":"Accueil","item":"https:\/\/librairie7l.com\/en\/"},{"@type":"ListItem","position":2,"name":"Shop","item":"https:\/\/librairie7l.com\/en\/shop\/"},{"@type":"ListItem","position":3,"name":"THE BOOK OF COLOUR CONCEPTS"}]},{"@type":"WebSite","@id":"https:\/\/librairie7l.com\/en\/#website","url":"https:\/\/librairie7l.com\/en\/","name":"Librairie 7L","description":"Librairie fond\u00e9e en 1999 par Karl Lagerfeld \u00e0 Paris","publisher":{"@id":"https:\/\/librairie7l.com\/en\/#organization"},"potentialAction":[{"@type":"SearchAction","target":{"@type":"EntryPoint","urlTemplate":"https:\/\/librairie7l.com\/en\/?s={search_term_string}"},"query-input":"required name=search_term_string"}],"inLanguage":"en-US"},{"@type":"Organization","@id":"https:\/\/librairie7l.com\/en\/#organization","name":"Librairie 7L","url":"https:\/\/librairie7l.com\/en\/","logo":{"@type":"ImageObject","inLanguage":"en-US","@id":"https:\/\/librairie7l.com\/en\/#\/schema\/logo\/image\/","url":"https:\/\/librairie7l.com\/wp-content\/uploads\/2022\/08\/logo-1.png","contentUrl":"https:\/\/librairie7l.com\/wp-content\/uploads\/2022\/08\/logo-1.png","width":227,"height":301,"caption":"Librairie 7L"},"image":{"@id":"https:\/\/librairie7l.com\/en\/#\/schema\/logo\/image\/"}}]}},"_links":{"self":[{"href":"https:\/\/librairie7l.com\/en\/wp-json\/wp\/v2\/product\/47711"}],"collection":[{"href":"https:\/\/librairie7l.com\/en\/wp-json\/wp\/v2\/product"}],"about":[{"href":"https:\/\/librairie7l.com\/en\/wp-json\/wp\/v2\/types\/product"}],"wp:featuredmedia":[{"embeddable":true,"href":"https:\/\/librairie7l.com\/en\/wp-json\/wp\/v2\/media\/47709"}],"wp:attachment":[{"href":"https:\/\/librairie7l.com\/en\/wp-json\/wp\/v2\/media?parent=47711"}],"wp:term":[{"taxonomy":"product_cat","embeddable":true,"href":"https:\/\/librairie7l.com\/en\/wp-json\/wp\/v2\/product_cat?post=47711"},{"taxonomy":"product_tag","embeddable":true,"href":"https:\/\/librairie7l.com\/en\/wp-json\/wp\/v2\/product_tag?post=47711"}],"curies":[{"name":"wp","href":"https:\/\/api.w.org\/{rel}","templated":true}]}}