{"id":47717,"date":"2025-04-24T21:22:06","date_gmt":"2025-04-24T19:22:06","guid":{"rendered":"https:\/\/librairie7l.com\/?post_type=product&#038;p=47717"},"modified":"2026-04-13T16:27:51","modified_gmt":"2026-04-13T14:27:51","slug":"1000-nudes-2","status":"publish","type":"product","link":"https:\/\/librairie7l.com\/en\/produit\/1000-nudes-2\/","title":{"rendered":"1000 NUDES"},"content":{"rendered":"<p>L&#8217;histoire de la photographie de nu est aussi celle de la fascination des gens pour ce sujet. En effet, la description photographique du corps humain est sans doute le seul sujet \u00e0 passionner autant photographes, th\u00e9oriciens et consommateurs depuis plus de 150 ans. \u00c0 toutes les \u00e9tapes de son d\u00e9veloppement, l&#8217;histoire de la photographie l&#8217;a adopt\u00e9 comme motif dominant, omnipr\u00e9sent m\u00eame, toutes techniques confondues. Aucun autre th\u00e8me n&#8217;a ainsi fait l&#8217;objet de discussions dans presque tous les mouvements esth\u00e9tiques. Aucun autre sujet pictural n&#8217;a g\u00e9n\u00e9r\u00e9 autant de sp\u00e9cialit\u00e9s diff\u00e9rentes que le nu: de l&#8217;interpr\u00e9tation ethnologique du corps aux clich\u00e9s glamour, de la photographie nudiste aux pin-up d&#8217;aujourd&#8217;hui. Aucun autre champ d&#8217;application photographique n&#8217;a autant attis\u00e9 \u00e0 la fois le d\u00e9sir intime et la col\u00e8re publique.1000 Nudes pr\u00e9sente l&#8217;histoire de la photographie de nu dans toute sa vari\u00e9t\u00e9, des premiers daguerr\u00e9otypes et photos ethnographiques jusqu&#8217;\u00e0 la photographie de nu exp\u00e9rimentale. Cet ouvrage couvre un si\u00e8cle, de 1839 \u00e0 1939 environ, de l&#8217;enfance de ce mode d&#8217;expression \u00e0 la fin du modernisme classique. Il rend hommage \u00e0 l&#8217;ensemble des approches picturales, des nus artistiques \u00e9labor\u00e9s \u00e0 la main au tournant du si\u00e8cle, envelopp\u00e9s de th\u00e9ories, aux cartes postales \u00abobsc\u00e8nes\u00bb sans aucune pr\u00e9tention artistique visant directement le portefeuille du client.<br \/>\nToutes les images propos\u00e9es sont tir\u00e9es de la collection d&#8217;Uwe Scheid, aujourd&#8217;hui disparu, une des plus vastes et importantes collections de photographie \u00e9rotique au monde.<\/p>\n","protected":false},"excerpt":{"rendered":"<p>L&#8217;histoire de la photographie de nu est aussi celle de la fascination des gens pour ce sujet. En effet, la description photographique du corps humain est sans doute le seul sujet \u00e0 passionner autant photographes, th\u00e9oriciens et consommateurs depuis plus de 150 ans. \u00c0 toutes les \u00e9tapes de son d\u00e9veloppement, l&#8217;histoire de la photographie l&#8217;a [&hellip;]<\/p>\n","protected":false},"featured_media":47715,"template":"","meta":[],"product_cat":[7364,2948],"product_tag":[],"acf":[],"yoast_head":"<!-- This site is optimized with the Yoast SEO plugin v20.11 - https:\/\/yoast.com\/wordpress\/plugins\/seo\/ -->\n<title>1000 nudes - Librairie 7L<\/title>\n<meta name=\"robots\" content=\"index, follow, max-snippet:-1, max-image-preview:large, max-video-preview:-1\" \/>\n<link rel=\"canonical\" href=\"https:\/\/librairie7l.com\/en\/produit\/1000-nudes-2\/\" \/>\n<meta property=\"og:locale\" content=\"en_US\" \/>\n<meta property=\"og:type\" content=\"article\" \/>\n<meta property=\"og:title\" content=\"1000 nudes - Librairie 7L\" \/>\n<meta property=\"og:description\" content=\"L&#8217;histoire de la photographie de nu est aussi celle de la fascination des gens pour ce sujet. En effet, la description photographique du corps humain est sans doute le seul sujet \u00e0 passionner autant photographes, th\u00e9oriciens et consommateurs depuis plus de 150 ans. \u00c0 toutes les \u00e9tapes de son d\u00e9veloppement, l&#8217;histoire de la photographie l&#8217;a [&hellip;]\" \/>\n<meta property=\"og:url\" content=\"https:\/\/librairie7l.com\/en\/produit\/1000-nudes-2\/\" \/>\n<meta property=\"og:site_name\" content=\"Librairie 7L\" \/>\n<meta property=\"article:modified_time\" content=\"2026-04-13T14:27:51+00:00\" \/>\n<meta property=\"og:image\" content=\"https:\/\/librairie7l.com\/wp-content\/uploads\/2014\/09\/9783836554466_1_75.jpg\" \/>\n\t<meta property=\"og:image:width\" content=\"600\" \/>\n\t<meta property=\"og:image:height\" content=\"782\" \/>\n\t<meta property=\"og:image:type\" content=\"image\/jpeg\" \/>\n<meta name=\"twitter:card\" content=\"summary_large_image\" \/>\n<meta name=\"twitter:label1\" content=\"Est. reading time\" \/>\n\t<meta name=\"twitter:data1\" content=\"1 minute\" \/>\n<script type=\"application\/ld+json\" class=\"yoast-schema-graph\">{\"@context\":\"https:\/\/schema.org\",\"@graph\":[{\"@type\":\"WebPage\",\"@id\":\"https:\/\/librairie7l.com\/en\/produit\/1000-nudes-2\/\",\"url\":\"https:\/\/librairie7l.com\/en\/produit\/1000-nudes-2\/\",\"name\":\"1000 nudes - Librairie 7L\",\"isPartOf\":{\"@id\":\"https:\/\/librairie7l.com\/en\/#website\"},\"datePublished\":\"2025-04-24T19:22:06+00:00\",\"dateModified\":\"2026-04-13T14:27:51+00:00\",\"breadcrumb\":{\"@id\":\"https:\/\/librairie7l.com\/en\/produit\/1000-nudes-2\/#breadcrumb\"},\"inLanguage\":\"en-US\",\"potentialAction\":[{\"@type\":\"ReadAction\",\"target\":[\"https:\/\/librairie7l.com\/en\/produit\/1000-nudes-2\/\"]}]},{\"@type\":\"BreadcrumbList\",\"@id\":\"https:\/\/librairie7l.com\/en\/produit\/1000-nudes-2\/#breadcrumb\",\"itemListElement\":[{\"@type\":\"ListItem\",\"position\":1,\"name\":\"Accueil\",\"item\":\"https:\/\/librairie7l.com\/en\/\"},{\"@type\":\"ListItem\",\"position\":2,\"name\":\"Shop\",\"item\":\"https:\/\/librairie7l.com\/en\/shop\/\"},{\"@type\":\"ListItem\",\"position\":3,\"name\":\"1000 NUDES\"}]},{\"@type\":\"WebSite\",\"@id\":\"https:\/\/librairie7l.com\/en\/#website\",\"url\":\"https:\/\/librairie7l.com\/en\/\",\"name\":\"Librairie 7L\",\"description\":\"Librairie fond\u00e9e en 1999 par Karl Lagerfeld \u00e0 Paris\",\"publisher\":{\"@id\":\"https:\/\/librairie7l.com\/en\/#organization\"},\"potentialAction\":[{\"@type\":\"SearchAction\",\"target\":{\"@type\":\"EntryPoint\",\"urlTemplate\":\"https:\/\/librairie7l.com\/en\/?s={search_term_string}\"},\"query-input\":\"required name=search_term_string\"}],\"inLanguage\":\"en-US\"},{\"@type\":\"Organization\",\"@id\":\"https:\/\/librairie7l.com\/en\/#organization\",\"name\":\"Librairie 7L\",\"url\":\"https:\/\/librairie7l.com\/en\/\",\"logo\":{\"@type\":\"ImageObject\",\"inLanguage\":\"en-US\",\"@id\":\"https:\/\/librairie7l.com\/en\/#\/schema\/logo\/image\/\",\"url\":\"https:\/\/librairie7l.com\/wp-content\/uploads\/2022\/08\/logo-1.png\",\"contentUrl\":\"https:\/\/librairie7l.com\/wp-content\/uploads\/2022\/08\/logo-1.png\",\"width\":227,\"height\":301,\"caption\":\"Librairie 7L\"},\"image\":{\"@id\":\"https:\/\/librairie7l.com\/en\/#\/schema\/logo\/image\/\"}}]}<\/script>\n<!-- \/ Yoast SEO plugin. -->","yoast_head_json":{"title":"1000 nudes - Librairie 7L","robots":{"index":"index","follow":"follow","max-snippet":"max-snippet:-1","max-image-preview":"max-image-preview:large","max-video-preview":"max-video-preview:-1"},"canonical":"https:\/\/librairie7l.com\/en\/produit\/1000-nudes-2\/","og_locale":"en_US","og_type":"article","og_title":"1000 nudes - Librairie 7L","og_description":"L&#8217;histoire de la photographie de nu est aussi celle de la fascination des gens pour ce sujet. En effet, la description photographique du corps humain est sans doute le seul sujet \u00e0 passionner autant photographes, th\u00e9oriciens et consommateurs depuis plus de 150 ans. \u00c0 toutes les \u00e9tapes de son d\u00e9veloppement, l&#8217;histoire de la photographie l&#8217;a [&hellip;]","og_url":"https:\/\/librairie7l.com\/en\/produit\/1000-nudes-2\/","og_site_name":"Librairie 7L","article_modified_time":"2026-04-13T14:27:51+00:00","og_image":[{"width":600,"height":782,"url":"https:\/\/librairie7l.com\/wp-content\/uploads\/2014\/09\/9783836554466_1_75.jpg","type":"image\/jpeg"}],"twitter_card":"summary_large_image","twitter_misc":{"Est. reading time":"1 minute"},"schema":{"@context":"https:\/\/schema.org","@graph":[{"@type":"WebPage","@id":"https:\/\/librairie7l.com\/en\/produit\/1000-nudes-2\/","url":"https:\/\/librairie7l.com\/en\/produit\/1000-nudes-2\/","name":"1000 nudes - Librairie 7L","isPartOf":{"@id":"https:\/\/librairie7l.com\/en\/#website"},"datePublished":"2025-04-24T19:22:06+00:00","dateModified":"2026-04-13T14:27:51+00:00","breadcrumb":{"@id":"https:\/\/librairie7l.com\/en\/produit\/1000-nudes-2\/#breadcrumb"},"inLanguage":"en-US","potentialAction":[{"@type":"ReadAction","target":["https:\/\/librairie7l.com\/en\/produit\/1000-nudes-2\/"]}]},{"@type":"BreadcrumbList","@id":"https:\/\/librairie7l.com\/en\/produit\/1000-nudes-2\/#breadcrumb","itemListElement":[{"@type":"ListItem","position":1,"name":"Accueil","item":"https:\/\/librairie7l.com\/en\/"},{"@type":"ListItem","position":2,"name":"Shop","item":"https:\/\/librairie7l.com\/en\/shop\/"},{"@type":"ListItem","position":3,"name":"1000 NUDES"}]},{"@type":"WebSite","@id":"https:\/\/librairie7l.com\/en\/#website","url":"https:\/\/librairie7l.com\/en\/","name":"Librairie 7L","description":"Librairie fond\u00e9e en 1999 par Karl Lagerfeld \u00e0 Paris","publisher":{"@id":"https:\/\/librairie7l.com\/en\/#organization"},"potentialAction":[{"@type":"SearchAction","target":{"@type":"EntryPoint","urlTemplate":"https:\/\/librairie7l.com\/en\/?s={search_term_string}"},"query-input":"required name=search_term_string"}],"inLanguage":"en-US"},{"@type":"Organization","@id":"https:\/\/librairie7l.com\/en\/#organization","name":"Librairie 7L","url":"https:\/\/librairie7l.com\/en\/","logo":{"@type":"ImageObject","inLanguage":"en-US","@id":"https:\/\/librairie7l.com\/en\/#\/schema\/logo\/image\/","url":"https:\/\/librairie7l.com\/wp-content\/uploads\/2022\/08\/logo-1.png","contentUrl":"https:\/\/librairie7l.com\/wp-content\/uploads\/2022\/08\/logo-1.png","width":227,"height":301,"caption":"Librairie 7L"},"image":{"@id":"https:\/\/librairie7l.com\/en\/#\/schema\/logo\/image\/"}}]}},"_links":{"self":[{"href":"https:\/\/librairie7l.com\/en\/wp-json\/wp\/v2\/product\/47717"}],"collection":[{"href":"https:\/\/librairie7l.com\/en\/wp-json\/wp\/v2\/product"}],"about":[{"href":"https:\/\/librairie7l.com\/en\/wp-json\/wp\/v2\/types\/product"}],"wp:featuredmedia":[{"embeddable":true,"href":"https:\/\/librairie7l.com\/en\/wp-json\/wp\/v2\/media\/47715"}],"wp:attachment":[{"href":"https:\/\/librairie7l.com\/en\/wp-json\/wp\/v2\/media?parent=47717"}],"wp:term":[{"taxonomy":"product_cat","embeddable":true,"href":"https:\/\/librairie7l.com\/en\/wp-json\/wp\/v2\/product_cat?post=47717"},{"taxonomy":"product_tag","embeddable":true,"href":"https:\/\/librairie7l.com\/en\/wp-json\/wp\/v2\/product_tag?post=47717"}],"curies":[{"name":"wp","href":"https:\/\/api.w.org\/{rel}","templated":true}]}}