{"id":47721,"date":"2025-04-25T09:17:38","date_gmt":"2025-04-25T07:17:38","guid":{"rendered":"https:\/\/librairie7l.com\/?post_type=product&#038;p=47721"},"modified":"2026-04-24T15:32:40","modified_gmt":"2026-04-24T13:32:40","slug":"choregraphies-dessiner-danser-xviie-xxie-siecle-2","status":"publish","type":"product","link":"https:\/\/librairie7l.com\/en\/produit\/choregraphies-dessiner-danser-xviie-xxie-siecle-2\/","title":{"rendered":"CHOR\u00c9GRAPHIES : DESSINER, DANSER (XVIIE-XXIE SI\u00c8CLE)"},"content":{"rendered":"<p>L&#8217;ouvrage met en lumi\u00e8re les relations tiss\u00e9es entre danse et dessin, en abordant les pratiques graphiques de danseurs et de chor\u00e9graphes. Des carnets de r\u00e9p\u00e9tition aux partitions grand format, des dessins de ma\u00eetres de ballet aux exp\u00e9riences personnelles de notation, le catalogue interroge la mani\u00e8re dont le dessin peut \u00eatre constitutif d&#8217;une pratique chor\u00e9graphique, dans un processus de cr\u00e9ation, de transmission \u00e0 des danseurs, dans une d\u00e9marche de diffusion, voire de pr\u00e9servation.<br \/>\nTous les types de danse sont pris en compte, qu&#8217;il s&#8217;agisse de pratique professionnelle ou amateur : le ballet, la danse contemporaine, les danses de soci\u00e9t\u00e9, les danses r\u00e9gionales&#8230; le tout sur un temps long, du si\u00e8cle de Louis XIV \u00e0 nos jours.<br \/>\nAlors qu&#8217;il n&#8217;existe pas un unique syst\u00e8me de notation en danse et que la transmission reste avant tout une transmission orale et somatique, d&#8217;un corps \u00e0 un autre, dessin et pratiques graphiques ont pu s&#8217;\u00e9panouir avec une grande libert\u00e9 : de l&#8217;invention d&#8217;une pluralit\u00e9 de syst\u00e8mes de notation \u00e0 des exp\u00e9riences plus individuelles de dessin et de partitions, l&#8217;ouvrage pr\u00e9sente ces ancrages mat\u00e9riels de la cr\u00e9ation chor\u00e9graphique, avec une attention particuli\u00e8re \u00e0 la conjonction du geste et du crayon.<\/p>\n","protected":false},"excerpt":{"rendered":"<p>L&#8217;ouvrage met en lumi\u00e8re les relations tiss\u00e9es entre danse et dessin, en abordant les pratiques graphiques de danseurs et de chor\u00e9graphes. Des carnets de r\u00e9p\u00e9tition aux partitions grand format, des dessins de ma\u00eetres de ballet aux exp\u00e9riences personnelles de notation, le catalogue interroge la mani\u00e8re dont le dessin peut \u00eatre constitutif d&#8217;une pratique chor\u00e9graphique, dans [&hellip;]<\/p>\n","protected":false},"featured_media":47719,"template":"","meta":[],"product_cat":[2948,2953],"product_tag":[],"acf":[],"yoast_head":"<!-- This site is optimized with the Yoast SEO plugin v20.11 - https:\/\/yoast.com\/wordpress\/plugins\/seo\/ -->\n<title>Chor\u00e9graphies : Dessiner, danser (XVIIe-XXIe si\u00e8cle) - Librairie 7L<\/title>\n<meta name=\"robots\" content=\"index, follow, max-snippet:-1, max-image-preview:large, max-video-preview:-1\" \/>\n<link rel=\"canonical\" href=\"https:\/\/librairie7l.com\/en\/produit\/choregraphies-dessiner-danser-xviie-xxie-siecle-2\/\" \/>\n<meta property=\"og:locale\" content=\"en_US\" \/>\n<meta property=\"og:type\" content=\"article\" \/>\n<meta property=\"og:title\" content=\"Chor\u00e9graphies : Dessiner, danser (XVIIe-XXIe si\u00e8cle) - Librairie 7L\" \/>\n<meta property=\"og:description\" content=\"L&#8217;ouvrage met en lumi\u00e8re les relations tiss\u00e9es entre danse et dessin, en abordant les pratiques graphiques de danseurs et de chor\u00e9graphes. Des carnets de r\u00e9p\u00e9tition aux partitions grand format, des dessins de ma\u00eetres de ballet aux exp\u00e9riences personnelles de notation, le catalogue interroge la mani\u00e8re dont le dessin peut \u00eatre constitutif d&#8217;une pratique chor\u00e9graphique, dans [&hellip;]\" \/>\n<meta property=\"og:url\" content=\"https:\/\/librairie7l.com\/en\/produit\/choregraphies-dessiner-danser-xviie-xxie-siecle-2\/\" \/>\n<meta property=\"og:site_name\" content=\"Librairie 7L\" \/>\n<meta property=\"article:modified_time\" content=\"2026-04-24T13:32:40+00:00\" \/>\n<meta property=\"og:image\" content=\"https:\/\/librairie7l.com\/wp-content\/uploads\/2024\/11\/9782359064629_1_75.jpg\" \/>\n\t<meta property=\"og:image:width\" content=\"600\" \/>\n\t<meta property=\"og:image:height\" content=\"822\" \/>\n\t<meta property=\"og:image:type\" content=\"image\/jpeg\" \/>\n<meta name=\"twitter:card\" content=\"summary_large_image\" \/>\n<meta name=\"twitter:label1\" content=\"Est. reading time\" \/>\n\t<meta name=\"twitter:data1\" content=\"1 minute\" \/>\n<script type=\"application\/ld+json\" class=\"yoast-schema-graph\">{\"@context\":\"https:\/\/schema.org\",\"@graph\":[{\"@type\":\"WebPage\",\"@id\":\"https:\/\/librairie7l.com\/en\/produit\/choregraphies-dessiner-danser-xviie-xxie-siecle-2\/\",\"url\":\"https:\/\/librairie7l.com\/en\/produit\/choregraphies-dessiner-danser-xviie-xxie-siecle-2\/\",\"name\":\"Chor\u00e9graphies : Dessiner, danser (XVIIe-XXIe si\u00e8cle) - Librairie 7L\",\"isPartOf\":{\"@id\":\"https:\/\/librairie7l.com\/en\/#website\"},\"datePublished\":\"2025-04-25T07:17:38+00:00\",\"dateModified\":\"2026-04-24T13:32:40+00:00\",\"breadcrumb\":{\"@id\":\"https:\/\/librairie7l.com\/en\/produit\/choregraphies-dessiner-danser-xviie-xxie-siecle-2\/#breadcrumb\"},\"inLanguage\":\"en-US\",\"potentialAction\":[{\"@type\":\"ReadAction\",\"target\":[\"https:\/\/librairie7l.com\/en\/produit\/choregraphies-dessiner-danser-xviie-xxie-siecle-2\/\"]}]},{\"@type\":\"BreadcrumbList\",\"@id\":\"https:\/\/librairie7l.com\/en\/produit\/choregraphies-dessiner-danser-xviie-xxie-siecle-2\/#breadcrumb\",\"itemListElement\":[{\"@type\":\"ListItem\",\"position\":1,\"name\":\"Accueil\",\"item\":\"https:\/\/librairie7l.com\/en\/\"},{\"@type\":\"ListItem\",\"position\":2,\"name\":\"Shop\",\"item\":\"https:\/\/librairie7l.com\/en\/shop\/\"},{\"@type\":\"ListItem\",\"position\":3,\"name\":\"CHOR\u00c9GRAPHIES : DESSINER, DANSER (XVIIE-XXIE SI\u00c8CLE)\"}]},{\"@type\":\"WebSite\",\"@id\":\"https:\/\/librairie7l.com\/en\/#website\",\"url\":\"https:\/\/librairie7l.com\/en\/\",\"name\":\"Librairie 7L\",\"description\":\"Librairie fond\u00e9e en 1999 par Karl Lagerfeld \u00e0 Paris\",\"publisher\":{\"@id\":\"https:\/\/librairie7l.com\/en\/#organization\"},\"potentialAction\":[{\"@type\":\"SearchAction\",\"target\":{\"@type\":\"EntryPoint\",\"urlTemplate\":\"https:\/\/librairie7l.com\/en\/?s={search_term_string}\"},\"query-input\":\"required name=search_term_string\"}],\"inLanguage\":\"en-US\"},{\"@type\":\"Organization\",\"@id\":\"https:\/\/librairie7l.com\/en\/#organization\",\"name\":\"Librairie 7L\",\"url\":\"https:\/\/librairie7l.com\/en\/\",\"logo\":{\"@type\":\"ImageObject\",\"inLanguage\":\"en-US\",\"@id\":\"https:\/\/librairie7l.com\/en\/#\/schema\/logo\/image\/\",\"url\":\"https:\/\/librairie7l.com\/wp-content\/uploads\/2022\/08\/logo-1.png\",\"contentUrl\":\"https:\/\/librairie7l.com\/wp-content\/uploads\/2022\/08\/logo-1.png\",\"width\":227,\"height\":301,\"caption\":\"Librairie 7L\"},\"image\":{\"@id\":\"https:\/\/librairie7l.com\/en\/#\/schema\/logo\/image\/\"}}]}<\/script>\n<!-- \/ Yoast SEO plugin. -->","yoast_head_json":{"title":"Chor\u00e9graphies : Dessiner, danser (XVIIe-XXIe si\u00e8cle) - Librairie 7L","robots":{"index":"index","follow":"follow","max-snippet":"max-snippet:-1","max-image-preview":"max-image-preview:large","max-video-preview":"max-video-preview:-1"},"canonical":"https:\/\/librairie7l.com\/en\/produit\/choregraphies-dessiner-danser-xviie-xxie-siecle-2\/","og_locale":"en_US","og_type":"article","og_title":"Chor\u00e9graphies : Dessiner, danser (XVIIe-XXIe si\u00e8cle) - Librairie 7L","og_description":"L&#8217;ouvrage met en lumi\u00e8re les relations tiss\u00e9es entre danse et dessin, en abordant les pratiques graphiques de danseurs et de chor\u00e9graphes. Des carnets de r\u00e9p\u00e9tition aux partitions grand format, des dessins de ma\u00eetres de ballet aux exp\u00e9riences personnelles de notation, le catalogue interroge la mani\u00e8re dont le dessin peut \u00eatre constitutif d&#8217;une pratique chor\u00e9graphique, dans [&hellip;]","og_url":"https:\/\/librairie7l.com\/en\/produit\/choregraphies-dessiner-danser-xviie-xxie-siecle-2\/","og_site_name":"Librairie 7L","article_modified_time":"2026-04-24T13:32:40+00:00","og_image":[{"width":600,"height":822,"url":"https:\/\/librairie7l.com\/wp-content\/uploads\/2024\/11\/9782359064629_1_75.jpg","type":"image\/jpeg"}],"twitter_card":"summary_large_image","twitter_misc":{"Est. reading time":"1 minute"},"schema":{"@context":"https:\/\/schema.org","@graph":[{"@type":"WebPage","@id":"https:\/\/librairie7l.com\/en\/produit\/choregraphies-dessiner-danser-xviie-xxie-siecle-2\/","url":"https:\/\/librairie7l.com\/en\/produit\/choregraphies-dessiner-danser-xviie-xxie-siecle-2\/","name":"Chor\u00e9graphies : Dessiner, danser (XVIIe-XXIe si\u00e8cle) - Librairie 7L","isPartOf":{"@id":"https:\/\/librairie7l.com\/en\/#website"},"datePublished":"2025-04-25T07:17:38+00:00","dateModified":"2026-04-24T13:32:40+00:00","breadcrumb":{"@id":"https:\/\/librairie7l.com\/en\/produit\/choregraphies-dessiner-danser-xviie-xxie-siecle-2\/#breadcrumb"},"inLanguage":"en-US","potentialAction":[{"@type":"ReadAction","target":["https:\/\/librairie7l.com\/en\/produit\/choregraphies-dessiner-danser-xviie-xxie-siecle-2\/"]}]},{"@type":"BreadcrumbList","@id":"https:\/\/librairie7l.com\/en\/produit\/choregraphies-dessiner-danser-xviie-xxie-siecle-2\/#breadcrumb","itemListElement":[{"@type":"ListItem","position":1,"name":"Accueil","item":"https:\/\/librairie7l.com\/en\/"},{"@type":"ListItem","position":2,"name":"Shop","item":"https:\/\/librairie7l.com\/en\/shop\/"},{"@type":"ListItem","position":3,"name":"CHOR\u00c9GRAPHIES : DESSINER, DANSER (XVIIE-XXIE SI\u00c8CLE)"}]},{"@type":"WebSite","@id":"https:\/\/librairie7l.com\/en\/#website","url":"https:\/\/librairie7l.com\/en\/","name":"Librairie 7L","description":"Librairie fond\u00e9e en 1999 par Karl Lagerfeld \u00e0 Paris","publisher":{"@id":"https:\/\/librairie7l.com\/en\/#organization"},"potentialAction":[{"@type":"SearchAction","target":{"@type":"EntryPoint","urlTemplate":"https:\/\/librairie7l.com\/en\/?s={search_term_string}"},"query-input":"required name=search_term_string"}],"inLanguage":"en-US"},{"@type":"Organization","@id":"https:\/\/librairie7l.com\/en\/#organization","name":"Librairie 7L","url":"https:\/\/librairie7l.com\/en\/","logo":{"@type":"ImageObject","inLanguage":"en-US","@id":"https:\/\/librairie7l.com\/en\/#\/schema\/logo\/image\/","url":"https:\/\/librairie7l.com\/wp-content\/uploads\/2022\/08\/logo-1.png","contentUrl":"https:\/\/librairie7l.com\/wp-content\/uploads\/2022\/08\/logo-1.png","width":227,"height":301,"caption":"Librairie 7L"},"image":{"@id":"https:\/\/librairie7l.com\/en\/#\/schema\/logo\/image\/"}}]}},"_links":{"self":[{"href":"https:\/\/librairie7l.com\/en\/wp-json\/wp\/v2\/product\/47721"}],"collection":[{"href":"https:\/\/librairie7l.com\/en\/wp-json\/wp\/v2\/product"}],"about":[{"href":"https:\/\/librairie7l.com\/en\/wp-json\/wp\/v2\/types\/product"}],"wp:featuredmedia":[{"embeddable":true,"href":"https:\/\/librairie7l.com\/en\/wp-json\/wp\/v2\/media\/47719"}],"wp:attachment":[{"href":"https:\/\/librairie7l.com\/en\/wp-json\/wp\/v2\/media?parent=47721"}],"wp:term":[{"taxonomy":"product_cat","embeddable":true,"href":"https:\/\/librairie7l.com\/en\/wp-json\/wp\/v2\/product_cat?post=47721"},{"taxonomy":"product_tag","embeddable":true,"href":"https:\/\/librairie7l.com\/en\/wp-json\/wp\/v2\/product_tag?post=47721"}],"curies":[{"name":"wp","href":"https:\/\/api.w.org\/{rel}","templated":true}]}}