{"id":47725,"date":"2025-04-25T09:17:42","date_gmt":"2025-04-25T07:17:42","guid":{"rendered":"https:\/\/librairie7l.com\/?post_type=product&#038;p=47725"},"modified":"2026-04-08T08:17:47","modified_gmt":"2026-04-08T06:17:47","slug":"montmartre-interviews-dessinees-au-coeur-de-la-butte-2","status":"publish","type":"product","link":"https:\/\/librairie7l.com\/en\/produit\/montmartre-interviews-dessinees-au-coeur-de-la-butte-2\/","title":{"rendered":"MONTMARTRE : INTERVIEWS DESSIN\u00c9ES AU COEUR DE LA BUTTE"},"content":{"rendered":"<p>Une galerie de personnages vivant \u00e0 Montmartre pour en saisir l&#8217;esprit libre et frondeur, promenade truff\u00e9e d&#8217;anecdotes et de petites histoires de la boh\u00e8me parisienne. Un r\u00e9cit vivant, des interviews dessin\u00e9es, une immersion totale pour mettre un nom sur des visages. Une plong\u00e9e dans les coulisses de ces lieux embl\u00e9matiques au prestige centenaire.<\/p>\n","protected":false},"excerpt":{"rendered":"<p>Une galerie de personnages vivant \u00e0 Montmartre pour en saisir l&#8217;esprit libre et frondeur, promenade truff\u00e9e d&#8217;anecdotes et de petites histoires de la boh\u00e8me parisienne. Un r\u00e9cit vivant, des interviews dessin\u00e9es, une immersion totale pour mettre un nom sur des visages. Une plong\u00e9e dans les coulisses de ces lieux embl\u00e9matiques au prestige centenaire.<\/p>\n","protected":false},"featured_media":47723,"template":"","meta":[],"product_cat":[2948,2953],"product_tag":[],"acf":[],"yoast_head":"<!-- This site is optimized with the Yoast SEO plugin v20.11 - https:\/\/yoast.com\/wordpress\/plugins\/seo\/ -->\n<title>Montmartre : interviews dessin\u00e9es au coeur de la Butte - Librairie 7L<\/title>\n<meta name=\"robots\" content=\"index, follow, max-snippet:-1, max-image-preview:large, max-video-preview:-1\" \/>\n<link rel=\"canonical\" href=\"https:\/\/librairie7l.com\/en\/produit\/montmartre-interviews-dessinees-au-coeur-de-la-butte-2\/\" \/>\n<meta property=\"og:locale\" content=\"en_US\" \/>\n<meta property=\"og:type\" content=\"article\" \/>\n<meta property=\"og:title\" content=\"Montmartre : interviews dessin\u00e9es au coeur de la Butte - Librairie 7L\" \/>\n<meta property=\"og:description\" content=\"Une galerie de personnages vivant \u00e0 Montmartre pour en saisir l&#8217;esprit libre et frondeur, promenade truff\u00e9e d&#8217;anecdotes et de petites histoires de la boh\u00e8me parisienne. Un r\u00e9cit vivant, des interviews dessin\u00e9es, une immersion totale pour mettre un nom sur des visages. Une plong\u00e9e dans les coulisses de ces lieux embl\u00e9matiques au prestige centenaire.\" \/>\n<meta property=\"og:url\" content=\"https:\/\/librairie7l.com\/en\/produit\/montmartre-interviews-dessinees-au-coeur-de-la-butte-2\/\" \/>\n<meta property=\"og:site_name\" content=\"Librairie 7L\" \/>\n<meta property=\"article:modified_time\" content=\"2026-04-08T06:17:47+00:00\" \/>\n<meta property=\"og:image\" content=\"https:\/\/librairie7l.com\/wp-content\/uploads\/2023\/03\/9782350747453_1_75.jpg\" \/>\n\t<meta property=\"og:image:width\" content=\"831\" \/>\n\t<meta property=\"og:image:height\" content=\"600\" \/>\n\t<meta property=\"og:image:type\" content=\"image\/jpeg\" \/>\n<meta name=\"twitter:card\" content=\"summary_large_image\" \/>\n<script type=\"application\/ld+json\" class=\"yoast-schema-graph\">{\"@context\":\"https:\/\/schema.org\",\"@graph\":[{\"@type\":\"WebPage\",\"@id\":\"https:\/\/librairie7l.com\/en\/produit\/montmartre-interviews-dessinees-au-coeur-de-la-butte-2\/\",\"url\":\"https:\/\/librairie7l.com\/en\/produit\/montmartre-interviews-dessinees-au-coeur-de-la-butte-2\/\",\"name\":\"Montmartre : interviews dessin\u00e9es au coeur de la Butte - Librairie 7L\",\"isPartOf\":{\"@id\":\"https:\/\/librairie7l.com\/en\/#website\"},\"datePublished\":\"2025-04-25T07:17:42+00:00\",\"dateModified\":\"2026-04-08T06:17:47+00:00\",\"breadcrumb\":{\"@id\":\"https:\/\/librairie7l.com\/en\/produit\/montmartre-interviews-dessinees-au-coeur-de-la-butte-2\/#breadcrumb\"},\"inLanguage\":\"en-US\",\"potentialAction\":[{\"@type\":\"ReadAction\",\"target\":[\"https:\/\/librairie7l.com\/en\/produit\/montmartre-interviews-dessinees-au-coeur-de-la-butte-2\/\"]}]},{\"@type\":\"BreadcrumbList\",\"@id\":\"https:\/\/librairie7l.com\/en\/produit\/montmartre-interviews-dessinees-au-coeur-de-la-butte-2\/#breadcrumb\",\"itemListElement\":[{\"@type\":\"ListItem\",\"position\":1,\"name\":\"Accueil\",\"item\":\"https:\/\/librairie7l.com\/en\/\"},{\"@type\":\"ListItem\",\"position\":2,\"name\":\"Shop\",\"item\":\"https:\/\/librairie7l.com\/en\/shop\/\"},{\"@type\":\"ListItem\",\"position\":3,\"name\":\"MONTMARTRE : INTERVIEWS DESSIN\u00c9ES AU COEUR DE LA BUTTE\"}]},{\"@type\":\"WebSite\",\"@id\":\"https:\/\/librairie7l.com\/en\/#website\",\"url\":\"https:\/\/librairie7l.com\/en\/\",\"name\":\"Librairie 7L\",\"description\":\"Librairie fond\u00e9e en 1999 par Karl Lagerfeld \u00e0 Paris\",\"publisher\":{\"@id\":\"https:\/\/librairie7l.com\/en\/#organization\"},\"potentialAction\":[{\"@type\":\"SearchAction\",\"target\":{\"@type\":\"EntryPoint\",\"urlTemplate\":\"https:\/\/librairie7l.com\/en\/?s={search_term_string}\"},\"query-input\":\"required name=search_term_string\"}],\"inLanguage\":\"en-US\"},{\"@type\":\"Organization\",\"@id\":\"https:\/\/librairie7l.com\/en\/#organization\",\"name\":\"Librairie 7L\",\"url\":\"https:\/\/librairie7l.com\/en\/\",\"logo\":{\"@type\":\"ImageObject\",\"inLanguage\":\"en-US\",\"@id\":\"https:\/\/librairie7l.com\/en\/#\/schema\/logo\/image\/\",\"url\":\"https:\/\/librairie7l.com\/wp-content\/uploads\/2022\/08\/logo-1.png\",\"contentUrl\":\"https:\/\/librairie7l.com\/wp-content\/uploads\/2022\/08\/logo-1.png\",\"width\":227,\"height\":301,\"caption\":\"Librairie 7L\"},\"image\":{\"@id\":\"https:\/\/librairie7l.com\/en\/#\/schema\/logo\/image\/\"}}]}<\/script>\n<!-- \/ Yoast SEO plugin. -->","yoast_head_json":{"title":"Montmartre : interviews dessin\u00e9es au coeur de la Butte - Librairie 7L","robots":{"index":"index","follow":"follow","max-snippet":"max-snippet:-1","max-image-preview":"max-image-preview:large","max-video-preview":"max-video-preview:-1"},"canonical":"https:\/\/librairie7l.com\/en\/produit\/montmartre-interviews-dessinees-au-coeur-de-la-butte-2\/","og_locale":"en_US","og_type":"article","og_title":"Montmartre : interviews dessin\u00e9es au coeur de la Butte - Librairie 7L","og_description":"Une galerie de personnages vivant \u00e0 Montmartre pour en saisir l&#8217;esprit libre et frondeur, promenade truff\u00e9e d&#8217;anecdotes et de petites histoires de la boh\u00e8me parisienne. Un r\u00e9cit vivant, des interviews dessin\u00e9es, une immersion totale pour mettre un nom sur des visages. Une plong\u00e9e dans les coulisses de ces lieux embl\u00e9matiques au prestige centenaire.","og_url":"https:\/\/librairie7l.com\/en\/produit\/montmartre-interviews-dessinees-au-coeur-de-la-butte-2\/","og_site_name":"Librairie 7L","article_modified_time":"2026-04-08T06:17:47+00:00","og_image":[{"width":831,"height":600,"url":"https:\/\/librairie7l.com\/wp-content\/uploads\/2023\/03\/9782350747453_1_75.jpg","type":"image\/jpeg"}],"twitter_card":"summary_large_image","schema":{"@context":"https:\/\/schema.org","@graph":[{"@type":"WebPage","@id":"https:\/\/librairie7l.com\/en\/produit\/montmartre-interviews-dessinees-au-coeur-de-la-butte-2\/","url":"https:\/\/librairie7l.com\/en\/produit\/montmartre-interviews-dessinees-au-coeur-de-la-butte-2\/","name":"Montmartre : interviews dessin\u00e9es au coeur de la Butte - Librairie 7L","isPartOf":{"@id":"https:\/\/librairie7l.com\/en\/#website"},"datePublished":"2025-04-25T07:17:42+00:00","dateModified":"2026-04-08T06:17:47+00:00","breadcrumb":{"@id":"https:\/\/librairie7l.com\/en\/produit\/montmartre-interviews-dessinees-au-coeur-de-la-butte-2\/#breadcrumb"},"inLanguage":"en-US","potentialAction":[{"@type":"ReadAction","target":["https:\/\/librairie7l.com\/en\/produit\/montmartre-interviews-dessinees-au-coeur-de-la-butte-2\/"]}]},{"@type":"BreadcrumbList","@id":"https:\/\/librairie7l.com\/en\/produit\/montmartre-interviews-dessinees-au-coeur-de-la-butte-2\/#breadcrumb","itemListElement":[{"@type":"ListItem","position":1,"name":"Accueil","item":"https:\/\/librairie7l.com\/en\/"},{"@type":"ListItem","position":2,"name":"Shop","item":"https:\/\/librairie7l.com\/en\/shop\/"},{"@type":"ListItem","position":3,"name":"MONTMARTRE : INTERVIEWS DESSIN\u00c9ES AU COEUR DE LA BUTTE"}]},{"@type":"WebSite","@id":"https:\/\/librairie7l.com\/en\/#website","url":"https:\/\/librairie7l.com\/en\/","name":"Librairie 7L","description":"Librairie fond\u00e9e en 1999 par Karl Lagerfeld \u00e0 Paris","publisher":{"@id":"https:\/\/librairie7l.com\/en\/#organization"},"potentialAction":[{"@type":"SearchAction","target":{"@type":"EntryPoint","urlTemplate":"https:\/\/librairie7l.com\/en\/?s={search_term_string}"},"query-input":"required name=search_term_string"}],"inLanguage":"en-US"},{"@type":"Organization","@id":"https:\/\/librairie7l.com\/en\/#organization","name":"Librairie 7L","url":"https:\/\/librairie7l.com\/en\/","logo":{"@type":"ImageObject","inLanguage":"en-US","@id":"https:\/\/librairie7l.com\/en\/#\/schema\/logo\/image\/","url":"https:\/\/librairie7l.com\/wp-content\/uploads\/2022\/08\/logo-1.png","contentUrl":"https:\/\/librairie7l.com\/wp-content\/uploads\/2022\/08\/logo-1.png","width":227,"height":301,"caption":"Librairie 7L"},"image":{"@id":"https:\/\/librairie7l.com\/en\/#\/schema\/logo\/image\/"}}]}},"_links":{"self":[{"href":"https:\/\/librairie7l.com\/en\/wp-json\/wp\/v2\/product\/47725"}],"collection":[{"href":"https:\/\/librairie7l.com\/en\/wp-json\/wp\/v2\/product"}],"about":[{"href":"https:\/\/librairie7l.com\/en\/wp-json\/wp\/v2\/types\/product"}],"wp:featuredmedia":[{"embeddable":true,"href":"https:\/\/librairie7l.com\/en\/wp-json\/wp\/v2\/media\/47723"}],"wp:attachment":[{"href":"https:\/\/librairie7l.com\/en\/wp-json\/wp\/v2\/media?parent=47725"}],"wp:term":[{"taxonomy":"product_cat","embeddable":true,"href":"https:\/\/librairie7l.com\/en\/wp-json\/wp\/v2\/product_cat?post=47725"},{"taxonomy":"product_tag","embeddable":true,"href":"https:\/\/librairie7l.com\/en\/wp-json\/wp\/v2\/product_tag?post=47725"}],"curies":[{"name":"wp","href":"https:\/\/api.w.org\/{rel}","templated":true}]}}