{"id":47729,"date":"2025-04-25T09:17:44","date_gmt":"2025-04-25T07:17:44","guid":{"rendered":"https:\/\/librairie7l.com\/?post_type=product&#038;p=47729"},"modified":"2026-04-29T18:00:33","modified_gmt":"2026-04-29T16:00:33","slug":"lunivers-des-arbres-2","status":"publish","type":"product","link":"https:\/\/librairie7l.com\/en\/produit\/lunivers-des-arbres-2\/","title":{"rendered":"L&#8217;UNIVERS DES ARBRES"},"content":{"rendered":"<p>?Un livre-somme sur tous les arbres, leur univers symbolique et litt\u00e9raire, nourri des d\u00e9couvertes scientifiques les plus r\u00e9centes.<br \/>\nVoici un panorama de l&#8217;ensemble des connaissances sur les arbres, leur univers symbolique et litt\u00e9raire, nourri des d\u00e9couvertes scientifiques les plus r\u00e9centes. Autour d&#8217;eux s&#8217;est tiss\u00e9 depuis la nuit des temps un vaste r\u00e9seau de croyances, de l\u00e9gendes et de savoirs. Ce volume en explore les multiples ramifications mythologiques et culturelles, examinant conif\u00e8res et feuillus, essence par essence. L&#8217;auteur invite \u00e0 une vaste promenade au fil de laquelle, des s\u00e9quoias g\u00e9ants d&#8217;Am\u00e9rique du Nord aux bonsa\u00efs japonais, on croise notamment le fr\u00eane Yggdrasill, arbre-monde de la mythologie scandinave, le ch\u00eane de Vincennes sous lequel Saint Louis rendait la justice, les c\u00e8dres du Liban qui ont tant fascin\u00e9 les romantiques.<br \/>\nC&#8217;est que les arbres suivent un destin qui prend parfois la forme d&#8217;un r\u00e9cit d&#8217;aventures, puisqu&#8217;ils n&#8217;ont cess\u00e9 de voyager au gr\u00e9 des d\u00e9couvertes et des \u00e9changes. L&#8217;histoire de leurs acclimatations, r\u00e9ussies ou non, \u00e0 de nouvelles contr\u00e9es dessine une v\u00e9ritable mondialisation v\u00e9g\u00e9tale, pleine de surprises. Les derni\u00e8res avanc\u00e9es de la science sont mobilis\u00e9es pour d\u00e9tailler leur structure, de la racine \u00e0 la feuille, leur physiologie (mont\u00e9e de s\u00e8ve, photosynth\u00e8se, etc.), tout comme elles mettent en lumi\u00e8re le r\u00f4le d\u00e9terminant que certaines esp\u00e8ces peuvent jouer dans la lutte contre le d\u00e9r\u00e8glement climatique.<br \/>\nUn glossaire exhaustif du vocabulaire arboricole, d&#8217;une ampleur in\u00e9gal\u00e9e, compl\u00e8te ce livre de r\u00e9f\u00e9rence, indispensable \u00e0 tous les amoureux des arbres et des for\u00eats.<\/p>\n","protected":false},"excerpt":{"rendered":"<p>?Un livre-somme sur tous les arbres, leur univers symbolique et litt\u00e9raire, nourri des d\u00e9couvertes scientifiques les plus r\u00e9centes. Voici un panorama de l&#8217;ensemble des connaissances sur les arbres, leur univers symbolique et litt\u00e9raire, nourri des d\u00e9couvertes scientifiques les plus r\u00e9centes. Autour d&#8217;eux s&#8217;est tiss\u00e9 depuis la nuit des temps un vaste r\u00e9seau de croyances, de [&hellip;]<\/p>\n","protected":false},"featured_media":47727,"template":"","meta":[],"product_cat":[2948,2956],"product_tag":[],"acf":[],"yoast_head":"<!-- This site is optimized with the Yoast SEO plugin v20.11 - https:\/\/yoast.com\/wordpress\/plugins\/seo\/ -->\n<title>L&#039;univers des arbres - Librairie 7L<\/title>\n<meta name=\"robots\" content=\"index, follow, max-snippet:-1, max-image-preview:large, max-video-preview:-1\" \/>\n<link rel=\"canonical\" href=\"https:\/\/librairie7l.com\/en\/produit\/lunivers-des-arbres-2\/\" \/>\n<meta property=\"og:locale\" content=\"en_US\" \/>\n<meta property=\"og:type\" content=\"article\" \/>\n<meta property=\"og:title\" content=\"L&#039;univers des arbres - Librairie 7L\" \/>\n<meta property=\"og:description\" content=\"?Un livre-somme sur tous les arbres, leur univers symbolique et litt\u00e9raire, nourri des d\u00e9couvertes scientifiques les plus r\u00e9centes. Voici un panorama de l&#8217;ensemble des connaissances sur les arbres, leur univers symbolique et litt\u00e9raire, nourri des d\u00e9couvertes scientifiques les plus r\u00e9centes. Autour d&#8217;eux s&#8217;est tiss\u00e9 depuis la nuit des temps un vaste r\u00e9seau de croyances, de [&hellip;]\" \/>\n<meta property=\"og:url\" content=\"https:\/\/librairie7l.com\/en\/produit\/lunivers-des-arbres-2\/\" \/>\n<meta property=\"og:site_name\" content=\"Librairie 7L\" \/>\n<meta property=\"article:modified_time\" content=\"2026-04-29T16:00:33+00:00\" \/>\n<meta property=\"og:image\" content=\"https:\/\/librairie7l.com\/wp-content\/uploads\/2024\/04\/9782382921876_1_75.jpg\" \/>\n\t<meta property=\"og:image:width\" content=\"600\" \/>\n\t<meta property=\"og:image:height\" content=\"900\" \/>\n\t<meta property=\"og:image:type\" content=\"image\/jpeg\" \/>\n<meta name=\"twitter:card\" content=\"summary_large_image\" \/>\n<meta name=\"twitter:label1\" content=\"Est. reading time\" \/>\n\t<meta name=\"twitter:data1\" content=\"1 minute\" \/>\n<script type=\"application\/ld+json\" class=\"yoast-schema-graph\">{\"@context\":\"https:\/\/schema.org\",\"@graph\":[{\"@type\":\"WebPage\",\"@id\":\"https:\/\/librairie7l.com\/en\/produit\/lunivers-des-arbres-2\/\",\"url\":\"https:\/\/librairie7l.com\/en\/produit\/lunivers-des-arbres-2\/\",\"name\":\"L'univers des arbres - Librairie 7L\",\"isPartOf\":{\"@id\":\"https:\/\/librairie7l.com\/en\/#website\"},\"datePublished\":\"2025-04-25T07:17:44+00:00\",\"dateModified\":\"2026-04-29T16:00:33+00:00\",\"breadcrumb\":{\"@id\":\"https:\/\/librairie7l.com\/en\/produit\/lunivers-des-arbres-2\/#breadcrumb\"},\"inLanguage\":\"en-US\",\"potentialAction\":[{\"@type\":\"ReadAction\",\"target\":[\"https:\/\/librairie7l.com\/en\/produit\/lunivers-des-arbres-2\/\"]}]},{\"@type\":\"BreadcrumbList\",\"@id\":\"https:\/\/librairie7l.com\/en\/produit\/lunivers-des-arbres-2\/#breadcrumb\",\"itemListElement\":[{\"@type\":\"ListItem\",\"position\":1,\"name\":\"Accueil\",\"item\":\"https:\/\/librairie7l.com\/en\/\"},{\"@type\":\"ListItem\",\"position\":2,\"name\":\"Shop\",\"item\":\"https:\/\/librairie7l.com\/en\/shop\/\"},{\"@type\":\"ListItem\",\"position\":3,\"name\":\"L&#8217;UNIVERS DES ARBRES\"}]},{\"@type\":\"WebSite\",\"@id\":\"https:\/\/librairie7l.com\/en\/#website\",\"url\":\"https:\/\/librairie7l.com\/en\/\",\"name\":\"Librairie 7L\",\"description\":\"Librairie fond\u00e9e en 1999 par Karl Lagerfeld \u00e0 Paris\",\"publisher\":{\"@id\":\"https:\/\/librairie7l.com\/en\/#organization\"},\"potentialAction\":[{\"@type\":\"SearchAction\",\"target\":{\"@type\":\"EntryPoint\",\"urlTemplate\":\"https:\/\/librairie7l.com\/en\/?s={search_term_string}\"},\"query-input\":\"required name=search_term_string\"}],\"inLanguage\":\"en-US\"},{\"@type\":\"Organization\",\"@id\":\"https:\/\/librairie7l.com\/en\/#organization\",\"name\":\"Librairie 7L\",\"url\":\"https:\/\/librairie7l.com\/en\/\",\"logo\":{\"@type\":\"ImageObject\",\"inLanguage\":\"en-US\",\"@id\":\"https:\/\/librairie7l.com\/en\/#\/schema\/logo\/image\/\",\"url\":\"https:\/\/librairie7l.com\/wp-content\/uploads\/2022\/08\/logo-1.png\",\"contentUrl\":\"https:\/\/librairie7l.com\/wp-content\/uploads\/2022\/08\/logo-1.png\",\"width\":227,\"height\":301,\"caption\":\"Librairie 7L\"},\"image\":{\"@id\":\"https:\/\/librairie7l.com\/en\/#\/schema\/logo\/image\/\"}}]}<\/script>\n<!-- \/ Yoast SEO plugin. -->","yoast_head_json":{"title":"L'univers des arbres - Librairie 7L","robots":{"index":"index","follow":"follow","max-snippet":"max-snippet:-1","max-image-preview":"max-image-preview:large","max-video-preview":"max-video-preview:-1"},"canonical":"https:\/\/librairie7l.com\/en\/produit\/lunivers-des-arbres-2\/","og_locale":"en_US","og_type":"article","og_title":"L'univers des arbres - Librairie 7L","og_description":"?Un livre-somme sur tous les arbres, leur univers symbolique et litt\u00e9raire, nourri des d\u00e9couvertes scientifiques les plus r\u00e9centes. Voici un panorama de l&#8217;ensemble des connaissances sur les arbres, leur univers symbolique et litt\u00e9raire, nourri des d\u00e9couvertes scientifiques les plus r\u00e9centes. Autour d&#8217;eux s&#8217;est tiss\u00e9 depuis la nuit des temps un vaste r\u00e9seau de croyances, de [&hellip;]","og_url":"https:\/\/librairie7l.com\/en\/produit\/lunivers-des-arbres-2\/","og_site_name":"Librairie 7L","article_modified_time":"2026-04-29T16:00:33+00:00","og_image":[{"width":600,"height":900,"url":"https:\/\/librairie7l.com\/wp-content\/uploads\/2024\/04\/9782382921876_1_75.jpg","type":"image\/jpeg"}],"twitter_card":"summary_large_image","twitter_misc":{"Est. reading time":"1 minute"},"schema":{"@context":"https:\/\/schema.org","@graph":[{"@type":"WebPage","@id":"https:\/\/librairie7l.com\/en\/produit\/lunivers-des-arbres-2\/","url":"https:\/\/librairie7l.com\/en\/produit\/lunivers-des-arbres-2\/","name":"L'univers des arbres - Librairie 7L","isPartOf":{"@id":"https:\/\/librairie7l.com\/en\/#website"},"datePublished":"2025-04-25T07:17:44+00:00","dateModified":"2026-04-29T16:00:33+00:00","breadcrumb":{"@id":"https:\/\/librairie7l.com\/en\/produit\/lunivers-des-arbres-2\/#breadcrumb"},"inLanguage":"en-US","potentialAction":[{"@type":"ReadAction","target":["https:\/\/librairie7l.com\/en\/produit\/lunivers-des-arbres-2\/"]}]},{"@type":"BreadcrumbList","@id":"https:\/\/librairie7l.com\/en\/produit\/lunivers-des-arbres-2\/#breadcrumb","itemListElement":[{"@type":"ListItem","position":1,"name":"Accueil","item":"https:\/\/librairie7l.com\/en\/"},{"@type":"ListItem","position":2,"name":"Shop","item":"https:\/\/librairie7l.com\/en\/shop\/"},{"@type":"ListItem","position":3,"name":"L&#8217;UNIVERS DES ARBRES"}]},{"@type":"WebSite","@id":"https:\/\/librairie7l.com\/en\/#website","url":"https:\/\/librairie7l.com\/en\/","name":"Librairie 7L","description":"Librairie fond\u00e9e en 1999 par Karl Lagerfeld \u00e0 Paris","publisher":{"@id":"https:\/\/librairie7l.com\/en\/#organization"},"potentialAction":[{"@type":"SearchAction","target":{"@type":"EntryPoint","urlTemplate":"https:\/\/librairie7l.com\/en\/?s={search_term_string}"},"query-input":"required name=search_term_string"}],"inLanguage":"en-US"},{"@type":"Organization","@id":"https:\/\/librairie7l.com\/en\/#organization","name":"Librairie 7L","url":"https:\/\/librairie7l.com\/en\/","logo":{"@type":"ImageObject","inLanguage":"en-US","@id":"https:\/\/librairie7l.com\/en\/#\/schema\/logo\/image\/","url":"https:\/\/librairie7l.com\/wp-content\/uploads\/2022\/08\/logo-1.png","contentUrl":"https:\/\/librairie7l.com\/wp-content\/uploads\/2022\/08\/logo-1.png","width":227,"height":301,"caption":"Librairie 7L"},"image":{"@id":"https:\/\/librairie7l.com\/en\/#\/schema\/logo\/image\/"}}]}},"_links":{"self":[{"href":"https:\/\/librairie7l.com\/en\/wp-json\/wp\/v2\/product\/47729"}],"collection":[{"href":"https:\/\/librairie7l.com\/en\/wp-json\/wp\/v2\/product"}],"about":[{"href":"https:\/\/librairie7l.com\/en\/wp-json\/wp\/v2\/types\/product"}],"wp:featuredmedia":[{"embeddable":true,"href":"https:\/\/librairie7l.com\/en\/wp-json\/wp\/v2\/media\/47727"}],"wp:attachment":[{"href":"https:\/\/librairie7l.com\/en\/wp-json\/wp\/v2\/media?parent=47729"}],"wp:term":[{"taxonomy":"product_cat","embeddable":true,"href":"https:\/\/librairie7l.com\/en\/wp-json\/wp\/v2\/product_cat?post=47729"},{"taxonomy":"product_tag","embeddable":true,"href":"https:\/\/librairie7l.com\/en\/wp-json\/wp\/v2\/product_tag?post=47729"}],"curies":[{"name":"wp","href":"https:\/\/api.w.org\/{rel}","templated":true}]}}