{"id":47734,"date":"2025-04-26T09:17:35","date_gmt":"2025-04-26T07:17:35","guid":{"rendered":"https:\/\/librairie7l.com\/?post_type=product&#038;p=47734"},"modified":"2026-04-23T02:12:25","modified_gmt":"2026-04-23T00:12:25","slug":"art-deco-new-format-2","status":"publish","type":"product","link":"https:\/\/librairie7l.com\/en\/produit\/art-deco-new-format-2\/","title":{"rendered":"ART DECO (NEW FORMAT)"},"content":{"rendered":"<p>Dans cette r\u00e9\u00e9dition en format classique, le sp\u00e9cialiste de l&#8217;art allemand Norbert Wolf nous offre un riche panorama de l&#8217;Art D\u00e9co, style n\u00e9 en France dans les ann\u00e9es 1920 et qui connut un rayonnement mondial dans tous les domaines des arts et de la culture. Il en aborde tous les aspects de mani\u00e8re chronologique, de la peinture au graphisme en passant par l&#8217;architecture et le design d&#8217;objets.<\/p>\n","protected":false},"excerpt":{"rendered":"<p>Dans cette r\u00e9\u00e9dition en format classique, le sp\u00e9cialiste de l&#8217;art allemand Norbert Wolf nous offre un riche panorama de l&#8217;Art D\u00e9co, style n\u00e9 en France dans les ann\u00e9es 1920 et qui connut un rayonnement mondial dans tous les domaines des arts et de la culture. Il en aborde tous les aspects de mani\u00e8re chronologique, de [&hellip;]<\/p>\n","protected":false},"featured_media":47732,"template":"","meta":[],"product_cat":[2948,2952],"product_tag":[],"acf":[],"yoast_head":"<!-- This site is optimized with the Yoast SEO plugin v20.11 - https:\/\/yoast.com\/wordpress\/plugins\/seo\/ -->\n<title>Art deco (new format) - Librairie 7L<\/title>\n<meta name=\"robots\" content=\"index, follow, max-snippet:-1, max-image-preview:large, max-video-preview:-1\" \/>\n<link rel=\"canonical\" href=\"https:\/\/librairie7l.com\/en\/produit\/art-deco-new-format-2\/\" \/>\n<meta property=\"og:locale\" content=\"en_US\" \/>\n<meta property=\"og:type\" content=\"article\" \/>\n<meta property=\"og:title\" content=\"Art deco (new format) - Librairie 7L\" \/>\n<meta property=\"og:description\" content=\"Dans cette r\u00e9\u00e9dition en format classique, le sp\u00e9cialiste de l&#8217;art allemand Norbert Wolf nous offre un riche panorama de l&#8217;Art D\u00e9co, style n\u00e9 en France dans les ann\u00e9es 1920 et qui connut un rayonnement mondial dans tous les domaines des arts et de la culture. Il en aborde tous les aspects de mani\u00e8re chronologique, de [&hellip;]\" \/>\n<meta property=\"og:url\" content=\"https:\/\/librairie7l.com\/en\/produit\/art-deco-new-format-2\/\" \/>\n<meta property=\"og:site_name\" content=\"Librairie 7L\" \/>\n<meta property=\"article:modified_time\" content=\"2026-04-23T00:12:25+00:00\" \/>\n<meta property=\"og:image\" content=\"https:\/\/librairie7l.com\/wp-content\/uploads\/2015\/10\/9783791382418_1_75.jpg\" \/>\n\t<meta property=\"og:image:width\" content=\"349\" \/>\n\t<meta property=\"og:image:height\" content=\"500\" \/>\n\t<meta property=\"og:image:type\" content=\"image\/jpeg\" \/>\n<meta name=\"twitter:card\" content=\"summary_large_image\" \/>\n<script type=\"application\/ld+json\" class=\"yoast-schema-graph\">{\"@context\":\"https:\/\/schema.org\",\"@graph\":[{\"@type\":\"WebPage\",\"@id\":\"https:\/\/librairie7l.com\/en\/produit\/art-deco-new-format-2\/\",\"url\":\"https:\/\/librairie7l.com\/en\/produit\/art-deco-new-format-2\/\",\"name\":\"Art deco (new format) - Librairie 7L\",\"isPartOf\":{\"@id\":\"https:\/\/librairie7l.com\/en\/#website\"},\"datePublished\":\"2025-04-26T07:17:35+00:00\",\"dateModified\":\"2026-04-23T00:12:25+00:00\",\"breadcrumb\":{\"@id\":\"https:\/\/librairie7l.com\/en\/produit\/art-deco-new-format-2\/#breadcrumb\"},\"inLanguage\":\"en-US\",\"potentialAction\":[{\"@type\":\"ReadAction\",\"target\":[\"https:\/\/librairie7l.com\/en\/produit\/art-deco-new-format-2\/\"]}]},{\"@type\":\"BreadcrumbList\",\"@id\":\"https:\/\/librairie7l.com\/en\/produit\/art-deco-new-format-2\/#breadcrumb\",\"itemListElement\":[{\"@type\":\"ListItem\",\"position\":1,\"name\":\"Accueil\",\"item\":\"https:\/\/librairie7l.com\/en\/\"},{\"@type\":\"ListItem\",\"position\":2,\"name\":\"Shop\",\"item\":\"https:\/\/librairie7l.com\/en\/shop\/\"},{\"@type\":\"ListItem\",\"position\":3,\"name\":\"ART DECO (NEW FORMAT)\"}]},{\"@type\":\"WebSite\",\"@id\":\"https:\/\/librairie7l.com\/en\/#website\",\"url\":\"https:\/\/librairie7l.com\/en\/\",\"name\":\"Librairie 7L\",\"description\":\"Librairie fond\u00e9e en 1999 par Karl Lagerfeld \u00e0 Paris\",\"publisher\":{\"@id\":\"https:\/\/librairie7l.com\/en\/#organization\"},\"potentialAction\":[{\"@type\":\"SearchAction\",\"target\":{\"@type\":\"EntryPoint\",\"urlTemplate\":\"https:\/\/librairie7l.com\/en\/?s={search_term_string}\"},\"query-input\":\"required name=search_term_string\"}],\"inLanguage\":\"en-US\"},{\"@type\":\"Organization\",\"@id\":\"https:\/\/librairie7l.com\/en\/#organization\",\"name\":\"Librairie 7L\",\"url\":\"https:\/\/librairie7l.com\/en\/\",\"logo\":{\"@type\":\"ImageObject\",\"inLanguage\":\"en-US\",\"@id\":\"https:\/\/librairie7l.com\/en\/#\/schema\/logo\/image\/\",\"url\":\"https:\/\/librairie7l.com\/wp-content\/uploads\/2022\/08\/logo-1.png\",\"contentUrl\":\"https:\/\/librairie7l.com\/wp-content\/uploads\/2022\/08\/logo-1.png\",\"width\":227,\"height\":301,\"caption\":\"Librairie 7L\"},\"image\":{\"@id\":\"https:\/\/librairie7l.com\/en\/#\/schema\/logo\/image\/\"}}]}<\/script>\n<!-- \/ Yoast SEO plugin. -->","yoast_head_json":{"title":"Art deco (new format) - Librairie 7L","robots":{"index":"index","follow":"follow","max-snippet":"max-snippet:-1","max-image-preview":"max-image-preview:large","max-video-preview":"max-video-preview:-1"},"canonical":"https:\/\/librairie7l.com\/en\/produit\/art-deco-new-format-2\/","og_locale":"en_US","og_type":"article","og_title":"Art deco (new format) - Librairie 7L","og_description":"Dans cette r\u00e9\u00e9dition en format classique, le sp\u00e9cialiste de l&#8217;art allemand Norbert Wolf nous offre un riche panorama de l&#8217;Art D\u00e9co, style n\u00e9 en France dans les ann\u00e9es 1920 et qui connut un rayonnement mondial dans tous les domaines des arts et de la culture. Il en aborde tous les aspects de mani\u00e8re chronologique, de [&hellip;]","og_url":"https:\/\/librairie7l.com\/en\/produit\/art-deco-new-format-2\/","og_site_name":"Librairie 7L","article_modified_time":"2026-04-23T00:12:25+00:00","og_image":[{"width":349,"height":500,"url":"https:\/\/librairie7l.com\/wp-content\/uploads\/2015\/10\/9783791382418_1_75.jpg","type":"image\/jpeg"}],"twitter_card":"summary_large_image","schema":{"@context":"https:\/\/schema.org","@graph":[{"@type":"WebPage","@id":"https:\/\/librairie7l.com\/en\/produit\/art-deco-new-format-2\/","url":"https:\/\/librairie7l.com\/en\/produit\/art-deco-new-format-2\/","name":"Art deco (new format) - Librairie 7L","isPartOf":{"@id":"https:\/\/librairie7l.com\/en\/#website"},"datePublished":"2025-04-26T07:17:35+00:00","dateModified":"2026-04-23T00:12:25+00:00","breadcrumb":{"@id":"https:\/\/librairie7l.com\/en\/produit\/art-deco-new-format-2\/#breadcrumb"},"inLanguage":"en-US","potentialAction":[{"@type":"ReadAction","target":["https:\/\/librairie7l.com\/en\/produit\/art-deco-new-format-2\/"]}]},{"@type":"BreadcrumbList","@id":"https:\/\/librairie7l.com\/en\/produit\/art-deco-new-format-2\/#breadcrumb","itemListElement":[{"@type":"ListItem","position":1,"name":"Accueil","item":"https:\/\/librairie7l.com\/en\/"},{"@type":"ListItem","position":2,"name":"Shop","item":"https:\/\/librairie7l.com\/en\/shop\/"},{"@type":"ListItem","position":3,"name":"ART DECO (NEW FORMAT)"}]},{"@type":"WebSite","@id":"https:\/\/librairie7l.com\/en\/#website","url":"https:\/\/librairie7l.com\/en\/","name":"Librairie 7L","description":"Librairie fond\u00e9e en 1999 par Karl Lagerfeld \u00e0 Paris","publisher":{"@id":"https:\/\/librairie7l.com\/en\/#organization"},"potentialAction":[{"@type":"SearchAction","target":{"@type":"EntryPoint","urlTemplate":"https:\/\/librairie7l.com\/en\/?s={search_term_string}"},"query-input":"required name=search_term_string"}],"inLanguage":"en-US"},{"@type":"Organization","@id":"https:\/\/librairie7l.com\/en\/#organization","name":"Librairie 7L","url":"https:\/\/librairie7l.com\/en\/","logo":{"@type":"ImageObject","inLanguage":"en-US","@id":"https:\/\/librairie7l.com\/en\/#\/schema\/logo\/image\/","url":"https:\/\/librairie7l.com\/wp-content\/uploads\/2022\/08\/logo-1.png","contentUrl":"https:\/\/librairie7l.com\/wp-content\/uploads\/2022\/08\/logo-1.png","width":227,"height":301,"caption":"Librairie 7L"},"image":{"@id":"https:\/\/librairie7l.com\/en\/#\/schema\/logo\/image\/"}}]}},"_links":{"self":[{"href":"https:\/\/librairie7l.com\/en\/wp-json\/wp\/v2\/product\/47734"}],"collection":[{"href":"https:\/\/librairie7l.com\/en\/wp-json\/wp\/v2\/product"}],"about":[{"href":"https:\/\/librairie7l.com\/en\/wp-json\/wp\/v2\/types\/product"}],"wp:featuredmedia":[{"embeddable":true,"href":"https:\/\/librairie7l.com\/en\/wp-json\/wp\/v2\/media\/47732"}],"wp:attachment":[{"href":"https:\/\/librairie7l.com\/en\/wp-json\/wp\/v2\/media?parent=47734"}],"wp:term":[{"taxonomy":"product_cat","embeddable":true,"href":"https:\/\/librairie7l.com\/en\/wp-json\/wp\/v2\/product_cat?post=47734"},{"taxonomy":"product_tag","embeddable":true,"href":"https:\/\/librairie7l.com\/en\/wp-json\/wp\/v2\/product_tag?post=47734"}],"curies":[{"name":"wp","href":"https:\/\/api.w.org\/{rel}","templated":true}]}}