{"id":47742,"date":"2025-04-26T09:17:39","date_gmt":"2025-04-26T07:17:39","guid":{"rendered":"https:\/\/librairie7l.com\/?post_type=product&#038;p=47742"},"modified":"2026-04-29T16:30:13","modified_gmt":"2026-04-29T14:30:13","slug":"felix-vallotton-illusions-perdues-2","status":"publish","type":"product","link":"https:\/\/librairie7l.com\/en\/produit\/felix-vallotton-illusions-perdues-2\/","title":{"rendered":"F\u00c9LIX VALLOTTON : ILLUSIONS PERDUES"},"content":{"rendered":"<p>Der geb\u00fcrtige Schweizer F\u00e9lix Vallotton (1865-1925) geh\u00f6rt zu den bedeutenden K\u00fcnstlern der franz\u00f6sischen Moderne an der Wende zum 20. Jahrhundert. In Lausanne geboren, siedelte er fr\u00fch nach Paris \u00fcber, wo seine erfolgreiche Karriere sich entfaltete. Durch seine jahrzehntelange Freundschaft mit dem Winterthurer Sammlerpaar Arthur und Hedy Hahnloser blieb er seinem Herkunftsland jedoch eng verbunden.<\/p>\n<p>Zur grossen Ausstellung anl\u00e4sslich des 100. Todestages Vallottons im Kunst Museum Winterthur erscheint dieses Buch. Reich bebildert bieten darin literarische Texte bekannter Autorinnen und Autoren einen frischen Zugang zur Kunst Vallottons. Zsuzsanna Gahse, Florian Illies, Simone Lappert, Christine L\u00f6tscher und Peter Stamm erhielten eine Carte blanche, um sich auf ihre ganz pers\u00f6nliche &#8211; literarische, wissenschaftliche oder lyrische &#8211; Sichtweise dem K\u00fcnstler und seinem Werk zu n\u00e4hern. Abgerundet wird der Band durch den Abdruck von Hedy Hahnlosers (1873-1952) Nachruf auf F\u00e9lix Vallotton von 1925. Historisches und Zeitgen\u00f6ssisches finden so im geschriebenen Wort zusammen.<\/p>\n","protected":false},"excerpt":{"rendered":"<p>Der geb\u00fcrtige Schweizer F\u00e9lix Vallotton (1865-1925) geh\u00f6rt zu den bedeutenden K\u00fcnstlern der franz\u00f6sischen Moderne an der Wende zum 20. Jahrhundert. In Lausanne geboren, siedelte er fr\u00fch nach Paris \u00fcber, wo seine erfolgreiche Karriere sich entfaltete. Durch seine jahrzehntelange Freundschaft mit dem Winterthurer Sammlerpaar Arthur und Hedy Hahnloser blieb er seinem Herkunftsland jedoch eng verbunden. Zur [&hellip;]<\/p>\n","protected":false},"featured_media":47740,"template":"","meta":[],"product_cat":[2948,2953],"product_tag":[],"acf":[],"yoast_head":"<!-- This site is optimized with the Yoast SEO plugin v20.11 - https:\/\/yoast.com\/wordpress\/plugins\/seo\/ -->\n<title>F\u00e9lix Vallotton : Illusions perdues - Librairie 7L<\/title>\n<meta name=\"robots\" content=\"index, follow, max-snippet:-1, max-image-preview:large, max-video-preview:-1\" \/>\n<link rel=\"canonical\" href=\"https:\/\/librairie7l.com\/en\/produit\/felix-vallotton-illusions-perdues-2\/\" \/>\n<meta property=\"og:locale\" content=\"en_US\" \/>\n<meta property=\"og:type\" content=\"article\" \/>\n<meta property=\"og:title\" content=\"F\u00e9lix Vallotton : Illusions perdues - Librairie 7L\" \/>\n<meta property=\"og:description\" content=\"Der geb\u00fcrtige Schweizer F\u00e9lix Vallotton (1865-1925) geh\u00f6rt zu den bedeutenden K\u00fcnstlern der franz\u00f6sischen Moderne an der Wende zum 20. Jahrhundert. In Lausanne geboren, siedelte er fr\u00fch nach Paris \u00fcber, wo seine erfolgreiche Karriere sich entfaltete. Durch seine jahrzehntelange Freundschaft mit dem Winterthurer Sammlerpaar Arthur und Hedy Hahnloser blieb er seinem Herkunftsland jedoch eng verbunden. Zur [&hellip;]\" \/>\n<meta property=\"og:url\" content=\"https:\/\/librairie7l.com\/en\/produit\/felix-vallotton-illusions-perdues-2\/\" \/>\n<meta property=\"og:site_name\" content=\"Librairie 7L\" \/>\n<meta property=\"article:modified_time\" content=\"2026-04-29T14:30:13+00:00\" \/>\n<meta property=\"og:image\" content=\"https:\/\/librairie7l.com\/wp-content\/uploads\/2024\/12\/9783039422586_1_75.jpg\" \/>\n\t<meta property=\"og:image:width\" content=\"354\" \/>\n\t<meta property=\"og:image:height\" content=\"500\" \/>\n\t<meta property=\"og:image:type\" content=\"image\/jpeg\" \/>\n<meta name=\"twitter:card\" content=\"summary_large_image\" \/>\n<meta name=\"twitter:label1\" content=\"Est. reading time\" \/>\n\t<meta name=\"twitter:data1\" content=\"1 minute\" \/>\n<script type=\"application\/ld+json\" class=\"yoast-schema-graph\">{\"@context\":\"https:\/\/schema.org\",\"@graph\":[{\"@type\":\"WebPage\",\"@id\":\"https:\/\/librairie7l.com\/en\/produit\/felix-vallotton-illusions-perdues-2\/\",\"url\":\"https:\/\/librairie7l.com\/en\/produit\/felix-vallotton-illusions-perdues-2\/\",\"name\":\"F\u00e9lix Vallotton : Illusions perdues - Librairie 7L\",\"isPartOf\":{\"@id\":\"https:\/\/librairie7l.com\/en\/#website\"},\"datePublished\":\"2025-04-26T07:17:39+00:00\",\"dateModified\":\"2026-04-29T14:30:13+00:00\",\"breadcrumb\":{\"@id\":\"https:\/\/librairie7l.com\/en\/produit\/felix-vallotton-illusions-perdues-2\/#breadcrumb\"},\"inLanguage\":\"en-US\",\"potentialAction\":[{\"@type\":\"ReadAction\",\"target\":[\"https:\/\/librairie7l.com\/en\/produit\/felix-vallotton-illusions-perdues-2\/\"]}]},{\"@type\":\"BreadcrumbList\",\"@id\":\"https:\/\/librairie7l.com\/en\/produit\/felix-vallotton-illusions-perdues-2\/#breadcrumb\",\"itemListElement\":[{\"@type\":\"ListItem\",\"position\":1,\"name\":\"Accueil\",\"item\":\"https:\/\/librairie7l.com\/en\/\"},{\"@type\":\"ListItem\",\"position\":2,\"name\":\"Shop\",\"item\":\"https:\/\/librairie7l.com\/en\/shop\/\"},{\"@type\":\"ListItem\",\"position\":3,\"name\":\"F\u00c9LIX VALLOTTON : ILLUSIONS PERDUES\"}]},{\"@type\":\"WebSite\",\"@id\":\"https:\/\/librairie7l.com\/en\/#website\",\"url\":\"https:\/\/librairie7l.com\/en\/\",\"name\":\"Librairie 7L\",\"description\":\"Librairie fond\u00e9e en 1999 par Karl Lagerfeld \u00e0 Paris\",\"publisher\":{\"@id\":\"https:\/\/librairie7l.com\/en\/#organization\"},\"potentialAction\":[{\"@type\":\"SearchAction\",\"target\":{\"@type\":\"EntryPoint\",\"urlTemplate\":\"https:\/\/librairie7l.com\/en\/?s={search_term_string}\"},\"query-input\":\"required name=search_term_string\"}],\"inLanguage\":\"en-US\"},{\"@type\":\"Organization\",\"@id\":\"https:\/\/librairie7l.com\/en\/#organization\",\"name\":\"Librairie 7L\",\"url\":\"https:\/\/librairie7l.com\/en\/\",\"logo\":{\"@type\":\"ImageObject\",\"inLanguage\":\"en-US\",\"@id\":\"https:\/\/librairie7l.com\/en\/#\/schema\/logo\/image\/\",\"url\":\"https:\/\/librairie7l.com\/wp-content\/uploads\/2022\/08\/logo-1.png\",\"contentUrl\":\"https:\/\/librairie7l.com\/wp-content\/uploads\/2022\/08\/logo-1.png\",\"width\":227,\"height\":301,\"caption\":\"Librairie 7L\"},\"image\":{\"@id\":\"https:\/\/librairie7l.com\/en\/#\/schema\/logo\/image\/\"}}]}<\/script>\n<!-- \/ Yoast SEO plugin. -->","yoast_head_json":{"title":"F\u00e9lix Vallotton : Illusions perdues - Librairie 7L","robots":{"index":"index","follow":"follow","max-snippet":"max-snippet:-1","max-image-preview":"max-image-preview:large","max-video-preview":"max-video-preview:-1"},"canonical":"https:\/\/librairie7l.com\/en\/produit\/felix-vallotton-illusions-perdues-2\/","og_locale":"en_US","og_type":"article","og_title":"F\u00e9lix Vallotton : Illusions perdues - Librairie 7L","og_description":"Der geb\u00fcrtige Schweizer F\u00e9lix Vallotton (1865-1925) geh\u00f6rt zu den bedeutenden K\u00fcnstlern der franz\u00f6sischen Moderne an der Wende zum 20. Jahrhundert. In Lausanne geboren, siedelte er fr\u00fch nach Paris \u00fcber, wo seine erfolgreiche Karriere sich entfaltete. Durch seine jahrzehntelange Freundschaft mit dem Winterthurer Sammlerpaar Arthur und Hedy Hahnloser blieb er seinem Herkunftsland jedoch eng verbunden. Zur [&hellip;]","og_url":"https:\/\/librairie7l.com\/en\/produit\/felix-vallotton-illusions-perdues-2\/","og_site_name":"Librairie 7L","article_modified_time":"2026-04-29T14:30:13+00:00","og_image":[{"width":354,"height":500,"url":"https:\/\/librairie7l.com\/wp-content\/uploads\/2024\/12\/9783039422586_1_75.jpg","type":"image\/jpeg"}],"twitter_card":"summary_large_image","twitter_misc":{"Est. reading time":"1 minute"},"schema":{"@context":"https:\/\/schema.org","@graph":[{"@type":"WebPage","@id":"https:\/\/librairie7l.com\/en\/produit\/felix-vallotton-illusions-perdues-2\/","url":"https:\/\/librairie7l.com\/en\/produit\/felix-vallotton-illusions-perdues-2\/","name":"F\u00e9lix Vallotton : Illusions perdues - Librairie 7L","isPartOf":{"@id":"https:\/\/librairie7l.com\/en\/#website"},"datePublished":"2025-04-26T07:17:39+00:00","dateModified":"2026-04-29T14:30:13+00:00","breadcrumb":{"@id":"https:\/\/librairie7l.com\/en\/produit\/felix-vallotton-illusions-perdues-2\/#breadcrumb"},"inLanguage":"en-US","potentialAction":[{"@type":"ReadAction","target":["https:\/\/librairie7l.com\/en\/produit\/felix-vallotton-illusions-perdues-2\/"]}]},{"@type":"BreadcrumbList","@id":"https:\/\/librairie7l.com\/en\/produit\/felix-vallotton-illusions-perdues-2\/#breadcrumb","itemListElement":[{"@type":"ListItem","position":1,"name":"Accueil","item":"https:\/\/librairie7l.com\/en\/"},{"@type":"ListItem","position":2,"name":"Shop","item":"https:\/\/librairie7l.com\/en\/shop\/"},{"@type":"ListItem","position":3,"name":"F\u00c9LIX VALLOTTON : ILLUSIONS PERDUES"}]},{"@type":"WebSite","@id":"https:\/\/librairie7l.com\/en\/#website","url":"https:\/\/librairie7l.com\/en\/","name":"Librairie 7L","description":"Librairie fond\u00e9e en 1999 par Karl Lagerfeld \u00e0 Paris","publisher":{"@id":"https:\/\/librairie7l.com\/en\/#organization"},"potentialAction":[{"@type":"SearchAction","target":{"@type":"EntryPoint","urlTemplate":"https:\/\/librairie7l.com\/en\/?s={search_term_string}"},"query-input":"required name=search_term_string"}],"inLanguage":"en-US"},{"@type":"Organization","@id":"https:\/\/librairie7l.com\/en\/#organization","name":"Librairie 7L","url":"https:\/\/librairie7l.com\/en\/","logo":{"@type":"ImageObject","inLanguage":"en-US","@id":"https:\/\/librairie7l.com\/en\/#\/schema\/logo\/image\/","url":"https:\/\/librairie7l.com\/wp-content\/uploads\/2022\/08\/logo-1.png","contentUrl":"https:\/\/librairie7l.com\/wp-content\/uploads\/2022\/08\/logo-1.png","width":227,"height":301,"caption":"Librairie 7L"},"image":{"@id":"https:\/\/librairie7l.com\/en\/#\/schema\/logo\/image\/"}}]}},"_links":{"self":[{"href":"https:\/\/librairie7l.com\/en\/wp-json\/wp\/v2\/product\/47742"}],"collection":[{"href":"https:\/\/librairie7l.com\/en\/wp-json\/wp\/v2\/product"}],"about":[{"href":"https:\/\/librairie7l.com\/en\/wp-json\/wp\/v2\/types\/product"}],"wp:featuredmedia":[{"embeddable":true,"href":"https:\/\/librairie7l.com\/en\/wp-json\/wp\/v2\/media\/47740"}],"wp:attachment":[{"href":"https:\/\/librairie7l.com\/en\/wp-json\/wp\/v2\/media?parent=47742"}],"wp:term":[{"taxonomy":"product_cat","embeddable":true,"href":"https:\/\/librairie7l.com\/en\/wp-json\/wp\/v2\/product_cat?post=47742"},{"taxonomy":"product_tag","embeddable":true,"href":"https:\/\/librairie7l.com\/en\/wp-json\/wp\/v2\/product_tag?post=47742"}],"curies":[{"name":"wp","href":"https:\/\/api.w.org\/{rel}","templated":true}]}}