{"id":47760,"date":"2025-04-30T09:17:36","date_gmt":"2025-04-30T07:17:36","guid":{"rendered":"https:\/\/librairie7l.com\/?post_type=product&#038;p=47760"},"modified":"2026-05-07T12:59:45","modified_gmt":"2026-05-07T10:59:45","slug":"blanc-histoire-dune-couleur-3","status":"publish","type":"product","link":"https:\/\/librairie7l.com\/en\/produit\/blanc-histoire-dune-couleur-3\/","title":{"rendered":"BLANC : HISTOIRE D&#8217;UNE COULEUR"},"content":{"rendered":"<p>Le blanc, ou la couleur devenue incolore.<br \/>\nLe sixi\u00e8me ouvrage d&#8217;une s\u00e9rie consacr\u00e9e \u00e0 l&#8217;histoire sociale et culturelle des couleurs en Europe.<\/p>\n<p>Puret\u00e9, ivoire, c\u00e9ruse, propret\u00e9, neige, linceul, colombe, vide, fleur de lis, lumi\u00e8re.<br \/>\nContrairement \u00e0 une id\u00e9e re\u00e7ue, le blanc est une couleur \u00e0 part enti\u00e8re, au m\u00eame titre que le rouge, le bleu, le vert ou le jaune. De l&#8217;Antiquit\u00e9 jusqu&#8217;au coeur du Moyen \u00c2ge, il a m\u00eame constitu\u00e9, avec le rouge et le noir, une triade chromatique jouant un r\u00f4le de premier plan dans la vie quotidienne et dans le monde des repr\u00e9sentations. Dans ce sixi\u00e8me opus consacr\u00e9 \u00e0 l&#8217;histoire culturelle des couleurs en Europe, Michel Pastoureau parcourt tous les aspects de cette couleur et en retrace la richesse symbolique, bien plus positive que n\u00e9gative : couleur des dieux, du Christ et des rois, elle s&#8217;apparente autant \u00e0 la puret\u00e9 qu&#8217;\u00e0 la paix, la sagesse ou la propret\u00e9. Associant la pr\u00e9cision de ses recherches \u00e0 ses infaillibles talents de conteur, Michel Pastoureau nous emporte \u00e0 nouveau au coeur de la couleur et de l&#8217;histoire des repr\u00e9sentations.<\/p>\n<p>Historien, sp\u00e9cialiste des couleurs, des images, des bestiaires et des symboles, Michel Pastoureau est directeur d&#8217;\u00e9tudes \u00e9m\u00e9rite de l&#8217;\u00c9cole pratique des hautes \u00e9tudes. Il a notamment publi\u00e9 L&#8217;\u00c9toffe du diable (1991), Une histoire symbolique du Moyen-\u00c2ge occidental (2004) ou encore Le Loup. Une histoire culturelle (2019). Son autobiographie Les Couleurs de nos souvenirs a re\u00e7u le prix M\u00e9dicis Essai en 2010.<\/p>\n","protected":false},"excerpt":{"rendered":"<p>Le blanc, ou la couleur devenue incolore. Le sixi\u00e8me ouvrage d&#8217;une s\u00e9rie consacr\u00e9e \u00e0 l&#8217;histoire sociale et culturelle des couleurs en Europe. Puret\u00e9, ivoire, c\u00e9ruse, propret\u00e9, neige, linceul, colombe, vide, fleur de lis, lumi\u00e8re. Contrairement \u00e0 une id\u00e9e re\u00e7ue, le blanc est une couleur \u00e0 part enti\u00e8re, au m\u00eame titre que le rouge, le bleu, [&hellip;]<\/p>\n","protected":false},"featured_media":47758,"template":"","meta":[],"product_cat":[2948,2953],"product_tag":[],"acf":[],"yoast_head":"<!-- This site is optimized with the Yoast SEO plugin v20.11 - https:\/\/yoast.com\/wordpress\/plugins\/seo\/ -->\n<title>Blanc : Histoire d&#039;une couleur - Librairie 7L<\/title>\n<meta name=\"robots\" content=\"index, follow, max-snippet:-1, max-image-preview:large, max-video-preview:-1\" \/>\n<link rel=\"canonical\" href=\"https:\/\/librairie7l.com\/en\/produit\/blanc-histoire-dune-couleur-3\/\" \/>\n<meta property=\"og:locale\" content=\"en_US\" \/>\n<meta property=\"og:type\" content=\"article\" \/>\n<meta property=\"og:title\" content=\"Blanc : Histoire d&#039;une couleur - Librairie 7L\" \/>\n<meta property=\"og:description\" content=\"Le blanc, ou la couleur devenue incolore. Le sixi\u00e8me ouvrage d&#8217;une s\u00e9rie consacr\u00e9e \u00e0 l&#8217;histoire sociale et culturelle des couleurs en Europe. Puret\u00e9, ivoire, c\u00e9ruse, propret\u00e9, neige, linceul, colombe, vide, fleur de lis, lumi\u00e8re. Contrairement \u00e0 une id\u00e9e re\u00e7ue, le blanc est une couleur \u00e0 part enti\u00e8re, au m\u00eame titre que le rouge, le bleu, [&hellip;]\" \/>\n<meta property=\"og:url\" content=\"https:\/\/librairie7l.com\/en\/produit\/blanc-histoire-dune-couleur-3\/\" \/>\n<meta property=\"og:site_name\" content=\"Librairie 7L\" \/>\n<meta property=\"article:modified_time\" content=\"2026-05-07T10:59:45+00:00\" \/>\n<meta property=\"og:image\" content=\"https:\/\/librairie7l.com\/wp-content\/uploads\/2024\/06\/9791041416899_1_75.jpg\" \/>\n\t<meta property=\"og:image:width\" content=\"600\" \/>\n\t<meta property=\"og:image:height\" content=\"989\" \/>\n\t<meta property=\"og:image:type\" content=\"image\/jpeg\" \/>\n<meta name=\"twitter:card\" content=\"summary_large_image\" \/>\n<meta name=\"twitter:label1\" content=\"Est. reading time\" \/>\n\t<meta name=\"twitter:data1\" content=\"1 minute\" \/>\n<script type=\"application\/ld+json\" class=\"yoast-schema-graph\">{\"@context\":\"https:\/\/schema.org\",\"@graph\":[{\"@type\":\"WebPage\",\"@id\":\"https:\/\/librairie7l.com\/en\/produit\/blanc-histoire-dune-couleur-3\/\",\"url\":\"https:\/\/librairie7l.com\/en\/produit\/blanc-histoire-dune-couleur-3\/\",\"name\":\"Blanc : Histoire d'une couleur - Librairie 7L\",\"isPartOf\":{\"@id\":\"https:\/\/librairie7l.com\/en\/#website\"},\"datePublished\":\"2025-04-30T07:17:36+00:00\",\"dateModified\":\"2026-05-07T10:59:45+00:00\",\"breadcrumb\":{\"@id\":\"https:\/\/librairie7l.com\/en\/produit\/blanc-histoire-dune-couleur-3\/#breadcrumb\"},\"inLanguage\":\"en-US\",\"potentialAction\":[{\"@type\":\"ReadAction\",\"target\":[\"https:\/\/librairie7l.com\/en\/produit\/blanc-histoire-dune-couleur-3\/\"]}]},{\"@type\":\"BreadcrumbList\",\"@id\":\"https:\/\/librairie7l.com\/en\/produit\/blanc-histoire-dune-couleur-3\/#breadcrumb\",\"itemListElement\":[{\"@type\":\"ListItem\",\"position\":1,\"name\":\"Accueil\",\"item\":\"https:\/\/librairie7l.com\/en\/\"},{\"@type\":\"ListItem\",\"position\":2,\"name\":\"Shop\",\"item\":\"https:\/\/librairie7l.com\/en\/shop\/\"},{\"@type\":\"ListItem\",\"position\":3,\"name\":\"BLANC : HISTOIRE D&#8217;UNE COULEUR\"}]},{\"@type\":\"WebSite\",\"@id\":\"https:\/\/librairie7l.com\/en\/#website\",\"url\":\"https:\/\/librairie7l.com\/en\/\",\"name\":\"Librairie 7L\",\"description\":\"Librairie fond\u00e9e en 1999 par Karl Lagerfeld \u00e0 Paris\",\"publisher\":{\"@id\":\"https:\/\/librairie7l.com\/en\/#organization\"},\"potentialAction\":[{\"@type\":\"SearchAction\",\"target\":{\"@type\":\"EntryPoint\",\"urlTemplate\":\"https:\/\/librairie7l.com\/en\/?s={search_term_string}\"},\"query-input\":\"required name=search_term_string\"}],\"inLanguage\":\"en-US\"},{\"@type\":\"Organization\",\"@id\":\"https:\/\/librairie7l.com\/en\/#organization\",\"name\":\"Librairie 7L\",\"url\":\"https:\/\/librairie7l.com\/en\/\",\"logo\":{\"@type\":\"ImageObject\",\"inLanguage\":\"en-US\",\"@id\":\"https:\/\/librairie7l.com\/en\/#\/schema\/logo\/image\/\",\"url\":\"https:\/\/librairie7l.com\/wp-content\/uploads\/2022\/08\/logo-1.png\",\"contentUrl\":\"https:\/\/librairie7l.com\/wp-content\/uploads\/2022\/08\/logo-1.png\",\"width\":227,\"height\":301,\"caption\":\"Librairie 7L\"},\"image\":{\"@id\":\"https:\/\/librairie7l.com\/en\/#\/schema\/logo\/image\/\"}}]}<\/script>\n<!-- \/ Yoast SEO plugin. -->","yoast_head_json":{"title":"Blanc : Histoire d'une couleur - Librairie 7L","robots":{"index":"index","follow":"follow","max-snippet":"max-snippet:-1","max-image-preview":"max-image-preview:large","max-video-preview":"max-video-preview:-1"},"canonical":"https:\/\/librairie7l.com\/en\/produit\/blanc-histoire-dune-couleur-3\/","og_locale":"en_US","og_type":"article","og_title":"Blanc : Histoire d'une couleur - Librairie 7L","og_description":"Le blanc, ou la couleur devenue incolore. Le sixi\u00e8me ouvrage d&#8217;une s\u00e9rie consacr\u00e9e \u00e0 l&#8217;histoire sociale et culturelle des couleurs en Europe. Puret\u00e9, ivoire, c\u00e9ruse, propret\u00e9, neige, linceul, colombe, vide, fleur de lis, lumi\u00e8re. Contrairement \u00e0 une id\u00e9e re\u00e7ue, le blanc est une couleur \u00e0 part enti\u00e8re, au m\u00eame titre que le rouge, le bleu, [&hellip;]","og_url":"https:\/\/librairie7l.com\/en\/produit\/blanc-histoire-dune-couleur-3\/","og_site_name":"Librairie 7L","article_modified_time":"2026-05-07T10:59:45+00:00","og_image":[{"width":600,"height":989,"url":"https:\/\/librairie7l.com\/wp-content\/uploads\/2024\/06\/9791041416899_1_75.jpg","type":"image\/jpeg"}],"twitter_card":"summary_large_image","twitter_misc":{"Est. reading time":"1 minute"},"schema":{"@context":"https:\/\/schema.org","@graph":[{"@type":"WebPage","@id":"https:\/\/librairie7l.com\/en\/produit\/blanc-histoire-dune-couleur-3\/","url":"https:\/\/librairie7l.com\/en\/produit\/blanc-histoire-dune-couleur-3\/","name":"Blanc : Histoire d'une couleur - Librairie 7L","isPartOf":{"@id":"https:\/\/librairie7l.com\/en\/#website"},"datePublished":"2025-04-30T07:17:36+00:00","dateModified":"2026-05-07T10:59:45+00:00","breadcrumb":{"@id":"https:\/\/librairie7l.com\/en\/produit\/blanc-histoire-dune-couleur-3\/#breadcrumb"},"inLanguage":"en-US","potentialAction":[{"@type":"ReadAction","target":["https:\/\/librairie7l.com\/en\/produit\/blanc-histoire-dune-couleur-3\/"]}]},{"@type":"BreadcrumbList","@id":"https:\/\/librairie7l.com\/en\/produit\/blanc-histoire-dune-couleur-3\/#breadcrumb","itemListElement":[{"@type":"ListItem","position":1,"name":"Accueil","item":"https:\/\/librairie7l.com\/en\/"},{"@type":"ListItem","position":2,"name":"Shop","item":"https:\/\/librairie7l.com\/en\/shop\/"},{"@type":"ListItem","position":3,"name":"BLANC : HISTOIRE D&#8217;UNE COULEUR"}]},{"@type":"WebSite","@id":"https:\/\/librairie7l.com\/en\/#website","url":"https:\/\/librairie7l.com\/en\/","name":"Librairie 7L","description":"Librairie fond\u00e9e en 1999 par Karl Lagerfeld \u00e0 Paris","publisher":{"@id":"https:\/\/librairie7l.com\/en\/#organization"},"potentialAction":[{"@type":"SearchAction","target":{"@type":"EntryPoint","urlTemplate":"https:\/\/librairie7l.com\/en\/?s={search_term_string}"},"query-input":"required name=search_term_string"}],"inLanguage":"en-US"},{"@type":"Organization","@id":"https:\/\/librairie7l.com\/en\/#organization","name":"Librairie 7L","url":"https:\/\/librairie7l.com\/en\/","logo":{"@type":"ImageObject","inLanguage":"en-US","@id":"https:\/\/librairie7l.com\/en\/#\/schema\/logo\/image\/","url":"https:\/\/librairie7l.com\/wp-content\/uploads\/2022\/08\/logo-1.png","contentUrl":"https:\/\/librairie7l.com\/wp-content\/uploads\/2022\/08\/logo-1.png","width":227,"height":301,"caption":"Librairie 7L"},"image":{"@id":"https:\/\/librairie7l.com\/en\/#\/schema\/logo\/image\/"}}]}},"_links":{"self":[{"href":"https:\/\/librairie7l.com\/en\/wp-json\/wp\/v2\/product\/47760"}],"collection":[{"href":"https:\/\/librairie7l.com\/en\/wp-json\/wp\/v2\/product"}],"about":[{"href":"https:\/\/librairie7l.com\/en\/wp-json\/wp\/v2\/types\/product"}],"wp:featuredmedia":[{"embeddable":true,"href":"https:\/\/librairie7l.com\/en\/wp-json\/wp\/v2\/media\/47758"}],"wp:attachment":[{"href":"https:\/\/librairie7l.com\/en\/wp-json\/wp\/v2\/media?parent=47760"}],"wp:term":[{"taxonomy":"product_cat","embeddable":true,"href":"https:\/\/librairie7l.com\/en\/wp-json\/wp\/v2\/product_cat?post=47760"},{"taxonomy":"product_tag","embeddable":true,"href":"https:\/\/librairie7l.com\/en\/wp-json\/wp\/v2\/product_tag?post=47760"}],"curies":[{"name":"wp","href":"https:\/\/api.w.org\/{rel}","templated":true}]}}