{"id":47782,"date":"2025-05-01T09:17:44","date_gmt":"2025-05-01T07:17:44","guid":{"rendered":"https:\/\/librairie7l.com\/?post_type=product&#038;p=47782"},"modified":"2026-04-29T17:03:14","modified_gmt":"2026-04-29T15:03:14","slug":"graines-2","status":"publish","type":"product","link":"https:\/\/librairie7l.com\/en\/produit\/graines-2\/","title":{"rendered":"GRAINES"},"content":{"rendered":"<p>La beaut\u00e9 secr\u00e8te des graines, facette cach\u00e9e de la nature<br \/>\nPaul Starosta est un photographe naturaliste fran\u00e7ais, c\u00e9l\u00e8bre pour avoir d\u00e9cel\u00e9 et r\u00e9v\u00e9l\u00e9 le caract\u00e8re fonci\u00e8rement artistique de la nature. Les 200 superbes photographies de ce livre \u00e9tonnant, aujourd&#8217;hui r\u00e9\u00e9dit\u00e9 dans un nouveau format, illustrent la beaut\u00e9 et la complexit\u00e9 des graines, y compris les plus petites d&#8217;entre elles. C&#8217;est en s&#8217;appuyant sur les collections de Jean Laty et de l&#8217;association La Voie des fleurs \u00e0 Draveil (Essonne) qu&#8217;il a pu r\u00e9aliser ces images aux formes et aux couleurs infinies et aux d\u00e9tails stup\u00e9fiants : certaines \u00e9voquent des fleurs, d&#8217;autres des pierres ou des sculptures, d&#8217;autres encore des bijoux cisel\u00e9s par un orf\u00e8vre imaginaire.<br \/>\nLa beaut\u00e9 presque magique de ces chefs-d&#8217;oeuvre d\u00e9tenant le myst\u00e8re de la vie, tant dans l&#8217;infiniment petit que dans l&#8217;infiniment grand, est sublim\u00e9e par les jeux d&#8217;ombre et de lumi\u00e8re. Ces petites merveilles en \u00e9voquent d&#8217;autres, nous rappelant des oeuvres d&#8217;art ou des d\u00e9tails architecturaux. L&#8217;homme est lui-m\u00eame nature, et c&#8217;est toujours sous l&#8217;inspiration de la nature qu&#8217;il a compos\u00e9 ses cr\u00e9ations les plus \u00e9tranges ou les plus audacieuses.<br \/>\nEn fin de volume, des photographies en format r\u00e9duit sont accompagn\u00e9es d&#8217;informations scientifiques sur les graines, leur vie, leurs caract\u00e9ristiques et leurs diff\u00e9rentes familles.<\/p>\n","protected":false},"excerpt":{"rendered":"<p>La beaut\u00e9 secr\u00e8te des graines, facette cach\u00e9e de la nature Paul Starosta est un photographe naturaliste fran\u00e7ais, c\u00e9l\u00e8bre pour avoir d\u00e9cel\u00e9 et r\u00e9v\u00e9l\u00e9 le caract\u00e8re fonci\u00e8rement artistique de la nature. Les 200 superbes photographies de ce livre \u00e9tonnant, aujourd&#8217;hui r\u00e9\u00e9dit\u00e9 dans un nouveau format, illustrent la beaut\u00e9 et la complexit\u00e9 des graines, y compris les [&hellip;]<\/p>\n","protected":false},"featured_media":47780,"template":"","meta":[],"product_cat":[2948,2956],"product_tag":[],"acf":[],"yoast_head":"<!-- This site is optimized with the Yoast SEO plugin v20.11 - https:\/\/yoast.com\/wordpress\/plugins\/seo\/ -->\n<title>Graines - Librairie 7L<\/title>\n<meta name=\"robots\" content=\"index, follow, max-snippet:-1, max-image-preview:large, max-video-preview:-1\" \/>\n<link rel=\"canonical\" href=\"https:\/\/librairie7l.com\/en\/produit\/graines-2\/\" \/>\n<meta property=\"og:locale\" content=\"en_US\" \/>\n<meta property=\"og:type\" content=\"article\" \/>\n<meta property=\"og:title\" content=\"Graines - Librairie 7L\" \/>\n<meta property=\"og:description\" content=\"La beaut\u00e9 secr\u00e8te des graines, facette cach\u00e9e de la nature Paul Starosta est un photographe naturaliste fran\u00e7ais, c\u00e9l\u00e8bre pour avoir d\u00e9cel\u00e9 et r\u00e9v\u00e9l\u00e9 le caract\u00e8re fonci\u00e8rement artistique de la nature. Les 200 superbes photographies de ce livre \u00e9tonnant, aujourd&#8217;hui r\u00e9\u00e9dit\u00e9 dans un nouveau format, illustrent la beaut\u00e9 et la complexit\u00e9 des graines, y compris les [&hellip;]\" \/>\n<meta property=\"og:url\" content=\"https:\/\/librairie7l.com\/en\/produit\/graines-2\/\" \/>\n<meta property=\"og:site_name\" content=\"Librairie 7L\" \/>\n<meta property=\"article:modified_time\" content=\"2026-04-29T15:03:14+00:00\" \/>\n<meta property=\"og:image\" content=\"https:\/\/librairie7l.com\/wp-content\/uploads\/2024\/06\/9791254600788_1_75.jpg\" \/>\n\t<meta property=\"og:image:width\" content=\"600\" \/>\n\t<meta property=\"og:image:height\" content=\"600\" \/>\n\t<meta property=\"og:image:type\" content=\"image\/jpeg\" \/>\n<meta name=\"twitter:card\" content=\"summary_large_image\" \/>\n<meta name=\"twitter:label1\" content=\"Est. reading time\" \/>\n\t<meta name=\"twitter:data1\" content=\"1 minute\" \/>\n<script type=\"application\/ld+json\" class=\"yoast-schema-graph\">{\"@context\":\"https:\/\/schema.org\",\"@graph\":[{\"@type\":\"WebPage\",\"@id\":\"https:\/\/librairie7l.com\/en\/produit\/graines-2\/\",\"url\":\"https:\/\/librairie7l.com\/en\/produit\/graines-2\/\",\"name\":\"Graines - Librairie 7L\",\"isPartOf\":{\"@id\":\"https:\/\/librairie7l.com\/en\/#website\"},\"datePublished\":\"2025-05-01T07:17:44+00:00\",\"dateModified\":\"2026-04-29T15:03:14+00:00\",\"breadcrumb\":{\"@id\":\"https:\/\/librairie7l.com\/en\/produit\/graines-2\/#breadcrumb\"},\"inLanguage\":\"en-US\",\"potentialAction\":[{\"@type\":\"ReadAction\",\"target\":[\"https:\/\/librairie7l.com\/en\/produit\/graines-2\/\"]}]},{\"@type\":\"BreadcrumbList\",\"@id\":\"https:\/\/librairie7l.com\/en\/produit\/graines-2\/#breadcrumb\",\"itemListElement\":[{\"@type\":\"ListItem\",\"position\":1,\"name\":\"Accueil\",\"item\":\"https:\/\/librairie7l.com\/en\/\"},{\"@type\":\"ListItem\",\"position\":2,\"name\":\"Shop\",\"item\":\"https:\/\/librairie7l.com\/en\/shop\/\"},{\"@type\":\"ListItem\",\"position\":3,\"name\":\"GRAINES\"}]},{\"@type\":\"WebSite\",\"@id\":\"https:\/\/librairie7l.com\/en\/#website\",\"url\":\"https:\/\/librairie7l.com\/en\/\",\"name\":\"Librairie 7L\",\"description\":\"Librairie fond\u00e9e en 1999 par Karl Lagerfeld \u00e0 Paris\",\"publisher\":{\"@id\":\"https:\/\/librairie7l.com\/en\/#organization\"},\"potentialAction\":[{\"@type\":\"SearchAction\",\"target\":{\"@type\":\"EntryPoint\",\"urlTemplate\":\"https:\/\/librairie7l.com\/en\/?s={search_term_string}\"},\"query-input\":\"required name=search_term_string\"}],\"inLanguage\":\"en-US\"},{\"@type\":\"Organization\",\"@id\":\"https:\/\/librairie7l.com\/en\/#organization\",\"name\":\"Librairie 7L\",\"url\":\"https:\/\/librairie7l.com\/en\/\",\"logo\":{\"@type\":\"ImageObject\",\"inLanguage\":\"en-US\",\"@id\":\"https:\/\/librairie7l.com\/en\/#\/schema\/logo\/image\/\",\"url\":\"https:\/\/librairie7l.com\/wp-content\/uploads\/2022\/08\/logo-1.png\",\"contentUrl\":\"https:\/\/librairie7l.com\/wp-content\/uploads\/2022\/08\/logo-1.png\",\"width\":227,\"height\":301,\"caption\":\"Librairie 7L\"},\"image\":{\"@id\":\"https:\/\/librairie7l.com\/en\/#\/schema\/logo\/image\/\"}}]}<\/script>\n<!-- \/ Yoast SEO plugin. -->","yoast_head_json":{"title":"Graines - Librairie 7L","robots":{"index":"index","follow":"follow","max-snippet":"max-snippet:-1","max-image-preview":"max-image-preview:large","max-video-preview":"max-video-preview:-1"},"canonical":"https:\/\/librairie7l.com\/en\/produit\/graines-2\/","og_locale":"en_US","og_type":"article","og_title":"Graines - Librairie 7L","og_description":"La beaut\u00e9 secr\u00e8te des graines, facette cach\u00e9e de la nature Paul Starosta est un photographe naturaliste fran\u00e7ais, c\u00e9l\u00e8bre pour avoir d\u00e9cel\u00e9 et r\u00e9v\u00e9l\u00e9 le caract\u00e8re fonci\u00e8rement artistique de la nature. Les 200 superbes photographies de ce livre \u00e9tonnant, aujourd&#8217;hui r\u00e9\u00e9dit\u00e9 dans un nouveau format, illustrent la beaut\u00e9 et la complexit\u00e9 des graines, y compris les [&hellip;]","og_url":"https:\/\/librairie7l.com\/en\/produit\/graines-2\/","og_site_name":"Librairie 7L","article_modified_time":"2026-04-29T15:03:14+00:00","og_image":[{"width":600,"height":600,"url":"https:\/\/librairie7l.com\/wp-content\/uploads\/2024\/06\/9791254600788_1_75.jpg","type":"image\/jpeg"}],"twitter_card":"summary_large_image","twitter_misc":{"Est. reading time":"1 minute"},"schema":{"@context":"https:\/\/schema.org","@graph":[{"@type":"WebPage","@id":"https:\/\/librairie7l.com\/en\/produit\/graines-2\/","url":"https:\/\/librairie7l.com\/en\/produit\/graines-2\/","name":"Graines - Librairie 7L","isPartOf":{"@id":"https:\/\/librairie7l.com\/en\/#website"},"datePublished":"2025-05-01T07:17:44+00:00","dateModified":"2026-04-29T15:03:14+00:00","breadcrumb":{"@id":"https:\/\/librairie7l.com\/en\/produit\/graines-2\/#breadcrumb"},"inLanguage":"en-US","potentialAction":[{"@type":"ReadAction","target":["https:\/\/librairie7l.com\/en\/produit\/graines-2\/"]}]},{"@type":"BreadcrumbList","@id":"https:\/\/librairie7l.com\/en\/produit\/graines-2\/#breadcrumb","itemListElement":[{"@type":"ListItem","position":1,"name":"Accueil","item":"https:\/\/librairie7l.com\/en\/"},{"@type":"ListItem","position":2,"name":"Shop","item":"https:\/\/librairie7l.com\/en\/shop\/"},{"@type":"ListItem","position":3,"name":"GRAINES"}]},{"@type":"WebSite","@id":"https:\/\/librairie7l.com\/en\/#website","url":"https:\/\/librairie7l.com\/en\/","name":"Librairie 7L","description":"Librairie fond\u00e9e en 1999 par Karl Lagerfeld \u00e0 Paris","publisher":{"@id":"https:\/\/librairie7l.com\/en\/#organization"},"potentialAction":[{"@type":"SearchAction","target":{"@type":"EntryPoint","urlTemplate":"https:\/\/librairie7l.com\/en\/?s={search_term_string}"},"query-input":"required name=search_term_string"}],"inLanguage":"en-US"},{"@type":"Organization","@id":"https:\/\/librairie7l.com\/en\/#organization","name":"Librairie 7L","url":"https:\/\/librairie7l.com\/en\/","logo":{"@type":"ImageObject","inLanguage":"en-US","@id":"https:\/\/librairie7l.com\/en\/#\/schema\/logo\/image\/","url":"https:\/\/librairie7l.com\/wp-content\/uploads\/2022\/08\/logo-1.png","contentUrl":"https:\/\/librairie7l.com\/wp-content\/uploads\/2022\/08\/logo-1.png","width":227,"height":301,"caption":"Librairie 7L"},"image":{"@id":"https:\/\/librairie7l.com\/en\/#\/schema\/logo\/image\/"}}]}},"_links":{"self":[{"href":"https:\/\/librairie7l.com\/en\/wp-json\/wp\/v2\/product\/47782"}],"collection":[{"href":"https:\/\/librairie7l.com\/en\/wp-json\/wp\/v2\/product"}],"about":[{"href":"https:\/\/librairie7l.com\/en\/wp-json\/wp\/v2\/types\/product"}],"wp:featuredmedia":[{"embeddable":true,"href":"https:\/\/librairie7l.com\/en\/wp-json\/wp\/v2\/media\/47780"}],"wp:attachment":[{"href":"https:\/\/librairie7l.com\/en\/wp-json\/wp\/v2\/media?parent=47782"}],"wp:term":[{"taxonomy":"product_cat","embeddable":true,"href":"https:\/\/librairie7l.com\/en\/wp-json\/wp\/v2\/product_cat?post=47782"},{"taxonomy":"product_tag","embeddable":true,"href":"https:\/\/librairie7l.com\/en\/wp-json\/wp\/v2\/product_tag?post=47782"}],"curies":[{"name":"wp","href":"https:\/\/api.w.org\/{rel}","templated":true}]}}