{"id":47786,"date":"2025-05-01T09:17:47","date_gmt":"2025-05-01T07:17:47","guid":{"rendered":"https:\/\/librairie7l.com\/?post_type=product&#038;p=47786"},"modified":"2026-04-05T00:37:43","modified_gmt":"2026-04-04T22:37:43","slug":"architectures-sovietiques-a-bichkek-capitale-du-kirghizstan-2","status":"publish","type":"product","link":"https:\/\/librairie7l.com\/en\/produit\/architectures-sovietiques-a-bichkek-capitale-du-kirghizstan-2\/","title":{"rendered":"ARCHITECTURES SOVI\u00c9TIQUES : A BICHKEK, CAPITALE DU KIRGHIZSTAN"},"content":{"rendered":"<p>ARGUMENTAIRE<br \/>\nDevenu R\u00e9publique sovi\u00e9tique socialiste en 1936, le Kirghizistan entendait inventer pour sa capitale une architecture monumentale sp\u00e9cifique qui exprime son ralliement \u00e0 l&#8217;utopie d&#8217;esp\u00e9rance de la grande famille communiste.     Il faut toutefois attendre l&#8217;apr\u00e8s-guerre pour voir surgir les premiers grands \u00e9quipements staliniens (op\u00e9ra, palais des Pionniers) dans un style emphatique d&#8217;inspiration classique avec, ici et l\u00e0, des citations de la culture kirghize. La p\u00e9riode 1960-1980 voit se multiplier les \u00e9difices embl\u00e9matiques de la capitale (stade, biblioth\u00e8que, gare routi\u00e8re, palais des mariages&#8230;), chacun des dirigeants sovi\u00e9tiques successifs voulant imprimer leur marque dans l&#8217;architecture.   Les r\u00e9alisations pr\u00e9sent\u00e9es dans ce livre t\u00e9moignent d&#8217;une audace et d&#8217;un souffle certes souvent d\u00e9clamatoire et hyperbolique, qui ne cessent d&#8217;\u00e9tonner par leur puissance expressionniste. Il faut donc regarder ces \u00e9difices, souvent choquants pour un regard habitu\u00e9 \u00e0 plus de raffinement, pour ce qu&#8217;ils sont, une forme de r\u00e9alisme sovi\u00e9tique bouscul\u00e9 par le talent et l&#8217;imagination d&#8217;architectes sensibles aux racines nomades d&#8217;un peuple et confront\u00e9s \u00e0 la n\u00e9cessit\u00e9 d&#8217;exprimer une id\u00e9ologie collectiviste. Un v\u00e9ritable travail d&#8217;\u00e9quilibriste.<br \/>\nUn historien de l&#8217;art parisien, Fabien Bellat, sp\u00e9cialiste du monde de l&#8217;art sovi\u00e9tique et un photographe berlinois de r\u00e9putation internationale, Marcus Bredt, ont uni leurs efforts pour nous d\u00e9voiler ce pan n\u00e9glig\u00e9 et fascinant de l&#8217;histoire de l&#8217;architecture du XXe si\u00e8cle.<\/p>\n","protected":false},"excerpt":{"rendered":"<p>ARGUMENTAIRE Devenu R\u00e9publique sovi\u00e9tique socialiste en 1936, le Kirghizistan entendait inventer pour sa capitale une architecture monumentale sp\u00e9cifique qui exprime son ralliement \u00e0 l&#8217;utopie d&#8217;esp\u00e9rance de la grande famille communiste. Il faut toutefois attendre l&#8217;apr\u00e8s-guerre pour voir surgir les premiers grands \u00e9quipements staliniens (op\u00e9ra, palais des Pionniers) dans un style emphatique d&#8217;inspiration classique avec, ici [&hellip;]<\/p>\n","protected":false},"featured_media":47784,"template":"","meta":[],"product_cat":[2948,2950],"product_tag":[],"acf":[],"yoast_head":"<!-- This site is optimized with the Yoast SEO plugin v20.11 - https:\/\/yoast.com\/wordpress\/plugins\/seo\/ -->\n<title>Architectures sovi\u00e9tiques : A Bichkek, capitale du Kirghizstan - Librairie 7L<\/title>\n<meta name=\"robots\" content=\"index, follow, max-snippet:-1, max-image-preview:large, max-video-preview:-1\" \/>\n<link rel=\"canonical\" href=\"https:\/\/librairie7l.com\/en\/produit\/architectures-sovietiques-a-bichkek-capitale-du-kirghizstan-2\/\" \/>\n<meta property=\"og:locale\" content=\"en_US\" \/>\n<meta property=\"og:type\" content=\"article\" \/>\n<meta property=\"og:title\" content=\"Architectures sovi\u00e9tiques : A Bichkek, capitale du Kirghizstan - Librairie 7L\" \/>\n<meta property=\"og:description\" content=\"ARGUMENTAIRE Devenu R\u00e9publique sovi\u00e9tique socialiste en 1936, le Kirghizistan entendait inventer pour sa capitale une architecture monumentale sp\u00e9cifique qui exprime son ralliement \u00e0 l&#8217;utopie d&#8217;esp\u00e9rance de la grande famille communiste. Il faut toutefois attendre l&#8217;apr\u00e8s-guerre pour voir surgir les premiers grands \u00e9quipements staliniens (op\u00e9ra, palais des Pionniers) dans un style emphatique d&#8217;inspiration classique avec, ici [&hellip;]\" \/>\n<meta property=\"og:url\" content=\"https:\/\/librairie7l.com\/en\/produit\/architectures-sovietiques-a-bichkek-capitale-du-kirghizstan-2\/\" \/>\n<meta property=\"og:site_name\" content=\"Librairie 7L\" \/>\n<meta property=\"article:modified_time\" content=\"2026-04-04T22:37:43+00:00\" \/>\n<meta property=\"og:image\" content=\"https:\/\/librairie7l.com\/wp-content\/uploads\/2024\/12\/9782871434450_1_75.jpg\" \/>\n\t<meta property=\"og:image:width\" content=\"736\" \/>\n\t<meta property=\"og:image:height\" content=\"600\" \/>\n\t<meta property=\"og:image:type\" content=\"image\/jpeg\" \/>\n<meta name=\"twitter:card\" content=\"summary_large_image\" \/>\n<meta name=\"twitter:label1\" content=\"Est. reading time\" \/>\n\t<meta name=\"twitter:data1\" content=\"1 minute\" \/>\n<script type=\"application\/ld+json\" class=\"yoast-schema-graph\">{\"@context\":\"https:\/\/schema.org\",\"@graph\":[{\"@type\":\"WebPage\",\"@id\":\"https:\/\/librairie7l.com\/en\/produit\/architectures-sovietiques-a-bichkek-capitale-du-kirghizstan-2\/\",\"url\":\"https:\/\/librairie7l.com\/en\/produit\/architectures-sovietiques-a-bichkek-capitale-du-kirghizstan-2\/\",\"name\":\"Architectures sovi\u00e9tiques : A Bichkek, capitale du Kirghizstan - Librairie 7L\",\"isPartOf\":{\"@id\":\"https:\/\/librairie7l.com\/en\/#website\"},\"datePublished\":\"2025-05-01T07:17:47+00:00\",\"dateModified\":\"2026-04-04T22:37:43+00:00\",\"breadcrumb\":{\"@id\":\"https:\/\/librairie7l.com\/en\/produit\/architectures-sovietiques-a-bichkek-capitale-du-kirghizstan-2\/#breadcrumb\"},\"inLanguage\":\"en-US\",\"potentialAction\":[{\"@type\":\"ReadAction\",\"target\":[\"https:\/\/librairie7l.com\/en\/produit\/architectures-sovietiques-a-bichkek-capitale-du-kirghizstan-2\/\"]}]},{\"@type\":\"BreadcrumbList\",\"@id\":\"https:\/\/librairie7l.com\/en\/produit\/architectures-sovietiques-a-bichkek-capitale-du-kirghizstan-2\/#breadcrumb\",\"itemListElement\":[{\"@type\":\"ListItem\",\"position\":1,\"name\":\"Accueil\",\"item\":\"https:\/\/librairie7l.com\/en\/\"},{\"@type\":\"ListItem\",\"position\":2,\"name\":\"Shop\",\"item\":\"https:\/\/librairie7l.com\/en\/shop\/\"},{\"@type\":\"ListItem\",\"position\":3,\"name\":\"ARCHITECTURES SOVI\u00c9TIQUES : A BICHKEK, CAPITALE DU KIRGHIZSTAN\"}]},{\"@type\":\"WebSite\",\"@id\":\"https:\/\/librairie7l.com\/en\/#website\",\"url\":\"https:\/\/librairie7l.com\/en\/\",\"name\":\"Librairie 7L\",\"description\":\"Librairie fond\u00e9e en 1999 par Karl Lagerfeld \u00e0 Paris\",\"publisher\":{\"@id\":\"https:\/\/librairie7l.com\/en\/#organization\"},\"potentialAction\":[{\"@type\":\"SearchAction\",\"target\":{\"@type\":\"EntryPoint\",\"urlTemplate\":\"https:\/\/librairie7l.com\/en\/?s={search_term_string}\"},\"query-input\":\"required name=search_term_string\"}],\"inLanguage\":\"en-US\"},{\"@type\":\"Organization\",\"@id\":\"https:\/\/librairie7l.com\/en\/#organization\",\"name\":\"Librairie 7L\",\"url\":\"https:\/\/librairie7l.com\/en\/\",\"logo\":{\"@type\":\"ImageObject\",\"inLanguage\":\"en-US\",\"@id\":\"https:\/\/librairie7l.com\/en\/#\/schema\/logo\/image\/\",\"url\":\"https:\/\/librairie7l.com\/wp-content\/uploads\/2022\/08\/logo-1.png\",\"contentUrl\":\"https:\/\/librairie7l.com\/wp-content\/uploads\/2022\/08\/logo-1.png\",\"width\":227,\"height\":301,\"caption\":\"Librairie 7L\"},\"image\":{\"@id\":\"https:\/\/librairie7l.com\/en\/#\/schema\/logo\/image\/\"}}]}<\/script>\n<!-- \/ Yoast SEO plugin. -->","yoast_head_json":{"title":"Architectures sovi\u00e9tiques : A Bichkek, capitale du Kirghizstan - Librairie 7L","robots":{"index":"index","follow":"follow","max-snippet":"max-snippet:-1","max-image-preview":"max-image-preview:large","max-video-preview":"max-video-preview:-1"},"canonical":"https:\/\/librairie7l.com\/en\/produit\/architectures-sovietiques-a-bichkek-capitale-du-kirghizstan-2\/","og_locale":"en_US","og_type":"article","og_title":"Architectures sovi\u00e9tiques : A Bichkek, capitale du Kirghizstan - Librairie 7L","og_description":"ARGUMENTAIRE Devenu R\u00e9publique sovi\u00e9tique socialiste en 1936, le Kirghizistan entendait inventer pour sa capitale une architecture monumentale sp\u00e9cifique qui exprime son ralliement \u00e0 l&#8217;utopie d&#8217;esp\u00e9rance de la grande famille communiste. Il faut toutefois attendre l&#8217;apr\u00e8s-guerre pour voir surgir les premiers grands \u00e9quipements staliniens (op\u00e9ra, palais des Pionniers) dans un style emphatique d&#8217;inspiration classique avec, ici [&hellip;]","og_url":"https:\/\/librairie7l.com\/en\/produit\/architectures-sovietiques-a-bichkek-capitale-du-kirghizstan-2\/","og_site_name":"Librairie 7L","article_modified_time":"2026-04-04T22:37:43+00:00","og_image":[{"width":736,"height":600,"url":"https:\/\/librairie7l.com\/wp-content\/uploads\/2024\/12\/9782871434450_1_75.jpg","type":"image\/jpeg"}],"twitter_card":"summary_large_image","twitter_misc":{"Est. reading time":"1 minute"},"schema":{"@context":"https:\/\/schema.org","@graph":[{"@type":"WebPage","@id":"https:\/\/librairie7l.com\/en\/produit\/architectures-sovietiques-a-bichkek-capitale-du-kirghizstan-2\/","url":"https:\/\/librairie7l.com\/en\/produit\/architectures-sovietiques-a-bichkek-capitale-du-kirghizstan-2\/","name":"Architectures sovi\u00e9tiques : A Bichkek, capitale du Kirghizstan - Librairie 7L","isPartOf":{"@id":"https:\/\/librairie7l.com\/en\/#website"},"datePublished":"2025-05-01T07:17:47+00:00","dateModified":"2026-04-04T22:37:43+00:00","breadcrumb":{"@id":"https:\/\/librairie7l.com\/en\/produit\/architectures-sovietiques-a-bichkek-capitale-du-kirghizstan-2\/#breadcrumb"},"inLanguage":"en-US","potentialAction":[{"@type":"ReadAction","target":["https:\/\/librairie7l.com\/en\/produit\/architectures-sovietiques-a-bichkek-capitale-du-kirghizstan-2\/"]}]},{"@type":"BreadcrumbList","@id":"https:\/\/librairie7l.com\/en\/produit\/architectures-sovietiques-a-bichkek-capitale-du-kirghizstan-2\/#breadcrumb","itemListElement":[{"@type":"ListItem","position":1,"name":"Accueil","item":"https:\/\/librairie7l.com\/en\/"},{"@type":"ListItem","position":2,"name":"Shop","item":"https:\/\/librairie7l.com\/en\/shop\/"},{"@type":"ListItem","position":3,"name":"ARCHITECTURES SOVI\u00c9TIQUES : A BICHKEK, CAPITALE DU KIRGHIZSTAN"}]},{"@type":"WebSite","@id":"https:\/\/librairie7l.com\/en\/#website","url":"https:\/\/librairie7l.com\/en\/","name":"Librairie 7L","description":"Librairie fond\u00e9e en 1999 par Karl Lagerfeld \u00e0 Paris","publisher":{"@id":"https:\/\/librairie7l.com\/en\/#organization"},"potentialAction":[{"@type":"SearchAction","target":{"@type":"EntryPoint","urlTemplate":"https:\/\/librairie7l.com\/en\/?s={search_term_string}"},"query-input":"required name=search_term_string"}],"inLanguage":"en-US"},{"@type":"Organization","@id":"https:\/\/librairie7l.com\/en\/#organization","name":"Librairie 7L","url":"https:\/\/librairie7l.com\/en\/","logo":{"@type":"ImageObject","inLanguage":"en-US","@id":"https:\/\/librairie7l.com\/en\/#\/schema\/logo\/image\/","url":"https:\/\/librairie7l.com\/wp-content\/uploads\/2022\/08\/logo-1.png","contentUrl":"https:\/\/librairie7l.com\/wp-content\/uploads\/2022\/08\/logo-1.png","width":227,"height":301,"caption":"Librairie 7L"},"image":{"@id":"https:\/\/librairie7l.com\/en\/#\/schema\/logo\/image\/"}}]}},"_links":{"self":[{"href":"https:\/\/librairie7l.com\/en\/wp-json\/wp\/v2\/product\/47786"}],"collection":[{"href":"https:\/\/librairie7l.com\/en\/wp-json\/wp\/v2\/product"}],"about":[{"href":"https:\/\/librairie7l.com\/en\/wp-json\/wp\/v2\/types\/product"}],"wp:featuredmedia":[{"embeddable":true,"href":"https:\/\/librairie7l.com\/en\/wp-json\/wp\/v2\/media\/47784"}],"wp:attachment":[{"href":"https:\/\/librairie7l.com\/en\/wp-json\/wp\/v2\/media?parent=47786"}],"wp:term":[{"taxonomy":"product_cat","embeddable":true,"href":"https:\/\/librairie7l.com\/en\/wp-json\/wp\/v2\/product_cat?post=47786"},{"taxonomy":"product_tag","embeddable":true,"href":"https:\/\/librairie7l.com\/en\/wp-json\/wp\/v2\/product_tag?post=47786"}],"curies":[{"name":"wp","href":"https:\/\/api.w.org\/{rel}","templated":true}]}}