{"id":47788,"date":"2025-05-01T09:17:48","date_gmt":"2025-05-01T07:17:48","guid":{"rendered":"https:\/\/librairie7l.com\/?post_type=product&#038;p=47788"},"modified":"2026-04-08T06:20:06","modified_gmt":"2026-04-08T04:20:06","slug":"angiviller-acteur-et-temoin-du-regne-de-louis-xvi-2","status":"publish","type":"product","link":"https:\/\/librairie7l.com\/en\/produit\/angiviller-acteur-et-temoin-du-regne-de-louis-xvi-2\/","title":{"rendered":"ANGIVILLER : ACTEUR ET T\u00c9MOIN DU R\u00c8GNE DE LOUIS XVI"},"content":{"rendered":"<p>Monographie consacr\u00e9e \u00e0 cet acteur de la vie artistique et de la politique culturelle sous Louis XVI. Responsable des b\u00e2timents royaux, il pr\u00e9side au sort des manufactures de S\u00e8vres et des Gobelins, dirige l&#8217;Acad\u00e9mie de peinture et de sculpture et fonde le mus\u00e9e du Louvre dont il constitue les collections. Le manuscrit de ses m\u00e9moires, r\u00e9dig\u00e9s par son secr\u00e9taire, est reproduit en fin d&#8217;ouvrage.<\/p>\n","protected":false},"excerpt":{"rendered":"<p>Monographie consacr\u00e9e \u00e0 cet acteur de la vie artistique et de la politique culturelle sous Louis XVI. Responsable des b\u00e2timents royaux, il pr\u00e9side au sort des manufactures de S\u00e8vres et des Gobelins, dirige l&#8217;Acad\u00e9mie de peinture et de sculpture et fonde le mus\u00e9e du Louvre dont il constitue les collections. Le manuscrit de ses m\u00e9moires, [&hellip;]<\/p>\n","protected":false},"featured_media":0,"template":"","meta":[],"product_cat":[2948,2953],"product_tag":[],"acf":[],"yoast_head":"<!-- This site is optimized with the Yoast SEO plugin v20.11 - https:\/\/yoast.com\/wordpress\/plugins\/seo\/ -->\n<title>Angiviller : Acteur et t\u00e9moin du r\u00e8gne de Louis XVI - Librairie 7L<\/title>\n<meta name=\"robots\" content=\"index, follow, max-snippet:-1, max-image-preview:large, max-video-preview:-1\" \/>\n<link rel=\"canonical\" href=\"https:\/\/librairie7l.com\/en\/produit\/angiviller-acteur-et-temoin-du-regne-de-louis-xvi-2\/\" \/>\n<meta property=\"og:locale\" content=\"en_US\" \/>\n<meta property=\"og:type\" content=\"article\" \/>\n<meta property=\"og:title\" content=\"Angiviller : Acteur et t\u00e9moin du r\u00e8gne de Louis XVI - Librairie 7L\" \/>\n<meta property=\"og:description\" content=\"Monographie consacr\u00e9e \u00e0 cet acteur de la vie artistique et de la politique culturelle sous Louis XVI. Responsable des b\u00e2timents royaux, il pr\u00e9side au sort des manufactures de S\u00e8vres et des Gobelins, dirige l&#8217;Acad\u00e9mie de peinture et de sculpture et fonde le mus\u00e9e du Louvre dont il constitue les collections. Le manuscrit de ses m\u00e9moires, [&hellip;]\" \/>\n<meta property=\"og:url\" content=\"https:\/\/librairie7l.com\/en\/produit\/angiviller-acteur-et-temoin-du-regne-de-louis-xvi-2\/\" \/>\n<meta property=\"og:site_name\" content=\"Librairie 7L\" \/>\n<meta property=\"article:modified_time\" content=\"2026-04-08T04:20:06+00:00\" \/>\n<meta name=\"twitter:card\" content=\"summary_large_image\" \/>\n<script type=\"application\/ld+json\" class=\"yoast-schema-graph\">{\"@context\":\"https:\/\/schema.org\",\"@graph\":[{\"@type\":\"WebPage\",\"@id\":\"https:\/\/librairie7l.com\/en\/produit\/angiviller-acteur-et-temoin-du-regne-de-louis-xvi-2\/\",\"url\":\"https:\/\/librairie7l.com\/en\/produit\/angiviller-acteur-et-temoin-du-regne-de-louis-xvi-2\/\",\"name\":\"Angiviller : Acteur et t\u00e9moin du r\u00e8gne de Louis XVI - Librairie 7L\",\"isPartOf\":{\"@id\":\"https:\/\/librairie7l.com\/en\/#website\"},\"datePublished\":\"2025-05-01T07:17:48+00:00\",\"dateModified\":\"2026-04-08T04:20:06+00:00\",\"breadcrumb\":{\"@id\":\"https:\/\/librairie7l.com\/en\/produit\/angiviller-acteur-et-temoin-du-regne-de-louis-xvi-2\/#breadcrumb\"},\"inLanguage\":\"en-US\",\"potentialAction\":[{\"@type\":\"ReadAction\",\"target\":[\"https:\/\/librairie7l.com\/en\/produit\/angiviller-acteur-et-temoin-du-regne-de-louis-xvi-2\/\"]}]},{\"@type\":\"BreadcrumbList\",\"@id\":\"https:\/\/librairie7l.com\/en\/produit\/angiviller-acteur-et-temoin-du-regne-de-louis-xvi-2\/#breadcrumb\",\"itemListElement\":[{\"@type\":\"ListItem\",\"position\":1,\"name\":\"Accueil\",\"item\":\"https:\/\/librairie7l.com\/en\/\"},{\"@type\":\"ListItem\",\"position\":2,\"name\":\"Shop\",\"item\":\"https:\/\/librairie7l.com\/en\/shop\/\"},{\"@type\":\"ListItem\",\"position\":3,\"name\":\"ANGIVILLER : ACTEUR ET T\u00c9MOIN DU R\u00c8GNE DE LOUIS XVI\"}]},{\"@type\":\"WebSite\",\"@id\":\"https:\/\/librairie7l.com\/en\/#website\",\"url\":\"https:\/\/librairie7l.com\/en\/\",\"name\":\"Librairie 7L\",\"description\":\"Librairie fond\u00e9e en 1999 par Karl Lagerfeld \u00e0 Paris\",\"publisher\":{\"@id\":\"https:\/\/librairie7l.com\/en\/#organization\"},\"potentialAction\":[{\"@type\":\"SearchAction\",\"target\":{\"@type\":\"EntryPoint\",\"urlTemplate\":\"https:\/\/librairie7l.com\/en\/?s={search_term_string}\"},\"query-input\":\"required name=search_term_string\"}],\"inLanguage\":\"en-US\"},{\"@type\":\"Organization\",\"@id\":\"https:\/\/librairie7l.com\/en\/#organization\",\"name\":\"Librairie 7L\",\"url\":\"https:\/\/librairie7l.com\/en\/\",\"logo\":{\"@type\":\"ImageObject\",\"inLanguage\":\"en-US\",\"@id\":\"https:\/\/librairie7l.com\/en\/#\/schema\/logo\/image\/\",\"url\":\"https:\/\/librairie7l.com\/wp-content\/uploads\/2022\/08\/logo-1.png\",\"contentUrl\":\"https:\/\/librairie7l.com\/wp-content\/uploads\/2022\/08\/logo-1.png\",\"width\":227,\"height\":301,\"caption\":\"Librairie 7L\"},\"image\":{\"@id\":\"https:\/\/librairie7l.com\/en\/#\/schema\/logo\/image\/\"}}]}<\/script>\n<!-- \/ Yoast SEO plugin. -->","yoast_head_json":{"title":"Angiviller : Acteur et t\u00e9moin du r\u00e8gne de Louis XVI - Librairie 7L","robots":{"index":"index","follow":"follow","max-snippet":"max-snippet:-1","max-image-preview":"max-image-preview:large","max-video-preview":"max-video-preview:-1"},"canonical":"https:\/\/librairie7l.com\/en\/produit\/angiviller-acteur-et-temoin-du-regne-de-louis-xvi-2\/","og_locale":"en_US","og_type":"article","og_title":"Angiviller : Acteur et t\u00e9moin du r\u00e8gne de Louis XVI - Librairie 7L","og_description":"Monographie consacr\u00e9e \u00e0 cet acteur de la vie artistique et de la politique culturelle sous Louis XVI. Responsable des b\u00e2timents royaux, il pr\u00e9side au sort des manufactures de S\u00e8vres et des Gobelins, dirige l&#8217;Acad\u00e9mie de peinture et de sculpture et fonde le mus\u00e9e du Louvre dont il constitue les collections. Le manuscrit de ses m\u00e9moires, [&hellip;]","og_url":"https:\/\/librairie7l.com\/en\/produit\/angiviller-acteur-et-temoin-du-regne-de-louis-xvi-2\/","og_site_name":"Librairie 7L","article_modified_time":"2026-04-08T04:20:06+00:00","twitter_card":"summary_large_image","schema":{"@context":"https:\/\/schema.org","@graph":[{"@type":"WebPage","@id":"https:\/\/librairie7l.com\/en\/produit\/angiviller-acteur-et-temoin-du-regne-de-louis-xvi-2\/","url":"https:\/\/librairie7l.com\/en\/produit\/angiviller-acteur-et-temoin-du-regne-de-louis-xvi-2\/","name":"Angiviller : Acteur et t\u00e9moin du r\u00e8gne de Louis XVI - Librairie 7L","isPartOf":{"@id":"https:\/\/librairie7l.com\/en\/#website"},"datePublished":"2025-05-01T07:17:48+00:00","dateModified":"2026-04-08T04:20:06+00:00","breadcrumb":{"@id":"https:\/\/librairie7l.com\/en\/produit\/angiviller-acteur-et-temoin-du-regne-de-louis-xvi-2\/#breadcrumb"},"inLanguage":"en-US","potentialAction":[{"@type":"ReadAction","target":["https:\/\/librairie7l.com\/en\/produit\/angiviller-acteur-et-temoin-du-regne-de-louis-xvi-2\/"]}]},{"@type":"BreadcrumbList","@id":"https:\/\/librairie7l.com\/en\/produit\/angiviller-acteur-et-temoin-du-regne-de-louis-xvi-2\/#breadcrumb","itemListElement":[{"@type":"ListItem","position":1,"name":"Accueil","item":"https:\/\/librairie7l.com\/en\/"},{"@type":"ListItem","position":2,"name":"Shop","item":"https:\/\/librairie7l.com\/en\/shop\/"},{"@type":"ListItem","position":3,"name":"ANGIVILLER : ACTEUR ET T\u00c9MOIN DU R\u00c8GNE DE LOUIS XVI"}]},{"@type":"WebSite","@id":"https:\/\/librairie7l.com\/en\/#website","url":"https:\/\/librairie7l.com\/en\/","name":"Librairie 7L","description":"Librairie fond\u00e9e en 1999 par Karl Lagerfeld \u00e0 Paris","publisher":{"@id":"https:\/\/librairie7l.com\/en\/#organization"},"potentialAction":[{"@type":"SearchAction","target":{"@type":"EntryPoint","urlTemplate":"https:\/\/librairie7l.com\/en\/?s={search_term_string}"},"query-input":"required name=search_term_string"}],"inLanguage":"en-US"},{"@type":"Organization","@id":"https:\/\/librairie7l.com\/en\/#organization","name":"Librairie 7L","url":"https:\/\/librairie7l.com\/en\/","logo":{"@type":"ImageObject","inLanguage":"en-US","@id":"https:\/\/librairie7l.com\/en\/#\/schema\/logo\/image\/","url":"https:\/\/librairie7l.com\/wp-content\/uploads\/2022\/08\/logo-1.png","contentUrl":"https:\/\/librairie7l.com\/wp-content\/uploads\/2022\/08\/logo-1.png","width":227,"height":301,"caption":"Librairie 7L"},"image":{"@id":"https:\/\/librairie7l.com\/en\/#\/schema\/logo\/image\/"}}]}},"_links":{"self":[{"href":"https:\/\/librairie7l.com\/en\/wp-json\/wp\/v2\/product\/47788"}],"collection":[{"href":"https:\/\/librairie7l.com\/en\/wp-json\/wp\/v2\/product"}],"about":[{"href":"https:\/\/librairie7l.com\/en\/wp-json\/wp\/v2\/types\/product"}],"wp:attachment":[{"href":"https:\/\/librairie7l.com\/en\/wp-json\/wp\/v2\/media?parent=47788"}],"wp:term":[{"taxonomy":"product_cat","embeddable":true,"href":"https:\/\/librairie7l.com\/en\/wp-json\/wp\/v2\/product_cat?post=47788"},{"taxonomy":"product_tag","embeddable":true,"href":"https:\/\/librairie7l.com\/en\/wp-json\/wp\/v2\/product_tag?post=47788"}],"curies":[{"name":"wp","href":"https:\/\/api.w.org\/{rel}","templated":true}]}}