{"id":47807,"date":"2025-05-07T09:17:37","date_gmt":"2025-05-07T07:17:37","guid":{"rendered":"https:\/\/librairie7l.com\/?post_type=product&#038;p=47807"},"modified":"2026-04-08T08:02:06","modified_gmt":"2026-04-08T06:02:06","slug":"lhorizon-sans-fin-de-la-renaissance-a-nos-jours-2","status":"publish","type":"product","link":"https:\/\/librairie7l.com\/en\/produit\/lhorizon-sans-fin-de-la-renaissance-a-nos-jours-2\/","title":{"rendered":"L&#8217;HORIZON SANS FIN : DE LA RENAISSANCE \u00c0 NOS JOURS"},"content":{"rendered":"<p>O\u00f9 se tient l&#8217;horizon, cette ligne de rencontre entre le ciel et la terre (ou entre le ciel et la mer), ce ph\u00e9nom\u00e8ne purement visuel et toujours mobile ? Comment figurer ce qui n&#8217;a aucune existence mat\u00e9rielle et qui pourtant nous permet de nous orienter dans l&#8217;espace ? Cette question, les artistes n&#8217;ont cess\u00e9 de se la poser depuis la Renaissance. Le mus\u00e9e des Beaux-Arts de Caen souhaite aujourd&#8217;hui s&#8217;en ressaisir.<br \/>\nSi l&#8217;horizon est fabuleux et imaginaire   nul ne peut le rejoindre -, il n&#8217;en est pas moins un rep\u00e8re stable et fixe pour tous les observateurs, astronomes, navigateurs, voyageurs, simples contemplateurs ou artistes. Servant d&#8217;appui solide dans la construction du monde, il joue un r\u00f4le essentiel tout au long de l&#8217;histoire de l&#8217;astronomie, de la mise en oeuvre de la perspective, de la compr\u00e9hension de la perception, de l&#8217;\u00e9laboration de la repr\u00e9sentation. \u00c0 chacun des grands moments de la pens\u00e9e, l&#8217;horizon est revenu dans le champ du savoir, transform\u00e9 et modifi\u00e9, quoique persistant dans ses paradoxes. C&#8217;est probablement en vertu de ses diff\u00e9rentes facettes   division du ciel et de la terre, limite visuelle qui recule, structure perceptive, etc.   que sa pr\u00e9sence tout au long de l&#8217;histoire conserve une unit\u00e9 qui traverse les r\u00e9volutions scientifiques autant que l&#8217;histoire des arts.<br \/>\nLes artistes le savent : sit\u00f4t que l&#8217;on entreprend de repr\u00e9senter l&#8217;espace qui se d\u00e9ploie devant soi, l&#8217;horizon, bien que situ\u00e9 nulle part, appara\u00eet comme une ligne ou comme une bande dans les lointains. Devenu objet artistique \u00e0 la Renaissance, il d\u00e9limite l&#8217;espace visible en dessinant l&#8217;arri\u00e8re-plan \u00e0 partir duquel s&#8217;organisent l&#8217;histoire et le paysage dans le tableau. Une ligne, certes, mais qui se d\u00e9place avec nous, qui peut se dissoudre dans le brouillard ou la temp\u00eate, qui nous indique que le monde se poursuit au-del\u00e0. Depuis la division entre la terre et le ciel dans les manuscrits de la Gen\u00e8se jusqu&#8217;aux paysages les plus contemporains, l&#8217;horizon nous rappelle \u00e0 notre existence humaine. \u00ab La distance requise par l&#8217;horizon entre un point de vue subjectif et un lointain quasi inconnu t\u00e9moigne de la solidarit\u00e9 tiss\u00e9e entre le sujet et le monde1 \u00bb.<br \/>\nSymbolique, plastique, politique et po\u00e9tique, c&#8217;est toutes ces dimensions que les artistes cherchent \u00e0 travailler dans des supports de plus en plus diversifi\u00e9s. \u00c0 l&#8217;heure o\u00f9 le monde semble \u00eatre mis \u00e0 plat par les communications en r\u00e9seau, \u00e0 l&#8217;heure o\u00f9 des milliardaires mettent en jeu des sommes faramineuses pour quitter l&#8217;horizon terrestre, il est important de reconsid\u00e9rer la port\u00e9e de l&#8217;horizon dans ses dimensions existentielle, imaginaire, mat\u00e9rielle et sensible.<\/p>\n","protected":false},"excerpt":{"rendered":"<p>O\u00f9 se tient l&#8217;horizon, cette ligne de rencontre entre le ciel et la terre (ou entre le ciel et la mer), ce ph\u00e9nom\u00e8ne purement visuel et toujours mobile ? Comment figurer ce qui n&#8217;a aucune existence mat\u00e9rielle et qui pourtant nous permet de nous orienter dans l&#8217;espace ? Cette question, les artistes n&#8217;ont cess\u00e9 de [&hellip;]<\/p>\n","protected":false},"featured_media":47805,"template":"","meta":[],"product_cat":[2948,2953],"product_tag":[],"acf":[],"yoast_head":"<!-- This site is optimized with the Yoast SEO plugin v20.11 - https:\/\/yoast.com\/wordpress\/plugins\/seo\/ -->\n<title>L&#039;horizon sans fin : De la Renaissance \u00e0 nos jours - Librairie 7L<\/title>\n<meta name=\"robots\" content=\"index, follow, max-snippet:-1, max-image-preview:large, max-video-preview:-1\" \/>\n<link rel=\"canonical\" href=\"https:\/\/librairie7l.com\/en\/produit\/lhorizon-sans-fin-de-la-renaissance-a-nos-jours-2\/\" \/>\n<meta property=\"og:locale\" content=\"en_US\" \/>\n<meta property=\"og:type\" content=\"article\" \/>\n<meta property=\"og:title\" content=\"L&#039;horizon sans fin : De la Renaissance \u00e0 nos jours - Librairie 7L\" \/>\n<meta property=\"og:description\" content=\"O\u00f9 se tient l&#8217;horizon, cette ligne de rencontre entre le ciel et la terre (ou entre le ciel et la mer), ce ph\u00e9nom\u00e8ne purement visuel et toujours mobile ? Comment figurer ce qui n&#8217;a aucune existence mat\u00e9rielle et qui pourtant nous permet de nous orienter dans l&#8217;espace ? Cette question, les artistes n&#8217;ont cess\u00e9 de [&hellip;]\" \/>\n<meta property=\"og:url\" content=\"https:\/\/librairie7l.com\/en\/produit\/lhorizon-sans-fin-de-la-renaissance-a-nos-jours-2\/\" \/>\n<meta property=\"og:site_name\" content=\"Librairie 7L\" \/>\n<meta property=\"article:modified_time\" content=\"2026-04-08T06:02:06+00:00\" \/>\n<meta property=\"og:image\" content=\"https:\/\/librairie7l.com\/wp-content\/uploads\/2025\/02\/9782382032206_1_75.jpg\" \/>\n\t<meta property=\"og:image:width\" content=\"600\" \/>\n\t<meta property=\"og:image:height\" content=\"823\" \/>\n\t<meta property=\"og:image:type\" content=\"image\/jpeg\" \/>\n<meta name=\"twitter:card\" content=\"summary_large_image\" \/>\n<meta name=\"twitter:label1\" content=\"Est. reading time\" \/>\n\t<meta name=\"twitter:data1\" content=\"2 minutes\" \/>\n<script type=\"application\/ld+json\" class=\"yoast-schema-graph\">{\"@context\":\"https:\/\/schema.org\",\"@graph\":[{\"@type\":\"WebPage\",\"@id\":\"https:\/\/librairie7l.com\/en\/produit\/lhorizon-sans-fin-de-la-renaissance-a-nos-jours-2\/\",\"url\":\"https:\/\/librairie7l.com\/en\/produit\/lhorizon-sans-fin-de-la-renaissance-a-nos-jours-2\/\",\"name\":\"L'horizon sans fin : De la Renaissance \u00e0 nos jours - Librairie 7L\",\"isPartOf\":{\"@id\":\"https:\/\/librairie7l.com\/en\/#website\"},\"datePublished\":\"2025-05-07T07:17:37+00:00\",\"dateModified\":\"2026-04-08T06:02:06+00:00\",\"breadcrumb\":{\"@id\":\"https:\/\/librairie7l.com\/en\/produit\/lhorizon-sans-fin-de-la-renaissance-a-nos-jours-2\/#breadcrumb\"},\"inLanguage\":\"en-US\",\"potentialAction\":[{\"@type\":\"ReadAction\",\"target\":[\"https:\/\/librairie7l.com\/en\/produit\/lhorizon-sans-fin-de-la-renaissance-a-nos-jours-2\/\"]}]},{\"@type\":\"BreadcrumbList\",\"@id\":\"https:\/\/librairie7l.com\/en\/produit\/lhorizon-sans-fin-de-la-renaissance-a-nos-jours-2\/#breadcrumb\",\"itemListElement\":[{\"@type\":\"ListItem\",\"position\":1,\"name\":\"Accueil\",\"item\":\"https:\/\/librairie7l.com\/en\/\"},{\"@type\":\"ListItem\",\"position\":2,\"name\":\"Shop\",\"item\":\"https:\/\/librairie7l.com\/en\/shop\/\"},{\"@type\":\"ListItem\",\"position\":3,\"name\":\"L&#8217;HORIZON SANS FIN : DE LA RENAISSANCE \u00c0 NOS JOURS\"}]},{\"@type\":\"WebSite\",\"@id\":\"https:\/\/librairie7l.com\/en\/#website\",\"url\":\"https:\/\/librairie7l.com\/en\/\",\"name\":\"Librairie 7L\",\"description\":\"Librairie fond\u00e9e en 1999 par Karl Lagerfeld \u00e0 Paris\",\"publisher\":{\"@id\":\"https:\/\/librairie7l.com\/en\/#organization\"},\"potentialAction\":[{\"@type\":\"SearchAction\",\"target\":{\"@type\":\"EntryPoint\",\"urlTemplate\":\"https:\/\/librairie7l.com\/en\/?s={search_term_string}\"},\"query-input\":\"required name=search_term_string\"}],\"inLanguage\":\"en-US\"},{\"@type\":\"Organization\",\"@id\":\"https:\/\/librairie7l.com\/en\/#organization\",\"name\":\"Librairie 7L\",\"url\":\"https:\/\/librairie7l.com\/en\/\",\"logo\":{\"@type\":\"ImageObject\",\"inLanguage\":\"en-US\",\"@id\":\"https:\/\/librairie7l.com\/en\/#\/schema\/logo\/image\/\",\"url\":\"https:\/\/librairie7l.com\/wp-content\/uploads\/2022\/08\/logo-1.png\",\"contentUrl\":\"https:\/\/librairie7l.com\/wp-content\/uploads\/2022\/08\/logo-1.png\",\"width\":227,\"height\":301,\"caption\":\"Librairie 7L\"},\"image\":{\"@id\":\"https:\/\/librairie7l.com\/en\/#\/schema\/logo\/image\/\"}}]}<\/script>\n<!-- \/ Yoast SEO plugin. -->","yoast_head_json":{"title":"L'horizon sans fin : De la Renaissance \u00e0 nos jours - Librairie 7L","robots":{"index":"index","follow":"follow","max-snippet":"max-snippet:-1","max-image-preview":"max-image-preview:large","max-video-preview":"max-video-preview:-1"},"canonical":"https:\/\/librairie7l.com\/en\/produit\/lhorizon-sans-fin-de-la-renaissance-a-nos-jours-2\/","og_locale":"en_US","og_type":"article","og_title":"L'horizon sans fin : De la Renaissance \u00e0 nos jours - Librairie 7L","og_description":"O\u00f9 se tient l&#8217;horizon, cette ligne de rencontre entre le ciel et la terre (ou entre le ciel et la mer), ce ph\u00e9nom\u00e8ne purement visuel et toujours mobile ? Comment figurer ce qui n&#8217;a aucune existence mat\u00e9rielle et qui pourtant nous permet de nous orienter dans l&#8217;espace ? Cette question, les artistes n&#8217;ont cess\u00e9 de [&hellip;]","og_url":"https:\/\/librairie7l.com\/en\/produit\/lhorizon-sans-fin-de-la-renaissance-a-nos-jours-2\/","og_site_name":"Librairie 7L","article_modified_time":"2026-04-08T06:02:06+00:00","og_image":[{"width":600,"height":823,"url":"https:\/\/librairie7l.com\/wp-content\/uploads\/2025\/02\/9782382032206_1_75.jpg","type":"image\/jpeg"}],"twitter_card":"summary_large_image","twitter_misc":{"Est. reading time":"2 minutes"},"schema":{"@context":"https:\/\/schema.org","@graph":[{"@type":"WebPage","@id":"https:\/\/librairie7l.com\/en\/produit\/lhorizon-sans-fin-de-la-renaissance-a-nos-jours-2\/","url":"https:\/\/librairie7l.com\/en\/produit\/lhorizon-sans-fin-de-la-renaissance-a-nos-jours-2\/","name":"L'horizon sans fin : De la Renaissance \u00e0 nos jours - Librairie 7L","isPartOf":{"@id":"https:\/\/librairie7l.com\/en\/#website"},"datePublished":"2025-05-07T07:17:37+00:00","dateModified":"2026-04-08T06:02:06+00:00","breadcrumb":{"@id":"https:\/\/librairie7l.com\/en\/produit\/lhorizon-sans-fin-de-la-renaissance-a-nos-jours-2\/#breadcrumb"},"inLanguage":"en-US","potentialAction":[{"@type":"ReadAction","target":["https:\/\/librairie7l.com\/en\/produit\/lhorizon-sans-fin-de-la-renaissance-a-nos-jours-2\/"]}]},{"@type":"BreadcrumbList","@id":"https:\/\/librairie7l.com\/en\/produit\/lhorizon-sans-fin-de-la-renaissance-a-nos-jours-2\/#breadcrumb","itemListElement":[{"@type":"ListItem","position":1,"name":"Accueil","item":"https:\/\/librairie7l.com\/en\/"},{"@type":"ListItem","position":2,"name":"Shop","item":"https:\/\/librairie7l.com\/en\/shop\/"},{"@type":"ListItem","position":3,"name":"L&#8217;HORIZON SANS FIN : DE LA RENAISSANCE \u00c0 NOS JOURS"}]},{"@type":"WebSite","@id":"https:\/\/librairie7l.com\/en\/#website","url":"https:\/\/librairie7l.com\/en\/","name":"Librairie 7L","description":"Librairie fond\u00e9e en 1999 par Karl Lagerfeld \u00e0 Paris","publisher":{"@id":"https:\/\/librairie7l.com\/en\/#organization"},"potentialAction":[{"@type":"SearchAction","target":{"@type":"EntryPoint","urlTemplate":"https:\/\/librairie7l.com\/en\/?s={search_term_string}"},"query-input":"required name=search_term_string"}],"inLanguage":"en-US"},{"@type":"Organization","@id":"https:\/\/librairie7l.com\/en\/#organization","name":"Librairie 7L","url":"https:\/\/librairie7l.com\/en\/","logo":{"@type":"ImageObject","inLanguage":"en-US","@id":"https:\/\/librairie7l.com\/en\/#\/schema\/logo\/image\/","url":"https:\/\/librairie7l.com\/wp-content\/uploads\/2022\/08\/logo-1.png","contentUrl":"https:\/\/librairie7l.com\/wp-content\/uploads\/2022\/08\/logo-1.png","width":227,"height":301,"caption":"Librairie 7L"},"image":{"@id":"https:\/\/librairie7l.com\/en\/#\/schema\/logo\/image\/"}}]}},"_links":{"self":[{"href":"https:\/\/librairie7l.com\/en\/wp-json\/wp\/v2\/product\/47807"}],"collection":[{"href":"https:\/\/librairie7l.com\/en\/wp-json\/wp\/v2\/product"}],"about":[{"href":"https:\/\/librairie7l.com\/en\/wp-json\/wp\/v2\/types\/product"}],"wp:featuredmedia":[{"embeddable":true,"href":"https:\/\/librairie7l.com\/en\/wp-json\/wp\/v2\/media\/47805"}],"wp:attachment":[{"href":"https:\/\/librairie7l.com\/en\/wp-json\/wp\/v2\/media?parent=47807"}],"wp:term":[{"taxonomy":"product_cat","embeddable":true,"href":"https:\/\/librairie7l.com\/en\/wp-json\/wp\/v2\/product_cat?post=47807"},{"taxonomy":"product_tag","embeddable":true,"href":"https:\/\/librairie7l.com\/en\/wp-json\/wp\/v2\/product_tag?post=47807"}],"curies":[{"name":"wp","href":"https:\/\/api.w.org\/{rel}","templated":true}]}}