{"id":47815,"date":"2025-05-07T09:17:41","date_gmt":"2025-05-07T07:17:41","guid":{"rendered":"https:\/\/librairie7l.com\/?post_type=product&#038;p=47815"},"modified":"2026-04-26T03:55:21","modified_gmt":"2026-04-26T01:55:21","slug":"nus-hommes-modeles-2","status":"publish","type":"product","link":"https:\/\/librairie7l.com\/en\/produit\/nus-hommes-modeles-2\/","title":{"rendered":"NUS : HOMMES MOD\u00c8LES"},"content":{"rendered":"<p>Ce titre retrace l&#8217;histoire du nu masculin photographique au XIXe si\u00e8cle. Clich\u00e9s destin\u00e9s aux artistes, proposant toutes sortes de poses, pour l&#8217;entra\u00eenement ou pour servir de mod\u00e8les \u00e0 des oeuvres historiques ou mythologiques, mais aussi, le si\u00e8cle avan\u00e7ant, des \u00e9ph\u00e8bes languissants produits pour le plaisir des yeux.<br \/>\nLa production de photographies de nus f\u00e9minins au XIXe si\u00e8cle est abondante et ne saurait \u00eatre limit\u00e9e aux usages artistiques ou scientifiques. En revanche, les nus masculins sont bien moins ambigus et plus directement destin\u00e9s aux peintres ou aux \u00e9tudiants des Beaux-Arts. On retrouve dans leurs attitudes les poses de la peinture d&#8217;histoire ou mythologique. La fin du si\u00e8cle voit toutefois surgir des corps de sportifs ou d&#8217;\u00e9ph\u00e8bes languissants. On assiste alors \u00e0 une \u00e9rotisation du corps masculin.<br \/>\n Cet ouvrage nous fait p\u00e9n\u00e9trer ainsi dans les coulisses des ateliers, o\u00f9 l&#8217;on assiste \u00e0 la confection de la &#8221; grande peinture &#8221; peupl\u00e9e de dieux et de h\u00e9ros.<\/p>\n","protected":false},"excerpt":{"rendered":"<p>Ce titre retrace l&#8217;histoire du nu masculin photographique au XIXe si\u00e8cle. Clich\u00e9s destin\u00e9s aux artistes, proposant toutes sortes de poses, pour l&#8217;entra\u00eenement ou pour servir de mod\u00e8les \u00e0 des oeuvres historiques ou mythologiques, mais aussi, le si\u00e8cle avan\u00e7ant, des \u00e9ph\u00e8bes languissants produits pour le plaisir des yeux. La production de photographies de nus f\u00e9minins au [&hellip;]<\/p>\n","protected":false},"featured_media":47813,"template":"","meta":[],"product_cat":[2948,2958],"product_tag":[],"acf":[],"yoast_head":"<!-- This site is optimized with the Yoast SEO plugin v20.11 - https:\/\/yoast.com\/wordpress\/plugins\/seo\/ -->\n<title>Nus : Hommes mod\u00e8les - Librairie 7L<\/title>\n<meta name=\"robots\" content=\"index, follow, max-snippet:-1, max-image-preview:large, max-video-preview:-1\" \/>\n<link rel=\"canonical\" href=\"https:\/\/librairie7l.com\/en\/produit\/nus-hommes-modeles-2\/\" \/>\n<meta property=\"og:locale\" content=\"en_US\" \/>\n<meta property=\"og:type\" content=\"article\" \/>\n<meta property=\"og:title\" content=\"Nus : Hommes mod\u00e8les - Librairie 7L\" \/>\n<meta property=\"og:description\" content=\"Ce titre retrace l&#8217;histoire du nu masculin photographique au XIXe si\u00e8cle. Clich\u00e9s destin\u00e9s aux artistes, proposant toutes sortes de poses, pour l&#8217;entra\u00eenement ou pour servir de mod\u00e8les \u00e0 des oeuvres historiques ou mythologiques, mais aussi, le si\u00e8cle avan\u00e7ant, des \u00e9ph\u00e8bes languissants produits pour le plaisir des yeux. La production de photographies de nus f\u00e9minins au [&hellip;]\" \/>\n<meta property=\"og:url\" content=\"https:\/\/librairie7l.com\/en\/produit\/nus-hommes-modeles-2\/\" \/>\n<meta property=\"og:site_name\" content=\"Librairie 7L\" \/>\n<meta property=\"article:modified_time\" content=\"2026-04-26T01:55:21+00:00\" \/>\n<meta property=\"og:image\" content=\"https:\/\/librairie7l.com\/wp-content\/uploads\/2023\/06\/9782717729412_1_75.jpg\" \/>\n\t<meta property=\"og:image:width\" content=\"400\" \/>\n\t<meta property=\"og:image:height\" content=\"560\" \/>\n\t<meta property=\"og:image:type\" content=\"image\/jpeg\" \/>\n<meta name=\"twitter:card\" content=\"summary_large_image\" \/>\n<meta name=\"twitter:label1\" content=\"Est. reading time\" \/>\n\t<meta name=\"twitter:data1\" content=\"1 minute\" \/>\n<script type=\"application\/ld+json\" class=\"yoast-schema-graph\">{\"@context\":\"https:\/\/schema.org\",\"@graph\":[{\"@type\":\"WebPage\",\"@id\":\"https:\/\/librairie7l.com\/en\/produit\/nus-hommes-modeles-2\/\",\"url\":\"https:\/\/librairie7l.com\/en\/produit\/nus-hommes-modeles-2\/\",\"name\":\"Nus : Hommes mod\u00e8les - Librairie 7L\",\"isPartOf\":{\"@id\":\"https:\/\/librairie7l.com\/en\/#website\"},\"datePublished\":\"2025-05-07T07:17:41+00:00\",\"dateModified\":\"2026-04-26T01:55:21+00:00\",\"breadcrumb\":{\"@id\":\"https:\/\/librairie7l.com\/en\/produit\/nus-hommes-modeles-2\/#breadcrumb\"},\"inLanguage\":\"en-US\",\"potentialAction\":[{\"@type\":\"ReadAction\",\"target\":[\"https:\/\/librairie7l.com\/en\/produit\/nus-hommes-modeles-2\/\"]}]},{\"@type\":\"BreadcrumbList\",\"@id\":\"https:\/\/librairie7l.com\/en\/produit\/nus-hommes-modeles-2\/#breadcrumb\",\"itemListElement\":[{\"@type\":\"ListItem\",\"position\":1,\"name\":\"Accueil\",\"item\":\"https:\/\/librairie7l.com\/en\/\"},{\"@type\":\"ListItem\",\"position\":2,\"name\":\"Shop\",\"item\":\"https:\/\/librairie7l.com\/en\/shop\/\"},{\"@type\":\"ListItem\",\"position\":3,\"name\":\"NUS : HOMMES MOD\u00c8LES\"}]},{\"@type\":\"WebSite\",\"@id\":\"https:\/\/librairie7l.com\/en\/#website\",\"url\":\"https:\/\/librairie7l.com\/en\/\",\"name\":\"Librairie 7L\",\"description\":\"Librairie fond\u00e9e en 1999 par Karl Lagerfeld \u00e0 Paris\",\"publisher\":{\"@id\":\"https:\/\/librairie7l.com\/en\/#organization\"},\"potentialAction\":[{\"@type\":\"SearchAction\",\"target\":{\"@type\":\"EntryPoint\",\"urlTemplate\":\"https:\/\/librairie7l.com\/en\/?s={search_term_string}\"},\"query-input\":\"required name=search_term_string\"}],\"inLanguage\":\"en-US\"},{\"@type\":\"Organization\",\"@id\":\"https:\/\/librairie7l.com\/en\/#organization\",\"name\":\"Librairie 7L\",\"url\":\"https:\/\/librairie7l.com\/en\/\",\"logo\":{\"@type\":\"ImageObject\",\"inLanguage\":\"en-US\",\"@id\":\"https:\/\/librairie7l.com\/en\/#\/schema\/logo\/image\/\",\"url\":\"https:\/\/librairie7l.com\/wp-content\/uploads\/2022\/08\/logo-1.png\",\"contentUrl\":\"https:\/\/librairie7l.com\/wp-content\/uploads\/2022\/08\/logo-1.png\",\"width\":227,\"height\":301,\"caption\":\"Librairie 7L\"},\"image\":{\"@id\":\"https:\/\/librairie7l.com\/en\/#\/schema\/logo\/image\/\"}}]}<\/script>\n<!-- \/ Yoast SEO plugin. -->","yoast_head_json":{"title":"Nus : Hommes mod\u00e8les - Librairie 7L","robots":{"index":"index","follow":"follow","max-snippet":"max-snippet:-1","max-image-preview":"max-image-preview:large","max-video-preview":"max-video-preview:-1"},"canonical":"https:\/\/librairie7l.com\/en\/produit\/nus-hommes-modeles-2\/","og_locale":"en_US","og_type":"article","og_title":"Nus : Hommes mod\u00e8les - Librairie 7L","og_description":"Ce titre retrace l&#8217;histoire du nu masculin photographique au XIXe si\u00e8cle. Clich\u00e9s destin\u00e9s aux artistes, proposant toutes sortes de poses, pour l&#8217;entra\u00eenement ou pour servir de mod\u00e8les \u00e0 des oeuvres historiques ou mythologiques, mais aussi, le si\u00e8cle avan\u00e7ant, des \u00e9ph\u00e8bes languissants produits pour le plaisir des yeux. La production de photographies de nus f\u00e9minins au [&hellip;]","og_url":"https:\/\/librairie7l.com\/en\/produit\/nus-hommes-modeles-2\/","og_site_name":"Librairie 7L","article_modified_time":"2026-04-26T01:55:21+00:00","og_image":[{"width":400,"height":560,"url":"https:\/\/librairie7l.com\/wp-content\/uploads\/2023\/06\/9782717729412_1_75.jpg","type":"image\/jpeg"}],"twitter_card":"summary_large_image","twitter_misc":{"Est. reading time":"1 minute"},"schema":{"@context":"https:\/\/schema.org","@graph":[{"@type":"WebPage","@id":"https:\/\/librairie7l.com\/en\/produit\/nus-hommes-modeles-2\/","url":"https:\/\/librairie7l.com\/en\/produit\/nus-hommes-modeles-2\/","name":"Nus : Hommes mod\u00e8les - Librairie 7L","isPartOf":{"@id":"https:\/\/librairie7l.com\/en\/#website"},"datePublished":"2025-05-07T07:17:41+00:00","dateModified":"2026-04-26T01:55:21+00:00","breadcrumb":{"@id":"https:\/\/librairie7l.com\/en\/produit\/nus-hommes-modeles-2\/#breadcrumb"},"inLanguage":"en-US","potentialAction":[{"@type":"ReadAction","target":["https:\/\/librairie7l.com\/en\/produit\/nus-hommes-modeles-2\/"]}]},{"@type":"BreadcrumbList","@id":"https:\/\/librairie7l.com\/en\/produit\/nus-hommes-modeles-2\/#breadcrumb","itemListElement":[{"@type":"ListItem","position":1,"name":"Accueil","item":"https:\/\/librairie7l.com\/en\/"},{"@type":"ListItem","position":2,"name":"Shop","item":"https:\/\/librairie7l.com\/en\/shop\/"},{"@type":"ListItem","position":3,"name":"NUS : HOMMES MOD\u00c8LES"}]},{"@type":"WebSite","@id":"https:\/\/librairie7l.com\/en\/#website","url":"https:\/\/librairie7l.com\/en\/","name":"Librairie 7L","description":"Librairie fond\u00e9e en 1999 par Karl Lagerfeld \u00e0 Paris","publisher":{"@id":"https:\/\/librairie7l.com\/en\/#organization"},"potentialAction":[{"@type":"SearchAction","target":{"@type":"EntryPoint","urlTemplate":"https:\/\/librairie7l.com\/en\/?s={search_term_string}"},"query-input":"required name=search_term_string"}],"inLanguage":"en-US"},{"@type":"Organization","@id":"https:\/\/librairie7l.com\/en\/#organization","name":"Librairie 7L","url":"https:\/\/librairie7l.com\/en\/","logo":{"@type":"ImageObject","inLanguage":"en-US","@id":"https:\/\/librairie7l.com\/en\/#\/schema\/logo\/image\/","url":"https:\/\/librairie7l.com\/wp-content\/uploads\/2022\/08\/logo-1.png","contentUrl":"https:\/\/librairie7l.com\/wp-content\/uploads\/2022\/08\/logo-1.png","width":227,"height":301,"caption":"Librairie 7L"},"image":{"@id":"https:\/\/librairie7l.com\/en\/#\/schema\/logo\/image\/"}}]}},"_links":{"self":[{"href":"https:\/\/librairie7l.com\/en\/wp-json\/wp\/v2\/product\/47815"}],"collection":[{"href":"https:\/\/librairie7l.com\/en\/wp-json\/wp\/v2\/product"}],"about":[{"href":"https:\/\/librairie7l.com\/en\/wp-json\/wp\/v2\/types\/product"}],"wp:featuredmedia":[{"embeddable":true,"href":"https:\/\/librairie7l.com\/en\/wp-json\/wp\/v2\/media\/47813"}],"wp:attachment":[{"href":"https:\/\/librairie7l.com\/en\/wp-json\/wp\/v2\/media?parent=47815"}],"wp:term":[{"taxonomy":"product_cat","embeddable":true,"href":"https:\/\/librairie7l.com\/en\/wp-json\/wp\/v2\/product_cat?post=47815"},{"taxonomy":"product_tag","embeddable":true,"href":"https:\/\/librairie7l.com\/en\/wp-json\/wp\/v2\/product_tag?post=47815"}],"curies":[{"name":"wp","href":"https:\/\/api.w.org\/{rel}","templated":true}]}}