{"id":47819,"date":"2025-05-07T09:17:43","date_gmt":"2025-05-07T07:17:43","guid":{"rendered":"https:\/\/librairie7l.com\/?post_type=product&#038;p=47819"},"modified":"2026-04-05T21:03:18","modified_gmt":"2026-04-05T19:03:18","slug":"beau-beau-et-vieux-a-la-fois-esthetique-de-la-vieillesse-2","status":"publish","type":"product","link":"https:\/\/librairie7l.com\/en\/produit\/beau-beau-et-vieux-a-la-fois-esthetique-de-la-vieillesse-2\/","title":{"rendered":"BEAU, BEAU ET VIEUX \u00c0 LA FOIS : ESTH\u00c9TIQUE DE LA VIEILLESSE"},"content":{"rendered":"<p>Aborder la vieillesse sous l&#8217;angle de l&#8217;esth\u00e9tique ne va pas de soi. Vieillesse et beaut\u00e9 plastique semblent s&#8217;opposer dans notre culture occidentale. Cependant, depuis quelques d\u00e9cennies, des \u00e9tudes sociologiques s&#8217;int\u00e9ressent \u00e0 la mani\u00e8re dont les a\u00een\u00e9s consid\u00e8rent la vieillesse, tandis que, parall\u00e8lement, la chirurgie esth\u00e9tique se d\u00e9mocratise.<br \/>\nAborder la vieillesse sous l&#8217;angle de l&#8217;esth\u00e9tique ne va pas de soi. Vieillesse et beaut\u00e9 plastique semblent s&#8217;opposer dans notre culture occidentale. Cependant, depuis quelques d\u00e9cennies, des \u00e9tudes sociologiques s&#8217;int\u00e9ressent \u00e0 la mani\u00e8re dont les a\u00een\u00e9s consid\u00e8rent la vieillesse, tandis que, parall\u00e8lement, la chirurgie esth\u00e9tique se d\u00e9mocratise. Le tabou qui entoure la vie amoureuse et sexuelle pass\u00e9 soixante ans, et son corollaire, la s\u00e9duction, commence \u00e0 s&#8217;\u00e9tioler. Et les chiffres r\u00e9v\u00e8lent que les vieux sont loin de se trouver unanimement laids, \u00e0 l&#8217;encontre des jugements apodictiques et d\u00e9complex\u00e9s qui \u00e9maillent les discours sur le vieillissement. Quels sont donc les fondements des pr\u00e9jug\u00e9s envers la vieillesse ?<br \/>\nComme toute repr\u00e9sentation, celle de la vieillesse se construit avec les mythes, l&#8217;histoire de notre soci\u00e9t\u00e9 et l&#8217;exp\u00e9rience personnelle qui fondent notre imaginaire. Comment le corps vieillissant a-t-il \u00e9t\u00e9 repr\u00e9sent\u00e9 \u00e0 travers les \u00e2ges ? Quelles conceptions de la vieillesse -; philosophiques, morales, religieuses, politiques, sociales, biologiques, m\u00e9dicales -; sous-tendent ces images ? L&#8217;interaction de ces nombreux champs dans la repr\u00e9sentation individuelle et collective de la vieillesse rend compte de la complexit\u00e9 du sujet. Qu&#8217;en disent les principaux int\u00e9ress\u00e9s ? A la multiplicit\u00e9 des approches pour l&#8217;\u00e9tudier r\u00e9pond la diversit\u00e9 des fa\u00e7ons de la vivre. Aude Lamorelle en propose une synth\u00e8se, dont le but est de remonter aux sources des id\u00e9es re\u00e7ues, et d&#8217;exposer des visions non univoques de l&#8217;avanc\u00e9e en \u00e2ge. Pour qu&#8217;il soit permis, en parodiant Jacques Brel, d&#8217;\u00eatre beau, beau et vieux \u00e0 la fois.<\/p>\n","protected":false},"excerpt":{"rendered":"<p>Aborder la vieillesse sous l&#8217;angle de l&#8217;esth\u00e9tique ne va pas de soi. Vieillesse et beaut\u00e9 plastique semblent s&#8217;opposer dans notre culture occidentale. Cependant, depuis quelques d\u00e9cennies, des \u00e9tudes sociologiques s&#8217;int\u00e9ressent \u00e0 la mani\u00e8re dont les a\u00een\u00e9s consid\u00e8rent la vieillesse, tandis que, parall\u00e8lement, la chirurgie esth\u00e9tique se d\u00e9mocratise. Aborder la vieillesse sous l&#8217;angle de l&#8217;esth\u00e9tique ne [&hellip;]<\/p>\n","protected":false},"featured_media":47817,"template":"","meta":[],"product_cat":[2948,2953],"product_tag":[],"acf":[],"yoast_head":"<!-- This site is optimized with the Yoast SEO plugin v20.11 - https:\/\/yoast.com\/wordpress\/plugins\/seo\/ -->\n<title>Beau, beau et vieux \u00e0 la fois : Esth\u00e9tique de la vieillesse - Librairie 7L<\/title>\n<meta name=\"robots\" content=\"index, follow, max-snippet:-1, max-image-preview:large, max-video-preview:-1\" \/>\n<link rel=\"canonical\" href=\"https:\/\/librairie7l.com\/en\/produit\/beau-beau-et-vieux-a-la-fois-esthetique-de-la-vieillesse-2\/\" \/>\n<meta property=\"og:locale\" content=\"en_US\" \/>\n<meta property=\"og:type\" content=\"article\" \/>\n<meta property=\"og:title\" content=\"Beau, beau et vieux \u00e0 la fois : Esth\u00e9tique de la vieillesse - Librairie 7L\" \/>\n<meta property=\"og:description\" content=\"Aborder la vieillesse sous l&#8217;angle de l&#8217;esth\u00e9tique ne va pas de soi. Vieillesse et beaut\u00e9 plastique semblent s&#8217;opposer dans notre culture occidentale. Cependant, depuis quelques d\u00e9cennies, des \u00e9tudes sociologiques s&#8217;int\u00e9ressent \u00e0 la mani\u00e8re dont les a\u00een\u00e9s consid\u00e8rent la vieillesse, tandis que, parall\u00e8lement, la chirurgie esth\u00e9tique se d\u00e9mocratise. Aborder la vieillesse sous l&#8217;angle de l&#8217;esth\u00e9tique ne [&hellip;]\" \/>\n<meta property=\"og:url\" content=\"https:\/\/librairie7l.com\/en\/produit\/beau-beau-et-vieux-a-la-fois-esthetique-de-la-vieillesse-2\/\" \/>\n<meta property=\"og:site_name\" content=\"Librairie 7L\" \/>\n<meta property=\"article:modified_time\" content=\"2026-04-05T19:03:18+00:00\" \/>\n<meta property=\"og:image\" content=\"https:\/\/librairie7l.com\/wp-content\/uploads\/2025\/02\/9782841054404_1_75.jpg\" \/>\n\t<meta property=\"og:image:width\" content=\"600\" \/>\n\t<meta property=\"og:image:height\" content=\"849\" \/>\n\t<meta property=\"og:image:type\" content=\"image\/jpeg\" \/>\n<meta name=\"twitter:card\" content=\"summary_large_image\" \/>\n<meta name=\"twitter:label1\" content=\"Est. reading time\" \/>\n\t<meta name=\"twitter:data1\" content=\"2 minutes\" \/>\n<script type=\"application\/ld+json\" class=\"yoast-schema-graph\">{\"@context\":\"https:\/\/schema.org\",\"@graph\":[{\"@type\":\"WebPage\",\"@id\":\"https:\/\/librairie7l.com\/en\/produit\/beau-beau-et-vieux-a-la-fois-esthetique-de-la-vieillesse-2\/\",\"url\":\"https:\/\/librairie7l.com\/en\/produit\/beau-beau-et-vieux-a-la-fois-esthetique-de-la-vieillesse-2\/\",\"name\":\"Beau, beau et vieux \u00e0 la fois : Esth\u00e9tique de la vieillesse - Librairie 7L\",\"isPartOf\":{\"@id\":\"https:\/\/librairie7l.com\/en\/#website\"},\"datePublished\":\"2025-05-07T07:17:43+00:00\",\"dateModified\":\"2026-04-05T19:03:18+00:00\",\"breadcrumb\":{\"@id\":\"https:\/\/librairie7l.com\/en\/produit\/beau-beau-et-vieux-a-la-fois-esthetique-de-la-vieillesse-2\/#breadcrumb\"},\"inLanguage\":\"en-US\",\"potentialAction\":[{\"@type\":\"ReadAction\",\"target\":[\"https:\/\/librairie7l.com\/en\/produit\/beau-beau-et-vieux-a-la-fois-esthetique-de-la-vieillesse-2\/\"]}]},{\"@type\":\"BreadcrumbList\",\"@id\":\"https:\/\/librairie7l.com\/en\/produit\/beau-beau-et-vieux-a-la-fois-esthetique-de-la-vieillesse-2\/#breadcrumb\",\"itemListElement\":[{\"@type\":\"ListItem\",\"position\":1,\"name\":\"Accueil\",\"item\":\"https:\/\/librairie7l.com\/en\/\"},{\"@type\":\"ListItem\",\"position\":2,\"name\":\"Shop\",\"item\":\"https:\/\/librairie7l.com\/en\/shop\/\"},{\"@type\":\"ListItem\",\"position\":3,\"name\":\"BEAU, BEAU ET VIEUX \u00c0 LA FOIS : ESTH\u00c9TIQUE DE LA VIEILLESSE\"}]},{\"@type\":\"WebSite\",\"@id\":\"https:\/\/librairie7l.com\/en\/#website\",\"url\":\"https:\/\/librairie7l.com\/en\/\",\"name\":\"Librairie 7L\",\"description\":\"Librairie fond\u00e9e en 1999 par Karl Lagerfeld \u00e0 Paris\",\"publisher\":{\"@id\":\"https:\/\/librairie7l.com\/en\/#organization\"},\"potentialAction\":[{\"@type\":\"SearchAction\",\"target\":{\"@type\":\"EntryPoint\",\"urlTemplate\":\"https:\/\/librairie7l.com\/en\/?s={search_term_string}\"},\"query-input\":\"required name=search_term_string\"}],\"inLanguage\":\"en-US\"},{\"@type\":\"Organization\",\"@id\":\"https:\/\/librairie7l.com\/en\/#organization\",\"name\":\"Librairie 7L\",\"url\":\"https:\/\/librairie7l.com\/en\/\",\"logo\":{\"@type\":\"ImageObject\",\"inLanguage\":\"en-US\",\"@id\":\"https:\/\/librairie7l.com\/en\/#\/schema\/logo\/image\/\",\"url\":\"https:\/\/librairie7l.com\/wp-content\/uploads\/2022\/08\/logo-1.png\",\"contentUrl\":\"https:\/\/librairie7l.com\/wp-content\/uploads\/2022\/08\/logo-1.png\",\"width\":227,\"height\":301,\"caption\":\"Librairie 7L\"},\"image\":{\"@id\":\"https:\/\/librairie7l.com\/en\/#\/schema\/logo\/image\/\"}}]}<\/script>\n<!-- \/ Yoast SEO plugin. -->","yoast_head_json":{"title":"Beau, beau et vieux \u00e0 la fois : Esth\u00e9tique de la vieillesse - Librairie 7L","robots":{"index":"index","follow":"follow","max-snippet":"max-snippet:-1","max-image-preview":"max-image-preview:large","max-video-preview":"max-video-preview:-1"},"canonical":"https:\/\/librairie7l.com\/en\/produit\/beau-beau-et-vieux-a-la-fois-esthetique-de-la-vieillesse-2\/","og_locale":"en_US","og_type":"article","og_title":"Beau, beau et vieux \u00e0 la fois : Esth\u00e9tique de la vieillesse - Librairie 7L","og_description":"Aborder la vieillesse sous l&#8217;angle de l&#8217;esth\u00e9tique ne va pas de soi. Vieillesse et beaut\u00e9 plastique semblent s&#8217;opposer dans notre culture occidentale. Cependant, depuis quelques d\u00e9cennies, des \u00e9tudes sociologiques s&#8217;int\u00e9ressent \u00e0 la mani\u00e8re dont les a\u00een\u00e9s consid\u00e8rent la vieillesse, tandis que, parall\u00e8lement, la chirurgie esth\u00e9tique se d\u00e9mocratise. Aborder la vieillesse sous l&#8217;angle de l&#8217;esth\u00e9tique ne [&hellip;]","og_url":"https:\/\/librairie7l.com\/en\/produit\/beau-beau-et-vieux-a-la-fois-esthetique-de-la-vieillesse-2\/","og_site_name":"Librairie 7L","article_modified_time":"2026-04-05T19:03:18+00:00","og_image":[{"width":600,"height":849,"url":"https:\/\/librairie7l.com\/wp-content\/uploads\/2025\/02\/9782841054404_1_75.jpg","type":"image\/jpeg"}],"twitter_card":"summary_large_image","twitter_misc":{"Est. reading time":"2 minutes"},"schema":{"@context":"https:\/\/schema.org","@graph":[{"@type":"WebPage","@id":"https:\/\/librairie7l.com\/en\/produit\/beau-beau-et-vieux-a-la-fois-esthetique-de-la-vieillesse-2\/","url":"https:\/\/librairie7l.com\/en\/produit\/beau-beau-et-vieux-a-la-fois-esthetique-de-la-vieillesse-2\/","name":"Beau, beau et vieux \u00e0 la fois : Esth\u00e9tique de la vieillesse - Librairie 7L","isPartOf":{"@id":"https:\/\/librairie7l.com\/en\/#website"},"datePublished":"2025-05-07T07:17:43+00:00","dateModified":"2026-04-05T19:03:18+00:00","breadcrumb":{"@id":"https:\/\/librairie7l.com\/en\/produit\/beau-beau-et-vieux-a-la-fois-esthetique-de-la-vieillesse-2\/#breadcrumb"},"inLanguage":"en-US","potentialAction":[{"@type":"ReadAction","target":["https:\/\/librairie7l.com\/en\/produit\/beau-beau-et-vieux-a-la-fois-esthetique-de-la-vieillesse-2\/"]}]},{"@type":"BreadcrumbList","@id":"https:\/\/librairie7l.com\/en\/produit\/beau-beau-et-vieux-a-la-fois-esthetique-de-la-vieillesse-2\/#breadcrumb","itemListElement":[{"@type":"ListItem","position":1,"name":"Accueil","item":"https:\/\/librairie7l.com\/en\/"},{"@type":"ListItem","position":2,"name":"Shop","item":"https:\/\/librairie7l.com\/en\/shop\/"},{"@type":"ListItem","position":3,"name":"BEAU, BEAU ET VIEUX \u00c0 LA FOIS : ESTH\u00c9TIQUE DE LA VIEILLESSE"}]},{"@type":"WebSite","@id":"https:\/\/librairie7l.com\/en\/#website","url":"https:\/\/librairie7l.com\/en\/","name":"Librairie 7L","description":"Librairie fond\u00e9e en 1999 par Karl Lagerfeld \u00e0 Paris","publisher":{"@id":"https:\/\/librairie7l.com\/en\/#organization"},"potentialAction":[{"@type":"SearchAction","target":{"@type":"EntryPoint","urlTemplate":"https:\/\/librairie7l.com\/en\/?s={search_term_string}"},"query-input":"required name=search_term_string"}],"inLanguage":"en-US"},{"@type":"Organization","@id":"https:\/\/librairie7l.com\/en\/#organization","name":"Librairie 7L","url":"https:\/\/librairie7l.com\/en\/","logo":{"@type":"ImageObject","inLanguage":"en-US","@id":"https:\/\/librairie7l.com\/en\/#\/schema\/logo\/image\/","url":"https:\/\/librairie7l.com\/wp-content\/uploads\/2022\/08\/logo-1.png","contentUrl":"https:\/\/librairie7l.com\/wp-content\/uploads\/2022\/08\/logo-1.png","width":227,"height":301,"caption":"Librairie 7L"},"image":{"@id":"https:\/\/librairie7l.com\/en\/#\/schema\/logo\/image\/"}}]}},"_links":{"self":[{"href":"https:\/\/librairie7l.com\/en\/wp-json\/wp\/v2\/product\/47819"}],"collection":[{"href":"https:\/\/librairie7l.com\/en\/wp-json\/wp\/v2\/product"}],"about":[{"href":"https:\/\/librairie7l.com\/en\/wp-json\/wp\/v2\/types\/product"}],"wp:featuredmedia":[{"embeddable":true,"href":"https:\/\/librairie7l.com\/en\/wp-json\/wp\/v2\/media\/47817"}],"wp:attachment":[{"href":"https:\/\/librairie7l.com\/en\/wp-json\/wp\/v2\/media?parent=47819"}],"wp:term":[{"taxonomy":"product_cat","embeddable":true,"href":"https:\/\/librairie7l.com\/en\/wp-json\/wp\/v2\/product_cat?post=47819"},{"taxonomy":"product_tag","embeddable":true,"href":"https:\/\/librairie7l.com\/en\/wp-json\/wp\/v2\/product_tag?post=47819"}],"curies":[{"name":"wp","href":"https:\/\/api.w.org\/{rel}","templated":true}]}}