{"id":47825,"date":"2025-05-07T11:41:32","date_gmt":"2025-05-07T09:41:32","guid":{"rendered":"https:\/\/librairie7l.com\/?post_type=product&#038;p=47825"},"modified":"2026-04-08T06:23:04","modified_gmt":"2026-04-08T04:23:04","slug":"la-merveilleuse-histoire-de-strasbourg-2","status":"publish","type":"product","link":"https:\/\/librairie7l.com\/en\/produit\/la-merveilleuse-histoire-de-strasbourg-2\/","title":{"rendered":"LA MERVEILLEUSE HISTOIRE DE STRASBOURG"},"content":{"rendered":"<p>L&#8217;Histoire comme un conte.<br \/>\nL&#8217;objectif de cette collection est de r\u00e9-enchanter l&#8217;histoire, la raconter comme on raconte un roman. Des ouvrages courts et illustr\u00e9s qui s&#8217;adressent au plus grand nombre, dans le sens noble du terme.<\/p>\n<p>Georges Bischoff propose de revenir aux origines et comprendre Strasbourg \u00e0 travers son histoire, qui est incroyablement romanesque.<br \/>\nLa capitale alsacienne n&#8217;est pas le berceau de l&#8217;Europe sans raison. Son emplacement et son histoire font de cette ville un exemple d&#8217;ouverture et d&#8217;avant-garde. Il faut revivre sa fondation, se rappeler son esprit libre lorsqu&#8217;elle devient cit\u00e9-\u00e9tat au XIIIe si\u00e8cle, int\u00e9grer son r\u00f4le intellectuel et humaniste avec notamment la naissance de l&#8217;imprimerie, mettre en perspective son d\u00e9chirement \u00e0 chaque guerre. Enfin, s&#8217;inspirer de sa r\u00e9silience, fruit de son esprit d&#8217;ouverture et de libert\u00e9.<\/p>\n","protected":false},"excerpt":{"rendered":"<p>L&#8217;Histoire comme un conte. L&#8217;objectif de cette collection est de r\u00e9-enchanter l&#8217;histoire, la raconter comme on raconte un roman. Des ouvrages courts et illustr\u00e9s qui s&#8217;adressent au plus grand nombre, dans le sens noble du terme. Georges Bischoff propose de revenir aux origines et comprendre Strasbourg \u00e0 travers son histoire, qui est incroyablement romanesque. La [&hellip;]<\/p>\n","protected":false},"featured_media":47823,"template":"","meta":[],"product_cat":[7364,2948],"product_tag":[],"acf":[],"yoast_head":"<!-- This site is optimized with the Yoast SEO plugin v20.11 - https:\/\/yoast.com\/wordpress\/plugins\/seo\/ -->\n<title>La merveilleuse histoire de Strasbourg - Librairie 7L<\/title>\n<meta name=\"robots\" content=\"index, follow, max-snippet:-1, max-image-preview:large, max-video-preview:-1\" \/>\n<link rel=\"canonical\" href=\"https:\/\/librairie7l.com\/en\/produit\/la-merveilleuse-histoire-de-strasbourg-2\/\" \/>\n<meta property=\"og:locale\" content=\"en_US\" \/>\n<meta property=\"og:type\" content=\"article\" \/>\n<meta property=\"og:title\" content=\"La merveilleuse histoire de Strasbourg - Librairie 7L\" \/>\n<meta property=\"og:description\" content=\"L&#8217;Histoire comme un conte. L&#8217;objectif de cette collection est de r\u00e9-enchanter l&#8217;histoire, la raconter comme on raconte un roman. Des ouvrages courts et illustr\u00e9s qui s&#8217;adressent au plus grand nombre, dans le sens noble du terme. Georges Bischoff propose de revenir aux origines et comprendre Strasbourg \u00e0 travers son histoire, qui est incroyablement romanesque. La [&hellip;]\" \/>\n<meta property=\"og:url\" content=\"https:\/\/librairie7l.com\/en\/produit\/la-merveilleuse-histoire-de-strasbourg-2\/\" \/>\n<meta property=\"og:site_name\" content=\"Librairie 7L\" \/>\n<meta property=\"article:modified_time\" content=\"2026-04-08T04:23:04+00:00\" \/>\n<meta property=\"og:image\" content=\"https:\/\/librairie7l.com\/wp-content\/uploads\/2020\/02\/9782357205406_1_75.jpg\" \/>\n\t<meta property=\"og:image:width\" content=\"600\" \/>\n\t<meta property=\"og:image:height\" content=\"923\" \/>\n\t<meta property=\"og:image:type\" content=\"image\/jpeg\" \/>\n<meta name=\"twitter:card\" content=\"summary_large_image\" \/>\n<meta name=\"twitter:label1\" content=\"Est. reading time\" \/>\n\t<meta name=\"twitter:data1\" content=\"1 minute\" \/>\n<script type=\"application\/ld+json\" class=\"yoast-schema-graph\">{\"@context\":\"https:\/\/schema.org\",\"@graph\":[{\"@type\":\"WebPage\",\"@id\":\"https:\/\/librairie7l.com\/en\/produit\/la-merveilleuse-histoire-de-strasbourg-2\/\",\"url\":\"https:\/\/librairie7l.com\/en\/produit\/la-merveilleuse-histoire-de-strasbourg-2\/\",\"name\":\"La merveilleuse histoire de Strasbourg - Librairie 7L\",\"isPartOf\":{\"@id\":\"https:\/\/librairie7l.com\/en\/#website\"},\"datePublished\":\"2025-05-07T09:41:32+00:00\",\"dateModified\":\"2026-04-08T04:23:04+00:00\",\"breadcrumb\":{\"@id\":\"https:\/\/librairie7l.com\/en\/produit\/la-merveilleuse-histoire-de-strasbourg-2\/#breadcrumb\"},\"inLanguage\":\"en-US\",\"potentialAction\":[{\"@type\":\"ReadAction\",\"target\":[\"https:\/\/librairie7l.com\/en\/produit\/la-merveilleuse-histoire-de-strasbourg-2\/\"]}]},{\"@type\":\"BreadcrumbList\",\"@id\":\"https:\/\/librairie7l.com\/en\/produit\/la-merveilleuse-histoire-de-strasbourg-2\/#breadcrumb\",\"itemListElement\":[{\"@type\":\"ListItem\",\"position\":1,\"name\":\"Accueil\",\"item\":\"https:\/\/librairie7l.com\/en\/\"},{\"@type\":\"ListItem\",\"position\":2,\"name\":\"Shop\",\"item\":\"https:\/\/librairie7l.com\/en\/shop\/\"},{\"@type\":\"ListItem\",\"position\":3,\"name\":\"LA MERVEILLEUSE HISTOIRE DE STRASBOURG\"}]},{\"@type\":\"WebSite\",\"@id\":\"https:\/\/librairie7l.com\/en\/#website\",\"url\":\"https:\/\/librairie7l.com\/en\/\",\"name\":\"Librairie 7L\",\"description\":\"Librairie fond\u00e9e en 1999 par Karl Lagerfeld \u00e0 Paris\",\"publisher\":{\"@id\":\"https:\/\/librairie7l.com\/en\/#organization\"},\"potentialAction\":[{\"@type\":\"SearchAction\",\"target\":{\"@type\":\"EntryPoint\",\"urlTemplate\":\"https:\/\/librairie7l.com\/en\/?s={search_term_string}\"},\"query-input\":\"required name=search_term_string\"}],\"inLanguage\":\"en-US\"},{\"@type\":\"Organization\",\"@id\":\"https:\/\/librairie7l.com\/en\/#organization\",\"name\":\"Librairie 7L\",\"url\":\"https:\/\/librairie7l.com\/en\/\",\"logo\":{\"@type\":\"ImageObject\",\"inLanguage\":\"en-US\",\"@id\":\"https:\/\/librairie7l.com\/en\/#\/schema\/logo\/image\/\",\"url\":\"https:\/\/librairie7l.com\/wp-content\/uploads\/2022\/08\/logo-1.png\",\"contentUrl\":\"https:\/\/librairie7l.com\/wp-content\/uploads\/2022\/08\/logo-1.png\",\"width\":227,\"height\":301,\"caption\":\"Librairie 7L\"},\"image\":{\"@id\":\"https:\/\/librairie7l.com\/en\/#\/schema\/logo\/image\/\"}}]}<\/script>\n<!-- \/ Yoast SEO plugin. -->","yoast_head_json":{"title":"La merveilleuse histoire de Strasbourg - Librairie 7L","robots":{"index":"index","follow":"follow","max-snippet":"max-snippet:-1","max-image-preview":"max-image-preview:large","max-video-preview":"max-video-preview:-1"},"canonical":"https:\/\/librairie7l.com\/en\/produit\/la-merveilleuse-histoire-de-strasbourg-2\/","og_locale":"en_US","og_type":"article","og_title":"La merveilleuse histoire de Strasbourg - Librairie 7L","og_description":"L&#8217;Histoire comme un conte. L&#8217;objectif de cette collection est de r\u00e9-enchanter l&#8217;histoire, la raconter comme on raconte un roman. Des ouvrages courts et illustr\u00e9s qui s&#8217;adressent au plus grand nombre, dans le sens noble du terme. Georges Bischoff propose de revenir aux origines et comprendre Strasbourg \u00e0 travers son histoire, qui est incroyablement romanesque. La [&hellip;]","og_url":"https:\/\/librairie7l.com\/en\/produit\/la-merveilleuse-histoire-de-strasbourg-2\/","og_site_name":"Librairie 7L","article_modified_time":"2026-04-08T04:23:04+00:00","og_image":[{"width":600,"height":923,"url":"https:\/\/librairie7l.com\/wp-content\/uploads\/2020\/02\/9782357205406_1_75.jpg","type":"image\/jpeg"}],"twitter_card":"summary_large_image","twitter_misc":{"Est. reading time":"1 minute"},"schema":{"@context":"https:\/\/schema.org","@graph":[{"@type":"WebPage","@id":"https:\/\/librairie7l.com\/en\/produit\/la-merveilleuse-histoire-de-strasbourg-2\/","url":"https:\/\/librairie7l.com\/en\/produit\/la-merveilleuse-histoire-de-strasbourg-2\/","name":"La merveilleuse histoire de Strasbourg - Librairie 7L","isPartOf":{"@id":"https:\/\/librairie7l.com\/en\/#website"},"datePublished":"2025-05-07T09:41:32+00:00","dateModified":"2026-04-08T04:23:04+00:00","breadcrumb":{"@id":"https:\/\/librairie7l.com\/en\/produit\/la-merveilleuse-histoire-de-strasbourg-2\/#breadcrumb"},"inLanguage":"en-US","potentialAction":[{"@type":"ReadAction","target":["https:\/\/librairie7l.com\/en\/produit\/la-merveilleuse-histoire-de-strasbourg-2\/"]}]},{"@type":"BreadcrumbList","@id":"https:\/\/librairie7l.com\/en\/produit\/la-merveilleuse-histoire-de-strasbourg-2\/#breadcrumb","itemListElement":[{"@type":"ListItem","position":1,"name":"Accueil","item":"https:\/\/librairie7l.com\/en\/"},{"@type":"ListItem","position":2,"name":"Shop","item":"https:\/\/librairie7l.com\/en\/shop\/"},{"@type":"ListItem","position":3,"name":"LA MERVEILLEUSE HISTOIRE DE STRASBOURG"}]},{"@type":"WebSite","@id":"https:\/\/librairie7l.com\/en\/#website","url":"https:\/\/librairie7l.com\/en\/","name":"Librairie 7L","description":"Librairie fond\u00e9e en 1999 par Karl Lagerfeld \u00e0 Paris","publisher":{"@id":"https:\/\/librairie7l.com\/en\/#organization"},"potentialAction":[{"@type":"SearchAction","target":{"@type":"EntryPoint","urlTemplate":"https:\/\/librairie7l.com\/en\/?s={search_term_string}"},"query-input":"required name=search_term_string"}],"inLanguage":"en-US"},{"@type":"Organization","@id":"https:\/\/librairie7l.com\/en\/#organization","name":"Librairie 7L","url":"https:\/\/librairie7l.com\/en\/","logo":{"@type":"ImageObject","inLanguage":"en-US","@id":"https:\/\/librairie7l.com\/en\/#\/schema\/logo\/image\/","url":"https:\/\/librairie7l.com\/wp-content\/uploads\/2022\/08\/logo-1.png","contentUrl":"https:\/\/librairie7l.com\/wp-content\/uploads\/2022\/08\/logo-1.png","width":227,"height":301,"caption":"Librairie 7L"},"image":{"@id":"https:\/\/librairie7l.com\/en\/#\/schema\/logo\/image\/"}}]}},"_links":{"self":[{"href":"https:\/\/librairie7l.com\/en\/wp-json\/wp\/v2\/product\/47825"}],"collection":[{"href":"https:\/\/librairie7l.com\/en\/wp-json\/wp\/v2\/product"}],"about":[{"href":"https:\/\/librairie7l.com\/en\/wp-json\/wp\/v2\/types\/product"}],"wp:featuredmedia":[{"embeddable":true,"href":"https:\/\/librairie7l.com\/en\/wp-json\/wp\/v2\/media\/47823"}],"wp:attachment":[{"href":"https:\/\/librairie7l.com\/en\/wp-json\/wp\/v2\/media?parent=47825"}],"wp:term":[{"taxonomy":"product_cat","embeddable":true,"href":"https:\/\/librairie7l.com\/en\/wp-json\/wp\/v2\/product_cat?post=47825"},{"taxonomy":"product_tag","embeddable":true,"href":"https:\/\/librairie7l.com\/en\/wp-json\/wp\/v2\/product_tag?post=47825"}],"curies":[{"name":"wp","href":"https:\/\/api.w.org\/{rel}","templated":true}]}}