{"id":47869,"date":"2025-05-10T09:17:51","date_gmt":"2025-05-10T07:17:51","guid":{"rendered":"https:\/\/librairie7l.com\/?post_type=product&#038;p=47869"},"modified":"2026-04-27T09:12:32","modified_gmt":"2026-04-27T07:12:32","slug":"the-manifesto-house-buildings-that-changed-the-future-of-architecture-2","status":"publish","type":"product","link":"https:\/\/librairie7l.com\/en\/produit\/the-manifesto-house-buildings-that-changed-the-future-of-architecture-2\/","title":{"rendered":"THE MANIFESTO HOUSE : BUILDINGS THAT CHANGED THE FUTURE OF ARCHITECTURE"},"content":{"rendered":"<p>Un regard neuf sur l&#8217;une des figures les plus c\u00e9l\u00e8bres de l&#8217;art contemporain La plupart des maisons sont le produit de multiples couches de normes et d&#8217;attentes construites au fil du temps, qu&#8217;il s&#8217;agisse de m\u00e9thodes, de mat\u00e9riaux et de technologies, ou de pressions sociales, culturelles, \u00e9conomiques et politiques. Pourtant, \u00e0 plusieurs reprises, des maisons ont \u00e9t\u00e9 construites en rupture avec le pass\u00e9 et de mani\u00e8re diff\u00e9rente &#8211; des maisons qui se situent en dehors de ces at- tentes et qui, au contraire, sont con\u00e7ues pour incarner des th\u00e9ories ou des agendas enti\u00e8rement nou- veaux. C&#8217;est ce que nous appelons les \u00ab maisons-manifestes \u00bb. Pour la premi\u00e8re fois, Owen Hopkins \u00e9tudie ce fil conducteur de l&#8217;histoire de l&#8217;architecture. Il rassemble une collection de vingt et une maisons-manifestes, explorant les visions de l&#8217;architecture \u00e9voqu\u00e9es par Andrea Palladio, Eileen Gray, Frank Lloyd Wright, Harry Seidler, Lina Bo Bardi, Anupama Kundoo et Sou Fujimoto, entre autres. The Manifesto House : Buildings that Changed the Future of Architecture examine en d\u00e9tail les id\u00e9es et les ambitions incarn\u00e9es par chaque maison, les contextes qui les ont fa\u00e7onn\u00e9es et leur impact et influence ult\u00e9rieurs sur l&#8217;avenir de l&#8217;architecture.<\/p>\n","protected":false},"excerpt":{"rendered":"<p>Un regard neuf sur l&#8217;une des figures les plus c\u00e9l\u00e8bres de l&#8217;art contemporain La plupart des maisons sont le produit de multiples couches de normes et d&#8217;attentes construites au fil du temps, qu&#8217;il s&#8217;agisse de m\u00e9thodes, de mat\u00e9riaux et de technologies, ou de pressions sociales, culturelles, \u00e9conomiques et politiques. Pourtant, \u00e0 plusieurs reprises, des maisons [&hellip;]<\/p>\n","protected":false},"featured_media":47867,"template":"","meta":[],"product_cat":[2948,2950],"product_tag":[],"acf":[],"yoast_head":"<!-- This site is optimized with the Yoast SEO plugin v20.11 - https:\/\/yoast.com\/wordpress\/plugins\/seo\/ -->\n<title>The Manifesto House : Buildings That Changed the Future of Architecture - Librairie 7L<\/title>\n<meta name=\"robots\" content=\"index, follow, max-snippet:-1, max-image-preview:large, max-video-preview:-1\" \/>\n<link rel=\"canonical\" href=\"https:\/\/librairie7l.com\/en\/produit\/the-manifesto-house-buildings-that-changed-the-future-of-architecture-2\/\" \/>\n<meta property=\"og:locale\" content=\"en_US\" \/>\n<meta property=\"og:type\" content=\"article\" \/>\n<meta property=\"og:title\" content=\"The Manifesto House : Buildings That Changed the Future of Architecture - Librairie 7L\" \/>\n<meta property=\"og:description\" content=\"Un regard neuf sur l&#8217;une des figures les plus c\u00e9l\u00e8bres de l&#8217;art contemporain La plupart des maisons sont le produit de multiples couches de normes et d&#8217;attentes construites au fil du temps, qu&#8217;il s&#8217;agisse de m\u00e9thodes, de mat\u00e9riaux et de technologies, ou de pressions sociales, culturelles, \u00e9conomiques et politiques. Pourtant, \u00e0 plusieurs reprises, des maisons [&hellip;]\" \/>\n<meta property=\"og:url\" content=\"https:\/\/librairie7l.com\/en\/produit\/the-manifesto-house-buildings-that-changed-the-future-of-architecture-2\/\" \/>\n<meta property=\"og:site_name\" content=\"Librairie 7L\" \/>\n<meta property=\"article:modified_time\" content=\"2026-04-27T07:12:32+00:00\" \/>\n<meta property=\"og:image\" content=\"https:\/\/librairie7l.com\/wp-content\/uploads\/2024\/12\/9780300260540_1_75.jpg\" \/>\n\t<meta property=\"og:image:width\" content=\"600\" \/>\n\t<meta property=\"og:image:height\" content=\"798\" \/>\n\t<meta property=\"og:image:type\" content=\"image\/jpeg\" \/>\n<meta name=\"twitter:card\" content=\"summary_large_image\" \/>\n<meta name=\"twitter:label1\" content=\"Est. reading time\" \/>\n\t<meta name=\"twitter:data1\" content=\"1 minute\" \/>\n<script type=\"application\/ld+json\" class=\"yoast-schema-graph\">{\"@context\":\"https:\/\/schema.org\",\"@graph\":[{\"@type\":\"WebPage\",\"@id\":\"https:\/\/librairie7l.com\/en\/produit\/the-manifesto-house-buildings-that-changed-the-future-of-architecture-2\/\",\"url\":\"https:\/\/librairie7l.com\/en\/produit\/the-manifesto-house-buildings-that-changed-the-future-of-architecture-2\/\",\"name\":\"The Manifesto House : Buildings That Changed the Future of Architecture - Librairie 7L\",\"isPartOf\":{\"@id\":\"https:\/\/librairie7l.com\/en\/#website\"},\"datePublished\":\"2025-05-10T07:17:51+00:00\",\"dateModified\":\"2026-04-27T07:12:32+00:00\",\"breadcrumb\":{\"@id\":\"https:\/\/librairie7l.com\/en\/produit\/the-manifesto-house-buildings-that-changed-the-future-of-architecture-2\/#breadcrumb\"},\"inLanguage\":\"en-US\",\"potentialAction\":[{\"@type\":\"ReadAction\",\"target\":[\"https:\/\/librairie7l.com\/en\/produit\/the-manifesto-house-buildings-that-changed-the-future-of-architecture-2\/\"]}]},{\"@type\":\"BreadcrumbList\",\"@id\":\"https:\/\/librairie7l.com\/en\/produit\/the-manifesto-house-buildings-that-changed-the-future-of-architecture-2\/#breadcrumb\",\"itemListElement\":[{\"@type\":\"ListItem\",\"position\":1,\"name\":\"Accueil\",\"item\":\"https:\/\/librairie7l.com\/en\/\"},{\"@type\":\"ListItem\",\"position\":2,\"name\":\"Shop\",\"item\":\"https:\/\/librairie7l.com\/en\/shop\/\"},{\"@type\":\"ListItem\",\"position\":3,\"name\":\"THE MANIFESTO HOUSE : BUILDINGS THAT CHANGED THE FUTURE OF ARCHITECTURE\"}]},{\"@type\":\"WebSite\",\"@id\":\"https:\/\/librairie7l.com\/en\/#website\",\"url\":\"https:\/\/librairie7l.com\/en\/\",\"name\":\"Librairie 7L\",\"description\":\"Librairie fond\u00e9e en 1999 par Karl Lagerfeld \u00e0 Paris\",\"publisher\":{\"@id\":\"https:\/\/librairie7l.com\/en\/#organization\"},\"potentialAction\":[{\"@type\":\"SearchAction\",\"target\":{\"@type\":\"EntryPoint\",\"urlTemplate\":\"https:\/\/librairie7l.com\/en\/?s={search_term_string}\"},\"query-input\":\"required name=search_term_string\"}],\"inLanguage\":\"en-US\"},{\"@type\":\"Organization\",\"@id\":\"https:\/\/librairie7l.com\/en\/#organization\",\"name\":\"Librairie 7L\",\"url\":\"https:\/\/librairie7l.com\/en\/\",\"logo\":{\"@type\":\"ImageObject\",\"inLanguage\":\"en-US\",\"@id\":\"https:\/\/librairie7l.com\/en\/#\/schema\/logo\/image\/\",\"url\":\"https:\/\/librairie7l.com\/wp-content\/uploads\/2022\/08\/logo-1.png\",\"contentUrl\":\"https:\/\/librairie7l.com\/wp-content\/uploads\/2022\/08\/logo-1.png\",\"width\":227,\"height\":301,\"caption\":\"Librairie 7L\"},\"image\":{\"@id\":\"https:\/\/librairie7l.com\/en\/#\/schema\/logo\/image\/\"}}]}<\/script>\n<!-- \/ Yoast SEO plugin. -->","yoast_head_json":{"title":"The Manifesto House : Buildings That Changed the Future of Architecture - Librairie 7L","robots":{"index":"index","follow":"follow","max-snippet":"max-snippet:-1","max-image-preview":"max-image-preview:large","max-video-preview":"max-video-preview:-1"},"canonical":"https:\/\/librairie7l.com\/en\/produit\/the-manifesto-house-buildings-that-changed-the-future-of-architecture-2\/","og_locale":"en_US","og_type":"article","og_title":"The Manifesto House : Buildings That Changed the Future of Architecture - Librairie 7L","og_description":"Un regard neuf sur l&#8217;une des figures les plus c\u00e9l\u00e8bres de l&#8217;art contemporain La plupart des maisons sont le produit de multiples couches de normes et d&#8217;attentes construites au fil du temps, qu&#8217;il s&#8217;agisse de m\u00e9thodes, de mat\u00e9riaux et de technologies, ou de pressions sociales, culturelles, \u00e9conomiques et politiques. Pourtant, \u00e0 plusieurs reprises, des maisons [&hellip;]","og_url":"https:\/\/librairie7l.com\/en\/produit\/the-manifesto-house-buildings-that-changed-the-future-of-architecture-2\/","og_site_name":"Librairie 7L","article_modified_time":"2026-04-27T07:12:32+00:00","og_image":[{"width":600,"height":798,"url":"https:\/\/librairie7l.com\/wp-content\/uploads\/2024\/12\/9780300260540_1_75.jpg","type":"image\/jpeg"}],"twitter_card":"summary_large_image","twitter_misc":{"Est. reading time":"1 minute"},"schema":{"@context":"https:\/\/schema.org","@graph":[{"@type":"WebPage","@id":"https:\/\/librairie7l.com\/en\/produit\/the-manifesto-house-buildings-that-changed-the-future-of-architecture-2\/","url":"https:\/\/librairie7l.com\/en\/produit\/the-manifesto-house-buildings-that-changed-the-future-of-architecture-2\/","name":"The Manifesto House : Buildings That Changed the Future of Architecture - Librairie 7L","isPartOf":{"@id":"https:\/\/librairie7l.com\/en\/#website"},"datePublished":"2025-05-10T07:17:51+00:00","dateModified":"2026-04-27T07:12:32+00:00","breadcrumb":{"@id":"https:\/\/librairie7l.com\/en\/produit\/the-manifesto-house-buildings-that-changed-the-future-of-architecture-2\/#breadcrumb"},"inLanguage":"en-US","potentialAction":[{"@type":"ReadAction","target":["https:\/\/librairie7l.com\/en\/produit\/the-manifesto-house-buildings-that-changed-the-future-of-architecture-2\/"]}]},{"@type":"BreadcrumbList","@id":"https:\/\/librairie7l.com\/en\/produit\/the-manifesto-house-buildings-that-changed-the-future-of-architecture-2\/#breadcrumb","itemListElement":[{"@type":"ListItem","position":1,"name":"Accueil","item":"https:\/\/librairie7l.com\/en\/"},{"@type":"ListItem","position":2,"name":"Shop","item":"https:\/\/librairie7l.com\/en\/shop\/"},{"@type":"ListItem","position":3,"name":"THE MANIFESTO HOUSE : BUILDINGS THAT CHANGED THE FUTURE OF ARCHITECTURE"}]},{"@type":"WebSite","@id":"https:\/\/librairie7l.com\/en\/#website","url":"https:\/\/librairie7l.com\/en\/","name":"Librairie 7L","description":"Librairie fond\u00e9e en 1999 par Karl Lagerfeld \u00e0 Paris","publisher":{"@id":"https:\/\/librairie7l.com\/en\/#organization"},"potentialAction":[{"@type":"SearchAction","target":{"@type":"EntryPoint","urlTemplate":"https:\/\/librairie7l.com\/en\/?s={search_term_string}"},"query-input":"required name=search_term_string"}],"inLanguage":"en-US"},{"@type":"Organization","@id":"https:\/\/librairie7l.com\/en\/#organization","name":"Librairie 7L","url":"https:\/\/librairie7l.com\/en\/","logo":{"@type":"ImageObject","inLanguage":"en-US","@id":"https:\/\/librairie7l.com\/en\/#\/schema\/logo\/image\/","url":"https:\/\/librairie7l.com\/wp-content\/uploads\/2022\/08\/logo-1.png","contentUrl":"https:\/\/librairie7l.com\/wp-content\/uploads\/2022\/08\/logo-1.png","width":227,"height":301,"caption":"Librairie 7L"},"image":{"@id":"https:\/\/librairie7l.com\/en\/#\/schema\/logo\/image\/"}}]}},"_links":{"self":[{"href":"https:\/\/librairie7l.com\/en\/wp-json\/wp\/v2\/product\/47869"}],"collection":[{"href":"https:\/\/librairie7l.com\/en\/wp-json\/wp\/v2\/product"}],"about":[{"href":"https:\/\/librairie7l.com\/en\/wp-json\/wp\/v2\/types\/product"}],"wp:featuredmedia":[{"embeddable":true,"href":"https:\/\/librairie7l.com\/en\/wp-json\/wp\/v2\/media\/47867"}],"wp:attachment":[{"href":"https:\/\/librairie7l.com\/en\/wp-json\/wp\/v2\/media?parent=47869"}],"wp:term":[{"taxonomy":"product_cat","embeddable":true,"href":"https:\/\/librairie7l.com\/en\/wp-json\/wp\/v2\/product_cat?post=47869"},{"taxonomy":"product_tag","embeddable":true,"href":"https:\/\/librairie7l.com\/en\/wp-json\/wp\/v2\/product_tag?post=47869"}],"curies":[{"name":"wp","href":"https:\/\/api.w.org\/{rel}","templated":true}]}}