{"id":47891,"date":"2025-05-12T21:28:32","date_gmt":"2025-05-12T19:28:32","guid":{"rendered":"https:\/\/librairie7l.com\/?post_type=product&#038;p=47891"},"modified":"2026-04-08T04:29:29","modified_gmt":"2026-04-08T02:29:29","slug":"nez-la-revue-olfactive-le-vetiver-en-parfumerie-2","status":"publish","type":"product","link":"https:\/\/librairie7l.com\/en\/produit\/nez-la-revue-olfactive-le-vetiver-en-parfumerie-2\/","title":{"rendered":"NEZ, LA REVUE OLFACTIVE : LE V\u00c9TIVER EN PARFUMERIE"},"content":{"rendered":"<p>Originaire d&#8217;Inde, et cultiv\u00e9 principalement \u00e0 Ha\u00efti, le v\u00e9tiver est une plante tropicale dont les racines enchev\u00eatr\u00e9es contiennent une essence odorante que l&#8217;on peut extraire par distillation. \u00c0 la fois fra\u00eeche, hesp\u00e9rid\u00e9e, v\u00e9g\u00e9tale, bois\u00e9e, fum\u00e9e, elle est un vrai parfum \u00e0 elle seule.<br \/>\nEmbl\u00e9matique des premiers classiques de la parfumerie masculine, le v\u00e9tiver a depuis rejoint les cr\u00e9ations f\u00e9minines et mixtes, apportant sa richesse olfactive \u00e0 tous les stades de l&#8217;\u00e9volution du parfum.<br \/>\nATLAS par Anne-Sophie Hojlo ;<br \/>\nG\u00e9ographie ;<br \/>\nAnatomie ;<br \/>\nChiffres-cl\u00e9s ;<br \/>\nHISTOIRE ;<br \/>\nRetour sur l&#8217;utilisation du v\u00e9tiver dans l&#8217;histoire de la parfumerie par \u00c9l\u00e9onore de Bonneval ;<br \/>\nImages, pratiques et parfums \u00e0 travers le temps et les cultures par Delphine de Swardt ;<br \/>\nTRAVERSES  ;<br \/>\nL\u00e9gendes et symboles : une histoire du v\u00e9tiver par Delphine de Swardt ;<br \/>\nExtraits litt\u00e9raires ;<br \/>\nRencontre avec&#8230; par Anne-Sophie Hojlo ;<br \/>\n365 JOURS DANS LES CHAMPS ;<br \/>\nPar Anne-Sophie Hojlo ;<br \/>\nTRANSFORMATION ;<br \/>\nPar Olivier R.P. David ;<br \/>\nPARFUMERIE ;<br \/>\nLe parfum du v\u00e9tiver par Jeanne Dor\u00e9 ;<br \/>\nLe v\u00e9tiver en parfums &#8211; g\u00e9n\u00e9alogie par Jeanne Dor\u00e9 ;<br \/>\nS\u00e9lection par Jeanne Dor\u00e9 et Anne-Sophie Hojlo ;<br \/>\nVetiver (Carven, 1957-2014), V\u00e9tiver (Guerlain, 1959), Vetiver extraordinaire (Fr\u00e9d\u00e9ric Malle, 2002), Terre d&#8217;Herm\u00e8s (Herm\u00e8s, 2006), Sycomore (Chanel, 2008), Eau fra\u00eeche Vetyver  ;(Roger &amp; Gallet, 1990) ;<\/p>\n<p>Regards Par Anne-Sophie Hojlo ;<br \/>\n&#8211; Yves Cassar ;<br \/>\n&#8211; Isabelle Doyen ;<br \/>\n&#8211; C\u00e9line Ellena  ;<\/p>\n","protected":false},"excerpt":{"rendered":"<p>Originaire d&#8217;Inde, et cultiv\u00e9 principalement \u00e0 Ha\u00efti, le v\u00e9tiver est une plante tropicale dont les racines enchev\u00eatr\u00e9es contiennent une essence odorante que l&#8217;on peut extraire par distillation. \u00c0 la fois fra\u00eeche, hesp\u00e9rid\u00e9e, v\u00e9g\u00e9tale, bois\u00e9e, fum\u00e9e, elle est un vrai parfum \u00e0 elle seule. Embl\u00e9matique des premiers classiques de la parfumerie masculine, le v\u00e9tiver a depuis [&hellip;]<\/p>\n","protected":false},"featured_media":47889,"template":"","meta":[],"product_cat":[7364,2948],"product_tag":[],"acf":[],"yoast_head":"<!-- This site is optimized with the Yoast SEO plugin v20.11 - https:\/\/yoast.com\/wordpress\/plugins\/seo\/ -->\n<title>Nez, la revue olfactive : le v\u00e9tiver en parfumerie - Librairie 7L<\/title>\n<meta name=\"robots\" content=\"index, follow, max-snippet:-1, max-image-preview:large, max-video-preview:-1\" \/>\n<link rel=\"canonical\" href=\"https:\/\/librairie7l.com\/en\/produit\/nez-la-revue-olfactive-le-vetiver-en-parfumerie-2\/\" \/>\n<meta property=\"og:locale\" content=\"en_US\" \/>\n<meta property=\"og:type\" content=\"article\" \/>\n<meta property=\"og:title\" content=\"Nez, la revue olfactive : le v\u00e9tiver en parfumerie - Librairie 7L\" \/>\n<meta property=\"og:description\" content=\"Originaire d&#8217;Inde, et cultiv\u00e9 principalement \u00e0 Ha\u00efti, le v\u00e9tiver est une plante tropicale dont les racines enchev\u00eatr\u00e9es contiennent une essence odorante que l&#8217;on peut extraire par distillation. \u00c0 la fois fra\u00eeche, hesp\u00e9rid\u00e9e, v\u00e9g\u00e9tale, bois\u00e9e, fum\u00e9e, elle est un vrai parfum \u00e0 elle seule. Embl\u00e9matique des premiers classiques de la parfumerie masculine, le v\u00e9tiver a depuis [&hellip;]\" \/>\n<meta property=\"og:url\" content=\"https:\/\/librairie7l.com\/en\/produit\/nez-la-revue-olfactive-le-vetiver-en-parfumerie-2\/\" \/>\n<meta property=\"og:site_name\" content=\"Librairie 7L\" \/>\n<meta property=\"article:modified_time\" content=\"2026-04-08T02:29:29+00:00\" \/>\n<meta property=\"og:image\" content=\"https:\/\/librairie7l.com\/wp-content\/uploads\/2020\/01\/9782370630971_1_75.jpg\" \/>\n\t<meta property=\"og:image:width\" content=\"152\" \/>\n\t<meta property=\"og:image:height\" content=\"222\" \/>\n\t<meta property=\"og:image:type\" content=\"image\/jpeg\" \/>\n<meta name=\"twitter:card\" content=\"summary_large_image\" \/>\n<meta name=\"twitter:label1\" content=\"Est. reading time\" \/>\n\t<meta name=\"twitter:data1\" content=\"1 minute\" \/>\n<script type=\"application\/ld+json\" class=\"yoast-schema-graph\">{\"@context\":\"https:\/\/schema.org\",\"@graph\":[{\"@type\":\"WebPage\",\"@id\":\"https:\/\/librairie7l.com\/en\/produit\/nez-la-revue-olfactive-le-vetiver-en-parfumerie-2\/\",\"url\":\"https:\/\/librairie7l.com\/en\/produit\/nez-la-revue-olfactive-le-vetiver-en-parfumerie-2\/\",\"name\":\"Nez, la revue olfactive : le v\u00e9tiver en parfumerie - Librairie 7L\",\"isPartOf\":{\"@id\":\"https:\/\/librairie7l.com\/en\/#website\"},\"datePublished\":\"2025-05-12T19:28:32+00:00\",\"dateModified\":\"2026-04-08T02:29:29+00:00\",\"breadcrumb\":{\"@id\":\"https:\/\/librairie7l.com\/en\/produit\/nez-la-revue-olfactive-le-vetiver-en-parfumerie-2\/#breadcrumb\"},\"inLanguage\":\"en-US\",\"potentialAction\":[{\"@type\":\"ReadAction\",\"target\":[\"https:\/\/librairie7l.com\/en\/produit\/nez-la-revue-olfactive-le-vetiver-en-parfumerie-2\/\"]}]},{\"@type\":\"BreadcrumbList\",\"@id\":\"https:\/\/librairie7l.com\/en\/produit\/nez-la-revue-olfactive-le-vetiver-en-parfumerie-2\/#breadcrumb\",\"itemListElement\":[{\"@type\":\"ListItem\",\"position\":1,\"name\":\"Accueil\",\"item\":\"https:\/\/librairie7l.com\/en\/\"},{\"@type\":\"ListItem\",\"position\":2,\"name\":\"Shop\",\"item\":\"https:\/\/librairie7l.com\/en\/shop\/\"},{\"@type\":\"ListItem\",\"position\":3,\"name\":\"NEZ, LA REVUE OLFACTIVE : LE V\u00c9TIVER EN PARFUMERIE\"}]},{\"@type\":\"WebSite\",\"@id\":\"https:\/\/librairie7l.com\/en\/#website\",\"url\":\"https:\/\/librairie7l.com\/en\/\",\"name\":\"Librairie 7L\",\"description\":\"Librairie fond\u00e9e en 1999 par Karl Lagerfeld \u00e0 Paris\",\"publisher\":{\"@id\":\"https:\/\/librairie7l.com\/en\/#organization\"},\"potentialAction\":[{\"@type\":\"SearchAction\",\"target\":{\"@type\":\"EntryPoint\",\"urlTemplate\":\"https:\/\/librairie7l.com\/en\/?s={search_term_string}\"},\"query-input\":\"required name=search_term_string\"}],\"inLanguage\":\"en-US\"},{\"@type\":\"Organization\",\"@id\":\"https:\/\/librairie7l.com\/en\/#organization\",\"name\":\"Librairie 7L\",\"url\":\"https:\/\/librairie7l.com\/en\/\",\"logo\":{\"@type\":\"ImageObject\",\"inLanguage\":\"en-US\",\"@id\":\"https:\/\/librairie7l.com\/en\/#\/schema\/logo\/image\/\",\"url\":\"https:\/\/librairie7l.com\/wp-content\/uploads\/2022\/08\/logo-1.png\",\"contentUrl\":\"https:\/\/librairie7l.com\/wp-content\/uploads\/2022\/08\/logo-1.png\",\"width\":227,\"height\":301,\"caption\":\"Librairie 7L\"},\"image\":{\"@id\":\"https:\/\/librairie7l.com\/en\/#\/schema\/logo\/image\/\"}}]}<\/script>\n<!-- \/ Yoast SEO plugin. -->","yoast_head_json":{"title":"Nez, la revue olfactive : le v\u00e9tiver en parfumerie - Librairie 7L","robots":{"index":"index","follow":"follow","max-snippet":"max-snippet:-1","max-image-preview":"max-image-preview:large","max-video-preview":"max-video-preview:-1"},"canonical":"https:\/\/librairie7l.com\/en\/produit\/nez-la-revue-olfactive-le-vetiver-en-parfumerie-2\/","og_locale":"en_US","og_type":"article","og_title":"Nez, la revue olfactive : le v\u00e9tiver en parfumerie - Librairie 7L","og_description":"Originaire d&#8217;Inde, et cultiv\u00e9 principalement \u00e0 Ha\u00efti, le v\u00e9tiver est une plante tropicale dont les racines enchev\u00eatr\u00e9es contiennent une essence odorante que l&#8217;on peut extraire par distillation. \u00c0 la fois fra\u00eeche, hesp\u00e9rid\u00e9e, v\u00e9g\u00e9tale, bois\u00e9e, fum\u00e9e, elle est un vrai parfum \u00e0 elle seule. Embl\u00e9matique des premiers classiques de la parfumerie masculine, le v\u00e9tiver a depuis [&hellip;]","og_url":"https:\/\/librairie7l.com\/en\/produit\/nez-la-revue-olfactive-le-vetiver-en-parfumerie-2\/","og_site_name":"Librairie 7L","article_modified_time":"2026-04-08T02:29:29+00:00","og_image":[{"width":152,"height":222,"url":"https:\/\/librairie7l.com\/wp-content\/uploads\/2020\/01\/9782370630971_1_75.jpg","type":"image\/jpeg"}],"twitter_card":"summary_large_image","twitter_misc":{"Est. reading time":"1 minute"},"schema":{"@context":"https:\/\/schema.org","@graph":[{"@type":"WebPage","@id":"https:\/\/librairie7l.com\/en\/produit\/nez-la-revue-olfactive-le-vetiver-en-parfumerie-2\/","url":"https:\/\/librairie7l.com\/en\/produit\/nez-la-revue-olfactive-le-vetiver-en-parfumerie-2\/","name":"Nez, la revue olfactive : le v\u00e9tiver en parfumerie - Librairie 7L","isPartOf":{"@id":"https:\/\/librairie7l.com\/en\/#website"},"datePublished":"2025-05-12T19:28:32+00:00","dateModified":"2026-04-08T02:29:29+00:00","breadcrumb":{"@id":"https:\/\/librairie7l.com\/en\/produit\/nez-la-revue-olfactive-le-vetiver-en-parfumerie-2\/#breadcrumb"},"inLanguage":"en-US","potentialAction":[{"@type":"ReadAction","target":["https:\/\/librairie7l.com\/en\/produit\/nez-la-revue-olfactive-le-vetiver-en-parfumerie-2\/"]}]},{"@type":"BreadcrumbList","@id":"https:\/\/librairie7l.com\/en\/produit\/nez-la-revue-olfactive-le-vetiver-en-parfumerie-2\/#breadcrumb","itemListElement":[{"@type":"ListItem","position":1,"name":"Accueil","item":"https:\/\/librairie7l.com\/en\/"},{"@type":"ListItem","position":2,"name":"Shop","item":"https:\/\/librairie7l.com\/en\/shop\/"},{"@type":"ListItem","position":3,"name":"NEZ, LA REVUE OLFACTIVE : LE V\u00c9TIVER EN PARFUMERIE"}]},{"@type":"WebSite","@id":"https:\/\/librairie7l.com\/en\/#website","url":"https:\/\/librairie7l.com\/en\/","name":"Librairie 7L","description":"Librairie fond\u00e9e en 1999 par Karl Lagerfeld \u00e0 Paris","publisher":{"@id":"https:\/\/librairie7l.com\/en\/#organization"},"potentialAction":[{"@type":"SearchAction","target":{"@type":"EntryPoint","urlTemplate":"https:\/\/librairie7l.com\/en\/?s={search_term_string}"},"query-input":"required name=search_term_string"}],"inLanguage":"en-US"},{"@type":"Organization","@id":"https:\/\/librairie7l.com\/en\/#organization","name":"Librairie 7L","url":"https:\/\/librairie7l.com\/en\/","logo":{"@type":"ImageObject","inLanguage":"en-US","@id":"https:\/\/librairie7l.com\/en\/#\/schema\/logo\/image\/","url":"https:\/\/librairie7l.com\/wp-content\/uploads\/2022\/08\/logo-1.png","contentUrl":"https:\/\/librairie7l.com\/wp-content\/uploads\/2022\/08\/logo-1.png","width":227,"height":301,"caption":"Librairie 7L"},"image":{"@id":"https:\/\/librairie7l.com\/en\/#\/schema\/logo\/image\/"}}]}},"_links":{"self":[{"href":"https:\/\/librairie7l.com\/en\/wp-json\/wp\/v2\/product\/47891"}],"collection":[{"href":"https:\/\/librairie7l.com\/en\/wp-json\/wp\/v2\/product"}],"about":[{"href":"https:\/\/librairie7l.com\/en\/wp-json\/wp\/v2\/types\/product"}],"wp:featuredmedia":[{"embeddable":true,"href":"https:\/\/librairie7l.com\/en\/wp-json\/wp\/v2\/media\/47889"}],"wp:attachment":[{"href":"https:\/\/librairie7l.com\/en\/wp-json\/wp\/v2\/media?parent=47891"}],"wp:term":[{"taxonomy":"product_cat","embeddable":true,"href":"https:\/\/librairie7l.com\/en\/wp-json\/wp\/v2\/product_cat?post=47891"},{"taxonomy":"product_tag","embeddable":true,"href":"https:\/\/librairie7l.com\/en\/wp-json\/wp\/v2\/product_tag?post=47891"}],"curies":[{"name":"wp","href":"https:\/\/api.w.org\/{rel}","templated":true}]}}