{"id":47907,"date":"2025-05-14T09:17:41","date_gmt":"2025-05-14T07:17:41","guid":{"rendered":"https:\/\/librairie7l.com\/?post_type=product&#038;p=47907"},"modified":"2026-04-17T14:13:33","modified_gmt":"2026-04-17T12:13:33","slug":"newlamp-catalogue-raisonne-1969-1973-2","status":"publish","type":"product","link":"https:\/\/librairie7l.com\/en\/produit\/newlamp-catalogue-raisonne-1969-1973-2\/","title":{"rendered":"NEWLAMP : CATALOGUE RAISONN\u00c9 1969-1973"},"content":{"rendered":"<p>Dans les pages de ce volume se dessine le catalogue raisonn\u00e9 de la production document\u00e9e de Newlamp, une entreprise romaine qui, en l&#8217;espace de seulement quatre ans, entre 1969 et 1973, a cr\u00e9\u00e9 cinquante-cinq mod\u00e8les de lampes, de v\u00e9ritables oeuvres d&#8217;art lumineuses. Ces cr\u00e9ations, aux g\u00e9om\u00e9tries et formes innovantes et g\u00e9niales, ont marqu\u00e9 de mani\u00e8re ind\u00e9l\u00e9bile l&#8217;histoire du design. \u00c0 travers plus de quinze ans de recherches scrupuleuses qui l&#8217;ont impliqu\u00e9 dans une aventure passionnante, Paolo Borromeo d&#8217;Adda a habilement trac\u00e9 le parcours complexe qui a caract\u00e9ris\u00e9 l&#8217;intense histoire de Newlamp. Surmontant de nombreux d\u00e9fis, il a r\u00e9v\u00e9l\u00e9 les secrets qui entouraient depuis cinquante ans les actions de la soci\u00e9t\u00e9 fond\u00e9e par l&#8217;entrepreneur visionnaire et designer Mario Vento. Une petite entreprise qui, \u00e0 partir de rien, a r\u00e9ussi, en seulement deux ans, \u00e0 remporter l&#8217;Europremio du Mobilier et de l&#8217;Am\u00e9nagement (1971). Parmi les illustres architectes et designers italiens qui ont contribu\u00e9 au succ\u00e8s de ce projet entrepreneurial, figurent des noms tels que Gianfranco Fini, Fabrizio Cocchia, Gianni Colombo et Giuseppe Ravasio.<\/p>\n","protected":false},"excerpt":{"rendered":"<p>Dans les pages de ce volume se dessine le catalogue raisonn\u00e9 de la production document\u00e9e de Newlamp, une entreprise romaine qui, en l&#8217;espace de seulement quatre ans, entre 1969 et 1973, a cr\u00e9\u00e9 cinquante-cinq mod\u00e8les de lampes, de v\u00e9ritables oeuvres d&#8217;art lumineuses. Ces cr\u00e9ations, aux g\u00e9om\u00e9tries et formes innovantes et g\u00e9niales, ont marqu\u00e9 de mani\u00e8re [&hellip;]<\/p>\n","protected":false},"featured_media":47905,"template":"","meta":[],"product_cat":[2948,2952],"product_tag":[],"acf":[],"yoast_head":"<!-- This site is optimized with the Yoast SEO plugin v20.11 - https:\/\/yoast.com\/wordpress\/plugins\/seo\/ -->\n<title>Newlamp : Catalogue raisonn\u00e9 1969-1973 - Librairie 7L<\/title>\n<meta name=\"robots\" content=\"index, follow, max-snippet:-1, max-image-preview:large, max-video-preview:-1\" \/>\n<link rel=\"canonical\" href=\"https:\/\/librairie7l.com\/en\/produit\/newlamp-catalogue-raisonne-1969-1973-2\/\" \/>\n<meta property=\"og:locale\" content=\"en_US\" \/>\n<meta property=\"og:type\" content=\"article\" \/>\n<meta property=\"og:title\" content=\"Newlamp : Catalogue raisonn\u00e9 1969-1973 - Librairie 7L\" \/>\n<meta property=\"og:description\" content=\"Dans les pages de ce volume se dessine le catalogue raisonn\u00e9 de la production document\u00e9e de Newlamp, une entreprise romaine qui, en l&#8217;espace de seulement quatre ans, entre 1969 et 1973, a cr\u00e9\u00e9 cinquante-cinq mod\u00e8les de lampes, de v\u00e9ritables oeuvres d&#8217;art lumineuses. Ces cr\u00e9ations, aux g\u00e9om\u00e9tries et formes innovantes et g\u00e9niales, ont marqu\u00e9 de mani\u00e8re [&hellip;]\" \/>\n<meta property=\"og:url\" content=\"https:\/\/librairie7l.com\/en\/produit\/newlamp-catalogue-raisonne-1969-1973-2\/\" \/>\n<meta property=\"og:site_name\" content=\"Librairie 7L\" \/>\n<meta property=\"article:modified_time\" content=\"2026-04-17T12:13:33+00:00\" \/>\n<meta property=\"og:image\" content=\"https:\/\/librairie7l.com\/wp-content\/uploads\/2025\/04\/9788836656127_1_75.jpg\" \/>\n\t<meta property=\"og:image:width\" content=\"600\" \/>\n\t<meta property=\"og:image:height\" content=\"748\" \/>\n\t<meta property=\"og:image:type\" content=\"image\/jpeg\" \/>\n<meta name=\"twitter:card\" content=\"summary_large_image\" \/>\n<meta name=\"twitter:label1\" content=\"Est. reading time\" \/>\n\t<meta name=\"twitter:data1\" content=\"1 minute\" \/>\n<script type=\"application\/ld+json\" class=\"yoast-schema-graph\">{\"@context\":\"https:\/\/schema.org\",\"@graph\":[{\"@type\":\"WebPage\",\"@id\":\"https:\/\/librairie7l.com\/en\/produit\/newlamp-catalogue-raisonne-1969-1973-2\/\",\"url\":\"https:\/\/librairie7l.com\/en\/produit\/newlamp-catalogue-raisonne-1969-1973-2\/\",\"name\":\"Newlamp : Catalogue raisonn\u00e9 1969-1973 - Librairie 7L\",\"isPartOf\":{\"@id\":\"https:\/\/librairie7l.com\/en\/#website\"},\"datePublished\":\"2025-05-14T07:17:41+00:00\",\"dateModified\":\"2026-04-17T12:13:33+00:00\",\"breadcrumb\":{\"@id\":\"https:\/\/librairie7l.com\/en\/produit\/newlamp-catalogue-raisonne-1969-1973-2\/#breadcrumb\"},\"inLanguage\":\"en-US\",\"potentialAction\":[{\"@type\":\"ReadAction\",\"target\":[\"https:\/\/librairie7l.com\/en\/produit\/newlamp-catalogue-raisonne-1969-1973-2\/\"]}]},{\"@type\":\"BreadcrumbList\",\"@id\":\"https:\/\/librairie7l.com\/en\/produit\/newlamp-catalogue-raisonne-1969-1973-2\/#breadcrumb\",\"itemListElement\":[{\"@type\":\"ListItem\",\"position\":1,\"name\":\"Accueil\",\"item\":\"https:\/\/librairie7l.com\/en\/\"},{\"@type\":\"ListItem\",\"position\":2,\"name\":\"Shop\",\"item\":\"https:\/\/librairie7l.com\/en\/shop\/\"},{\"@type\":\"ListItem\",\"position\":3,\"name\":\"NEWLAMP : CATALOGUE RAISONN\u00c9 1969-1973\"}]},{\"@type\":\"WebSite\",\"@id\":\"https:\/\/librairie7l.com\/en\/#website\",\"url\":\"https:\/\/librairie7l.com\/en\/\",\"name\":\"Librairie 7L\",\"description\":\"Librairie fond\u00e9e en 1999 par Karl Lagerfeld \u00e0 Paris\",\"publisher\":{\"@id\":\"https:\/\/librairie7l.com\/en\/#organization\"},\"potentialAction\":[{\"@type\":\"SearchAction\",\"target\":{\"@type\":\"EntryPoint\",\"urlTemplate\":\"https:\/\/librairie7l.com\/en\/?s={search_term_string}\"},\"query-input\":\"required name=search_term_string\"}],\"inLanguage\":\"en-US\"},{\"@type\":\"Organization\",\"@id\":\"https:\/\/librairie7l.com\/en\/#organization\",\"name\":\"Librairie 7L\",\"url\":\"https:\/\/librairie7l.com\/en\/\",\"logo\":{\"@type\":\"ImageObject\",\"inLanguage\":\"en-US\",\"@id\":\"https:\/\/librairie7l.com\/en\/#\/schema\/logo\/image\/\",\"url\":\"https:\/\/librairie7l.com\/wp-content\/uploads\/2022\/08\/logo-1.png\",\"contentUrl\":\"https:\/\/librairie7l.com\/wp-content\/uploads\/2022\/08\/logo-1.png\",\"width\":227,\"height\":301,\"caption\":\"Librairie 7L\"},\"image\":{\"@id\":\"https:\/\/librairie7l.com\/en\/#\/schema\/logo\/image\/\"}}]}<\/script>\n<!-- \/ Yoast SEO plugin. -->","yoast_head_json":{"title":"Newlamp : Catalogue raisonn\u00e9 1969-1973 - Librairie 7L","robots":{"index":"index","follow":"follow","max-snippet":"max-snippet:-1","max-image-preview":"max-image-preview:large","max-video-preview":"max-video-preview:-1"},"canonical":"https:\/\/librairie7l.com\/en\/produit\/newlamp-catalogue-raisonne-1969-1973-2\/","og_locale":"en_US","og_type":"article","og_title":"Newlamp : Catalogue raisonn\u00e9 1969-1973 - Librairie 7L","og_description":"Dans les pages de ce volume se dessine le catalogue raisonn\u00e9 de la production document\u00e9e de Newlamp, une entreprise romaine qui, en l&#8217;espace de seulement quatre ans, entre 1969 et 1973, a cr\u00e9\u00e9 cinquante-cinq mod\u00e8les de lampes, de v\u00e9ritables oeuvres d&#8217;art lumineuses. Ces cr\u00e9ations, aux g\u00e9om\u00e9tries et formes innovantes et g\u00e9niales, ont marqu\u00e9 de mani\u00e8re [&hellip;]","og_url":"https:\/\/librairie7l.com\/en\/produit\/newlamp-catalogue-raisonne-1969-1973-2\/","og_site_name":"Librairie 7L","article_modified_time":"2026-04-17T12:13:33+00:00","og_image":[{"width":600,"height":748,"url":"https:\/\/librairie7l.com\/wp-content\/uploads\/2025\/04\/9788836656127_1_75.jpg","type":"image\/jpeg"}],"twitter_card":"summary_large_image","twitter_misc":{"Est. reading time":"1 minute"},"schema":{"@context":"https:\/\/schema.org","@graph":[{"@type":"WebPage","@id":"https:\/\/librairie7l.com\/en\/produit\/newlamp-catalogue-raisonne-1969-1973-2\/","url":"https:\/\/librairie7l.com\/en\/produit\/newlamp-catalogue-raisonne-1969-1973-2\/","name":"Newlamp : Catalogue raisonn\u00e9 1969-1973 - Librairie 7L","isPartOf":{"@id":"https:\/\/librairie7l.com\/en\/#website"},"datePublished":"2025-05-14T07:17:41+00:00","dateModified":"2026-04-17T12:13:33+00:00","breadcrumb":{"@id":"https:\/\/librairie7l.com\/en\/produit\/newlamp-catalogue-raisonne-1969-1973-2\/#breadcrumb"},"inLanguage":"en-US","potentialAction":[{"@type":"ReadAction","target":["https:\/\/librairie7l.com\/en\/produit\/newlamp-catalogue-raisonne-1969-1973-2\/"]}]},{"@type":"BreadcrumbList","@id":"https:\/\/librairie7l.com\/en\/produit\/newlamp-catalogue-raisonne-1969-1973-2\/#breadcrumb","itemListElement":[{"@type":"ListItem","position":1,"name":"Accueil","item":"https:\/\/librairie7l.com\/en\/"},{"@type":"ListItem","position":2,"name":"Shop","item":"https:\/\/librairie7l.com\/en\/shop\/"},{"@type":"ListItem","position":3,"name":"NEWLAMP : CATALOGUE RAISONN\u00c9 1969-1973"}]},{"@type":"WebSite","@id":"https:\/\/librairie7l.com\/en\/#website","url":"https:\/\/librairie7l.com\/en\/","name":"Librairie 7L","description":"Librairie fond\u00e9e en 1999 par Karl Lagerfeld \u00e0 Paris","publisher":{"@id":"https:\/\/librairie7l.com\/en\/#organization"},"potentialAction":[{"@type":"SearchAction","target":{"@type":"EntryPoint","urlTemplate":"https:\/\/librairie7l.com\/en\/?s={search_term_string}"},"query-input":"required name=search_term_string"}],"inLanguage":"en-US"},{"@type":"Organization","@id":"https:\/\/librairie7l.com\/en\/#organization","name":"Librairie 7L","url":"https:\/\/librairie7l.com\/en\/","logo":{"@type":"ImageObject","inLanguage":"en-US","@id":"https:\/\/librairie7l.com\/en\/#\/schema\/logo\/image\/","url":"https:\/\/librairie7l.com\/wp-content\/uploads\/2022\/08\/logo-1.png","contentUrl":"https:\/\/librairie7l.com\/wp-content\/uploads\/2022\/08\/logo-1.png","width":227,"height":301,"caption":"Librairie 7L"},"image":{"@id":"https:\/\/librairie7l.com\/en\/#\/schema\/logo\/image\/"}}]}},"_links":{"self":[{"href":"https:\/\/librairie7l.com\/en\/wp-json\/wp\/v2\/product\/47907"}],"collection":[{"href":"https:\/\/librairie7l.com\/en\/wp-json\/wp\/v2\/product"}],"about":[{"href":"https:\/\/librairie7l.com\/en\/wp-json\/wp\/v2\/types\/product"}],"wp:featuredmedia":[{"embeddable":true,"href":"https:\/\/librairie7l.com\/en\/wp-json\/wp\/v2\/media\/47905"}],"wp:attachment":[{"href":"https:\/\/librairie7l.com\/en\/wp-json\/wp\/v2\/media?parent=47907"}],"wp:term":[{"taxonomy":"product_cat","embeddable":true,"href":"https:\/\/librairie7l.com\/en\/wp-json\/wp\/v2\/product_cat?post=47907"},{"taxonomy":"product_tag","embeddable":true,"href":"https:\/\/librairie7l.com\/en\/wp-json\/wp\/v2\/product_tag?post=47907"}],"curies":[{"name":"wp","href":"https:\/\/api.w.org\/{rel}","templated":true}]}}