{"id":47923,"date":"2025-05-14T09:17:53","date_gmt":"2025-05-14T07:17:53","guid":{"rendered":"https:\/\/librairie7l.com\/?post_type=product&#038;p=47923"},"modified":"2026-04-23T17:17:04","modified_gmt":"2026-04-23T15:17:04","slug":"rouge-histoire-dune-couleur-2","status":"publish","type":"product","link":"https:\/\/librairie7l.com\/en\/produit\/rouge-histoire-dune-couleur-2\/","title":{"rendered":"ROUGE ; HISTOIRE D&#8217;UNE COULEUR"},"content":{"rendered":"<p>Le rouge est en Occident la premi\u00e8re couleur que l&#8217;homme a ma\u00eetris\u00e9e : ainsi elle est longtemps rest\u00e9e la couleur \u00ab par excellence \u00bb, la plus riche du point de vue mat\u00e9riel, social, artistique, onirique et symbolique.<\/p>\n<p>Admir\u00e9 des Grecs et des Romains dans l&#8217;Antiquit\u00e9, le rouge prend une forte dimension religieuse au Moyen \u00c2ge. Mais il est aussi, dans le monde profane, la couleur de l&#8217;amour, de la gloire et de la beaut\u00e9, comme celle de l&#8217;orgueil, de la violence et de la luxure. Au XVIe si\u00e8cle, les morales protestantes partent en guerre contre le rouge, couleur ind\u00e9cente et immorale, li\u00e9e aux vanit\u00e9s du monde. D\u00e8s lors, partout en Europe, rouge est en recul. Toutefois, \u00e0 partir de la R\u00e9volution fran\u00e7aise et ce jusqu&#8217;\u00e0 nos jours, le rouge devient politique : c&#8217;est la couleur des forces progressistes ou subversives.<\/p>\n","protected":false},"excerpt":{"rendered":"<p>Le rouge est en Occident la premi\u00e8re couleur que l&#8217;homme a ma\u00eetris\u00e9e : ainsi elle est longtemps rest\u00e9e la couleur \u00ab par excellence \u00bb, la plus riche du point de vue mat\u00e9riel, social, artistique, onirique et symbolique. Admir\u00e9 des Grecs et des Romains dans l&#8217;Antiquit\u00e9, le rouge prend une forte dimension religieuse au Moyen \u00c2ge. [&hellip;]<\/p>\n","protected":false},"featured_media":47921,"template":"","meta":[],"product_cat":[2948,2953],"product_tag":[],"acf":[],"yoast_head":"<!-- This site is optimized with the Yoast SEO plugin v20.11 - https:\/\/yoast.com\/wordpress\/plugins\/seo\/ -->\n<title>Rouge ; histoire d&#039;une couleur - Librairie 7L<\/title>\n<meta name=\"robots\" content=\"index, follow, max-snippet:-1, max-image-preview:large, max-video-preview:-1\" \/>\n<link rel=\"canonical\" href=\"https:\/\/librairie7l.com\/en\/produit\/rouge-histoire-dune-couleur-2\/\" \/>\n<meta property=\"og:locale\" content=\"en_US\" \/>\n<meta property=\"og:type\" content=\"article\" \/>\n<meta property=\"og:title\" content=\"Rouge ; histoire d&#039;une couleur - Librairie 7L\" \/>\n<meta property=\"og:description\" content=\"Le rouge est en Occident la premi\u00e8re couleur que l&#8217;homme a ma\u00eetris\u00e9e : ainsi elle est longtemps rest\u00e9e la couleur \u00ab par excellence \u00bb, la plus riche du point de vue mat\u00e9riel, social, artistique, onirique et symbolique. Admir\u00e9 des Grecs et des Romains dans l&#8217;Antiquit\u00e9, le rouge prend une forte dimension religieuse au Moyen \u00c2ge. [&hellip;]\" \/>\n<meta property=\"og:url\" content=\"https:\/\/librairie7l.com\/en\/produit\/rouge-histoire-dune-couleur-2\/\" \/>\n<meta property=\"og:site_name\" content=\"Librairie 7L\" \/>\n<meta property=\"article:modified_time\" content=\"2026-04-23T15:17:04+00:00\" \/>\n<meta property=\"og:image\" content=\"https:\/\/librairie7l.com\/wp-content\/uploads\/2019\/03\/9782757878200_1_75.jpg\" \/>\n\t<meta property=\"og:image:width\" content=\"600\" \/>\n\t<meta property=\"og:image:height\" content=\"980\" \/>\n\t<meta property=\"og:image:type\" content=\"image\/jpeg\" \/>\n<meta name=\"twitter:card\" content=\"summary_large_image\" \/>\n<meta name=\"twitter:label1\" content=\"Est. reading time\" \/>\n\t<meta name=\"twitter:data1\" content=\"1 minute\" \/>\n<script type=\"application\/ld+json\" class=\"yoast-schema-graph\">{\"@context\":\"https:\/\/schema.org\",\"@graph\":[{\"@type\":\"WebPage\",\"@id\":\"https:\/\/librairie7l.com\/en\/produit\/rouge-histoire-dune-couleur-2\/\",\"url\":\"https:\/\/librairie7l.com\/en\/produit\/rouge-histoire-dune-couleur-2\/\",\"name\":\"Rouge ; histoire d'une couleur - Librairie 7L\",\"isPartOf\":{\"@id\":\"https:\/\/librairie7l.com\/en\/#website\"},\"datePublished\":\"2025-05-14T07:17:53+00:00\",\"dateModified\":\"2026-04-23T15:17:04+00:00\",\"breadcrumb\":{\"@id\":\"https:\/\/librairie7l.com\/en\/produit\/rouge-histoire-dune-couleur-2\/#breadcrumb\"},\"inLanguage\":\"en-US\",\"potentialAction\":[{\"@type\":\"ReadAction\",\"target\":[\"https:\/\/librairie7l.com\/en\/produit\/rouge-histoire-dune-couleur-2\/\"]}]},{\"@type\":\"BreadcrumbList\",\"@id\":\"https:\/\/librairie7l.com\/en\/produit\/rouge-histoire-dune-couleur-2\/#breadcrumb\",\"itemListElement\":[{\"@type\":\"ListItem\",\"position\":1,\"name\":\"Accueil\",\"item\":\"https:\/\/librairie7l.com\/en\/\"},{\"@type\":\"ListItem\",\"position\":2,\"name\":\"Shop\",\"item\":\"https:\/\/librairie7l.com\/en\/shop\/\"},{\"@type\":\"ListItem\",\"position\":3,\"name\":\"ROUGE ; HISTOIRE D&#8217;UNE COULEUR\"}]},{\"@type\":\"WebSite\",\"@id\":\"https:\/\/librairie7l.com\/en\/#website\",\"url\":\"https:\/\/librairie7l.com\/en\/\",\"name\":\"Librairie 7L\",\"description\":\"Librairie fond\u00e9e en 1999 par Karl Lagerfeld \u00e0 Paris\",\"publisher\":{\"@id\":\"https:\/\/librairie7l.com\/en\/#organization\"},\"potentialAction\":[{\"@type\":\"SearchAction\",\"target\":{\"@type\":\"EntryPoint\",\"urlTemplate\":\"https:\/\/librairie7l.com\/en\/?s={search_term_string}\"},\"query-input\":\"required name=search_term_string\"}],\"inLanguage\":\"en-US\"},{\"@type\":\"Organization\",\"@id\":\"https:\/\/librairie7l.com\/en\/#organization\",\"name\":\"Librairie 7L\",\"url\":\"https:\/\/librairie7l.com\/en\/\",\"logo\":{\"@type\":\"ImageObject\",\"inLanguage\":\"en-US\",\"@id\":\"https:\/\/librairie7l.com\/en\/#\/schema\/logo\/image\/\",\"url\":\"https:\/\/librairie7l.com\/wp-content\/uploads\/2022\/08\/logo-1.png\",\"contentUrl\":\"https:\/\/librairie7l.com\/wp-content\/uploads\/2022\/08\/logo-1.png\",\"width\":227,\"height\":301,\"caption\":\"Librairie 7L\"},\"image\":{\"@id\":\"https:\/\/librairie7l.com\/en\/#\/schema\/logo\/image\/\"}}]}<\/script>\n<!-- \/ Yoast SEO plugin. -->","yoast_head_json":{"title":"Rouge ; histoire d'une couleur - Librairie 7L","robots":{"index":"index","follow":"follow","max-snippet":"max-snippet:-1","max-image-preview":"max-image-preview:large","max-video-preview":"max-video-preview:-1"},"canonical":"https:\/\/librairie7l.com\/en\/produit\/rouge-histoire-dune-couleur-2\/","og_locale":"en_US","og_type":"article","og_title":"Rouge ; histoire d'une couleur - Librairie 7L","og_description":"Le rouge est en Occident la premi\u00e8re couleur que l&#8217;homme a ma\u00eetris\u00e9e : ainsi elle est longtemps rest\u00e9e la couleur \u00ab par excellence \u00bb, la plus riche du point de vue mat\u00e9riel, social, artistique, onirique et symbolique. Admir\u00e9 des Grecs et des Romains dans l&#8217;Antiquit\u00e9, le rouge prend une forte dimension religieuse au Moyen \u00c2ge. [&hellip;]","og_url":"https:\/\/librairie7l.com\/en\/produit\/rouge-histoire-dune-couleur-2\/","og_site_name":"Librairie 7L","article_modified_time":"2026-04-23T15:17:04+00:00","og_image":[{"width":600,"height":980,"url":"https:\/\/librairie7l.com\/wp-content\/uploads\/2019\/03\/9782757878200_1_75.jpg","type":"image\/jpeg"}],"twitter_card":"summary_large_image","twitter_misc":{"Est. reading time":"1 minute"},"schema":{"@context":"https:\/\/schema.org","@graph":[{"@type":"WebPage","@id":"https:\/\/librairie7l.com\/en\/produit\/rouge-histoire-dune-couleur-2\/","url":"https:\/\/librairie7l.com\/en\/produit\/rouge-histoire-dune-couleur-2\/","name":"Rouge ; histoire d'une couleur - Librairie 7L","isPartOf":{"@id":"https:\/\/librairie7l.com\/en\/#website"},"datePublished":"2025-05-14T07:17:53+00:00","dateModified":"2026-04-23T15:17:04+00:00","breadcrumb":{"@id":"https:\/\/librairie7l.com\/en\/produit\/rouge-histoire-dune-couleur-2\/#breadcrumb"},"inLanguage":"en-US","potentialAction":[{"@type":"ReadAction","target":["https:\/\/librairie7l.com\/en\/produit\/rouge-histoire-dune-couleur-2\/"]}]},{"@type":"BreadcrumbList","@id":"https:\/\/librairie7l.com\/en\/produit\/rouge-histoire-dune-couleur-2\/#breadcrumb","itemListElement":[{"@type":"ListItem","position":1,"name":"Accueil","item":"https:\/\/librairie7l.com\/en\/"},{"@type":"ListItem","position":2,"name":"Shop","item":"https:\/\/librairie7l.com\/en\/shop\/"},{"@type":"ListItem","position":3,"name":"ROUGE ; HISTOIRE D&#8217;UNE COULEUR"}]},{"@type":"WebSite","@id":"https:\/\/librairie7l.com\/en\/#website","url":"https:\/\/librairie7l.com\/en\/","name":"Librairie 7L","description":"Librairie fond\u00e9e en 1999 par Karl Lagerfeld \u00e0 Paris","publisher":{"@id":"https:\/\/librairie7l.com\/en\/#organization"},"potentialAction":[{"@type":"SearchAction","target":{"@type":"EntryPoint","urlTemplate":"https:\/\/librairie7l.com\/en\/?s={search_term_string}"},"query-input":"required name=search_term_string"}],"inLanguage":"en-US"},{"@type":"Organization","@id":"https:\/\/librairie7l.com\/en\/#organization","name":"Librairie 7L","url":"https:\/\/librairie7l.com\/en\/","logo":{"@type":"ImageObject","inLanguage":"en-US","@id":"https:\/\/librairie7l.com\/en\/#\/schema\/logo\/image\/","url":"https:\/\/librairie7l.com\/wp-content\/uploads\/2022\/08\/logo-1.png","contentUrl":"https:\/\/librairie7l.com\/wp-content\/uploads\/2022\/08\/logo-1.png","width":227,"height":301,"caption":"Librairie 7L"},"image":{"@id":"https:\/\/librairie7l.com\/en\/#\/schema\/logo\/image\/"}}]}},"_links":{"self":[{"href":"https:\/\/librairie7l.com\/en\/wp-json\/wp\/v2\/product\/47923"}],"collection":[{"href":"https:\/\/librairie7l.com\/en\/wp-json\/wp\/v2\/product"}],"about":[{"href":"https:\/\/librairie7l.com\/en\/wp-json\/wp\/v2\/types\/product"}],"wp:featuredmedia":[{"embeddable":true,"href":"https:\/\/librairie7l.com\/en\/wp-json\/wp\/v2\/media\/47921"}],"wp:attachment":[{"href":"https:\/\/librairie7l.com\/en\/wp-json\/wp\/v2\/media?parent=47923"}],"wp:term":[{"taxonomy":"product_cat","embeddable":true,"href":"https:\/\/librairie7l.com\/en\/wp-json\/wp\/v2\/product_cat?post=47923"},{"taxonomy":"product_tag","embeddable":true,"href":"https:\/\/librairie7l.com\/en\/wp-json\/wp\/v2\/product_tag?post=47923"}],"curies":[{"name":"wp","href":"https:\/\/api.w.org\/{rel}","templated":true}]}}