{"id":47927,"date":"2025-05-14T09:17:56","date_gmt":"2025-05-14T07:17:56","guid":{"rendered":"https:\/\/librairie7l.com\/?post_type=product&#038;p=47927"},"modified":"2026-04-26T05:20:49","modified_gmt":"2026-04-26T03:20:49","slug":"aller-chez-morandi-2","status":"publish","type":"product","link":"https:\/\/librairie7l.com\/en\/produit\/aller-chez-morandi-2\/","title":{"rendered":"ALLER CHEZ MORANDI"},"content":{"rendered":"<p>\u00ab Morandi, sa maison \u00e0 Bologne ! La cour, l&#8217;escalier, la porte&#8230;. Puis entrer : la chambre, les meubles, la fen\u00eatre. \u00catre chez lui, l\u00e0 o\u00f9 s&#8217;est pass\u00e9e sa vie de tous les jours, tout simplement&#8230; Et aussi une balade dans son quartier, celui o\u00f9 il allait se promener, faire ses courses &#8211; sur ses traces&#8230; Quelle joie d&#8217;avoir pu d\u00e9couvrir et photographier l&#8217;univers de ce peintre que j&#8217;aime tant ! \u00bb -Bernard Plossu<\/p>\n<p>\u00ab Depuis quelques ann\u00e9es l&#8217;appartement de Giorgio Morandi, via Fondazza, est devenu un mus\u00e9e. Les am\u00e9nagements n\u00e9cessit\u00e9s pour l&#8217;accueil du public ont h\u00e9las quelque peu entam\u00e9 l&#8217;esprit des lieux, et il est parfois difficile de retrouver la pr\u00e9sence de l&#8217;artiste. C&#8217;est la raison pour laquelle, en d\u00e9couvrant les photographies de Bernard Plossu, j&#8217;ai \u00e9t\u00e9 autant touch\u00e9. En effet, \u00e0 travers son objectif, cette maison est \u00e0 nouveau habit\u00e9e. Morandi est l\u00e0, parmi ses amoncellements d&#8217;objets, dans sa modeste chambre atelier. On entend le son de ses pas lorsqu&#8217;il se d\u00e9place, son souffle un peu court. Il vient juste de poser ses vieilles lunettes rondes sur un coin du gu\u00e9ridon apr\u00e8s avoir jet\u00e9 un oeil \u00e0 cette monographie sur Corot. Le Corot de la p\u00e9riode romaine, celui qu&#8217;il pr\u00e9f\u00e8re. Dans l&#8217;air flotte une odeur de cigarette m\u00eal\u00e9e aux parfums d&#8217;huile de lin et d&#8217;essence de t\u00e9r\u00e9benthine. \u00bb -Guy Tosatto<\/p>\n","protected":false},"excerpt":{"rendered":"<p>\u00ab Morandi, sa maison \u00e0 Bologne ! La cour, l&#8217;escalier, la porte&#8230;. Puis entrer : la chambre, les meubles, la fen\u00eatre. \u00catre chez lui, l\u00e0 o\u00f9 s&#8217;est pass\u00e9e sa vie de tous les jours, tout simplement&#8230; Et aussi une balade dans son quartier, celui o\u00f9 il allait se promener, faire ses courses &#8211; sur ses [&hellip;]<\/p>\n","protected":false},"featured_media":47925,"template":"","meta":[],"product_cat":[2948,2958],"product_tag":[],"acf":[],"yoast_head":"<!-- This site is optimized with the Yoast SEO plugin v20.11 - https:\/\/yoast.com\/wordpress\/plugins\/seo\/ -->\n<title>Aller chez Morandi - Librairie 7L<\/title>\n<meta name=\"robots\" content=\"index, follow, max-snippet:-1, max-image-preview:large, max-video-preview:-1\" \/>\n<link rel=\"canonical\" href=\"https:\/\/librairie7l.com\/en\/produit\/aller-chez-morandi-2\/\" \/>\n<meta property=\"og:locale\" content=\"en_US\" \/>\n<meta property=\"og:type\" content=\"article\" \/>\n<meta property=\"og:title\" content=\"Aller chez Morandi - Librairie 7L\" \/>\n<meta property=\"og:description\" content=\"\u00ab Morandi, sa maison \u00e0 Bologne ! La cour, l&#8217;escalier, la porte&#8230;. Puis entrer : la chambre, les meubles, la fen\u00eatre. \u00catre chez lui, l\u00e0 o\u00f9 s&#8217;est pass\u00e9e sa vie de tous les jours, tout simplement&#8230; Et aussi une balade dans son quartier, celui o\u00f9 il allait se promener, faire ses courses &#8211; sur ses [&hellip;]\" \/>\n<meta property=\"og:url\" content=\"https:\/\/librairie7l.com\/en\/produit\/aller-chez-morandi-2\/\" \/>\n<meta property=\"og:site_name\" content=\"Librairie 7L\" \/>\n<meta property=\"article:modified_time\" content=\"2026-04-26T03:20:49+00:00\" \/>\n<meta property=\"og:image\" content=\"https:\/\/librairie7l.com\/wp-content\/uploads\/2025\/01\/9782862344829_1_75.jpg\" \/>\n\t<meta property=\"og:image:width\" content=\"600\" \/>\n\t<meta property=\"og:image:height\" content=\"752\" \/>\n\t<meta property=\"og:image:type\" content=\"image\/jpeg\" \/>\n<meta name=\"twitter:card\" content=\"summary_large_image\" \/>\n<meta name=\"twitter:label1\" content=\"Est. reading time\" \/>\n\t<meta name=\"twitter:data1\" content=\"1 minute\" \/>\n<script type=\"application\/ld+json\" class=\"yoast-schema-graph\">{\"@context\":\"https:\/\/schema.org\",\"@graph\":[{\"@type\":\"WebPage\",\"@id\":\"https:\/\/librairie7l.com\/en\/produit\/aller-chez-morandi-2\/\",\"url\":\"https:\/\/librairie7l.com\/en\/produit\/aller-chez-morandi-2\/\",\"name\":\"Aller chez Morandi - Librairie 7L\",\"isPartOf\":{\"@id\":\"https:\/\/librairie7l.com\/en\/#website\"},\"datePublished\":\"2025-05-14T07:17:56+00:00\",\"dateModified\":\"2026-04-26T03:20:49+00:00\",\"breadcrumb\":{\"@id\":\"https:\/\/librairie7l.com\/en\/produit\/aller-chez-morandi-2\/#breadcrumb\"},\"inLanguage\":\"en-US\",\"potentialAction\":[{\"@type\":\"ReadAction\",\"target\":[\"https:\/\/librairie7l.com\/en\/produit\/aller-chez-morandi-2\/\"]}]},{\"@type\":\"BreadcrumbList\",\"@id\":\"https:\/\/librairie7l.com\/en\/produit\/aller-chez-morandi-2\/#breadcrumb\",\"itemListElement\":[{\"@type\":\"ListItem\",\"position\":1,\"name\":\"Accueil\",\"item\":\"https:\/\/librairie7l.com\/en\/\"},{\"@type\":\"ListItem\",\"position\":2,\"name\":\"Shop\",\"item\":\"https:\/\/librairie7l.com\/en\/shop\/\"},{\"@type\":\"ListItem\",\"position\":3,\"name\":\"ALLER CHEZ MORANDI\"}]},{\"@type\":\"WebSite\",\"@id\":\"https:\/\/librairie7l.com\/en\/#website\",\"url\":\"https:\/\/librairie7l.com\/en\/\",\"name\":\"Librairie 7L\",\"description\":\"Librairie fond\u00e9e en 1999 par Karl Lagerfeld \u00e0 Paris\",\"publisher\":{\"@id\":\"https:\/\/librairie7l.com\/en\/#organization\"},\"potentialAction\":[{\"@type\":\"SearchAction\",\"target\":{\"@type\":\"EntryPoint\",\"urlTemplate\":\"https:\/\/librairie7l.com\/en\/?s={search_term_string}\"},\"query-input\":\"required name=search_term_string\"}],\"inLanguage\":\"en-US\"},{\"@type\":\"Organization\",\"@id\":\"https:\/\/librairie7l.com\/en\/#organization\",\"name\":\"Librairie 7L\",\"url\":\"https:\/\/librairie7l.com\/en\/\",\"logo\":{\"@type\":\"ImageObject\",\"inLanguage\":\"en-US\",\"@id\":\"https:\/\/librairie7l.com\/en\/#\/schema\/logo\/image\/\",\"url\":\"https:\/\/librairie7l.com\/wp-content\/uploads\/2022\/08\/logo-1.png\",\"contentUrl\":\"https:\/\/librairie7l.com\/wp-content\/uploads\/2022\/08\/logo-1.png\",\"width\":227,\"height\":301,\"caption\":\"Librairie 7L\"},\"image\":{\"@id\":\"https:\/\/librairie7l.com\/en\/#\/schema\/logo\/image\/\"}}]}<\/script>\n<!-- \/ Yoast SEO plugin. -->","yoast_head_json":{"title":"Aller chez Morandi - Librairie 7L","robots":{"index":"index","follow":"follow","max-snippet":"max-snippet:-1","max-image-preview":"max-image-preview:large","max-video-preview":"max-video-preview:-1"},"canonical":"https:\/\/librairie7l.com\/en\/produit\/aller-chez-morandi-2\/","og_locale":"en_US","og_type":"article","og_title":"Aller chez Morandi - Librairie 7L","og_description":"\u00ab Morandi, sa maison \u00e0 Bologne ! La cour, l&#8217;escalier, la porte&#8230;. Puis entrer : la chambre, les meubles, la fen\u00eatre. \u00catre chez lui, l\u00e0 o\u00f9 s&#8217;est pass\u00e9e sa vie de tous les jours, tout simplement&#8230; Et aussi une balade dans son quartier, celui o\u00f9 il allait se promener, faire ses courses &#8211; sur ses [&hellip;]","og_url":"https:\/\/librairie7l.com\/en\/produit\/aller-chez-morandi-2\/","og_site_name":"Librairie 7L","article_modified_time":"2026-04-26T03:20:49+00:00","og_image":[{"width":600,"height":752,"url":"https:\/\/librairie7l.com\/wp-content\/uploads\/2025\/01\/9782862344829_1_75.jpg","type":"image\/jpeg"}],"twitter_card":"summary_large_image","twitter_misc":{"Est. reading time":"1 minute"},"schema":{"@context":"https:\/\/schema.org","@graph":[{"@type":"WebPage","@id":"https:\/\/librairie7l.com\/en\/produit\/aller-chez-morandi-2\/","url":"https:\/\/librairie7l.com\/en\/produit\/aller-chez-morandi-2\/","name":"Aller chez Morandi - Librairie 7L","isPartOf":{"@id":"https:\/\/librairie7l.com\/en\/#website"},"datePublished":"2025-05-14T07:17:56+00:00","dateModified":"2026-04-26T03:20:49+00:00","breadcrumb":{"@id":"https:\/\/librairie7l.com\/en\/produit\/aller-chez-morandi-2\/#breadcrumb"},"inLanguage":"en-US","potentialAction":[{"@type":"ReadAction","target":["https:\/\/librairie7l.com\/en\/produit\/aller-chez-morandi-2\/"]}]},{"@type":"BreadcrumbList","@id":"https:\/\/librairie7l.com\/en\/produit\/aller-chez-morandi-2\/#breadcrumb","itemListElement":[{"@type":"ListItem","position":1,"name":"Accueil","item":"https:\/\/librairie7l.com\/en\/"},{"@type":"ListItem","position":2,"name":"Shop","item":"https:\/\/librairie7l.com\/en\/shop\/"},{"@type":"ListItem","position":3,"name":"ALLER CHEZ MORANDI"}]},{"@type":"WebSite","@id":"https:\/\/librairie7l.com\/en\/#website","url":"https:\/\/librairie7l.com\/en\/","name":"Librairie 7L","description":"Librairie fond\u00e9e en 1999 par Karl Lagerfeld \u00e0 Paris","publisher":{"@id":"https:\/\/librairie7l.com\/en\/#organization"},"potentialAction":[{"@type":"SearchAction","target":{"@type":"EntryPoint","urlTemplate":"https:\/\/librairie7l.com\/en\/?s={search_term_string}"},"query-input":"required name=search_term_string"}],"inLanguage":"en-US"},{"@type":"Organization","@id":"https:\/\/librairie7l.com\/en\/#organization","name":"Librairie 7L","url":"https:\/\/librairie7l.com\/en\/","logo":{"@type":"ImageObject","inLanguage":"en-US","@id":"https:\/\/librairie7l.com\/en\/#\/schema\/logo\/image\/","url":"https:\/\/librairie7l.com\/wp-content\/uploads\/2022\/08\/logo-1.png","contentUrl":"https:\/\/librairie7l.com\/wp-content\/uploads\/2022\/08\/logo-1.png","width":227,"height":301,"caption":"Librairie 7L"},"image":{"@id":"https:\/\/librairie7l.com\/en\/#\/schema\/logo\/image\/"}}]}},"_links":{"self":[{"href":"https:\/\/librairie7l.com\/en\/wp-json\/wp\/v2\/product\/47927"}],"collection":[{"href":"https:\/\/librairie7l.com\/en\/wp-json\/wp\/v2\/product"}],"about":[{"href":"https:\/\/librairie7l.com\/en\/wp-json\/wp\/v2\/types\/product"}],"wp:featuredmedia":[{"embeddable":true,"href":"https:\/\/librairie7l.com\/en\/wp-json\/wp\/v2\/media\/47925"}],"wp:attachment":[{"href":"https:\/\/librairie7l.com\/en\/wp-json\/wp\/v2\/media?parent=47927"}],"wp:term":[{"taxonomy":"product_cat","embeddable":true,"href":"https:\/\/librairie7l.com\/en\/wp-json\/wp\/v2\/product_cat?post=47927"},{"taxonomy":"product_tag","embeddable":true,"href":"https:\/\/librairie7l.com\/en\/wp-json\/wp\/v2\/product_tag?post=47927"}],"curies":[{"name":"wp","href":"https:\/\/api.w.org\/{rel}","templated":true}]}}