{"id":47939,"date":"2025-05-14T09:18:06","date_gmt":"2025-05-14T07:18:06","guid":{"rendered":"https:\/\/librairie7l.com\/?post_type=product&#038;p=47939"},"modified":"2026-04-23T17:17:04","modified_gmt":"2026-04-23T15:17:04","slug":"daniel-cordier-lespion-amateur-dart-2","status":"publish","type":"product","link":"https:\/\/librairie7l.com\/en\/produit\/daniel-cordier-lespion-amateur-dart-2\/","title":{"rendered":"DANIEL CORDIER : L&#8217;ESPION AMATEUR D&#8217;ART"},"content":{"rendered":"<p>Apr\u00e8s la d\u00e9faite de juin 1940, Daniel Cordier traverse la Manche et s&#8217;engage dans la \u00ab l\u00e9gion de Gaulle \u00bb, futures Forces fran\u00e7aises libres. Avec l&#8217;id\u00e9e fixe de se battre contre l&#8217;occupant allemand, il devient aspirant en ao\u00fbt 1941. Ayant demand\u00e9 \u00e0 int\u00e9grer les services secrets de la France libre, il suit une formation dispens\u00e9e par l&#8217;Intelligence Service.<\/p>\n<p>En juillet 1942, le sous-lieutenant Cordier (alias BipW) est parachut\u00e9 pr\u00e8s de Montlu\u00e7on. Quelques jours plus tard, Jean Moulin le choisit comme secr\u00e9taire : \u00ab Quand nous serons dans la rue, au restaurant ou dans n&#8217;importe quel endroit o\u00f9 nous risquons d&#8217;\u00eatre entendus, je me mettrai \u00e0 vous parler d&#8217;art pour ne pas que nous soyons suspect\u00e9s. \u00bb Ce stratag\u00e8me servira d&#8217;\u00e9veil artistique au jeune secr\u00e9taire.<\/p>\n<p>Apr\u00e8s la guerre, Daniel Cordier cherche sa voie. En 1956, il ouvre une galerie d&#8217;art \u00e0 Paris, puis \u00e0 Francfort et \u00e0 New York. Ardent militant d&#8217;un art de rupture, il devient un des marchands parisiens les plus actifs de l&#8217;apr\u00e8s-guerre, et un des plus grands donateurs aupr\u00e8s des institutions publiques. Il consacrera \u00e9galement vingt ann\u00e9es de sa vie \u00e0 la recherche et \u00e0 la r\u00e9daction d&#8217;une impressionnante biographie de Jean Moulin, avant d&#8217;\u00e9crire ses propres m\u00e9moires.<\/p>\n<p>Cet ouvrage retrace la travers\u00e9e d&#8217;un si\u00e8cle par un homme qui d\u00e9cida de ses engagements, dans la guerre puis dans l&#8217;art et l&#8217;histoire, en toute libert\u00e9.<\/p>\n","protected":false},"excerpt":{"rendered":"<p>Apr\u00e8s la d\u00e9faite de juin 1940, Daniel Cordier traverse la Manche et s&#8217;engage dans la \u00ab l\u00e9gion de Gaulle \u00bb, futures Forces fran\u00e7aises libres. Avec l&#8217;id\u00e9e fixe de se battre contre l&#8217;occupant allemand, il devient aspirant en ao\u00fbt 1941. Ayant demand\u00e9 \u00e0 int\u00e9grer les services secrets de la France libre, il suit une formation dispens\u00e9e [&hellip;]<\/p>\n","protected":false},"featured_media":47937,"template":"","meta":[],"product_cat":[2948,2953],"product_tag":[],"acf":[],"yoast_head":"<!-- This site is optimized with the Yoast SEO plugin v20.11 - https:\/\/yoast.com\/wordpress\/plugins\/seo\/ -->\n<title>Daniel Cordier : L&#039;espion amateur d&#039;art - Librairie 7L<\/title>\n<meta name=\"robots\" content=\"index, follow, max-snippet:-1, max-image-preview:large, max-video-preview:-1\" \/>\n<link rel=\"canonical\" href=\"https:\/\/librairie7l.com\/en\/produit\/daniel-cordier-lespion-amateur-dart-2\/\" \/>\n<meta property=\"og:locale\" content=\"en_US\" \/>\n<meta property=\"og:type\" content=\"article\" \/>\n<meta property=\"og:title\" content=\"Daniel Cordier : L&#039;espion amateur d&#039;art - Librairie 7L\" \/>\n<meta property=\"og:description\" content=\"Apr\u00e8s la d\u00e9faite de juin 1940, Daniel Cordier traverse la Manche et s&#8217;engage dans la \u00ab l\u00e9gion de Gaulle \u00bb, futures Forces fran\u00e7aises libres. Avec l&#8217;id\u00e9e fixe de se battre contre l&#8217;occupant allemand, il devient aspirant en ao\u00fbt 1941. Ayant demand\u00e9 \u00e0 int\u00e9grer les services secrets de la France libre, il suit une formation dispens\u00e9e [&hellip;]\" \/>\n<meta property=\"og:url\" content=\"https:\/\/librairie7l.com\/en\/produit\/daniel-cordier-lespion-amateur-dart-2\/\" \/>\n<meta property=\"og:site_name\" content=\"Librairie 7L\" \/>\n<meta property=\"article:modified_time\" content=\"2026-04-23T15:17:04+00:00\" \/>\n<meta property=\"og:image\" content=\"https:\/\/librairie7l.com\/wp-content\/uploads\/2024\/10\/9782759606009_1_75.jpg\" \/>\n\t<meta property=\"og:image:width\" content=\"400\" \/>\n\t<meta property=\"og:image:height\" content=\"594\" \/>\n\t<meta property=\"og:image:type\" content=\"image\/jpeg\" \/>\n<meta name=\"twitter:card\" content=\"summary_large_image\" \/>\n<meta name=\"twitter:label1\" content=\"Est. reading time\" \/>\n\t<meta name=\"twitter:data1\" content=\"1 minute\" \/>\n<script type=\"application\/ld+json\" class=\"yoast-schema-graph\">{\"@context\":\"https:\/\/schema.org\",\"@graph\":[{\"@type\":\"WebPage\",\"@id\":\"https:\/\/librairie7l.com\/en\/produit\/daniel-cordier-lespion-amateur-dart-2\/\",\"url\":\"https:\/\/librairie7l.com\/en\/produit\/daniel-cordier-lespion-amateur-dart-2\/\",\"name\":\"Daniel Cordier : L'espion amateur d'art - Librairie 7L\",\"isPartOf\":{\"@id\":\"https:\/\/librairie7l.com\/en\/#website\"},\"datePublished\":\"2025-05-14T07:18:06+00:00\",\"dateModified\":\"2026-04-23T15:17:04+00:00\",\"breadcrumb\":{\"@id\":\"https:\/\/librairie7l.com\/en\/produit\/daniel-cordier-lespion-amateur-dart-2\/#breadcrumb\"},\"inLanguage\":\"en-US\",\"potentialAction\":[{\"@type\":\"ReadAction\",\"target\":[\"https:\/\/librairie7l.com\/en\/produit\/daniel-cordier-lespion-amateur-dart-2\/\"]}]},{\"@type\":\"BreadcrumbList\",\"@id\":\"https:\/\/librairie7l.com\/en\/produit\/daniel-cordier-lespion-amateur-dart-2\/#breadcrumb\",\"itemListElement\":[{\"@type\":\"ListItem\",\"position\":1,\"name\":\"Accueil\",\"item\":\"https:\/\/librairie7l.com\/en\/\"},{\"@type\":\"ListItem\",\"position\":2,\"name\":\"Shop\",\"item\":\"https:\/\/librairie7l.com\/en\/shop\/\"},{\"@type\":\"ListItem\",\"position\":3,\"name\":\"DANIEL CORDIER : L&#8217;ESPION AMATEUR D&#8217;ART\"}]},{\"@type\":\"WebSite\",\"@id\":\"https:\/\/librairie7l.com\/en\/#website\",\"url\":\"https:\/\/librairie7l.com\/en\/\",\"name\":\"Librairie 7L\",\"description\":\"Librairie fond\u00e9e en 1999 par Karl Lagerfeld \u00e0 Paris\",\"publisher\":{\"@id\":\"https:\/\/librairie7l.com\/en\/#organization\"},\"potentialAction\":[{\"@type\":\"SearchAction\",\"target\":{\"@type\":\"EntryPoint\",\"urlTemplate\":\"https:\/\/librairie7l.com\/en\/?s={search_term_string}\"},\"query-input\":\"required name=search_term_string\"}],\"inLanguage\":\"en-US\"},{\"@type\":\"Organization\",\"@id\":\"https:\/\/librairie7l.com\/en\/#organization\",\"name\":\"Librairie 7L\",\"url\":\"https:\/\/librairie7l.com\/en\/\",\"logo\":{\"@type\":\"ImageObject\",\"inLanguage\":\"en-US\",\"@id\":\"https:\/\/librairie7l.com\/en\/#\/schema\/logo\/image\/\",\"url\":\"https:\/\/librairie7l.com\/wp-content\/uploads\/2022\/08\/logo-1.png\",\"contentUrl\":\"https:\/\/librairie7l.com\/wp-content\/uploads\/2022\/08\/logo-1.png\",\"width\":227,\"height\":301,\"caption\":\"Librairie 7L\"},\"image\":{\"@id\":\"https:\/\/librairie7l.com\/en\/#\/schema\/logo\/image\/\"}}]}<\/script>\n<!-- \/ Yoast SEO plugin. -->","yoast_head_json":{"title":"Daniel Cordier : L'espion amateur d'art - Librairie 7L","robots":{"index":"index","follow":"follow","max-snippet":"max-snippet:-1","max-image-preview":"max-image-preview:large","max-video-preview":"max-video-preview:-1"},"canonical":"https:\/\/librairie7l.com\/en\/produit\/daniel-cordier-lespion-amateur-dart-2\/","og_locale":"en_US","og_type":"article","og_title":"Daniel Cordier : L'espion amateur d'art - Librairie 7L","og_description":"Apr\u00e8s la d\u00e9faite de juin 1940, Daniel Cordier traverse la Manche et s&#8217;engage dans la \u00ab l\u00e9gion de Gaulle \u00bb, futures Forces fran\u00e7aises libres. Avec l&#8217;id\u00e9e fixe de se battre contre l&#8217;occupant allemand, il devient aspirant en ao\u00fbt 1941. Ayant demand\u00e9 \u00e0 int\u00e9grer les services secrets de la France libre, il suit une formation dispens\u00e9e [&hellip;]","og_url":"https:\/\/librairie7l.com\/en\/produit\/daniel-cordier-lespion-amateur-dart-2\/","og_site_name":"Librairie 7L","article_modified_time":"2026-04-23T15:17:04+00:00","og_image":[{"width":400,"height":594,"url":"https:\/\/librairie7l.com\/wp-content\/uploads\/2024\/10\/9782759606009_1_75.jpg","type":"image\/jpeg"}],"twitter_card":"summary_large_image","twitter_misc":{"Est. reading time":"1 minute"},"schema":{"@context":"https:\/\/schema.org","@graph":[{"@type":"WebPage","@id":"https:\/\/librairie7l.com\/en\/produit\/daniel-cordier-lespion-amateur-dart-2\/","url":"https:\/\/librairie7l.com\/en\/produit\/daniel-cordier-lespion-amateur-dart-2\/","name":"Daniel Cordier : L'espion amateur d'art - Librairie 7L","isPartOf":{"@id":"https:\/\/librairie7l.com\/en\/#website"},"datePublished":"2025-05-14T07:18:06+00:00","dateModified":"2026-04-23T15:17:04+00:00","breadcrumb":{"@id":"https:\/\/librairie7l.com\/en\/produit\/daniel-cordier-lespion-amateur-dart-2\/#breadcrumb"},"inLanguage":"en-US","potentialAction":[{"@type":"ReadAction","target":["https:\/\/librairie7l.com\/en\/produit\/daniel-cordier-lespion-amateur-dart-2\/"]}]},{"@type":"BreadcrumbList","@id":"https:\/\/librairie7l.com\/en\/produit\/daniel-cordier-lespion-amateur-dart-2\/#breadcrumb","itemListElement":[{"@type":"ListItem","position":1,"name":"Accueil","item":"https:\/\/librairie7l.com\/en\/"},{"@type":"ListItem","position":2,"name":"Shop","item":"https:\/\/librairie7l.com\/en\/shop\/"},{"@type":"ListItem","position":3,"name":"DANIEL CORDIER : L&#8217;ESPION AMATEUR D&#8217;ART"}]},{"@type":"WebSite","@id":"https:\/\/librairie7l.com\/en\/#website","url":"https:\/\/librairie7l.com\/en\/","name":"Librairie 7L","description":"Librairie fond\u00e9e en 1999 par Karl Lagerfeld \u00e0 Paris","publisher":{"@id":"https:\/\/librairie7l.com\/en\/#organization"},"potentialAction":[{"@type":"SearchAction","target":{"@type":"EntryPoint","urlTemplate":"https:\/\/librairie7l.com\/en\/?s={search_term_string}"},"query-input":"required name=search_term_string"}],"inLanguage":"en-US"},{"@type":"Organization","@id":"https:\/\/librairie7l.com\/en\/#organization","name":"Librairie 7L","url":"https:\/\/librairie7l.com\/en\/","logo":{"@type":"ImageObject","inLanguage":"en-US","@id":"https:\/\/librairie7l.com\/en\/#\/schema\/logo\/image\/","url":"https:\/\/librairie7l.com\/wp-content\/uploads\/2022\/08\/logo-1.png","contentUrl":"https:\/\/librairie7l.com\/wp-content\/uploads\/2022\/08\/logo-1.png","width":227,"height":301,"caption":"Librairie 7L"},"image":{"@id":"https:\/\/librairie7l.com\/en\/#\/schema\/logo\/image\/"}}]}},"_links":{"self":[{"href":"https:\/\/librairie7l.com\/en\/wp-json\/wp\/v2\/product\/47939"}],"collection":[{"href":"https:\/\/librairie7l.com\/en\/wp-json\/wp\/v2\/product"}],"about":[{"href":"https:\/\/librairie7l.com\/en\/wp-json\/wp\/v2\/types\/product"}],"wp:featuredmedia":[{"embeddable":true,"href":"https:\/\/librairie7l.com\/en\/wp-json\/wp\/v2\/media\/47937"}],"wp:attachment":[{"href":"https:\/\/librairie7l.com\/en\/wp-json\/wp\/v2\/media?parent=47939"}],"wp:term":[{"taxonomy":"product_cat","embeddable":true,"href":"https:\/\/librairie7l.com\/en\/wp-json\/wp\/v2\/product_cat?post=47939"},{"taxonomy":"product_tag","embeddable":true,"href":"https:\/\/librairie7l.com\/en\/wp-json\/wp\/v2\/product_tag?post=47939"}],"curies":[{"name":"wp","href":"https:\/\/api.w.org\/{rel}","templated":true}]}}