{"id":47957,"date":"2025-05-14T09:18:22","date_gmt":"2025-05-14T07:18:22","guid":{"rendered":"https:\/\/librairie7l.com\/?post_type=product&#038;p=47957"},"modified":"2026-04-23T15:41:20","modified_gmt":"2026-04-23T13:41:20","slug":"mamlouks-1250-1517-2","status":"publish","type":"product","link":"https:\/\/librairie7l.com\/en\/produit\/mamlouks-1250-1517-2\/","title":{"rendered":"MAMLOUKS. 1250-1517"},"content":{"rendered":"<p>Mamlouks (1250-1517) est une immersion in\u00e9dite dans l&#8217;histoire d&#8217;un fabuleux empire, \u00e0 la crois\u00e9e des \u00e9changes entre l&#8217;Europe, l&#8217;Afrique et l&#8217;Asie. Du Caire \u00e0 Damas, d&#8217;Alep \u00e0 J\u00e9rusalem, les Mamlouks, esclaves militaires d&#8217;origine turque ou caucasienne, ont construit leur l\u00e9gende sur leur puissance guerri\u00e8re. Mais au-del\u00e0 des conqu\u00eates et des faits d&#8217;armes, leur sultanat de pr\u00e8s de trois si\u00e8cles a constitu\u00e9 un autre \u00ab empire du Milieu \u00bb, partenaire incontournable du commerce international des \u00e9pices, et incarn\u00e9 une p\u00e9riode glorieuse qui a durablement marqu\u00e9 la culture et le paysage urbain de cette r\u00e9gion. Sultans, \u00e9mirs et \u00e9lites civiles ont \u00e9t\u00e9 activement engag\u00e9s dans le m\u00e9c\u00e9nat artistique. Manuscrits enlumin\u00e9s, verres \u00e9maill\u00e9s et dor\u00e9s, objets en m\u00e9tal incrust\u00e9, textiles, d\u00e9cors de pierre et boiseries finement sculpt\u00e9s t\u00e9moignent ainsi d&#8217;un art de l&#8217;opulence, du raffinement et de la couleur. Un art n\u00e9 du brassage des biens, des cultures et des hommes, cl\u00e9 essentielle de la compr\u00e9hension du Proche-Orient.<\/p>\n","protected":false},"excerpt":{"rendered":"<p>Mamlouks (1250-1517) est une immersion in\u00e9dite dans l&#8217;histoire d&#8217;un fabuleux empire, \u00e0 la crois\u00e9e des \u00e9changes entre l&#8217;Europe, l&#8217;Afrique et l&#8217;Asie. Du Caire \u00e0 Damas, d&#8217;Alep \u00e0 J\u00e9rusalem, les Mamlouks, esclaves militaires d&#8217;origine turque ou caucasienne, ont construit leur l\u00e9gende sur leur puissance guerri\u00e8re. Mais au-del\u00e0 des conqu\u00eates et des faits d&#8217;armes, leur sultanat de [&hellip;]<\/p>\n","protected":false},"featured_media":47955,"template":"","meta":[],"product_cat":[2948,2953],"product_tag":[],"acf":[],"yoast_head":"<!-- This site is optimized with the Yoast SEO plugin v20.11 - https:\/\/yoast.com\/wordpress\/plugins\/seo\/ -->\n<title>Mamlouks. 1250-1517 - Librairie 7L<\/title>\n<meta name=\"robots\" content=\"index, follow, max-snippet:-1, max-image-preview:large, max-video-preview:-1\" \/>\n<link rel=\"canonical\" href=\"https:\/\/librairie7l.com\/en\/produit\/mamlouks-1250-1517-2\/\" \/>\n<meta property=\"og:locale\" content=\"en_US\" \/>\n<meta property=\"og:type\" content=\"article\" \/>\n<meta property=\"og:title\" content=\"Mamlouks. 1250-1517 - Librairie 7L\" \/>\n<meta property=\"og:description\" content=\"Mamlouks (1250-1517) est une immersion in\u00e9dite dans l&#8217;histoire d&#8217;un fabuleux empire, \u00e0 la crois\u00e9e des \u00e9changes entre l&#8217;Europe, l&#8217;Afrique et l&#8217;Asie. Du Caire \u00e0 Damas, d&#8217;Alep \u00e0 J\u00e9rusalem, les Mamlouks, esclaves militaires d&#8217;origine turque ou caucasienne, ont construit leur l\u00e9gende sur leur puissance guerri\u00e8re. Mais au-del\u00e0 des conqu\u00eates et des faits d&#8217;armes, leur sultanat de [&hellip;]\" \/>\n<meta property=\"og:url\" content=\"https:\/\/librairie7l.com\/en\/produit\/mamlouks-1250-1517-2\/\" \/>\n<meta property=\"og:site_name\" content=\"Librairie 7L\" \/>\n<meta property=\"article:modified_time\" content=\"2026-04-23T13:41:20+00:00\" \/>\n<meta property=\"og:image\" content=\"https:\/\/librairie7l.com\/wp-content\/uploads\/2024\/11\/9782370742674_1_75.jpg\" \/>\n\t<meta property=\"og:image:width\" content=\"600\" \/>\n\t<meta property=\"og:image:height\" content=\"739\" \/>\n\t<meta property=\"og:image:type\" content=\"image\/jpeg\" \/>\n<meta name=\"twitter:card\" content=\"summary_large_image\" \/>\n<meta name=\"twitter:label1\" content=\"Est. reading time\" \/>\n\t<meta name=\"twitter:data1\" content=\"1 minute\" \/>\n<script type=\"application\/ld+json\" class=\"yoast-schema-graph\">{\"@context\":\"https:\/\/schema.org\",\"@graph\":[{\"@type\":\"WebPage\",\"@id\":\"https:\/\/librairie7l.com\/en\/produit\/mamlouks-1250-1517-2\/\",\"url\":\"https:\/\/librairie7l.com\/en\/produit\/mamlouks-1250-1517-2\/\",\"name\":\"Mamlouks. 1250-1517 - Librairie 7L\",\"isPartOf\":{\"@id\":\"https:\/\/librairie7l.com\/en\/#website\"},\"datePublished\":\"2025-05-14T07:18:22+00:00\",\"dateModified\":\"2026-04-23T13:41:20+00:00\",\"breadcrumb\":{\"@id\":\"https:\/\/librairie7l.com\/en\/produit\/mamlouks-1250-1517-2\/#breadcrumb\"},\"inLanguage\":\"en-US\",\"potentialAction\":[{\"@type\":\"ReadAction\",\"target\":[\"https:\/\/librairie7l.com\/en\/produit\/mamlouks-1250-1517-2\/\"]}]},{\"@type\":\"BreadcrumbList\",\"@id\":\"https:\/\/librairie7l.com\/en\/produit\/mamlouks-1250-1517-2\/#breadcrumb\",\"itemListElement\":[{\"@type\":\"ListItem\",\"position\":1,\"name\":\"Accueil\",\"item\":\"https:\/\/librairie7l.com\/en\/\"},{\"@type\":\"ListItem\",\"position\":2,\"name\":\"Shop\",\"item\":\"https:\/\/librairie7l.com\/en\/shop\/\"},{\"@type\":\"ListItem\",\"position\":3,\"name\":\"MAMLOUKS. 1250-1517\"}]},{\"@type\":\"WebSite\",\"@id\":\"https:\/\/librairie7l.com\/en\/#website\",\"url\":\"https:\/\/librairie7l.com\/en\/\",\"name\":\"Librairie 7L\",\"description\":\"Librairie fond\u00e9e en 1999 par Karl Lagerfeld \u00e0 Paris\",\"publisher\":{\"@id\":\"https:\/\/librairie7l.com\/en\/#organization\"},\"potentialAction\":[{\"@type\":\"SearchAction\",\"target\":{\"@type\":\"EntryPoint\",\"urlTemplate\":\"https:\/\/librairie7l.com\/en\/?s={search_term_string}\"},\"query-input\":\"required name=search_term_string\"}],\"inLanguage\":\"en-US\"},{\"@type\":\"Organization\",\"@id\":\"https:\/\/librairie7l.com\/en\/#organization\",\"name\":\"Librairie 7L\",\"url\":\"https:\/\/librairie7l.com\/en\/\",\"logo\":{\"@type\":\"ImageObject\",\"inLanguage\":\"en-US\",\"@id\":\"https:\/\/librairie7l.com\/en\/#\/schema\/logo\/image\/\",\"url\":\"https:\/\/librairie7l.com\/wp-content\/uploads\/2022\/08\/logo-1.png\",\"contentUrl\":\"https:\/\/librairie7l.com\/wp-content\/uploads\/2022\/08\/logo-1.png\",\"width\":227,\"height\":301,\"caption\":\"Librairie 7L\"},\"image\":{\"@id\":\"https:\/\/librairie7l.com\/en\/#\/schema\/logo\/image\/\"}}]}<\/script>\n<!-- \/ Yoast SEO plugin. -->","yoast_head_json":{"title":"Mamlouks. 1250-1517 - Librairie 7L","robots":{"index":"index","follow":"follow","max-snippet":"max-snippet:-1","max-image-preview":"max-image-preview:large","max-video-preview":"max-video-preview:-1"},"canonical":"https:\/\/librairie7l.com\/en\/produit\/mamlouks-1250-1517-2\/","og_locale":"en_US","og_type":"article","og_title":"Mamlouks. 1250-1517 - Librairie 7L","og_description":"Mamlouks (1250-1517) est une immersion in\u00e9dite dans l&#8217;histoire d&#8217;un fabuleux empire, \u00e0 la crois\u00e9e des \u00e9changes entre l&#8217;Europe, l&#8217;Afrique et l&#8217;Asie. Du Caire \u00e0 Damas, d&#8217;Alep \u00e0 J\u00e9rusalem, les Mamlouks, esclaves militaires d&#8217;origine turque ou caucasienne, ont construit leur l\u00e9gende sur leur puissance guerri\u00e8re. Mais au-del\u00e0 des conqu\u00eates et des faits d&#8217;armes, leur sultanat de [&hellip;]","og_url":"https:\/\/librairie7l.com\/en\/produit\/mamlouks-1250-1517-2\/","og_site_name":"Librairie 7L","article_modified_time":"2026-04-23T13:41:20+00:00","og_image":[{"width":600,"height":739,"url":"https:\/\/librairie7l.com\/wp-content\/uploads\/2024\/11\/9782370742674_1_75.jpg","type":"image\/jpeg"}],"twitter_card":"summary_large_image","twitter_misc":{"Est. reading time":"1 minute"},"schema":{"@context":"https:\/\/schema.org","@graph":[{"@type":"WebPage","@id":"https:\/\/librairie7l.com\/en\/produit\/mamlouks-1250-1517-2\/","url":"https:\/\/librairie7l.com\/en\/produit\/mamlouks-1250-1517-2\/","name":"Mamlouks. 1250-1517 - Librairie 7L","isPartOf":{"@id":"https:\/\/librairie7l.com\/en\/#website"},"datePublished":"2025-05-14T07:18:22+00:00","dateModified":"2026-04-23T13:41:20+00:00","breadcrumb":{"@id":"https:\/\/librairie7l.com\/en\/produit\/mamlouks-1250-1517-2\/#breadcrumb"},"inLanguage":"en-US","potentialAction":[{"@type":"ReadAction","target":["https:\/\/librairie7l.com\/en\/produit\/mamlouks-1250-1517-2\/"]}]},{"@type":"BreadcrumbList","@id":"https:\/\/librairie7l.com\/en\/produit\/mamlouks-1250-1517-2\/#breadcrumb","itemListElement":[{"@type":"ListItem","position":1,"name":"Accueil","item":"https:\/\/librairie7l.com\/en\/"},{"@type":"ListItem","position":2,"name":"Shop","item":"https:\/\/librairie7l.com\/en\/shop\/"},{"@type":"ListItem","position":3,"name":"MAMLOUKS. 1250-1517"}]},{"@type":"WebSite","@id":"https:\/\/librairie7l.com\/en\/#website","url":"https:\/\/librairie7l.com\/en\/","name":"Librairie 7L","description":"Librairie fond\u00e9e en 1999 par Karl Lagerfeld \u00e0 Paris","publisher":{"@id":"https:\/\/librairie7l.com\/en\/#organization"},"potentialAction":[{"@type":"SearchAction","target":{"@type":"EntryPoint","urlTemplate":"https:\/\/librairie7l.com\/en\/?s={search_term_string}"},"query-input":"required name=search_term_string"}],"inLanguage":"en-US"},{"@type":"Organization","@id":"https:\/\/librairie7l.com\/en\/#organization","name":"Librairie 7L","url":"https:\/\/librairie7l.com\/en\/","logo":{"@type":"ImageObject","inLanguage":"en-US","@id":"https:\/\/librairie7l.com\/en\/#\/schema\/logo\/image\/","url":"https:\/\/librairie7l.com\/wp-content\/uploads\/2022\/08\/logo-1.png","contentUrl":"https:\/\/librairie7l.com\/wp-content\/uploads\/2022\/08\/logo-1.png","width":227,"height":301,"caption":"Librairie 7L"},"image":{"@id":"https:\/\/librairie7l.com\/en\/#\/schema\/logo\/image\/"}}]}},"_links":{"self":[{"href":"https:\/\/librairie7l.com\/en\/wp-json\/wp\/v2\/product\/47957"}],"collection":[{"href":"https:\/\/librairie7l.com\/en\/wp-json\/wp\/v2\/product"}],"about":[{"href":"https:\/\/librairie7l.com\/en\/wp-json\/wp\/v2\/types\/product"}],"wp:featuredmedia":[{"embeddable":true,"href":"https:\/\/librairie7l.com\/en\/wp-json\/wp\/v2\/media\/47955"}],"wp:attachment":[{"href":"https:\/\/librairie7l.com\/en\/wp-json\/wp\/v2\/media?parent=47957"}],"wp:term":[{"taxonomy":"product_cat","embeddable":true,"href":"https:\/\/librairie7l.com\/en\/wp-json\/wp\/v2\/product_cat?post=47957"},{"taxonomy":"product_tag","embeddable":true,"href":"https:\/\/librairie7l.com\/en\/wp-json\/wp\/v2\/product_tag?post=47957"}],"curies":[{"name":"wp","href":"https:\/\/api.w.org\/{rel}","templated":true}]}}