{"id":47992,"date":"2025-05-15T09:17:58","date_gmt":"2025-05-15T07:17:58","guid":{"rendered":"https:\/\/librairie7l.com\/?post_type=product&#038;p=47992"},"modified":"2026-05-07T15:29:17","modified_gmt":"2026-05-07T13:29:17","slug":"grands-froids-memoires-des-poles-2","status":"publish","type":"product","link":"https:\/\/librairie7l.com\/en\/produit\/grands-froids-memoires-des-poles-2\/","title":{"rendered":"GRANDS FROIDS : M\u00c9MOIRES DES P\u00d4LES"},"content":{"rendered":"<p>Une aventure humaine et scientifique \u00e0 la d\u00e9couverte les p\u00f4les&#8230; dans les collections du Mus\u00e9um !<\/p>\n<p>Les r\u00e9gions polaires, avec leurs paysages \u00e0 couper le souffle, exercent un magn\u00e9tisme certain. Depuis des si\u00e8cles, de nombreux explorateurs et aventuriers des sciences rel\u00e8vent le d\u00e9fi de se confronter, par la mer, aux conditions extr\u00eames de l&#8217;Arctique et de l&#8217;Antarctique.<\/p>\n<p>De toutes ces exp\u00e9ditions ont \u00e9t\u00e9 rapport\u00e9s des sp\u00e9cimens, des pr\u00e9l\u00e8vements et des objets, \u00e0 l&#8217;origine de collections remarquables, mais aussi des cartes, des dessins et des photographies, qui ont permis de mieux documenter ces zones a priori inaccessibles et inhospitali\u00e8res. Le climat froid et sec et la densit\u00e9 humaine tr\u00e8s faible, voire nulle, des r\u00e9gions polaires offrent d&#8217;exceptionnelles conditions de collecte et d&#8217;\u00e9chantillonnage, faisant d&#8217;elles de hauts lieux de science.<\/p>\n<p>Le Mus\u00e9um national d&#8217;histoire naturelle accompagne depuis toujours cette aventure humaine et scientifique et d\u00e9tient nombre de tr\u00e9sors venus des grands froids, associ\u00e9s \u00e0 des explorateurs illustres comme Dumont d&#8217;Urville ou Charcot.<\/p>\n<p>Aujourd&#8217;hui, ces collections continuent d&#8217;\u00eatre enrichies et \u00e9tudi\u00e9es par les scientifiques : elles leur permettent d&#8217;\u00e9valuer l&#8217;impact des changements environnementaux sur ces r\u00e9gions fragiles et en rapide \u00e9volution. C&#8217;est un r\u00e9cit fait d&#8217;aventures rocambolesques et de d\u00e9couvertes exceptionnelles que raconte ce \u00ab Cabinet de curiosit\u00e9s \u00bb.<\/p>\n","protected":false},"excerpt":{"rendered":"<p>Une aventure humaine et scientifique \u00e0 la d\u00e9couverte les p\u00f4les&#8230; dans les collections du Mus\u00e9um ! Les r\u00e9gions polaires, avec leurs paysages \u00e0 couper le souffle, exercent un magn\u00e9tisme certain. Depuis des si\u00e8cles, de nombreux explorateurs et aventuriers des sciences rel\u00e8vent le d\u00e9fi de se confronter, par la mer, aux conditions extr\u00eames de l&#8217;Arctique et [&hellip;]<\/p>\n","protected":false},"featured_media":47990,"template":"","meta":[],"product_cat":[2948,2956],"product_tag":[],"acf":[],"yoast_head":"<!-- This site is optimized with the Yoast SEO plugin v20.11 - https:\/\/yoast.com\/wordpress\/plugins\/seo\/ -->\n<title>Grands froids : M\u00e9moires des p\u00f4les - Librairie 7L<\/title>\n<meta name=\"robots\" content=\"index, follow, max-snippet:-1, max-image-preview:large, max-video-preview:-1\" \/>\n<link rel=\"canonical\" href=\"https:\/\/librairie7l.com\/en\/produit\/grands-froids-memoires-des-poles-2\/\" \/>\n<meta property=\"og:locale\" content=\"en_US\" \/>\n<meta property=\"og:type\" content=\"article\" \/>\n<meta property=\"og:title\" content=\"Grands froids : M\u00e9moires des p\u00f4les - Librairie 7L\" \/>\n<meta property=\"og:description\" content=\"Une aventure humaine et scientifique \u00e0 la d\u00e9couverte les p\u00f4les&#8230; dans les collections du Mus\u00e9um ! Les r\u00e9gions polaires, avec leurs paysages \u00e0 couper le souffle, exercent un magn\u00e9tisme certain. Depuis des si\u00e8cles, de nombreux explorateurs et aventuriers des sciences rel\u00e8vent le d\u00e9fi de se confronter, par la mer, aux conditions extr\u00eames de l&#8217;Arctique et [&hellip;]\" \/>\n<meta property=\"og:url\" content=\"https:\/\/librairie7l.com\/en\/produit\/grands-froids-memoires-des-poles-2\/\" \/>\n<meta property=\"og:site_name\" content=\"Librairie 7L\" \/>\n<meta property=\"article:modified_time\" content=\"2026-05-07T13:29:17+00:00\" \/>\n<meta property=\"og:image\" content=\"https:\/\/librairie7l.com\/wp-content\/uploads\/2025\/02\/9782382790397_1_75.jpg\" \/>\n\t<meta property=\"og:image:width\" content=\"600\" \/>\n\t<meta property=\"og:image:height\" content=\"876\" \/>\n\t<meta property=\"og:image:type\" content=\"image\/jpeg\" \/>\n<meta name=\"twitter:card\" content=\"summary_large_image\" \/>\n<meta name=\"twitter:label1\" content=\"Est. reading time\" \/>\n\t<meta name=\"twitter:data1\" content=\"1 minute\" \/>\n<script type=\"application\/ld+json\" class=\"yoast-schema-graph\">{\"@context\":\"https:\/\/schema.org\",\"@graph\":[{\"@type\":\"WebPage\",\"@id\":\"https:\/\/librairie7l.com\/en\/produit\/grands-froids-memoires-des-poles-2\/\",\"url\":\"https:\/\/librairie7l.com\/en\/produit\/grands-froids-memoires-des-poles-2\/\",\"name\":\"Grands froids : M\u00e9moires des p\u00f4les - Librairie 7L\",\"isPartOf\":{\"@id\":\"https:\/\/librairie7l.com\/en\/#website\"},\"datePublished\":\"2025-05-15T07:17:58+00:00\",\"dateModified\":\"2026-05-07T13:29:17+00:00\",\"breadcrumb\":{\"@id\":\"https:\/\/librairie7l.com\/en\/produit\/grands-froids-memoires-des-poles-2\/#breadcrumb\"},\"inLanguage\":\"en-US\",\"potentialAction\":[{\"@type\":\"ReadAction\",\"target\":[\"https:\/\/librairie7l.com\/en\/produit\/grands-froids-memoires-des-poles-2\/\"]}]},{\"@type\":\"BreadcrumbList\",\"@id\":\"https:\/\/librairie7l.com\/en\/produit\/grands-froids-memoires-des-poles-2\/#breadcrumb\",\"itemListElement\":[{\"@type\":\"ListItem\",\"position\":1,\"name\":\"Accueil\",\"item\":\"https:\/\/librairie7l.com\/en\/\"},{\"@type\":\"ListItem\",\"position\":2,\"name\":\"Shop\",\"item\":\"https:\/\/librairie7l.com\/en\/shop\/\"},{\"@type\":\"ListItem\",\"position\":3,\"name\":\"GRANDS FROIDS : M\u00c9MOIRES DES P\u00d4LES\"}]},{\"@type\":\"WebSite\",\"@id\":\"https:\/\/librairie7l.com\/en\/#website\",\"url\":\"https:\/\/librairie7l.com\/en\/\",\"name\":\"Librairie 7L\",\"description\":\"Librairie fond\u00e9e en 1999 par Karl Lagerfeld \u00e0 Paris\",\"publisher\":{\"@id\":\"https:\/\/librairie7l.com\/en\/#organization\"},\"potentialAction\":[{\"@type\":\"SearchAction\",\"target\":{\"@type\":\"EntryPoint\",\"urlTemplate\":\"https:\/\/librairie7l.com\/en\/?s={search_term_string}\"},\"query-input\":\"required name=search_term_string\"}],\"inLanguage\":\"en-US\"},{\"@type\":\"Organization\",\"@id\":\"https:\/\/librairie7l.com\/en\/#organization\",\"name\":\"Librairie 7L\",\"url\":\"https:\/\/librairie7l.com\/en\/\",\"logo\":{\"@type\":\"ImageObject\",\"inLanguage\":\"en-US\",\"@id\":\"https:\/\/librairie7l.com\/en\/#\/schema\/logo\/image\/\",\"url\":\"https:\/\/librairie7l.com\/wp-content\/uploads\/2022\/08\/logo-1.png\",\"contentUrl\":\"https:\/\/librairie7l.com\/wp-content\/uploads\/2022\/08\/logo-1.png\",\"width\":227,\"height\":301,\"caption\":\"Librairie 7L\"},\"image\":{\"@id\":\"https:\/\/librairie7l.com\/en\/#\/schema\/logo\/image\/\"}}]}<\/script>\n<!-- \/ Yoast SEO plugin. -->","yoast_head_json":{"title":"Grands froids : M\u00e9moires des p\u00f4les - Librairie 7L","robots":{"index":"index","follow":"follow","max-snippet":"max-snippet:-1","max-image-preview":"max-image-preview:large","max-video-preview":"max-video-preview:-1"},"canonical":"https:\/\/librairie7l.com\/en\/produit\/grands-froids-memoires-des-poles-2\/","og_locale":"en_US","og_type":"article","og_title":"Grands froids : M\u00e9moires des p\u00f4les - Librairie 7L","og_description":"Une aventure humaine et scientifique \u00e0 la d\u00e9couverte les p\u00f4les&#8230; dans les collections du Mus\u00e9um ! Les r\u00e9gions polaires, avec leurs paysages \u00e0 couper le souffle, exercent un magn\u00e9tisme certain. Depuis des si\u00e8cles, de nombreux explorateurs et aventuriers des sciences rel\u00e8vent le d\u00e9fi de se confronter, par la mer, aux conditions extr\u00eames de l&#8217;Arctique et [&hellip;]","og_url":"https:\/\/librairie7l.com\/en\/produit\/grands-froids-memoires-des-poles-2\/","og_site_name":"Librairie 7L","article_modified_time":"2026-05-07T13:29:17+00:00","og_image":[{"width":600,"height":876,"url":"https:\/\/librairie7l.com\/wp-content\/uploads\/2025\/02\/9782382790397_1_75.jpg","type":"image\/jpeg"}],"twitter_card":"summary_large_image","twitter_misc":{"Est. reading time":"1 minute"},"schema":{"@context":"https:\/\/schema.org","@graph":[{"@type":"WebPage","@id":"https:\/\/librairie7l.com\/en\/produit\/grands-froids-memoires-des-poles-2\/","url":"https:\/\/librairie7l.com\/en\/produit\/grands-froids-memoires-des-poles-2\/","name":"Grands froids : M\u00e9moires des p\u00f4les - Librairie 7L","isPartOf":{"@id":"https:\/\/librairie7l.com\/en\/#website"},"datePublished":"2025-05-15T07:17:58+00:00","dateModified":"2026-05-07T13:29:17+00:00","breadcrumb":{"@id":"https:\/\/librairie7l.com\/en\/produit\/grands-froids-memoires-des-poles-2\/#breadcrumb"},"inLanguage":"en-US","potentialAction":[{"@type":"ReadAction","target":["https:\/\/librairie7l.com\/en\/produit\/grands-froids-memoires-des-poles-2\/"]}]},{"@type":"BreadcrumbList","@id":"https:\/\/librairie7l.com\/en\/produit\/grands-froids-memoires-des-poles-2\/#breadcrumb","itemListElement":[{"@type":"ListItem","position":1,"name":"Accueil","item":"https:\/\/librairie7l.com\/en\/"},{"@type":"ListItem","position":2,"name":"Shop","item":"https:\/\/librairie7l.com\/en\/shop\/"},{"@type":"ListItem","position":3,"name":"GRANDS FROIDS : M\u00c9MOIRES DES P\u00d4LES"}]},{"@type":"WebSite","@id":"https:\/\/librairie7l.com\/en\/#website","url":"https:\/\/librairie7l.com\/en\/","name":"Librairie 7L","description":"Librairie fond\u00e9e en 1999 par Karl Lagerfeld \u00e0 Paris","publisher":{"@id":"https:\/\/librairie7l.com\/en\/#organization"},"potentialAction":[{"@type":"SearchAction","target":{"@type":"EntryPoint","urlTemplate":"https:\/\/librairie7l.com\/en\/?s={search_term_string}"},"query-input":"required name=search_term_string"}],"inLanguage":"en-US"},{"@type":"Organization","@id":"https:\/\/librairie7l.com\/en\/#organization","name":"Librairie 7L","url":"https:\/\/librairie7l.com\/en\/","logo":{"@type":"ImageObject","inLanguage":"en-US","@id":"https:\/\/librairie7l.com\/en\/#\/schema\/logo\/image\/","url":"https:\/\/librairie7l.com\/wp-content\/uploads\/2022\/08\/logo-1.png","contentUrl":"https:\/\/librairie7l.com\/wp-content\/uploads\/2022\/08\/logo-1.png","width":227,"height":301,"caption":"Librairie 7L"},"image":{"@id":"https:\/\/librairie7l.com\/en\/#\/schema\/logo\/image\/"}}]}},"_links":{"self":[{"href":"https:\/\/librairie7l.com\/en\/wp-json\/wp\/v2\/product\/47992"}],"collection":[{"href":"https:\/\/librairie7l.com\/en\/wp-json\/wp\/v2\/product"}],"about":[{"href":"https:\/\/librairie7l.com\/en\/wp-json\/wp\/v2\/types\/product"}],"wp:featuredmedia":[{"embeddable":true,"href":"https:\/\/librairie7l.com\/en\/wp-json\/wp\/v2\/media\/47990"}],"wp:attachment":[{"href":"https:\/\/librairie7l.com\/en\/wp-json\/wp\/v2\/media?parent=47992"}],"wp:term":[{"taxonomy":"product_cat","embeddable":true,"href":"https:\/\/librairie7l.com\/en\/wp-json\/wp\/v2\/product_cat?post=47992"},{"taxonomy":"product_tag","embeddable":true,"href":"https:\/\/librairie7l.com\/en\/wp-json\/wp\/v2\/product_tag?post=47992"}],"curies":[{"name":"wp","href":"https:\/\/api.w.org\/{rel}","templated":true}]}}