{"id":47996,"date":"2025-05-15T09:18:01","date_gmt":"2025-05-15T07:18:01","guid":{"rendered":"https:\/\/librairie7l.com\/?post_type=product&#038;p=47996"},"modified":"2026-04-16T08:14:56","modified_gmt":"2026-04-16T06:14:56","slug":"meteorites-tresors-cosmiques-2","status":"publish","type":"product","link":"https:\/\/librairie7l.com\/en\/produit\/meteorites-tresors-cosmiques-2\/","title":{"rendered":"M\u00c9T\u00c9ORITES : TR\u00c9SORS COSMIQUES"},"content":{"rendered":"<p>Elles voyagent des dizaines de millions d&#8217;ann\u00e9es au sein du Syst\u00e8me solaire avant de p\u00e9n\u00e9trer avec fracas l&#8217;atmosph\u00e8re terrestre, dans un \u00e9clat de lumi\u00e8re&#8230; Les m\u00e9t\u00e9orites n&#8217;ont eu de cesse de nous fasciner, de nous effrayer et de nous inspirer, probablement depuis toujours.<\/p>\n<p>Tour \u00e0 tour pr\u00e9sages, prodiges divins ou manifestations du d\u00e9mon, avant de devenir des objets de science, ces v\u00e9ritables tr\u00e9sors cosmiques ont aussi \u00e9t\u00e9 utilis\u00e9s pour fabriquer des outils, des armes et des bijoux.<\/p>\n<p>La premi\u00e8re chute europ\u00e9enne observ\u00e9e dont on ait conserv\u00e9 un \u00e9chantillon date du XVe si\u00e8cle, mais il faudra attendre pr\u00e8s de trois cents ans pour que l&#8217;origine extraterrestre des pierres tomb\u00e9es du ciel soit accept\u00e9e. Aujourd&#8217;hui, leur \u00e9tude nous permet de mieux comprendre les origines de notre Syst\u00e8me solaire&#8230;<\/p>\n<p>Le Mus\u00e9um national d&#8217;histoire naturelle est un acteur mondial incontournable de l&#8217;\u00e9tude des m\u00e9t\u00e9orites. Ce \u00ab Cabinet de curiosit\u00e9s \u00bb invite \u00e0 d\u00e9couvrir les plus beaux sp\u00e9cimens de sa fameuse collection, et \u00e0 conna\u00eetre leur saisissante histoire, au plus pr\u00e8s de la recherche contemporaine.<\/p>\n","protected":false},"excerpt":{"rendered":"<p>Elles voyagent des dizaines de millions d&#8217;ann\u00e9es au sein du Syst\u00e8me solaire avant de p\u00e9n\u00e9trer avec fracas l&#8217;atmosph\u00e8re terrestre, dans un \u00e9clat de lumi\u00e8re&#8230; Les m\u00e9t\u00e9orites n&#8217;ont eu de cesse de nous fasciner, de nous effrayer et de nous inspirer, probablement depuis toujours. Tour \u00e0 tour pr\u00e9sages, prodiges divins ou manifestations du d\u00e9mon, avant de [&hellip;]<\/p>\n","protected":false},"featured_media":47994,"template":"","meta":[],"product_cat":[2948,2956],"product_tag":[],"acf":[],"yoast_head":"<!-- This site is optimized with the Yoast SEO plugin v20.11 - https:\/\/yoast.com\/wordpress\/plugins\/seo\/ -->\n<title>M\u00e9t\u00e9orites : Tr\u00e9sors cosmiques - Librairie 7L<\/title>\n<meta name=\"robots\" content=\"index, follow, max-snippet:-1, max-image-preview:large, max-video-preview:-1\" \/>\n<link rel=\"canonical\" href=\"https:\/\/librairie7l.com\/en\/produit\/meteorites-tresors-cosmiques-2\/\" \/>\n<meta property=\"og:locale\" content=\"en_US\" \/>\n<meta property=\"og:type\" content=\"article\" \/>\n<meta property=\"og:title\" content=\"M\u00e9t\u00e9orites : Tr\u00e9sors cosmiques - Librairie 7L\" \/>\n<meta property=\"og:description\" content=\"Elles voyagent des dizaines de millions d&#8217;ann\u00e9es au sein du Syst\u00e8me solaire avant de p\u00e9n\u00e9trer avec fracas l&#8217;atmosph\u00e8re terrestre, dans un \u00e9clat de lumi\u00e8re&#8230; Les m\u00e9t\u00e9orites n&#8217;ont eu de cesse de nous fasciner, de nous effrayer et de nous inspirer, probablement depuis toujours. Tour \u00e0 tour pr\u00e9sages, prodiges divins ou manifestations du d\u00e9mon, avant de [&hellip;]\" \/>\n<meta property=\"og:url\" content=\"https:\/\/librairie7l.com\/en\/produit\/meteorites-tresors-cosmiques-2\/\" \/>\n<meta property=\"og:site_name\" content=\"Librairie 7L\" \/>\n<meta property=\"article:modified_time\" content=\"2026-04-16T06:14:56+00:00\" \/>\n<meta property=\"og:image\" content=\"https:\/\/librairie7l.com\/wp-content\/uploads\/2025\/02\/9782382790373_1_75.jpg\" \/>\n\t<meta property=\"og:image:width\" content=\"600\" \/>\n\t<meta property=\"og:image:height\" content=\"876\" \/>\n\t<meta property=\"og:image:type\" content=\"image\/jpeg\" \/>\n<meta name=\"twitter:card\" content=\"summary_large_image\" \/>\n<meta name=\"twitter:label1\" content=\"Est. reading time\" \/>\n\t<meta name=\"twitter:data1\" content=\"1 minute\" \/>\n<script type=\"application\/ld+json\" class=\"yoast-schema-graph\">{\"@context\":\"https:\/\/schema.org\",\"@graph\":[{\"@type\":\"WebPage\",\"@id\":\"https:\/\/librairie7l.com\/en\/produit\/meteorites-tresors-cosmiques-2\/\",\"url\":\"https:\/\/librairie7l.com\/en\/produit\/meteorites-tresors-cosmiques-2\/\",\"name\":\"M\u00e9t\u00e9orites : Tr\u00e9sors cosmiques - Librairie 7L\",\"isPartOf\":{\"@id\":\"https:\/\/librairie7l.com\/en\/#website\"},\"datePublished\":\"2025-05-15T07:18:01+00:00\",\"dateModified\":\"2026-04-16T06:14:56+00:00\",\"breadcrumb\":{\"@id\":\"https:\/\/librairie7l.com\/en\/produit\/meteorites-tresors-cosmiques-2\/#breadcrumb\"},\"inLanguage\":\"en-US\",\"potentialAction\":[{\"@type\":\"ReadAction\",\"target\":[\"https:\/\/librairie7l.com\/en\/produit\/meteorites-tresors-cosmiques-2\/\"]}]},{\"@type\":\"BreadcrumbList\",\"@id\":\"https:\/\/librairie7l.com\/en\/produit\/meteorites-tresors-cosmiques-2\/#breadcrumb\",\"itemListElement\":[{\"@type\":\"ListItem\",\"position\":1,\"name\":\"Accueil\",\"item\":\"https:\/\/librairie7l.com\/en\/\"},{\"@type\":\"ListItem\",\"position\":2,\"name\":\"Shop\",\"item\":\"https:\/\/librairie7l.com\/en\/shop\/\"},{\"@type\":\"ListItem\",\"position\":3,\"name\":\"M\u00c9T\u00c9ORITES : TR\u00c9SORS COSMIQUES\"}]},{\"@type\":\"WebSite\",\"@id\":\"https:\/\/librairie7l.com\/en\/#website\",\"url\":\"https:\/\/librairie7l.com\/en\/\",\"name\":\"Librairie 7L\",\"description\":\"Librairie fond\u00e9e en 1999 par Karl Lagerfeld \u00e0 Paris\",\"publisher\":{\"@id\":\"https:\/\/librairie7l.com\/en\/#organization\"},\"potentialAction\":[{\"@type\":\"SearchAction\",\"target\":{\"@type\":\"EntryPoint\",\"urlTemplate\":\"https:\/\/librairie7l.com\/en\/?s={search_term_string}\"},\"query-input\":\"required name=search_term_string\"}],\"inLanguage\":\"en-US\"},{\"@type\":\"Organization\",\"@id\":\"https:\/\/librairie7l.com\/en\/#organization\",\"name\":\"Librairie 7L\",\"url\":\"https:\/\/librairie7l.com\/en\/\",\"logo\":{\"@type\":\"ImageObject\",\"inLanguage\":\"en-US\",\"@id\":\"https:\/\/librairie7l.com\/en\/#\/schema\/logo\/image\/\",\"url\":\"https:\/\/librairie7l.com\/wp-content\/uploads\/2022\/08\/logo-1.png\",\"contentUrl\":\"https:\/\/librairie7l.com\/wp-content\/uploads\/2022\/08\/logo-1.png\",\"width\":227,\"height\":301,\"caption\":\"Librairie 7L\"},\"image\":{\"@id\":\"https:\/\/librairie7l.com\/en\/#\/schema\/logo\/image\/\"}}]}<\/script>\n<!-- \/ Yoast SEO plugin. -->","yoast_head_json":{"title":"M\u00e9t\u00e9orites : Tr\u00e9sors cosmiques - Librairie 7L","robots":{"index":"index","follow":"follow","max-snippet":"max-snippet:-1","max-image-preview":"max-image-preview:large","max-video-preview":"max-video-preview:-1"},"canonical":"https:\/\/librairie7l.com\/en\/produit\/meteorites-tresors-cosmiques-2\/","og_locale":"en_US","og_type":"article","og_title":"M\u00e9t\u00e9orites : Tr\u00e9sors cosmiques - Librairie 7L","og_description":"Elles voyagent des dizaines de millions d&#8217;ann\u00e9es au sein du Syst\u00e8me solaire avant de p\u00e9n\u00e9trer avec fracas l&#8217;atmosph\u00e8re terrestre, dans un \u00e9clat de lumi\u00e8re&#8230; Les m\u00e9t\u00e9orites n&#8217;ont eu de cesse de nous fasciner, de nous effrayer et de nous inspirer, probablement depuis toujours. Tour \u00e0 tour pr\u00e9sages, prodiges divins ou manifestations du d\u00e9mon, avant de [&hellip;]","og_url":"https:\/\/librairie7l.com\/en\/produit\/meteorites-tresors-cosmiques-2\/","og_site_name":"Librairie 7L","article_modified_time":"2026-04-16T06:14:56+00:00","og_image":[{"width":600,"height":876,"url":"https:\/\/librairie7l.com\/wp-content\/uploads\/2025\/02\/9782382790373_1_75.jpg","type":"image\/jpeg"}],"twitter_card":"summary_large_image","twitter_misc":{"Est. reading time":"1 minute"},"schema":{"@context":"https:\/\/schema.org","@graph":[{"@type":"WebPage","@id":"https:\/\/librairie7l.com\/en\/produit\/meteorites-tresors-cosmiques-2\/","url":"https:\/\/librairie7l.com\/en\/produit\/meteorites-tresors-cosmiques-2\/","name":"M\u00e9t\u00e9orites : Tr\u00e9sors cosmiques - Librairie 7L","isPartOf":{"@id":"https:\/\/librairie7l.com\/en\/#website"},"datePublished":"2025-05-15T07:18:01+00:00","dateModified":"2026-04-16T06:14:56+00:00","breadcrumb":{"@id":"https:\/\/librairie7l.com\/en\/produit\/meteorites-tresors-cosmiques-2\/#breadcrumb"},"inLanguage":"en-US","potentialAction":[{"@type":"ReadAction","target":["https:\/\/librairie7l.com\/en\/produit\/meteorites-tresors-cosmiques-2\/"]}]},{"@type":"BreadcrumbList","@id":"https:\/\/librairie7l.com\/en\/produit\/meteorites-tresors-cosmiques-2\/#breadcrumb","itemListElement":[{"@type":"ListItem","position":1,"name":"Accueil","item":"https:\/\/librairie7l.com\/en\/"},{"@type":"ListItem","position":2,"name":"Shop","item":"https:\/\/librairie7l.com\/en\/shop\/"},{"@type":"ListItem","position":3,"name":"M\u00c9T\u00c9ORITES : TR\u00c9SORS COSMIQUES"}]},{"@type":"WebSite","@id":"https:\/\/librairie7l.com\/en\/#website","url":"https:\/\/librairie7l.com\/en\/","name":"Librairie 7L","description":"Librairie fond\u00e9e en 1999 par Karl Lagerfeld \u00e0 Paris","publisher":{"@id":"https:\/\/librairie7l.com\/en\/#organization"},"potentialAction":[{"@type":"SearchAction","target":{"@type":"EntryPoint","urlTemplate":"https:\/\/librairie7l.com\/en\/?s={search_term_string}"},"query-input":"required name=search_term_string"}],"inLanguage":"en-US"},{"@type":"Organization","@id":"https:\/\/librairie7l.com\/en\/#organization","name":"Librairie 7L","url":"https:\/\/librairie7l.com\/en\/","logo":{"@type":"ImageObject","inLanguage":"en-US","@id":"https:\/\/librairie7l.com\/en\/#\/schema\/logo\/image\/","url":"https:\/\/librairie7l.com\/wp-content\/uploads\/2022\/08\/logo-1.png","contentUrl":"https:\/\/librairie7l.com\/wp-content\/uploads\/2022\/08\/logo-1.png","width":227,"height":301,"caption":"Librairie 7L"},"image":{"@id":"https:\/\/librairie7l.com\/en\/#\/schema\/logo\/image\/"}}]}},"_links":{"self":[{"href":"https:\/\/librairie7l.com\/en\/wp-json\/wp\/v2\/product\/47996"}],"collection":[{"href":"https:\/\/librairie7l.com\/en\/wp-json\/wp\/v2\/product"}],"about":[{"href":"https:\/\/librairie7l.com\/en\/wp-json\/wp\/v2\/types\/product"}],"wp:featuredmedia":[{"embeddable":true,"href":"https:\/\/librairie7l.com\/en\/wp-json\/wp\/v2\/media\/47994"}],"wp:attachment":[{"href":"https:\/\/librairie7l.com\/en\/wp-json\/wp\/v2\/media?parent=47996"}],"wp:term":[{"taxonomy":"product_cat","embeddable":true,"href":"https:\/\/librairie7l.com\/en\/wp-json\/wp\/v2\/product_cat?post=47996"},{"taxonomy":"product_tag","embeddable":true,"href":"https:\/\/librairie7l.com\/en\/wp-json\/wp\/v2\/product_tag?post=47996"}],"curies":[{"name":"wp","href":"https:\/\/api.w.org\/{rel}","templated":true}]}}