{"id":48000,"date":"2025-05-15T09:18:02","date_gmt":"2025-05-15T07:18:02","guid":{"rendered":"https:\/\/librairie7l.com\/?post_type=product&#038;p=48000"},"modified":"2026-04-17T11:01:02","modified_gmt":"2026-04-17T09:01:02","slug":"gardens-of-sri-lanka-2-000-years-of-garden-and-landscape-design-tradition-2","status":"publish","type":"product","link":"https:\/\/librairie7l.com\/en\/produit\/gardens-of-sri-lanka-2-000-years-of-garden-and-landscape-design-tradition-2\/","title":{"rendered":"GARDENS OF SRI LANKA : 2.000 YEARS OF GARDEN AND LANDSCAPE DESIGN TRADITION"},"content":{"rendered":"<p>L&#8217;histoire des jardins et l&#8217;art de la conception des jardins ont \u00e9t\u00e9 largement confin\u00e9s aux exemples europ\u00e9ens et am\u00e9ricains, de Rome \u00e0 la Renaissance et au XXe si\u00e8cles. Il semble donc particuli\u00e8rement int\u00e9ressant de plonger dans la tradition des jardins du Sri Lanka, qui date de plus de 2 000 ans : un pays o\u00f9 le domaine relativement nouveau de l&#8217;arch\u00e9ologie des jardins a vu le jour dans les ann\u00e9es 1940. Le Sri Lanka poss\u00e8de en effet certains des plus anciens jardins survivants au monde, si uniques qu&#8217;ils sont d\u00e9sormais des sites du patrimoine mondial.<br \/>\nIci, la tradition ancienne des jardins bouddhistes et royaux se trouve dans de nombreux sites historiques, tandis qu&#8217;un patrimoine vivant de la conception de jardins offre un exemple distinctif de continuit\u00e9 historique, que l&#8217;on ne retrouve que dans quelques autres pays, comme l&#8217;Italie. Certains des premiers jardins du Sri Lanka datent du IIIe si\u00e8cle avant notre \u00e8re, comme les jardins de rochers dans les complexes monastiques bouddhistes, et d&#8217;autres, comme Dambulla, ont continu\u00e9 \u00e0 exister en tant que monuments vivants jusqu&#8217;\u00e0 nos jours. Le complexe du Ve si\u00e8cle \u00e0 Sigiriya est l&#8217;un des plus anciens jardins grandioses survivants. Plus pr\u00e8s de notre \u00e9poque, les paysages urbains et lacustres du d\u00e9but du XVIIIe si\u00e8cle de la ville royale de Kandy sont les derniers t\u00e9moins de la civilisation pr\u00e9coloniale. La rencontre coloniale a apport\u00e9 de nouvelles influences europ\u00e9ennes, tandis que les conceptions associ\u00e9es \u00e0 l&#8217;architecte sri lankais du XXe si\u00e8cle Geoffrey Bawa et d&#8217;autres sont une expression consciente d&#8217;une tradition vivante de l&#8217;art des jardins, visible \u00e0 travers tout le pays.<br \/>\nCe livre richement illustr\u00e9 cherche \u00e0 couvrir cette histoire de 2 000 ans, avec sa continuit\u00e9 et sa diversit\u00e9, apportant une contribution significative au cadre mondial en expansion de l&#8217;histoire des jardins et de l&#8217;arch\u00e9ologie des jardins au XXIe si\u00e8cle.<\/p>\n","protected":false},"excerpt":{"rendered":"<p>L&#8217;histoire des jardins et l&#8217;art de la conception des jardins ont \u00e9t\u00e9 largement confin\u00e9s aux exemples europ\u00e9ens et am\u00e9ricains, de Rome \u00e0 la Renaissance et au XXe si\u00e8cles. Il semble donc particuli\u00e8rement int\u00e9ressant de plonger dans la tradition des jardins du Sri Lanka, qui date de plus de 2 000 ans : un pays o\u00f9 [&hellip;]<\/p>\n","protected":false},"featured_media":47998,"template":"","meta":[],"product_cat":[2948,2956],"product_tag":[],"acf":[],"yoast_head":"<!-- This site is optimized with the Yoast SEO plugin v20.11 - https:\/\/yoast.com\/wordpress\/plugins\/seo\/ -->\n<title>Gardens of Sri Lanka : 2.000 years of garden and landscape design tradition - Librairie 7L<\/title>\n<meta name=\"robots\" content=\"index, follow, max-snippet:-1, max-image-preview:large, max-video-preview:-1\" \/>\n<link rel=\"canonical\" href=\"https:\/\/librairie7l.com\/en\/produit\/gardens-of-sri-lanka-2-000-years-of-garden-and-landscape-design-tradition-2\/\" \/>\n<meta property=\"og:locale\" content=\"en_US\" \/>\n<meta property=\"og:type\" content=\"article\" \/>\n<meta property=\"og:title\" content=\"Gardens of Sri Lanka : 2.000 years of garden and landscape design tradition - Librairie 7L\" \/>\n<meta property=\"og:description\" content=\"L&#8217;histoire des jardins et l&#8217;art de la conception des jardins ont \u00e9t\u00e9 largement confin\u00e9s aux exemples europ\u00e9ens et am\u00e9ricains, de Rome \u00e0 la Renaissance et au XXe si\u00e8cles. Il semble donc particuli\u00e8rement int\u00e9ressant de plonger dans la tradition des jardins du Sri Lanka, qui date de plus de 2 000 ans : un pays o\u00f9 [&hellip;]\" \/>\n<meta property=\"og:url\" content=\"https:\/\/librairie7l.com\/en\/produit\/gardens-of-sri-lanka-2-000-years-of-garden-and-landscape-design-tradition-2\/\" \/>\n<meta property=\"og:site_name\" content=\"Librairie 7L\" \/>\n<meta property=\"article:modified_time\" content=\"2026-04-17T09:01:02+00:00\" \/>\n<meta property=\"og:image\" content=\"https:\/\/librairie7l.com\/wp-content\/uploads\/2025\/02\/9788836659555_1_75.jpg\" \/>\n\t<meta property=\"og:image:width\" content=\"600\" \/>\n\t<meta property=\"og:image:height\" content=\"663\" \/>\n\t<meta property=\"og:image:type\" content=\"image\/jpeg\" \/>\n<meta name=\"twitter:card\" content=\"summary_large_image\" \/>\n<meta name=\"twitter:label1\" content=\"Est. reading time\" \/>\n\t<meta name=\"twitter:data1\" content=\"2 minutes\" \/>\n<script type=\"application\/ld+json\" class=\"yoast-schema-graph\">{\"@context\":\"https:\/\/schema.org\",\"@graph\":[{\"@type\":\"WebPage\",\"@id\":\"https:\/\/librairie7l.com\/en\/produit\/gardens-of-sri-lanka-2-000-years-of-garden-and-landscape-design-tradition-2\/\",\"url\":\"https:\/\/librairie7l.com\/en\/produit\/gardens-of-sri-lanka-2-000-years-of-garden-and-landscape-design-tradition-2\/\",\"name\":\"Gardens of Sri Lanka : 2.000 years of garden and landscape design tradition - Librairie 7L\",\"isPartOf\":{\"@id\":\"https:\/\/librairie7l.com\/en\/#website\"},\"datePublished\":\"2025-05-15T07:18:02+00:00\",\"dateModified\":\"2026-04-17T09:01:02+00:00\",\"breadcrumb\":{\"@id\":\"https:\/\/librairie7l.com\/en\/produit\/gardens-of-sri-lanka-2-000-years-of-garden-and-landscape-design-tradition-2\/#breadcrumb\"},\"inLanguage\":\"en-US\",\"potentialAction\":[{\"@type\":\"ReadAction\",\"target\":[\"https:\/\/librairie7l.com\/en\/produit\/gardens-of-sri-lanka-2-000-years-of-garden-and-landscape-design-tradition-2\/\"]}]},{\"@type\":\"BreadcrumbList\",\"@id\":\"https:\/\/librairie7l.com\/en\/produit\/gardens-of-sri-lanka-2-000-years-of-garden-and-landscape-design-tradition-2\/#breadcrumb\",\"itemListElement\":[{\"@type\":\"ListItem\",\"position\":1,\"name\":\"Accueil\",\"item\":\"https:\/\/librairie7l.com\/en\/\"},{\"@type\":\"ListItem\",\"position\":2,\"name\":\"Shop\",\"item\":\"https:\/\/librairie7l.com\/en\/shop\/\"},{\"@type\":\"ListItem\",\"position\":3,\"name\":\"GARDENS OF SRI LANKA : 2.000 YEARS OF GARDEN AND LANDSCAPE DESIGN TRADITION\"}]},{\"@type\":\"WebSite\",\"@id\":\"https:\/\/librairie7l.com\/en\/#website\",\"url\":\"https:\/\/librairie7l.com\/en\/\",\"name\":\"Librairie 7L\",\"description\":\"Librairie fond\u00e9e en 1999 par Karl Lagerfeld \u00e0 Paris\",\"publisher\":{\"@id\":\"https:\/\/librairie7l.com\/en\/#organization\"},\"potentialAction\":[{\"@type\":\"SearchAction\",\"target\":{\"@type\":\"EntryPoint\",\"urlTemplate\":\"https:\/\/librairie7l.com\/en\/?s={search_term_string}\"},\"query-input\":\"required name=search_term_string\"}],\"inLanguage\":\"en-US\"},{\"@type\":\"Organization\",\"@id\":\"https:\/\/librairie7l.com\/en\/#organization\",\"name\":\"Librairie 7L\",\"url\":\"https:\/\/librairie7l.com\/en\/\",\"logo\":{\"@type\":\"ImageObject\",\"inLanguage\":\"en-US\",\"@id\":\"https:\/\/librairie7l.com\/en\/#\/schema\/logo\/image\/\",\"url\":\"https:\/\/librairie7l.com\/wp-content\/uploads\/2022\/08\/logo-1.png\",\"contentUrl\":\"https:\/\/librairie7l.com\/wp-content\/uploads\/2022\/08\/logo-1.png\",\"width\":227,\"height\":301,\"caption\":\"Librairie 7L\"},\"image\":{\"@id\":\"https:\/\/librairie7l.com\/en\/#\/schema\/logo\/image\/\"}}]}<\/script>\n<!-- \/ Yoast SEO plugin. -->","yoast_head_json":{"title":"Gardens of Sri Lanka : 2.000 years of garden and landscape design tradition - Librairie 7L","robots":{"index":"index","follow":"follow","max-snippet":"max-snippet:-1","max-image-preview":"max-image-preview:large","max-video-preview":"max-video-preview:-1"},"canonical":"https:\/\/librairie7l.com\/en\/produit\/gardens-of-sri-lanka-2-000-years-of-garden-and-landscape-design-tradition-2\/","og_locale":"en_US","og_type":"article","og_title":"Gardens of Sri Lanka : 2.000 years of garden and landscape design tradition - Librairie 7L","og_description":"L&#8217;histoire des jardins et l&#8217;art de la conception des jardins ont \u00e9t\u00e9 largement confin\u00e9s aux exemples europ\u00e9ens et am\u00e9ricains, de Rome \u00e0 la Renaissance et au XXe si\u00e8cles. Il semble donc particuli\u00e8rement int\u00e9ressant de plonger dans la tradition des jardins du Sri Lanka, qui date de plus de 2 000 ans : un pays o\u00f9 [&hellip;]","og_url":"https:\/\/librairie7l.com\/en\/produit\/gardens-of-sri-lanka-2-000-years-of-garden-and-landscape-design-tradition-2\/","og_site_name":"Librairie 7L","article_modified_time":"2026-04-17T09:01:02+00:00","og_image":[{"width":600,"height":663,"url":"https:\/\/librairie7l.com\/wp-content\/uploads\/2025\/02\/9788836659555_1_75.jpg","type":"image\/jpeg"}],"twitter_card":"summary_large_image","twitter_misc":{"Est. reading time":"2 minutes"},"schema":{"@context":"https:\/\/schema.org","@graph":[{"@type":"WebPage","@id":"https:\/\/librairie7l.com\/en\/produit\/gardens-of-sri-lanka-2-000-years-of-garden-and-landscape-design-tradition-2\/","url":"https:\/\/librairie7l.com\/en\/produit\/gardens-of-sri-lanka-2-000-years-of-garden-and-landscape-design-tradition-2\/","name":"Gardens of Sri Lanka : 2.000 years of garden and landscape design tradition - Librairie 7L","isPartOf":{"@id":"https:\/\/librairie7l.com\/en\/#website"},"datePublished":"2025-05-15T07:18:02+00:00","dateModified":"2026-04-17T09:01:02+00:00","breadcrumb":{"@id":"https:\/\/librairie7l.com\/en\/produit\/gardens-of-sri-lanka-2-000-years-of-garden-and-landscape-design-tradition-2\/#breadcrumb"},"inLanguage":"en-US","potentialAction":[{"@type":"ReadAction","target":["https:\/\/librairie7l.com\/en\/produit\/gardens-of-sri-lanka-2-000-years-of-garden-and-landscape-design-tradition-2\/"]}]},{"@type":"BreadcrumbList","@id":"https:\/\/librairie7l.com\/en\/produit\/gardens-of-sri-lanka-2-000-years-of-garden-and-landscape-design-tradition-2\/#breadcrumb","itemListElement":[{"@type":"ListItem","position":1,"name":"Accueil","item":"https:\/\/librairie7l.com\/en\/"},{"@type":"ListItem","position":2,"name":"Shop","item":"https:\/\/librairie7l.com\/en\/shop\/"},{"@type":"ListItem","position":3,"name":"GARDENS OF SRI LANKA : 2.000 YEARS OF GARDEN AND LANDSCAPE DESIGN TRADITION"}]},{"@type":"WebSite","@id":"https:\/\/librairie7l.com\/en\/#website","url":"https:\/\/librairie7l.com\/en\/","name":"Librairie 7L","description":"Librairie fond\u00e9e en 1999 par Karl Lagerfeld \u00e0 Paris","publisher":{"@id":"https:\/\/librairie7l.com\/en\/#organization"},"potentialAction":[{"@type":"SearchAction","target":{"@type":"EntryPoint","urlTemplate":"https:\/\/librairie7l.com\/en\/?s={search_term_string}"},"query-input":"required name=search_term_string"}],"inLanguage":"en-US"},{"@type":"Organization","@id":"https:\/\/librairie7l.com\/en\/#organization","name":"Librairie 7L","url":"https:\/\/librairie7l.com\/en\/","logo":{"@type":"ImageObject","inLanguage":"en-US","@id":"https:\/\/librairie7l.com\/en\/#\/schema\/logo\/image\/","url":"https:\/\/librairie7l.com\/wp-content\/uploads\/2022\/08\/logo-1.png","contentUrl":"https:\/\/librairie7l.com\/wp-content\/uploads\/2022\/08\/logo-1.png","width":227,"height":301,"caption":"Librairie 7L"},"image":{"@id":"https:\/\/librairie7l.com\/en\/#\/schema\/logo\/image\/"}}]}},"_links":{"self":[{"href":"https:\/\/librairie7l.com\/en\/wp-json\/wp\/v2\/product\/48000"}],"collection":[{"href":"https:\/\/librairie7l.com\/en\/wp-json\/wp\/v2\/product"}],"about":[{"href":"https:\/\/librairie7l.com\/en\/wp-json\/wp\/v2\/types\/product"}],"wp:featuredmedia":[{"embeddable":true,"href":"https:\/\/librairie7l.com\/en\/wp-json\/wp\/v2\/media\/47998"}],"wp:attachment":[{"href":"https:\/\/librairie7l.com\/en\/wp-json\/wp\/v2\/media?parent=48000"}],"wp:term":[{"taxonomy":"product_cat","embeddable":true,"href":"https:\/\/librairie7l.com\/en\/wp-json\/wp\/v2\/product_cat?post=48000"},{"taxonomy":"product_tag","embeddable":true,"href":"https:\/\/librairie7l.com\/en\/wp-json\/wp\/v2\/product_tag?post=48000"}],"curies":[{"name":"wp","href":"https:\/\/api.w.org\/{rel}","templated":true}]}}