{"id":48026,"date":"2025-05-15T17:37:25","date_gmt":"2025-05-15T15:37:25","guid":{"rendered":"https:\/\/librairie7l.com\/?post_type=product&#038;p=48026"},"modified":"2026-04-08T02:06:10","modified_gmt":"2026-04-08T00:06:10","slug":"gabriel-moses-regina-2","status":"publish","type":"product","link":"https:\/\/librairie7l.com\/en\/produit\/gabriel-moses-regina-2\/","title":{"rendered":"GABRIEL MOSES : REGINA"},"content":{"rendered":"<p>Premi\u00e8re monographie d&#8217;une \u00e9toile montante dans le monde de la photographie et du cin\u00e9ma de mode, ce volume \u00e9blouissant est rempli d&#8217;images aux couleurs luxuriantes qui capturent l&#8217;oeil de Mo\u00efse pour la beaut\u00e9 et le talent de conteur. Gabriel Moses n&#8217;avait que dix-huit ans lorsqu&#8217;il a re\u00e7u sa premi\u00e8re commande de Nike. Depuis lors, le photographe nig\u00e9rian britannique autodidacte a \u00e9t\u00e9 tr\u00e8s sollicit\u00e9, avec des clients allant de Louis Vuitton et Burberry \u00e0 Chanel et Vogue, et des stars telles que Pharrell Williams, AAP Rocky et Skepta. De magnifiques reproductions pleine page capturent l&#8217;atmosph\u00e8re unique de Moses, marqu\u00e9e par des couleurs profondes et des textures riches, ainsi que sa facilit\u00e9 surprenante avec son sujet, que ce soit la musique, la mode ou le sport. Une s\u00e9rie d&#8217;essais comprend une pr\u00e9face de Moses, qui aborde sa propre id\u00e9ologie et pratique; l&#8217;exploration perspicace de Federico Sargentone de l&#8217;oeuvre de Moses; les contributions et les r\u00e9cits personnels de Matthew Williams, Ciesay, Clint, Samuel Ross et Slawn, entre autres; et une s\u00e9rie dedes conversations, l&#8217;une avec Skepta discutant de la totalit\u00e9 de la vie, et la seconde avec Nick Knight explorant les profondeurs de la photographie. Abordant tous les aspects de son travail \u00e0 ce jour, y compris un certain nombre d&#8217;images in\u00e9dites, cette monographie \u00e9tonnante et contemporaine, con\u00e7ue par Hassan Rahim, plonge profond\u00e9ment dans le langage visuel de Moses et souligne son lien profond avec la famille, et la culture qui l&#8217;entoure ; sous la direction de Katja Horvat, entretien avec Sekpta et Nick Knight, texte de Federico Sargentone, impressions de Mumsy, Clint, Slawn, Katja Horvat, Ari Chanoux, Samuel Ross, Ciesay et Matthew Williams, photos en couleurs.<\/p>\n","protected":false},"excerpt":{"rendered":"<p>Premi\u00e8re monographie d&#8217;une \u00e9toile montante dans le monde de la photographie et du cin\u00e9ma de mode, ce volume \u00e9blouissant est rempli d&#8217;images aux couleurs luxuriantes qui capturent l&#8217;oeil de Mo\u00efse pour la beaut\u00e9 et le talent de conteur. Gabriel Moses n&#8217;avait que dix-huit ans lorsqu&#8217;il a re\u00e7u sa premi\u00e8re commande de Nike. Depuis lors, le [&hellip;]<\/p>\n","protected":false},"featured_media":48024,"template":"","meta":[],"product_cat":[7364,2948],"product_tag":[],"acf":[],"yoast_head":"<!-- This site is optimized with the Yoast SEO plugin v20.11 - https:\/\/yoast.com\/wordpress\/plugins\/seo\/ -->\n<title>Gabriel Moses : Regina - Librairie 7L<\/title>\n<meta name=\"robots\" content=\"index, follow, max-snippet:-1, max-image-preview:large, max-video-preview:-1\" \/>\n<link rel=\"canonical\" href=\"https:\/\/librairie7l.com\/en\/produit\/gabriel-moses-regina-2\/\" \/>\n<meta property=\"og:locale\" content=\"en_US\" \/>\n<meta property=\"og:type\" content=\"article\" \/>\n<meta property=\"og:title\" content=\"Gabriel Moses : Regina - Librairie 7L\" \/>\n<meta property=\"og:description\" content=\"Premi\u00e8re monographie d&#8217;une \u00e9toile montante dans le monde de la photographie et du cin\u00e9ma de mode, ce volume \u00e9blouissant est rempli d&#8217;images aux couleurs luxuriantes qui capturent l&#8217;oeil de Mo\u00efse pour la beaut\u00e9 et le talent de conteur. Gabriel Moses n&#8217;avait que dix-huit ans lorsqu&#8217;il a re\u00e7u sa premi\u00e8re commande de Nike. Depuis lors, le [&hellip;]\" \/>\n<meta property=\"og:url\" content=\"https:\/\/librairie7l.com\/en\/produit\/gabriel-moses-regina-2\/\" \/>\n<meta property=\"og:site_name\" content=\"Librairie 7L\" \/>\n<meta property=\"article:modified_time\" content=\"2026-04-08T00:06:10+00:00\" \/>\n<meta property=\"og:image\" content=\"https:\/\/librairie7l.com\/wp-content\/uploads\/2024\/01\/9783791377193_1_75.jpg\" \/>\n\t<meta property=\"og:image:width\" content=\"402\" \/>\n\t<meta property=\"og:image:height\" content=\"500\" \/>\n\t<meta property=\"og:image:type\" content=\"image\/jpeg\" \/>\n<meta name=\"twitter:card\" content=\"summary_large_image\" \/>\n<meta name=\"twitter:label1\" content=\"Est. reading time\" \/>\n\t<meta name=\"twitter:data1\" content=\"1 minute\" \/>\n<script type=\"application\/ld+json\" class=\"yoast-schema-graph\">{\"@context\":\"https:\/\/schema.org\",\"@graph\":[{\"@type\":\"WebPage\",\"@id\":\"https:\/\/librairie7l.com\/en\/produit\/gabriel-moses-regina-2\/\",\"url\":\"https:\/\/librairie7l.com\/en\/produit\/gabriel-moses-regina-2\/\",\"name\":\"Gabriel Moses : Regina - Librairie 7L\",\"isPartOf\":{\"@id\":\"https:\/\/librairie7l.com\/en\/#website\"},\"datePublished\":\"2025-05-15T15:37:25+00:00\",\"dateModified\":\"2026-04-08T00:06:10+00:00\",\"breadcrumb\":{\"@id\":\"https:\/\/librairie7l.com\/en\/produit\/gabriel-moses-regina-2\/#breadcrumb\"},\"inLanguage\":\"en-US\",\"potentialAction\":[{\"@type\":\"ReadAction\",\"target\":[\"https:\/\/librairie7l.com\/en\/produit\/gabriel-moses-regina-2\/\"]}]},{\"@type\":\"BreadcrumbList\",\"@id\":\"https:\/\/librairie7l.com\/en\/produit\/gabriel-moses-regina-2\/#breadcrumb\",\"itemListElement\":[{\"@type\":\"ListItem\",\"position\":1,\"name\":\"Accueil\",\"item\":\"https:\/\/librairie7l.com\/en\/\"},{\"@type\":\"ListItem\",\"position\":2,\"name\":\"Shop\",\"item\":\"https:\/\/librairie7l.com\/en\/shop\/\"},{\"@type\":\"ListItem\",\"position\":3,\"name\":\"GABRIEL MOSES : REGINA\"}]},{\"@type\":\"WebSite\",\"@id\":\"https:\/\/librairie7l.com\/en\/#website\",\"url\":\"https:\/\/librairie7l.com\/en\/\",\"name\":\"Librairie 7L\",\"description\":\"Librairie fond\u00e9e en 1999 par Karl Lagerfeld \u00e0 Paris\",\"publisher\":{\"@id\":\"https:\/\/librairie7l.com\/en\/#organization\"},\"potentialAction\":[{\"@type\":\"SearchAction\",\"target\":{\"@type\":\"EntryPoint\",\"urlTemplate\":\"https:\/\/librairie7l.com\/en\/?s={search_term_string}\"},\"query-input\":\"required name=search_term_string\"}],\"inLanguage\":\"en-US\"},{\"@type\":\"Organization\",\"@id\":\"https:\/\/librairie7l.com\/en\/#organization\",\"name\":\"Librairie 7L\",\"url\":\"https:\/\/librairie7l.com\/en\/\",\"logo\":{\"@type\":\"ImageObject\",\"inLanguage\":\"en-US\",\"@id\":\"https:\/\/librairie7l.com\/en\/#\/schema\/logo\/image\/\",\"url\":\"https:\/\/librairie7l.com\/wp-content\/uploads\/2022\/08\/logo-1.png\",\"contentUrl\":\"https:\/\/librairie7l.com\/wp-content\/uploads\/2022\/08\/logo-1.png\",\"width\":227,\"height\":301,\"caption\":\"Librairie 7L\"},\"image\":{\"@id\":\"https:\/\/librairie7l.com\/en\/#\/schema\/logo\/image\/\"}}]}<\/script>\n<!-- \/ Yoast SEO plugin. -->","yoast_head_json":{"title":"Gabriel Moses : Regina - Librairie 7L","robots":{"index":"index","follow":"follow","max-snippet":"max-snippet:-1","max-image-preview":"max-image-preview:large","max-video-preview":"max-video-preview:-1"},"canonical":"https:\/\/librairie7l.com\/en\/produit\/gabriel-moses-regina-2\/","og_locale":"en_US","og_type":"article","og_title":"Gabriel Moses : Regina - Librairie 7L","og_description":"Premi\u00e8re monographie d&#8217;une \u00e9toile montante dans le monde de la photographie et du cin\u00e9ma de mode, ce volume \u00e9blouissant est rempli d&#8217;images aux couleurs luxuriantes qui capturent l&#8217;oeil de Mo\u00efse pour la beaut\u00e9 et le talent de conteur. Gabriel Moses n&#8217;avait que dix-huit ans lorsqu&#8217;il a re\u00e7u sa premi\u00e8re commande de Nike. Depuis lors, le [&hellip;]","og_url":"https:\/\/librairie7l.com\/en\/produit\/gabriel-moses-regina-2\/","og_site_name":"Librairie 7L","article_modified_time":"2026-04-08T00:06:10+00:00","og_image":[{"width":402,"height":500,"url":"https:\/\/librairie7l.com\/wp-content\/uploads\/2024\/01\/9783791377193_1_75.jpg","type":"image\/jpeg"}],"twitter_card":"summary_large_image","twitter_misc":{"Est. reading time":"1 minute"},"schema":{"@context":"https:\/\/schema.org","@graph":[{"@type":"WebPage","@id":"https:\/\/librairie7l.com\/en\/produit\/gabriel-moses-regina-2\/","url":"https:\/\/librairie7l.com\/en\/produit\/gabriel-moses-regina-2\/","name":"Gabriel Moses : Regina - Librairie 7L","isPartOf":{"@id":"https:\/\/librairie7l.com\/en\/#website"},"datePublished":"2025-05-15T15:37:25+00:00","dateModified":"2026-04-08T00:06:10+00:00","breadcrumb":{"@id":"https:\/\/librairie7l.com\/en\/produit\/gabriel-moses-regina-2\/#breadcrumb"},"inLanguage":"en-US","potentialAction":[{"@type":"ReadAction","target":["https:\/\/librairie7l.com\/en\/produit\/gabriel-moses-regina-2\/"]}]},{"@type":"BreadcrumbList","@id":"https:\/\/librairie7l.com\/en\/produit\/gabriel-moses-regina-2\/#breadcrumb","itemListElement":[{"@type":"ListItem","position":1,"name":"Accueil","item":"https:\/\/librairie7l.com\/en\/"},{"@type":"ListItem","position":2,"name":"Shop","item":"https:\/\/librairie7l.com\/en\/shop\/"},{"@type":"ListItem","position":3,"name":"GABRIEL MOSES : REGINA"}]},{"@type":"WebSite","@id":"https:\/\/librairie7l.com\/en\/#website","url":"https:\/\/librairie7l.com\/en\/","name":"Librairie 7L","description":"Librairie fond\u00e9e en 1999 par Karl Lagerfeld \u00e0 Paris","publisher":{"@id":"https:\/\/librairie7l.com\/en\/#organization"},"potentialAction":[{"@type":"SearchAction","target":{"@type":"EntryPoint","urlTemplate":"https:\/\/librairie7l.com\/en\/?s={search_term_string}"},"query-input":"required name=search_term_string"}],"inLanguage":"en-US"},{"@type":"Organization","@id":"https:\/\/librairie7l.com\/en\/#organization","name":"Librairie 7L","url":"https:\/\/librairie7l.com\/en\/","logo":{"@type":"ImageObject","inLanguage":"en-US","@id":"https:\/\/librairie7l.com\/en\/#\/schema\/logo\/image\/","url":"https:\/\/librairie7l.com\/wp-content\/uploads\/2022\/08\/logo-1.png","contentUrl":"https:\/\/librairie7l.com\/wp-content\/uploads\/2022\/08\/logo-1.png","width":227,"height":301,"caption":"Librairie 7L"},"image":{"@id":"https:\/\/librairie7l.com\/en\/#\/schema\/logo\/image\/"}}]}},"_links":{"self":[{"href":"https:\/\/librairie7l.com\/en\/wp-json\/wp\/v2\/product\/48026"}],"collection":[{"href":"https:\/\/librairie7l.com\/en\/wp-json\/wp\/v2\/product"}],"about":[{"href":"https:\/\/librairie7l.com\/en\/wp-json\/wp\/v2\/types\/product"}],"wp:featuredmedia":[{"embeddable":true,"href":"https:\/\/librairie7l.com\/en\/wp-json\/wp\/v2\/media\/48024"}],"wp:attachment":[{"href":"https:\/\/librairie7l.com\/en\/wp-json\/wp\/v2\/media?parent=48026"}],"wp:term":[{"taxonomy":"product_cat","embeddable":true,"href":"https:\/\/librairie7l.com\/en\/wp-json\/wp\/v2\/product_cat?post=48026"},{"taxonomy":"product_tag","embeddable":true,"href":"https:\/\/librairie7l.com\/en\/wp-json\/wp\/v2\/product_tag?post=48026"}],"curies":[{"name":"wp","href":"https:\/\/api.w.org\/{rel}","templated":true}]}}