{"id":48038,"date":"2025-05-18T21:37:37","date_gmt":"2025-05-18T19:37:37","guid":{"rendered":"https:\/\/librairie7l.com\/?post_type=product&#038;p=48038"},"modified":"2026-04-08T02:20:40","modified_gmt":"2026-04-08T00:20:40","slug":"miscellanees-lelegance-de-la-langue-francaise-2","status":"publish","type":"product","link":"https:\/\/librairie7l.com\/en\/produit\/miscellanees-lelegance-de-la-langue-francaise-2\/","title":{"rendered":"MISCELLAN\u00c9ES : L&#8217;\u00c9L\u00c9GANCE DE LA LANGUE FRAN\u00c7AISE"},"content":{"rendered":"<p>Sous la houlette de Karine Dijoud, attach\u00e9e \u00e0 faire rayonner notre langue avec passion et \u00e9l\u00e9gance, le fran\u00e7ais vous semblera plus glamour que jamais !<br \/>\n&#8221; Ma\u00eetriser la langue fran\u00e7aise permet de s&#8217;accorder ensuite fantaisie et libert\u00e9. &#8221; Karine Dijoud<\/p>\n<p>Comment esquiver les pl\u00e9onasmes ? Quel usage faire des grandes figures de style ? Qu&#8217;est-ce qu&#8217;une \u00e9ph\u00e9lide, et d&#8217;o\u00f9 provient ce nom ?<\/p>\n<p>Voici une invitation \u00e0 musarder parmi les merveilles de notre langue pour en saisir toute l&#8217;\u00e9l\u00e9gance et la manier avec assurance. Dans ces Miscellan\u00e9es, la professeure de Lettres classiques Karine Dijoud, cr\u00e9atrice du compte Instagram Les Parenth\u00e8ses \u00e9l\u00e9mentaires, dispense ses connaissances \u00e0 l&#8217;attention de tous les amoureux de langue fran\u00e7aise. Une &#8221; promenade d\u00e9licieuse &#8221; et \u00e9rudite, jalonn\u00e9e d&#8217;histoires de mots, d&#8217;\u00e9tymologies, de citations litt\u00e9raires&#8230; mais aussi de conseils pour mieux s&#8217;exprimer \u00e0 l&#8217;\u00e9crit comme \u00e0 l&#8217;oral.<\/p>\n<p>Sous la houlette de Karine Dijoud, attach\u00e9e \u00e0 faire rayonner notre langue avec passion, le fran\u00e7ais vous semblera plus glamour que jamais !<\/p>\n","protected":false},"excerpt":{"rendered":"<p>Sous la houlette de Karine Dijoud, attach\u00e9e \u00e0 faire rayonner notre langue avec passion et \u00e9l\u00e9gance, le fran\u00e7ais vous semblera plus glamour que jamais ! &#8221; Ma\u00eetriser la langue fran\u00e7aise permet de s&#8217;accorder ensuite fantaisie et libert\u00e9. &#8221; Karine Dijoud Comment esquiver les pl\u00e9onasmes ? Quel usage faire des grandes figures de style ? Qu&#8217;est-ce [&hellip;]<\/p>\n","protected":false},"featured_media":48036,"template":"","meta":[],"product_cat":[7364,2948],"product_tag":[],"acf":[],"yoast_head":"<!-- This site is optimized with the Yoast SEO plugin v20.11 - https:\/\/yoast.com\/wordpress\/plugins\/seo\/ -->\n<title>Miscellan\u00e9es : L&#039;\u00e9l\u00e9gance de la langue fran\u00e7aise - Librairie 7L<\/title>\n<meta name=\"robots\" content=\"index, follow, max-snippet:-1, max-image-preview:large, max-video-preview:-1\" \/>\n<link rel=\"canonical\" href=\"https:\/\/librairie7l.com\/en\/produit\/miscellanees-lelegance-de-la-langue-francaise-2\/\" \/>\n<meta property=\"og:locale\" content=\"en_US\" \/>\n<meta property=\"og:type\" content=\"article\" \/>\n<meta property=\"og:title\" content=\"Miscellan\u00e9es : L&#039;\u00e9l\u00e9gance de la langue fran\u00e7aise - Librairie 7L\" \/>\n<meta property=\"og:description\" content=\"Sous la houlette de Karine Dijoud, attach\u00e9e \u00e0 faire rayonner notre langue avec passion et \u00e9l\u00e9gance, le fran\u00e7ais vous semblera plus glamour que jamais ! &#8221; Ma\u00eetriser la langue fran\u00e7aise permet de s&#8217;accorder ensuite fantaisie et libert\u00e9. &#8221; Karine Dijoud Comment esquiver les pl\u00e9onasmes ? Quel usage faire des grandes figures de style ? Qu&#8217;est-ce [&hellip;]\" \/>\n<meta property=\"og:url\" content=\"https:\/\/librairie7l.com\/en\/produit\/miscellanees-lelegance-de-la-langue-francaise-2\/\" \/>\n<meta property=\"og:site_name\" content=\"Librairie 7L\" \/>\n<meta property=\"article:modified_time\" content=\"2026-04-08T00:20:40+00:00\" \/>\n<meta property=\"og:image\" content=\"https:\/\/librairie7l.com\/wp-content\/uploads\/2024\/06\/9782321020295_1_75.jpg\" \/>\n\t<meta property=\"og:image:width\" content=\"400\" \/>\n\t<meta property=\"og:image:height\" content=\"559\" \/>\n\t<meta property=\"og:image:type\" content=\"image\/jpeg\" \/>\n<meta name=\"twitter:card\" content=\"summary_large_image\" \/>\n<meta name=\"twitter:label1\" content=\"Est. reading time\" \/>\n\t<meta name=\"twitter:data1\" content=\"1 minute\" \/>\n<script type=\"application\/ld+json\" class=\"yoast-schema-graph\">{\"@context\":\"https:\/\/schema.org\",\"@graph\":[{\"@type\":\"WebPage\",\"@id\":\"https:\/\/librairie7l.com\/en\/produit\/miscellanees-lelegance-de-la-langue-francaise-2\/\",\"url\":\"https:\/\/librairie7l.com\/en\/produit\/miscellanees-lelegance-de-la-langue-francaise-2\/\",\"name\":\"Miscellan\u00e9es : L'\u00e9l\u00e9gance de la langue fran\u00e7aise - Librairie 7L\",\"isPartOf\":{\"@id\":\"https:\/\/librairie7l.com\/en\/#website\"},\"datePublished\":\"2025-05-18T19:37:37+00:00\",\"dateModified\":\"2026-04-08T00:20:40+00:00\",\"breadcrumb\":{\"@id\":\"https:\/\/librairie7l.com\/en\/produit\/miscellanees-lelegance-de-la-langue-francaise-2\/#breadcrumb\"},\"inLanguage\":\"en-US\",\"potentialAction\":[{\"@type\":\"ReadAction\",\"target\":[\"https:\/\/librairie7l.com\/en\/produit\/miscellanees-lelegance-de-la-langue-francaise-2\/\"]}]},{\"@type\":\"BreadcrumbList\",\"@id\":\"https:\/\/librairie7l.com\/en\/produit\/miscellanees-lelegance-de-la-langue-francaise-2\/#breadcrumb\",\"itemListElement\":[{\"@type\":\"ListItem\",\"position\":1,\"name\":\"Accueil\",\"item\":\"https:\/\/librairie7l.com\/en\/\"},{\"@type\":\"ListItem\",\"position\":2,\"name\":\"Shop\",\"item\":\"https:\/\/librairie7l.com\/en\/shop\/\"},{\"@type\":\"ListItem\",\"position\":3,\"name\":\"MISCELLAN\u00c9ES : L&#8217;\u00c9L\u00c9GANCE DE LA LANGUE FRAN\u00c7AISE\"}]},{\"@type\":\"WebSite\",\"@id\":\"https:\/\/librairie7l.com\/en\/#website\",\"url\":\"https:\/\/librairie7l.com\/en\/\",\"name\":\"Librairie 7L\",\"description\":\"Librairie fond\u00e9e en 1999 par Karl Lagerfeld \u00e0 Paris\",\"publisher\":{\"@id\":\"https:\/\/librairie7l.com\/en\/#organization\"},\"potentialAction\":[{\"@type\":\"SearchAction\",\"target\":{\"@type\":\"EntryPoint\",\"urlTemplate\":\"https:\/\/librairie7l.com\/en\/?s={search_term_string}\"},\"query-input\":\"required name=search_term_string\"}],\"inLanguage\":\"en-US\"},{\"@type\":\"Organization\",\"@id\":\"https:\/\/librairie7l.com\/en\/#organization\",\"name\":\"Librairie 7L\",\"url\":\"https:\/\/librairie7l.com\/en\/\",\"logo\":{\"@type\":\"ImageObject\",\"inLanguage\":\"en-US\",\"@id\":\"https:\/\/librairie7l.com\/en\/#\/schema\/logo\/image\/\",\"url\":\"https:\/\/librairie7l.com\/wp-content\/uploads\/2022\/08\/logo-1.png\",\"contentUrl\":\"https:\/\/librairie7l.com\/wp-content\/uploads\/2022\/08\/logo-1.png\",\"width\":227,\"height\":301,\"caption\":\"Librairie 7L\"},\"image\":{\"@id\":\"https:\/\/librairie7l.com\/en\/#\/schema\/logo\/image\/\"}}]}<\/script>\n<!-- \/ Yoast SEO plugin. -->","yoast_head_json":{"title":"Miscellan\u00e9es : L'\u00e9l\u00e9gance de la langue fran\u00e7aise - Librairie 7L","robots":{"index":"index","follow":"follow","max-snippet":"max-snippet:-1","max-image-preview":"max-image-preview:large","max-video-preview":"max-video-preview:-1"},"canonical":"https:\/\/librairie7l.com\/en\/produit\/miscellanees-lelegance-de-la-langue-francaise-2\/","og_locale":"en_US","og_type":"article","og_title":"Miscellan\u00e9es : L'\u00e9l\u00e9gance de la langue fran\u00e7aise - Librairie 7L","og_description":"Sous la houlette de Karine Dijoud, attach\u00e9e \u00e0 faire rayonner notre langue avec passion et \u00e9l\u00e9gance, le fran\u00e7ais vous semblera plus glamour que jamais ! &#8221; Ma\u00eetriser la langue fran\u00e7aise permet de s&#8217;accorder ensuite fantaisie et libert\u00e9. &#8221; Karine Dijoud Comment esquiver les pl\u00e9onasmes ? Quel usage faire des grandes figures de style ? Qu&#8217;est-ce [&hellip;]","og_url":"https:\/\/librairie7l.com\/en\/produit\/miscellanees-lelegance-de-la-langue-francaise-2\/","og_site_name":"Librairie 7L","article_modified_time":"2026-04-08T00:20:40+00:00","og_image":[{"width":400,"height":559,"url":"https:\/\/librairie7l.com\/wp-content\/uploads\/2024\/06\/9782321020295_1_75.jpg","type":"image\/jpeg"}],"twitter_card":"summary_large_image","twitter_misc":{"Est. reading time":"1 minute"},"schema":{"@context":"https:\/\/schema.org","@graph":[{"@type":"WebPage","@id":"https:\/\/librairie7l.com\/en\/produit\/miscellanees-lelegance-de-la-langue-francaise-2\/","url":"https:\/\/librairie7l.com\/en\/produit\/miscellanees-lelegance-de-la-langue-francaise-2\/","name":"Miscellan\u00e9es : L'\u00e9l\u00e9gance de la langue fran\u00e7aise - Librairie 7L","isPartOf":{"@id":"https:\/\/librairie7l.com\/en\/#website"},"datePublished":"2025-05-18T19:37:37+00:00","dateModified":"2026-04-08T00:20:40+00:00","breadcrumb":{"@id":"https:\/\/librairie7l.com\/en\/produit\/miscellanees-lelegance-de-la-langue-francaise-2\/#breadcrumb"},"inLanguage":"en-US","potentialAction":[{"@type":"ReadAction","target":["https:\/\/librairie7l.com\/en\/produit\/miscellanees-lelegance-de-la-langue-francaise-2\/"]}]},{"@type":"BreadcrumbList","@id":"https:\/\/librairie7l.com\/en\/produit\/miscellanees-lelegance-de-la-langue-francaise-2\/#breadcrumb","itemListElement":[{"@type":"ListItem","position":1,"name":"Accueil","item":"https:\/\/librairie7l.com\/en\/"},{"@type":"ListItem","position":2,"name":"Shop","item":"https:\/\/librairie7l.com\/en\/shop\/"},{"@type":"ListItem","position":3,"name":"MISCELLAN\u00c9ES : L&#8217;\u00c9L\u00c9GANCE DE LA LANGUE FRAN\u00c7AISE"}]},{"@type":"WebSite","@id":"https:\/\/librairie7l.com\/en\/#website","url":"https:\/\/librairie7l.com\/en\/","name":"Librairie 7L","description":"Librairie fond\u00e9e en 1999 par Karl Lagerfeld \u00e0 Paris","publisher":{"@id":"https:\/\/librairie7l.com\/en\/#organization"},"potentialAction":[{"@type":"SearchAction","target":{"@type":"EntryPoint","urlTemplate":"https:\/\/librairie7l.com\/en\/?s={search_term_string}"},"query-input":"required name=search_term_string"}],"inLanguage":"en-US"},{"@type":"Organization","@id":"https:\/\/librairie7l.com\/en\/#organization","name":"Librairie 7L","url":"https:\/\/librairie7l.com\/en\/","logo":{"@type":"ImageObject","inLanguage":"en-US","@id":"https:\/\/librairie7l.com\/en\/#\/schema\/logo\/image\/","url":"https:\/\/librairie7l.com\/wp-content\/uploads\/2022\/08\/logo-1.png","contentUrl":"https:\/\/librairie7l.com\/wp-content\/uploads\/2022\/08\/logo-1.png","width":227,"height":301,"caption":"Librairie 7L"},"image":{"@id":"https:\/\/librairie7l.com\/en\/#\/schema\/logo\/image\/"}}]}},"_links":{"self":[{"href":"https:\/\/librairie7l.com\/en\/wp-json\/wp\/v2\/product\/48038"}],"collection":[{"href":"https:\/\/librairie7l.com\/en\/wp-json\/wp\/v2\/product"}],"about":[{"href":"https:\/\/librairie7l.com\/en\/wp-json\/wp\/v2\/types\/product"}],"wp:featuredmedia":[{"embeddable":true,"href":"https:\/\/librairie7l.com\/en\/wp-json\/wp\/v2\/media\/48036"}],"wp:attachment":[{"href":"https:\/\/librairie7l.com\/en\/wp-json\/wp\/v2\/media?parent=48038"}],"wp:term":[{"taxonomy":"product_cat","embeddable":true,"href":"https:\/\/librairie7l.com\/en\/wp-json\/wp\/v2\/product_cat?post=48038"},{"taxonomy":"product_tag","embeddable":true,"href":"https:\/\/librairie7l.com\/en\/wp-json\/wp\/v2\/product_tag?post=48038"}],"curies":[{"name":"wp","href":"https:\/\/api.w.org\/{rel}","templated":true}]}}