{"id":48054,"date":"2025-05-20T16:00:55","date_gmt":"2025-05-20T14:00:55","guid":{"rendered":"https:\/\/librairie7l.com\/?post_type=product&#038;p=48054"},"modified":"2026-04-08T03:06:07","modified_gmt":"2026-04-08T01:06:07","slug":"louvre-couture-objets-dart-objets-de-mode-au-musee-du-louvre-album-officiel-2","status":"publish","type":"product","link":"https:\/\/librairie7l.com\/en\/produit\/louvre-couture-objets-dart-objets-de-mode-au-musee-du-louvre-album-officiel-2\/","title":{"rendered":"LOUVRE COUTURE : OBJETS D&#8217;ART, OBJETS DE MODE AU MUS\u00c9E DU LOUVRE, ALBUM OFFICIEL"},"content":{"rendered":"<p>La Haute-Couture s&#8217;invite au Louvre. Pour la premi\u00e8re fois, le mus\u00e9e du Louvre s&#8217;ouvre \u00e0 la mode et entreprend un dialogue f\u00e9cond entre les plus belles cr\u00e9ations de mode et le d\u00e9partement des objets d&#8217;art du mus\u00e9e, montrant ainsi comment les objets pr\u00e9cieux, de Byzance au Second Empire, ont nourri l&#8217;imaginaire des cr\u00e9ateurs, tant par leurs motifs que par leurs techniques ou par les mat\u00e9riaux utilis\u00e9s.<\/p>\n<p>Parmi la quarantaine de cr\u00e9ateurs, de 1960 \u00e0 aujourd&#8217;hui?: Chanel, Dior, Yves Saint Laurent, Dolce &amp; Gabbana, Balenciaga, ou encore Carven&#8230; mais aussi de jeunes talents montants. L&#8217;exposition rend aussi hommage \u00e0 la trop m\u00e9connue Marie-Louise Carven, immense couturi\u00e8re et fondatrice de la maison Carven. Grande collectionneuse d&#8217;art, elle fait don d&#8217;une centaine d&#8217;objets fran\u00e7ais du xviiie si\u00e8cle au mus\u00e9e, en 1973.<\/p>\n<p>S&#8217;associant au mus\u00e9e du Louvre, Beaux Arts \u00c9ditions publie l&#8217;album officiel de l&#8217;exposition, revenant sur les influences entre arts d\u00e9coratifs et mode, un dialogue omnipr\u00e9sent aujourd&#8217;hui. La publication mettra en valeur la sc\u00e9nographie exceptionnelle avec une campagne de photographies exclusives.<\/p>\n","protected":false},"excerpt":{"rendered":"<p>La Haute-Couture s&#8217;invite au Louvre. Pour la premi\u00e8re fois, le mus\u00e9e du Louvre s&#8217;ouvre \u00e0 la mode et entreprend un dialogue f\u00e9cond entre les plus belles cr\u00e9ations de mode et le d\u00e9partement des objets d&#8217;art du mus\u00e9e, montrant ainsi comment les objets pr\u00e9cieux, de Byzance au Second Empire, ont nourri l&#8217;imaginaire des cr\u00e9ateurs, tant par [&hellip;]<\/p>\n","protected":false},"featured_media":48052,"template":"","meta":[],"product_cat":[7364,2948],"product_tag":[],"acf":[],"yoast_head":"<!-- This site is optimized with the Yoast SEO plugin v20.11 - https:\/\/yoast.com\/wordpress\/plugins\/seo\/ -->\n<title>Louvre couture : objets d&#039;art, objets de mode au Mus\u00e9e du Louvre, album officiel - Librairie 7L<\/title>\n<meta name=\"robots\" content=\"index, follow, max-snippet:-1, max-image-preview:large, max-video-preview:-1\" \/>\n<link rel=\"canonical\" href=\"https:\/\/librairie7l.com\/en\/produit\/louvre-couture-objets-dart-objets-de-mode-au-musee-du-louvre-album-officiel-2\/\" \/>\n<meta property=\"og:locale\" content=\"en_US\" \/>\n<meta property=\"og:type\" content=\"article\" \/>\n<meta property=\"og:title\" content=\"Louvre couture : objets d&#039;art, objets de mode au Mus\u00e9e du Louvre, album officiel - Librairie 7L\" \/>\n<meta property=\"og:description\" content=\"La Haute-Couture s&#8217;invite au Louvre. Pour la premi\u00e8re fois, le mus\u00e9e du Louvre s&#8217;ouvre \u00e0 la mode et entreprend un dialogue f\u00e9cond entre les plus belles cr\u00e9ations de mode et le d\u00e9partement des objets d&#8217;art du mus\u00e9e, montrant ainsi comment les objets pr\u00e9cieux, de Byzance au Second Empire, ont nourri l&#8217;imaginaire des cr\u00e9ateurs, tant par [&hellip;]\" \/>\n<meta property=\"og:url\" content=\"https:\/\/librairie7l.com\/en\/produit\/louvre-couture-objets-dart-objets-de-mode-au-musee-du-louvre-album-officiel-2\/\" \/>\n<meta property=\"og:site_name\" content=\"Librairie 7L\" \/>\n<meta property=\"article:modified_time\" content=\"2026-04-08T01:06:07+00:00\" \/>\n<meta property=\"og:image\" content=\"https:\/\/librairie7l.com\/wp-content\/uploads\/2024\/08\/9791020409560_1_75.jpg\" \/>\n\t<meta property=\"og:image:width\" content=\"600\" \/>\n\t<meta property=\"og:image:height\" content=\"777\" \/>\n\t<meta property=\"og:image:type\" content=\"image\/jpeg\" \/>\n<meta name=\"twitter:card\" content=\"summary_large_image\" \/>\n<meta name=\"twitter:label1\" content=\"Est. reading time\" \/>\n\t<meta name=\"twitter:data1\" content=\"1 minute\" \/>\n<script type=\"application\/ld+json\" class=\"yoast-schema-graph\">{\"@context\":\"https:\/\/schema.org\",\"@graph\":[{\"@type\":\"WebPage\",\"@id\":\"https:\/\/librairie7l.com\/en\/produit\/louvre-couture-objets-dart-objets-de-mode-au-musee-du-louvre-album-officiel-2\/\",\"url\":\"https:\/\/librairie7l.com\/en\/produit\/louvre-couture-objets-dart-objets-de-mode-au-musee-du-louvre-album-officiel-2\/\",\"name\":\"Louvre couture : objets d'art, objets de mode au Mus\u00e9e du Louvre, album officiel - Librairie 7L\",\"isPartOf\":{\"@id\":\"https:\/\/librairie7l.com\/en\/#website\"},\"datePublished\":\"2025-05-20T14:00:55+00:00\",\"dateModified\":\"2026-04-08T01:06:07+00:00\",\"breadcrumb\":{\"@id\":\"https:\/\/librairie7l.com\/en\/produit\/louvre-couture-objets-dart-objets-de-mode-au-musee-du-louvre-album-officiel-2\/#breadcrumb\"},\"inLanguage\":\"en-US\",\"potentialAction\":[{\"@type\":\"ReadAction\",\"target\":[\"https:\/\/librairie7l.com\/en\/produit\/louvre-couture-objets-dart-objets-de-mode-au-musee-du-louvre-album-officiel-2\/\"]}]},{\"@type\":\"BreadcrumbList\",\"@id\":\"https:\/\/librairie7l.com\/en\/produit\/louvre-couture-objets-dart-objets-de-mode-au-musee-du-louvre-album-officiel-2\/#breadcrumb\",\"itemListElement\":[{\"@type\":\"ListItem\",\"position\":1,\"name\":\"Accueil\",\"item\":\"https:\/\/librairie7l.com\/en\/\"},{\"@type\":\"ListItem\",\"position\":2,\"name\":\"Shop\",\"item\":\"https:\/\/librairie7l.com\/en\/shop\/\"},{\"@type\":\"ListItem\",\"position\":3,\"name\":\"LOUVRE COUTURE : OBJETS D&#8217;ART, OBJETS DE MODE AU MUS\u00c9E DU LOUVRE, ALBUM OFFICIEL\"}]},{\"@type\":\"WebSite\",\"@id\":\"https:\/\/librairie7l.com\/en\/#website\",\"url\":\"https:\/\/librairie7l.com\/en\/\",\"name\":\"Librairie 7L\",\"description\":\"Librairie fond\u00e9e en 1999 par Karl Lagerfeld \u00e0 Paris\",\"publisher\":{\"@id\":\"https:\/\/librairie7l.com\/en\/#organization\"},\"potentialAction\":[{\"@type\":\"SearchAction\",\"target\":{\"@type\":\"EntryPoint\",\"urlTemplate\":\"https:\/\/librairie7l.com\/en\/?s={search_term_string}\"},\"query-input\":\"required name=search_term_string\"}],\"inLanguage\":\"en-US\"},{\"@type\":\"Organization\",\"@id\":\"https:\/\/librairie7l.com\/en\/#organization\",\"name\":\"Librairie 7L\",\"url\":\"https:\/\/librairie7l.com\/en\/\",\"logo\":{\"@type\":\"ImageObject\",\"inLanguage\":\"en-US\",\"@id\":\"https:\/\/librairie7l.com\/en\/#\/schema\/logo\/image\/\",\"url\":\"https:\/\/librairie7l.com\/wp-content\/uploads\/2022\/08\/logo-1.png\",\"contentUrl\":\"https:\/\/librairie7l.com\/wp-content\/uploads\/2022\/08\/logo-1.png\",\"width\":227,\"height\":301,\"caption\":\"Librairie 7L\"},\"image\":{\"@id\":\"https:\/\/librairie7l.com\/en\/#\/schema\/logo\/image\/\"}}]}<\/script>\n<!-- \/ Yoast SEO plugin. -->","yoast_head_json":{"title":"Louvre couture : objets d'art, objets de mode au Mus\u00e9e du Louvre, album officiel - Librairie 7L","robots":{"index":"index","follow":"follow","max-snippet":"max-snippet:-1","max-image-preview":"max-image-preview:large","max-video-preview":"max-video-preview:-1"},"canonical":"https:\/\/librairie7l.com\/en\/produit\/louvre-couture-objets-dart-objets-de-mode-au-musee-du-louvre-album-officiel-2\/","og_locale":"en_US","og_type":"article","og_title":"Louvre couture : objets d'art, objets de mode au Mus\u00e9e du Louvre, album officiel - Librairie 7L","og_description":"La Haute-Couture s&#8217;invite au Louvre. Pour la premi\u00e8re fois, le mus\u00e9e du Louvre s&#8217;ouvre \u00e0 la mode et entreprend un dialogue f\u00e9cond entre les plus belles cr\u00e9ations de mode et le d\u00e9partement des objets d&#8217;art du mus\u00e9e, montrant ainsi comment les objets pr\u00e9cieux, de Byzance au Second Empire, ont nourri l&#8217;imaginaire des cr\u00e9ateurs, tant par [&hellip;]","og_url":"https:\/\/librairie7l.com\/en\/produit\/louvre-couture-objets-dart-objets-de-mode-au-musee-du-louvre-album-officiel-2\/","og_site_name":"Librairie 7L","article_modified_time":"2026-04-08T01:06:07+00:00","og_image":[{"width":600,"height":777,"url":"https:\/\/librairie7l.com\/wp-content\/uploads\/2024\/08\/9791020409560_1_75.jpg","type":"image\/jpeg"}],"twitter_card":"summary_large_image","twitter_misc":{"Est. reading time":"1 minute"},"schema":{"@context":"https:\/\/schema.org","@graph":[{"@type":"WebPage","@id":"https:\/\/librairie7l.com\/en\/produit\/louvre-couture-objets-dart-objets-de-mode-au-musee-du-louvre-album-officiel-2\/","url":"https:\/\/librairie7l.com\/en\/produit\/louvre-couture-objets-dart-objets-de-mode-au-musee-du-louvre-album-officiel-2\/","name":"Louvre couture : objets d'art, objets de mode au Mus\u00e9e du Louvre, album officiel - Librairie 7L","isPartOf":{"@id":"https:\/\/librairie7l.com\/en\/#website"},"datePublished":"2025-05-20T14:00:55+00:00","dateModified":"2026-04-08T01:06:07+00:00","breadcrumb":{"@id":"https:\/\/librairie7l.com\/en\/produit\/louvre-couture-objets-dart-objets-de-mode-au-musee-du-louvre-album-officiel-2\/#breadcrumb"},"inLanguage":"en-US","potentialAction":[{"@type":"ReadAction","target":["https:\/\/librairie7l.com\/en\/produit\/louvre-couture-objets-dart-objets-de-mode-au-musee-du-louvre-album-officiel-2\/"]}]},{"@type":"BreadcrumbList","@id":"https:\/\/librairie7l.com\/en\/produit\/louvre-couture-objets-dart-objets-de-mode-au-musee-du-louvre-album-officiel-2\/#breadcrumb","itemListElement":[{"@type":"ListItem","position":1,"name":"Accueil","item":"https:\/\/librairie7l.com\/en\/"},{"@type":"ListItem","position":2,"name":"Shop","item":"https:\/\/librairie7l.com\/en\/shop\/"},{"@type":"ListItem","position":3,"name":"LOUVRE COUTURE : OBJETS D&#8217;ART, OBJETS DE MODE AU MUS\u00c9E DU LOUVRE, ALBUM OFFICIEL"}]},{"@type":"WebSite","@id":"https:\/\/librairie7l.com\/en\/#website","url":"https:\/\/librairie7l.com\/en\/","name":"Librairie 7L","description":"Librairie fond\u00e9e en 1999 par Karl Lagerfeld \u00e0 Paris","publisher":{"@id":"https:\/\/librairie7l.com\/en\/#organization"},"potentialAction":[{"@type":"SearchAction","target":{"@type":"EntryPoint","urlTemplate":"https:\/\/librairie7l.com\/en\/?s={search_term_string}"},"query-input":"required name=search_term_string"}],"inLanguage":"en-US"},{"@type":"Organization","@id":"https:\/\/librairie7l.com\/en\/#organization","name":"Librairie 7L","url":"https:\/\/librairie7l.com\/en\/","logo":{"@type":"ImageObject","inLanguage":"en-US","@id":"https:\/\/librairie7l.com\/en\/#\/schema\/logo\/image\/","url":"https:\/\/librairie7l.com\/wp-content\/uploads\/2022\/08\/logo-1.png","contentUrl":"https:\/\/librairie7l.com\/wp-content\/uploads\/2022\/08\/logo-1.png","width":227,"height":301,"caption":"Librairie 7L"},"image":{"@id":"https:\/\/librairie7l.com\/en\/#\/schema\/logo\/image\/"}}]}},"_links":{"self":[{"href":"https:\/\/librairie7l.com\/en\/wp-json\/wp\/v2\/product\/48054"}],"collection":[{"href":"https:\/\/librairie7l.com\/en\/wp-json\/wp\/v2\/product"}],"about":[{"href":"https:\/\/librairie7l.com\/en\/wp-json\/wp\/v2\/types\/product"}],"wp:featuredmedia":[{"embeddable":true,"href":"https:\/\/librairie7l.com\/en\/wp-json\/wp\/v2\/media\/48052"}],"wp:attachment":[{"href":"https:\/\/librairie7l.com\/en\/wp-json\/wp\/v2\/media?parent=48054"}],"wp:term":[{"taxonomy":"product_cat","embeddable":true,"href":"https:\/\/librairie7l.com\/en\/wp-json\/wp\/v2\/product_cat?post=48054"},{"taxonomy":"product_tag","embeddable":true,"href":"https:\/\/librairie7l.com\/en\/wp-json\/wp\/v2\/product_tag?post=48054"}],"curies":[{"name":"wp","href":"https:\/\/api.w.org\/{rel}","templated":true}]}}