{"id":48063,"date":"2025-05-21T09:17:43","date_gmt":"2025-05-21T07:17:43","guid":{"rendered":"https:\/\/librairie7l.com\/?post_type=product&#038;p=48063"},"modified":"2026-04-23T09:40:13","modified_gmt":"2026-04-23T07:40:13","slug":"joailliers-de-legende-2","status":"publish","type":"product","link":"https:\/\/librairie7l.com\/en\/produit\/joailliers-de-legende-2\/","title":{"rendered":"JOAILLIERS DE L\u00c9GENDE"},"content":{"rendered":"<p>La haute joaillerie a son histoire : ses plus anciennes dynasties, peupl\u00e9es de cr\u00e9ateurs hors pair, l&#8217;ont \u00e9crite \u00e0 force d&#8217;ing\u00e9niosit\u00e9, d&#8217;inventivit\u00e9 et de d\u00e9fis artistiques.<br \/>\nC\u00e9l\u00e8bres pour l&#8217;originalit\u00e9 de leur style, leur puissant savoir-faire, les grandes maisons joailli\u00e8res acquirent leur r\u00e9putation \u00e0 travers les commandes des souverains et de l&#8217;aristocratie. Louis XIV, Marie-Antoinette, les tsars de Russie, des maharadjas, Napol\u00e9on (qui choisit Chaumet pour cr\u00e9er le diad\u00e8me du sacre de Jos\u00e9phine), le duc et la duchesse de Windsor (\u00e0 l&#8217;origine de bijoux mythiques comme la panth\u00e8re de Cartier), tous contribu\u00e8rent \u00e0 lancer des modes qui stimul\u00e8rent la cr\u00e9ation des orf\u00e8vres. Ceux-ci tiss\u00e8rent ainsi des liens \u00e9troits entre les lapidaires, les bijoutiers et les sertisseurs.<br \/>\nSi Van Cleef &amp; Arpels confectionna la couronne de l&#8217;imp\u00e9ratrice d&#8217;Iran Farah Pahlavi, Mellerio fut le joaillier pr\u00e9f\u00e9r\u00e9 des reines et Cartier, surnomm\u00e9 par le roi d&#8217;Angleterre Edouard VII, &#8221; le joaillier des rois, le roi des joailliers &#8221; fut leur \u00e9gal.<br \/>\nBuccellati, Faberg\u00e9, Harry Winston, Boucheron, Garrard, Lalique, Tiffany, Piaget, Bulgari, Fred, Mauboussin parvinrent, au terme de recherches acharn\u00e9es, \u00e0 m\u00ealer l&#8217;\u00e9l\u00e9gance discr\u00e8te, le raffinement, le go\u00fbt de l&#8217;innovation, le design, \u00e0 des m\u00e9caniques horlog\u00e8res de plus en plus complexes, \u00e0 des techniques de plus en plus sophistiqu\u00e9es. Ils ne cess\u00e8rent de chercher et de ch\u00e9rir les pierres les plus exceptionnelles pour donner naissance \u00e0 des pi\u00e8ces incomparables de beaut\u00e9.<\/p>\n","protected":false},"excerpt":{"rendered":"<p>La haute joaillerie a son histoire : ses plus anciennes dynasties, peupl\u00e9es de cr\u00e9ateurs hors pair, l&#8217;ont \u00e9crite \u00e0 force d&#8217;ing\u00e9niosit\u00e9, d&#8217;inventivit\u00e9 et de d\u00e9fis artistiques. C\u00e9l\u00e8bres pour l&#8217;originalit\u00e9 de leur style, leur puissant savoir-faire, les grandes maisons joailli\u00e8res acquirent leur r\u00e9putation \u00e0 travers les commandes des souverains et de l&#8217;aristocratie. Louis XIV, Marie-Antoinette, les [&hellip;]<\/p>\n","protected":false},"featured_media":48831,"template":"","meta":[],"product_cat":[2948],"product_tag":[],"acf":[],"yoast_head":"<!-- This site is optimized with the Yoast SEO plugin v20.11 - https:\/\/yoast.com\/wordpress\/plugins\/seo\/ -->\n<title>Joailliers de l\u00e9gende - Librairie 7L<\/title>\n<meta name=\"robots\" content=\"index, follow, max-snippet:-1, max-image-preview:large, max-video-preview:-1\" \/>\n<link rel=\"canonical\" href=\"https:\/\/librairie7l.com\/en\/produit\/joailliers-de-legende-2\/\" \/>\n<meta property=\"og:locale\" content=\"en_US\" \/>\n<meta property=\"og:type\" content=\"article\" \/>\n<meta property=\"og:title\" content=\"Joailliers de l\u00e9gende - Librairie 7L\" \/>\n<meta property=\"og:description\" content=\"La haute joaillerie a son histoire : ses plus anciennes dynasties, peupl\u00e9es de cr\u00e9ateurs hors pair, l&#8217;ont \u00e9crite \u00e0 force d&#8217;ing\u00e9niosit\u00e9, d&#8217;inventivit\u00e9 et de d\u00e9fis artistiques. C\u00e9l\u00e8bres pour l&#8217;originalit\u00e9 de leur style, leur puissant savoir-faire, les grandes maisons joailli\u00e8res acquirent leur r\u00e9putation \u00e0 travers les commandes des souverains et de l&#8217;aristocratie. Louis XIV, Marie-Antoinette, les [&hellip;]\" \/>\n<meta property=\"og:url\" content=\"https:\/\/librairie7l.com\/en\/produit\/joailliers-de-legende-2\/\" \/>\n<meta property=\"og:site_name\" content=\"Librairie 7L\" \/>\n<meta property=\"article:modified_time\" content=\"2026-04-23T07:40:13+00:00\" \/>\n<meta name=\"twitter:card\" content=\"summary_large_image\" \/>\n<meta name=\"twitter:label1\" content=\"Est. reading time\" \/>\n\t<meta name=\"twitter:data1\" content=\"1 minute\" \/>\n<script type=\"application\/ld+json\" class=\"yoast-schema-graph\">{\"@context\":\"https:\/\/schema.org\",\"@graph\":[{\"@type\":\"WebPage\",\"@id\":\"https:\/\/librairie7l.com\/en\/produit\/joailliers-de-legende-2\/\",\"url\":\"https:\/\/librairie7l.com\/en\/produit\/joailliers-de-legende-2\/\",\"name\":\"Joailliers de l\u00e9gende - Librairie 7L\",\"isPartOf\":{\"@id\":\"https:\/\/librairie7l.com\/en\/#website\"},\"datePublished\":\"2025-05-21T07:17:43+00:00\",\"dateModified\":\"2026-04-23T07:40:13+00:00\",\"breadcrumb\":{\"@id\":\"https:\/\/librairie7l.com\/en\/produit\/joailliers-de-legende-2\/#breadcrumb\"},\"inLanguage\":\"en-US\",\"potentialAction\":[{\"@type\":\"ReadAction\",\"target\":[\"https:\/\/librairie7l.com\/en\/produit\/joailliers-de-legende-2\/\"]}]},{\"@type\":\"BreadcrumbList\",\"@id\":\"https:\/\/librairie7l.com\/en\/produit\/joailliers-de-legende-2\/#breadcrumb\",\"itemListElement\":[{\"@type\":\"ListItem\",\"position\":1,\"name\":\"Accueil\",\"item\":\"https:\/\/librairie7l.com\/en\/\"},{\"@type\":\"ListItem\",\"position\":2,\"name\":\"Shop\",\"item\":\"https:\/\/librairie7l.com\/en\/shop\/\"},{\"@type\":\"ListItem\",\"position\":3,\"name\":\"JOAILLIERS DE L\u00c9GENDE\"}]},{\"@type\":\"WebSite\",\"@id\":\"https:\/\/librairie7l.com\/en\/#website\",\"url\":\"https:\/\/librairie7l.com\/en\/\",\"name\":\"Librairie 7L\",\"description\":\"Librairie fond\u00e9e en 1999 par Karl Lagerfeld \u00e0 Paris\",\"publisher\":{\"@id\":\"https:\/\/librairie7l.com\/en\/#organization\"},\"potentialAction\":[{\"@type\":\"SearchAction\",\"target\":{\"@type\":\"EntryPoint\",\"urlTemplate\":\"https:\/\/librairie7l.com\/en\/?s={search_term_string}\"},\"query-input\":\"required name=search_term_string\"}],\"inLanguage\":\"en-US\"},{\"@type\":\"Organization\",\"@id\":\"https:\/\/librairie7l.com\/en\/#organization\",\"name\":\"Librairie 7L\",\"url\":\"https:\/\/librairie7l.com\/en\/\",\"logo\":{\"@type\":\"ImageObject\",\"inLanguage\":\"en-US\",\"@id\":\"https:\/\/librairie7l.com\/en\/#\/schema\/logo\/image\/\",\"url\":\"https:\/\/librairie7l.com\/wp-content\/uploads\/2022\/08\/logo-1.png\",\"contentUrl\":\"https:\/\/librairie7l.com\/wp-content\/uploads\/2022\/08\/logo-1.png\",\"width\":227,\"height\":301,\"caption\":\"Librairie 7L\"},\"image\":{\"@id\":\"https:\/\/librairie7l.com\/en\/#\/schema\/logo\/image\/\"}}]}<\/script>\n<!-- \/ Yoast SEO plugin. -->","yoast_head_json":{"title":"Joailliers de l\u00e9gende - Librairie 7L","robots":{"index":"index","follow":"follow","max-snippet":"max-snippet:-1","max-image-preview":"max-image-preview:large","max-video-preview":"max-video-preview:-1"},"canonical":"https:\/\/librairie7l.com\/en\/produit\/joailliers-de-legende-2\/","og_locale":"en_US","og_type":"article","og_title":"Joailliers de l\u00e9gende - Librairie 7L","og_description":"La haute joaillerie a son histoire : ses plus anciennes dynasties, peupl\u00e9es de cr\u00e9ateurs hors pair, l&#8217;ont \u00e9crite \u00e0 force d&#8217;ing\u00e9niosit\u00e9, d&#8217;inventivit\u00e9 et de d\u00e9fis artistiques. C\u00e9l\u00e8bres pour l&#8217;originalit\u00e9 de leur style, leur puissant savoir-faire, les grandes maisons joailli\u00e8res acquirent leur r\u00e9putation \u00e0 travers les commandes des souverains et de l&#8217;aristocratie. Louis XIV, Marie-Antoinette, les [&hellip;]","og_url":"https:\/\/librairie7l.com\/en\/produit\/joailliers-de-legende-2\/","og_site_name":"Librairie 7L","article_modified_time":"2026-04-23T07:40:13+00:00","twitter_card":"summary_large_image","twitter_misc":{"Est. reading time":"1 minute"},"schema":{"@context":"https:\/\/schema.org","@graph":[{"@type":"WebPage","@id":"https:\/\/librairie7l.com\/en\/produit\/joailliers-de-legende-2\/","url":"https:\/\/librairie7l.com\/en\/produit\/joailliers-de-legende-2\/","name":"Joailliers de l\u00e9gende - Librairie 7L","isPartOf":{"@id":"https:\/\/librairie7l.com\/en\/#website"},"datePublished":"2025-05-21T07:17:43+00:00","dateModified":"2026-04-23T07:40:13+00:00","breadcrumb":{"@id":"https:\/\/librairie7l.com\/en\/produit\/joailliers-de-legende-2\/#breadcrumb"},"inLanguage":"en-US","potentialAction":[{"@type":"ReadAction","target":["https:\/\/librairie7l.com\/en\/produit\/joailliers-de-legende-2\/"]}]},{"@type":"BreadcrumbList","@id":"https:\/\/librairie7l.com\/en\/produit\/joailliers-de-legende-2\/#breadcrumb","itemListElement":[{"@type":"ListItem","position":1,"name":"Accueil","item":"https:\/\/librairie7l.com\/en\/"},{"@type":"ListItem","position":2,"name":"Shop","item":"https:\/\/librairie7l.com\/en\/shop\/"},{"@type":"ListItem","position":3,"name":"JOAILLIERS DE L\u00c9GENDE"}]},{"@type":"WebSite","@id":"https:\/\/librairie7l.com\/en\/#website","url":"https:\/\/librairie7l.com\/en\/","name":"Librairie 7L","description":"Librairie fond\u00e9e en 1999 par Karl Lagerfeld \u00e0 Paris","publisher":{"@id":"https:\/\/librairie7l.com\/en\/#organization"},"potentialAction":[{"@type":"SearchAction","target":{"@type":"EntryPoint","urlTemplate":"https:\/\/librairie7l.com\/en\/?s={search_term_string}"},"query-input":"required name=search_term_string"}],"inLanguage":"en-US"},{"@type":"Organization","@id":"https:\/\/librairie7l.com\/en\/#organization","name":"Librairie 7L","url":"https:\/\/librairie7l.com\/en\/","logo":{"@type":"ImageObject","inLanguage":"en-US","@id":"https:\/\/librairie7l.com\/en\/#\/schema\/logo\/image\/","url":"https:\/\/librairie7l.com\/wp-content\/uploads\/2022\/08\/logo-1.png","contentUrl":"https:\/\/librairie7l.com\/wp-content\/uploads\/2022\/08\/logo-1.png","width":227,"height":301,"caption":"Librairie 7L"},"image":{"@id":"https:\/\/librairie7l.com\/en\/#\/schema\/logo\/image\/"}}]}},"_links":{"self":[{"href":"https:\/\/librairie7l.com\/en\/wp-json\/wp\/v2\/product\/48063"}],"collection":[{"href":"https:\/\/librairie7l.com\/en\/wp-json\/wp\/v2\/product"}],"about":[{"href":"https:\/\/librairie7l.com\/en\/wp-json\/wp\/v2\/types\/product"}],"wp:featuredmedia":[{"embeddable":true,"href":"https:\/\/librairie7l.com\/en\/wp-json\/wp\/v2\/media\/48831"}],"wp:attachment":[{"href":"https:\/\/librairie7l.com\/en\/wp-json\/wp\/v2\/media?parent=48063"}],"wp:term":[{"taxonomy":"product_cat","embeddable":true,"href":"https:\/\/librairie7l.com\/en\/wp-json\/wp\/v2\/product_cat?post=48063"},{"taxonomy":"product_tag","embeddable":true,"href":"https:\/\/librairie7l.com\/en\/wp-json\/wp\/v2\/product_tag?post=48063"}],"curies":[{"name":"wp","href":"https:\/\/api.w.org\/{rel}","templated":true}]}}