{"id":48071,"date":"2025-05-21T09:17:48","date_gmt":"2025-05-21T07:17:48","guid":{"rendered":"https:\/\/librairie7l.com\/?post_type=product&#038;p=48071"},"modified":"2026-04-05T15:46:16","modified_gmt":"2026-04-05T13:46:16","slug":"la-performance-une-nouvelle-ideologie-2","status":"publish","type":"product","link":"https:\/\/librairie7l.com\/en\/produit\/la-performance-une-nouvelle-ideologie-2\/","title":{"rendered":"LA PERFORMANCE, UNE NOUVELLE ID\u00c9OLOGIE ?"},"content":{"rendered":"<p>Une r\u00e9flexion transversale sur le culte de la performance et son immixtion dans l&#8217;ensemble des sph\u00e8res de la vie sociale : sport, art, entreprise, sexualit\u00e9, vie personnelle,&#8230;<br \/>\nIssue du monde industriel et de l&#8217;univers sportif, la performance a progressivement envahi le monde de l&#8217;entreprise et irrigue d\u00e9sormais l&#8217;ensemble de la vie sociale. Le culte de la performance semble ainsi accept\u00e9 comme une \u00e9vidence, qui invite sans cesse l&#8217;individu \u00e0 &#8221; performer &#8221; pour devenir soi-m\u00eame. L&#8217;objectif de cet ouvrage est de confronter des points de vue d&#8217;horizons tr\u00e8s divers pour proposer une r\u00e9flexion sur ce qui est bel et bien devenu une id\u00e9ologie. Non pas pour &#8221; diaboliser &#8221; la performance, mais pour la mettre \u00e0 l&#8217;\u00e9preuve afin de permettre un regard plus aiguis\u00e9 \u00e0 son \u00e9gard. Elle est ici analys\u00e9e sous un angle socio-historique, en montrant comment s&#8217;est fa\u00e7onn\u00e9 ce mod\u00e8le et comment il structure l&#8217;ensemble des sph\u00e8res de la vie sociale : sport, art, entreprise, vie personnelle, etc. Cette mise en perspective permet de d\u00e9gager les enjeux et d\u00e9g\u00e2ts caus\u00e9s par l&#8217;immixtion constante de la performance dans l&#8217;ensemble de nos activit\u00e9s sociales. Celle-ci, en effet, ne manque pas de questionner notre rapport au temps, aux autres, et \u00e0 nous-m\u00eames. Notre conception occidentale de la performance doit enfin \u00eatre confront\u00e9e \u00e0 d&#8217;autres notions &#8211; telles que l&#8217;infime, la surprise ou l&#8217;autorit\u00e9 &#8211; et \u00e0 d&#8217;autres modes de pens\u00e9e. C&#8217;est \u00e0 ce d\u00e9paysement que conduit finalement cette r\u00e9flexion collective.<\/p>\n","protected":false},"excerpt":{"rendered":"<p>Une r\u00e9flexion transversale sur le culte de la performance et son immixtion dans l&#8217;ensemble des sph\u00e8res de la vie sociale : sport, art, entreprise, sexualit\u00e9, vie personnelle,&#8230; Issue du monde industriel et de l&#8217;univers sportif, la performance a progressivement envahi le monde de l&#8217;entreprise et irrigue d\u00e9sormais l&#8217;ensemble de la vie sociale. Le culte de [&hellip;]<\/p>\n","protected":false},"featured_media":48069,"template":"","meta":[],"product_cat":[2948],"product_tag":[],"acf":[],"yoast_head":"<!-- This site is optimized with the Yoast SEO plugin v20.11 - https:\/\/yoast.com\/wordpress\/plugins\/seo\/ -->\n<title>La performance, une nouvelle id\u00e9ologie ? - Librairie 7L<\/title>\n<meta name=\"robots\" content=\"index, follow, max-snippet:-1, max-image-preview:large, max-video-preview:-1\" \/>\n<link rel=\"canonical\" href=\"https:\/\/librairie7l.com\/en\/produit\/la-performance-une-nouvelle-ideologie-2\/\" \/>\n<meta property=\"og:locale\" content=\"en_US\" \/>\n<meta property=\"og:type\" content=\"article\" \/>\n<meta property=\"og:title\" content=\"La performance, une nouvelle id\u00e9ologie ? - Librairie 7L\" \/>\n<meta property=\"og:description\" content=\"Une r\u00e9flexion transversale sur le culte de la performance et son immixtion dans l&#8217;ensemble des sph\u00e8res de la vie sociale : sport, art, entreprise, sexualit\u00e9, vie personnelle,&#8230; Issue du monde industriel et de l&#8217;univers sportif, la performance a progressivement envahi le monde de l&#8217;entreprise et irrigue d\u00e9sormais l&#8217;ensemble de la vie sociale. Le culte de [&hellip;]\" \/>\n<meta property=\"og:url\" content=\"https:\/\/librairie7l.com\/en\/produit\/la-performance-une-nouvelle-ideologie-2\/\" \/>\n<meta property=\"og:site_name\" content=\"Librairie 7L\" \/>\n<meta property=\"article:modified_time\" content=\"2026-04-05T13:46:16+00:00\" \/>\n<meta property=\"og:image\" content=\"https:\/\/librairie7l.com\/wp-content\/uploads\/2004\/05\/9782707144430_1_75.jpg\" \/>\n\t<meta property=\"og:image:width\" content=\"600\" \/>\n\t<meta property=\"og:image:height\" content=\"998\" \/>\n\t<meta property=\"og:image:type\" content=\"image\/jpeg\" \/>\n<meta name=\"twitter:card\" content=\"summary_large_image\" \/>\n<meta name=\"twitter:label1\" content=\"Est. reading time\" \/>\n\t<meta name=\"twitter:data1\" content=\"1 minute\" \/>\n<script type=\"application\/ld+json\" class=\"yoast-schema-graph\">{\"@context\":\"https:\/\/schema.org\",\"@graph\":[{\"@type\":\"WebPage\",\"@id\":\"https:\/\/librairie7l.com\/en\/produit\/la-performance-une-nouvelle-ideologie-2\/\",\"url\":\"https:\/\/librairie7l.com\/en\/produit\/la-performance-une-nouvelle-ideologie-2\/\",\"name\":\"La performance, une nouvelle id\u00e9ologie ? - Librairie 7L\",\"isPartOf\":{\"@id\":\"https:\/\/librairie7l.com\/en\/#website\"},\"datePublished\":\"2025-05-21T07:17:48+00:00\",\"dateModified\":\"2026-04-05T13:46:16+00:00\",\"breadcrumb\":{\"@id\":\"https:\/\/librairie7l.com\/en\/produit\/la-performance-une-nouvelle-ideologie-2\/#breadcrumb\"},\"inLanguage\":\"en-US\",\"potentialAction\":[{\"@type\":\"ReadAction\",\"target\":[\"https:\/\/librairie7l.com\/en\/produit\/la-performance-une-nouvelle-ideologie-2\/\"]}]},{\"@type\":\"BreadcrumbList\",\"@id\":\"https:\/\/librairie7l.com\/en\/produit\/la-performance-une-nouvelle-ideologie-2\/#breadcrumb\",\"itemListElement\":[{\"@type\":\"ListItem\",\"position\":1,\"name\":\"Accueil\",\"item\":\"https:\/\/librairie7l.com\/en\/\"},{\"@type\":\"ListItem\",\"position\":2,\"name\":\"Shop\",\"item\":\"https:\/\/librairie7l.com\/en\/shop\/\"},{\"@type\":\"ListItem\",\"position\":3,\"name\":\"LA PERFORMANCE, UNE NOUVELLE ID\u00c9OLOGIE ?\"}]},{\"@type\":\"WebSite\",\"@id\":\"https:\/\/librairie7l.com\/en\/#website\",\"url\":\"https:\/\/librairie7l.com\/en\/\",\"name\":\"Librairie 7L\",\"description\":\"Librairie fond\u00e9e en 1999 par Karl Lagerfeld \u00e0 Paris\",\"publisher\":{\"@id\":\"https:\/\/librairie7l.com\/en\/#organization\"},\"potentialAction\":[{\"@type\":\"SearchAction\",\"target\":{\"@type\":\"EntryPoint\",\"urlTemplate\":\"https:\/\/librairie7l.com\/en\/?s={search_term_string}\"},\"query-input\":\"required name=search_term_string\"}],\"inLanguage\":\"en-US\"},{\"@type\":\"Organization\",\"@id\":\"https:\/\/librairie7l.com\/en\/#organization\",\"name\":\"Librairie 7L\",\"url\":\"https:\/\/librairie7l.com\/en\/\",\"logo\":{\"@type\":\"ImageObject\",\"inLanguage\":\"en-US\",\"@id\":\"https:\/\/librairie7l.com\/en\/#\/schema\/logo\/image\/\",\"url\":\"https:\/\/librairie7l.com\/wp-content\/uploads\/2022\/08\/logo-1.png\",\"contentUrl\":\"https:\/\/librairie7l.com\/wp-content\/uploads\/2022\/08\/logo-1.png\",\"width\":227,\"height\":301,\"caption\":\"Librairie 7L\"},\"image\":{\"@id\":\"https:\/\/librairie7l.com\/en\/#\/schema\/logo\/image\/\"}}]}<\/script>\n<!-- \/ Yoast SEO plugin. -->","yoast_head_json":{"title":"La performance, une nouvelle id\u00e9ologie ? - Librairie 7L","robots":{"index":"index","follow":"follow","max-snippet":"max-snippet:-1","max-image-preview":"max-image-preview:large","max-video-preview":"max-video-preview:-1"},"canonical":"https:\/\/librairie7l.com\/en\/produit\/la-performance-une-nouvelle-ideologie-2\/","og_locale":"en_US","og_type":"article","og_title":"La performance, une nouvelle id\u00e9ologie ? - Librairie 7L","og_description":"Une r\u00e9flexion transversale sur le culte de la performance et son immixtion dans l&#8217;ensemble des sph\u00e8res de la vie sociale : sport, art, entreprise, sexualit\u00e9, vie personnelle,&#8230; Issue du monde industriel et de l&#8217;univers sportif, la performance a progressivement envahi le monde de l&#8217;entreprise et irrigue d\u00e9sormais l&#8217;ensemble de la vie sociale. Le culte de [&hellip;]","og_url":"https:\/\/librairie7l.com\/en\/produit\/la-performance-une-nouvelle-ideologie-2\/","og_site_name":"Librairie 7L","article_modified_time":"2026-04-05T13:46:16+00:00","og_image":[{"width":600,"height":998,"url":"https:\/\/librairie7l.com\/wp-content\/uploads\/2004\/05\/9782707144430_1_75.jpg","type":"image\/jpeg"}],"twitter_card":"summary_large_image","twitter_misc":{"Est. reading time":"1 minute"},"schema":{"@context":"https:\/\/schema.org","@graph":[{"@type":"WebPage","@id":"https:\/\/librairie7l.com\/en\/produit\/la-performance-une-nouvelle-ideologie-2\/","url":"https:\/\/librairie7l.com\/en\/produit\/la-performance-une-nouvelle-ideologie-2\/","name":"La performance, une nouvelle id\u00e9ologie ? - Librairie 7L","isPartOf":{"@id":"https:\/\/librairie7l.com\/en\/#website"},"datePublished":"2025-05-21T07:17:48+00:00","dateModified":"2026-04-05T13:46:16+00:00","breadcrumb":{"@id":"https:\/\/librairie7l.com\/en\/produit\/la-performance-une-nouvelle-ideologie-2\/#breadcrumb"},"inLanguage":"en-US","potentialAction":[{"@type":"ReadAction","target":["https:\/\/librairie7l.com\/en\/produit\/la-performance-une-nouvelle-ideologie-2\/"]}]},{"@type":"BreadcrumbList","@id":"https:\/\/librairie7l.com\/en\/produit\/la-performance-une-nouvelle-ideologie-2\/#breadcrumb","itemListElement":[{"@type":"ListItem","position":1,"name":"Accueil","item":"https:\/\/librairie7l.com\/en\/"},{"@type":"ListItem","position":2,"name":"Shop","item":"https:\/\/librairie7l.com\/en\/shop\/"},{"@type":"ListItem","position":3,"name":"LA PERFORMANCE, UNE NOUVELLE ID\u00c9OLOGIE ?"}]},{"@type":"WebSite","@id":"https:\/\/librairie7l.com\/en\/#website","url":"https:\/\/librairie7l.com\/en\/","name":"Librairie 7L","description":"Librairie fond\u00e9e en 1999 par Karl Lagerfeld \u00e0 Paris","publisher":{"@id":"https:\/\/librairie7l.com\/en\/#organization"},"potentialAction":[{"@type":"SearchAction","target":{"@type":"EntryPoint","urlTemplate":"https:\/\/librairie7l.com\/en\/?s={search_term_string}"},"query-input":"required name=search_term_string"}],"inLanguage":"en-US"},{"@type":"Organization","@id":"https:\/\/librairie7l.com\/en\/#organization","name":"Librairie 7L","url":"https:\/\/librairie7l.com\/en\/","logo":{"@type":"ImageObject","inLanguage":"en-US","@id":"https:\/\/librairie7l.com\/en\/#\/schema\/logo\/image\/","url":"https:\/\/librairie7l.com\/wp-content\/uploads\/2022\/08\/logo-1.png","contentUrl":"https:\/\/librairie7l.com\/wp-content\/uploads\/2022\/08\/logo-1.png","width":227,"height":301,"caption":"Librairie 7L"},"image":{"@id":"https:\/\/librairie7l.com\/en\/#\/schema\/logo\/image\/"}}]}},"_links":{"self":[{"href":"https:\/\/librairie7l.com\/en\/wp-json\/wp\/v2\/product\/48071"}],"collection":[{"href":"https:\/\/librairie7l.com\/en\/wp-json\/wp\/v2\/product"}],"about":[{"href":"https:\/\/librairie7l.com\/en\/wp-json\/wp\/v2\/types\/product"}],"wp:featuredmedia":[{"embeddable":true,"href":"https:\/\/librairie7l.com\/en\/wp-json\/wp\/v2\/media\/48069"}],"wp:attachment":[{"href":"https:\/\/librairie7l.com\/en\/wp-json\/wp\/v2\/media?parent=48071"}],"wp:term":[{"taxonomy":"product_cat","embeddable":true,"href":"https:\/\/librairie7l.com\/en\/wp-json\/wp\/v2\/product_cat?post=48071"},{"taxonomy":"product_tag","embeddable":true,"href":"https:\/\/librairie7l.com\/en\/wp-json\/wp\/v2\/product_tag?post=48071"}],"curies":[{"name":"wp","href":"https:\/\/api.w.org\/{rel}","templated":true}]}}