{"id":48087,"date":"2025-05-22T09:17:43","date_gmt":"2025-05-22T07:17:43","guid":{"rendered":"https:\/\/librairie7l.com\/?post_type=product&#038;p=48087"},"modified":"2026-04-17T15:15:49","modified_gmt":"2026-04-17T13:15:49","slug":"ferronerie-en-europe-au-xxe-siecle-2","status":"publish","type":"product","link":"https:\/\/librairie7l.com\/en\/produit\/ferronerie-en-europe-au-xxe-siecle-2\/","title":{"rendered":"FERRONERIE EN EUROPE AU XXE SI\u00c8CLE"},"content":{"rendered":"<p>Apr\u00e8s un XIXe si\u00e8cle de fonte, une v\u00e9ritable renaissance de la ferronnerie eut lieu en France dans la premi\u00e8re moiti\u00e9 du XXe si\u00e8cle, en particulier autour des Expositions internationales de 1925, 1931 et 1937. De nombreux t\u00e9moignages en subsistent \u00e0 Paris, Bordeaux, Lyon, Reims et Nancy, entre autres. Leurs auteurs sont aujourd&#8217;hui presque tous oubli\u00e9s.<br \/>\nCet ouvrage retrace la carri\u00e8re d&#8217;une trentaine d&#8217;entre eux. Quelques-uns rest\u00e8rent ?d\u00e8les aux m\u00e9thodes classiques de la ferronnerie, d&#8217;autres se mirent d\u00e8s les ann\u00e9es 1920 \u00e0 utiliser la soudure autog\u00e8ne. \u00c0 travers plus de mille images, le livre pr\u00e9sente leur ferronnerie d&#8217;architecture pour des banques, des grands magasins, des paquebots, des bureaux de poste, des centraux t\u00e9l\u00e9phoniques, des \u00e9glises et des immeubles. Une superbe rampe d&#8217;escalier aux iris d&#8217;\u00c9mile Robert boulevard de Courcelles \u00e9voque celles du ?\u00e9\u00e2tre des Champs-\u00c9lys\u00e9es de Bagu\u00e8s. Les balcons de l&#8217;h\u00f4tel Lalique par Nics fr\u00e8res sur le cours Albert Ier renvoient \u00e0 ceux de la maison-atelier d&#8217;Edgar Brandt boulevard Murat. L&#8217;horloge monumentale d&#8217;Adalbert Szabo pour la fa\u00e7ade du Temps rue des Italiens annonce les lampadaires t\u00e9lescopiques de Raymond Subes pour le pont du Carrousel. Le livre \u00e9voque \u00e9galement le travail plus d\u00e9licat de ces artistes sur le mobilier, le luminaire, les vases, les pendules, les bijoux, les coupe-papier et m\u00eame des objets du quotidien, tels des verseurs \u00e0 vin.<br \/>\nL&#8217;engoument pour la ferronnerie fut europ\u00e9en. Certains artistes vinrent \u00e9tudier aupr\u00e8s de leurs coll\u00e8gues \u00e0 Paris. D&#8217;autres particip\u00e8rent aux Expositions internationales. Plusieurs architectes dessin\u00e8rent la ferronnerie de leurs immeubles. Le livre \u00e9voque plus bri\u00e8vement les personnages en fer d\u00e9coup\u00e9 de Franz Haguenauer \u00e0 Vienne, le mobilier et les objets soulign\u00e9s de m\u00e9tal de Gustave Serrurier-Bovy en Belgique, la ferronnerie d&#8217;architecture et d&#8217;art d&#8217;\u00c9ric Ehrstr\u00f6im \u00e0 Helsinki. Le travail des fr\u00e8res Badia pour Antoni Gaud\u00ed i Cornet \u00e0 Barcelone, celui d&#8217;Alessandro Mazzucotelli \u00e0 Milan et de Giuseppe Michelucci \u00e0 Florence, de Jan Eisenloe$el aux Pays-Bas, de Julia Keilowa \u00e0 Varsovie, de Gyula Jungfer \u00e0 Budapest est aussi pr\u00e9sent\u00e9. De m\u00eame que les oeuvres d&#8217;apr\u00e8s les dessins des architectes Jan Kotera et Josef Goc\u00e1r \u00e0 Prague, de Fyodor Schechtel \u00e0 Moscou, de Gunnar Asplund \u00e0 Stockholm et de Raimondo d&#8217;Aronco \u00e0 Istanbul.<\/p>\n","protected":false},"excerpt":{"rendered":"<p>Apr\u00e8s un XIXe si\u00e8cle de fonte, une v\u00e9ritable renaissance de la ferronnerie eut lieu en France dans la premi\u00e8re moiti\u00e9 du XXe si\u00e8cle, en particulier autour des Expositions internationales de 1925, 1931 et 1937. De nombreux t\u00e9moignages en subsistent \u00e0 Paris, Bordeaux, Lyon, Reims et Nancy, entre autres. Leurs auteurs sont aujourd&#8217;hui presque tous oubli\u00e9s. [&hellip;]<\/p>\n","protected":false},"featured_media":48085,"template":"","meta":[],"product_cat":[2948,2952],"product_tag":[],"acf":[],"yoast_head":"<!-- This site is optimized with the Yoast SEO plugin v20.11 - https:\/\/yoast.com\/wordpress\/plugins\/seo\/ -->\n<title>Ferronerie en Europe au XXe si\u00e8cle - Librairie 7L<\/title>\n<meta name=\"robots\" content=\"index, follow, max-snippet:-1, max-image-preview:large, max-video-preview:-1\" \/>\n<link rel=\"canonical\" href=\"https:\/\/librairie7l.com\/en\/produit\/ferronerie-en-europe-au-xxe-siecle-2\/\" \/>\n<meta property=\"og:locale\" content=\"en_US\" \/>\n<meta property=\"og:type\" content=\"article\" \/>\n<meta property=\"og:title\" content=\"Ferronerie en Europe au XXe si\u00e8cle - Librairie 7L\" \/>\n<meta property=\"og:description\" content=\"Apr\u00e8s un XIXe si\u00e8cle de fonte, une v\u00e9ritable renaissance de la ferronnerie eut lieu en France dans la premi\u00e8re moiti\u00e9 du XXe si\u00e8cle, en particulier autour des Expositions internationales de 1925, 1931 et 1937. De nombreux t\u00e9moignages en subsistent \u00e0 Paris, Bordeaux, Lyon, Reims et Nancy, entre autres. Leurs auteurs sont aujourd&#8217;hui presque tous oubli\u00e9s. [&hellip;]\" \/>\n<meta property=\"og:url\" content=\"https:\/\/librairie7l.com\/en\/produit\/ferronerie-en-europe-au-xxe-siecle-2\/\" \/>\n<meta property=\"og:site_name\" content=\"Librairie 7L\" \/>\n<meta property=\"article:modified_time\" content=\"2026-04-17T13:15:49+00:00\" \/>\n<meta property=\"og:image\" content=\"https:\/\/librairie7l.com\/wp-content\/uploads\/2015\/05\/9782903824792_1_75.jpg\" \/>\n\t<meta property=\"og:image:width\" content=\"600\" \/>\n\t<meta property=\"og:image:height\" content=\"695\" \/>\n\t<meta property=\"og:image:type\" content=\"image\/jpeg\" \/>\n<meta name=\"twitter:card\" content=\"summary_large_image\" \/>\n<meta name=\"twitter:label1\" content=\"Est. reading time\" \/>\n\t<meta name=\"twitter:data1\" content=\"2 minutes\" \/>\n<script type=\"application\/ld+json\" class=\"yoast-schema-graph\">{\"@context\":\"https:\/\/schema.org\",\"@graph\":[{\"@type\":\"WebPage\",\"@id\":\"https:\/\/librairie7l.com\/en\/produit\/ferronerie-en-europe-au-xxe-siecle-2\/\",\"url\":\"https:\/\/librairie7l.com\/en\/produit\/ferronerie-en-europe-au-xxe-siecle-2\/\",\"name\":\"Ferronerie en Europe au XXe si\u00e8cle - Librairie 7L\",\"isPartOf\":{\"@id\":\"https:\/\/librairie7l.com\/en\/#website\"},\"datePublished\":\"2025-05-22T07:17:43+00:00\",\"dateModified\":\"2026-04-17T13:15:49+00:00\",\"breadcrumb\":{\"@id\":\"https:\/\/librairie7l.com\/en\/produit\/ferronerie-en-europe-au-xxe-siecle-2\/#breadcrumb\"},\"inLanguage\":\"en-US\",\"potentialAction\":[{\"@type\":\"ReadAction\",\"target\":[\"https:\/\/librairie7l.com\/en\/produit\/ferronerie-en-europe-au-xxe-siecle-2\/\"]}]},{\"@type\":\"BreadcrumbList\",\"@id\":\"https:\/\/librairie7l.com\/en\/produit\/ferronerie-en-europe-au-xxe-siecle-2\/#breadcrumb\",\"itemListElement\":[{\"@type\":\"ListItem\",\"position\":1,\"name\":\"Accueil\",\"item\":\"https:\/\/librairie7l.com\/en\/\"},{\"@type\":\"ListItem\",\"position\":2,\"name\":\"Shop\",\"item\":\"https:\/\/librairie7l.com\/en\/shop\/\"},{\"@type\":\"ListItem\",\"position\":3,\"name\":\"FERRONERIE EN EUROPE AU XXE SI\u00c8CLE\"}]},{\"@type\":\"WebSite\",\"@id\":\"https:\/\/librairie7l.com\/en\/#website\",\"url\":\"https:\/\/librairie7l.com\/en\/\",\"name\":\"Librairie 7L\",\"description\":\"Librairie fond\u00e9e en 1999 par Karl Lagerfeld \u00e0 Paris\",\"publisher\":{\"@id\":\"https:\/\/librairie7l.com\/en\/#organization\"},\"potentialAction\":[{\"@type\":\"SearchAction\",\"target\":{\"@type\":\"EntryPoint\",\"urlTemplate\":\"https:\/\/librairie7l.com\/en\/?s={search_term_string}\"},\"query-input\":\"required name=search_term_string\"}],\"inLanguage\":\"en-US\"},{\"@type\":\"Organization\",\"@id\":\"https:\/\/librairie7l.com\/en\/#organization\",\"name\":\"Librairie 7L\",\"url\":\"https:\/\/librairie7l.com\/en\/\",\"logo\":{\"@type\":\"ImageObject\",\"inLanguage\":\"en-US\",\"@id\":\"https:\/\/librairie7l.com\/en\/#\/schema\/logo\/image\/\",\"url\":\"https:\/\/librairie7l.com\/wp-content\/uploads\/2022\/08\/logo-1.png\",\"contentUrl\":\"https:\/\/librairie7l.com\/wp-content\/uploads\/2022\/08\/logo-1.png\",\"width\":227,\"height\":301,\"caption\":\"Librairie 7L\"},\"image\":{\"@id\":\"https:\/\/librairie7l.com\/en\/#\/schema\/logo\/image\/\"}}]}<\/script>\n<!-- \/ Yoast SEO plugin. -->","yoast_head_json":{"title":"Ferronerie en Europe au XXe si\u00e8cle - Librairie 7L","robots":{"index":"index","follow":"follow","max-snippet":"max-snippet:-1","max-image-preview":"max-image-preview:large","max-video-preview":"max-video-preview:-1"},"canonical":"https:\/\/librairie7l.com\/en\/produit\/ferronerie-en-europe-au-xxe-siecle-2\/","og_locale":"en_US","og_type":"article","og_title":"Ferronerie en Europe au XXe si\u00e8cle - Librairie 7L","og_description":"Apr\u00e8s un XIXe si\u00e8cle de fonte, une v\u00e9ritable renaissance de la ferronnerie eut lieu en France dans la premi\u00e8re moiti\u00e9 du XXe si\u00e8cle, en particulier autour des Expositions internationales de 1925, 1931 et 1937. De nombreux t\u00e9moignages en subsistent \u00e0 Paris, Bordeaux, Lyon, Reims et Nancy, entre autres. Leurs auteurs sont aujourd&#8217;hui presque tous oubli\u00e9s. [&hellip;]","og_url":"https:\/\/librairie7l.com\/en\/produit\/ferronerie-en-europe-au-xxe-siecle-2\/","og_site_name":"Librairie 7L","article_modified_time":"2026-04-17T13:15:49+00:00","og_image":[{"width":600,"height":695,"url":"https:\/\/librairie7l.com\/wp-content\/uploads\/2015\/05\/9782903824792_1_75.jpg","type":"image\/jpeg"}],"twitter_card":"summary_large_image","twitter_misc":{"Est. reading time":"2 minutes"},"schema":{"@context":"https:\/\/schema.org","@graph":[{"@type":"WebPage","@id":"https:\/\/librairie7l.com\/en\/produit\/ferronerie-en-europe-au-xxe-siecle-2\/","url":"https:\/\/librairie7l.com\/en\/produit\/ferronerie-en-europe-au-xxe-siecle-2\/","name":"Ferronerie en Europe au XXe si\u00e8cle - Librairie 7L","isPartOf":{"@id":"https:\/\/librairie7l.com\/en\/#website"},"datePublished":"2025-05-22T07:17:43+00:00","dateModified":"2026-04-17T13:15:49+00:00","breadcrumb":{"@id":"https:\/\/librairie7l.com\/en\/produit\/ferronerie-en-europe-au-xxe-siecle-2\/#breadcrumb"},"inLanguage":"en-US","potentialAction":[{"@type":"ReadAction","target":["https:\/\/librairie7l.com\/en\/produit\/ferronerie-en-europe-au-xxe-siecle-2\/"]}]},{"@type":"BreadcrumbList","@id":"https:\/\/librairie7l.com\/en\/produit\/ferronerie-en-europe-au-xxe-siecle-2\/#breadcrumb","itemListElement":[{"@type":"ListItem","position":1,"name":"Accueil","item":"https:\/\/librairie7l.com\/en\/"},{"@type":"ListItem","position":2,"name":"Shop","item":"https:\/\/librairie7l.com\/en\/shop\/"},{"@type":"ListItem","position":3,"name":"FERRONERIE EN EUROPE AU XXE SI\u00c8CLE"}]},{"@type":"WebSite","@id":"https:\/\/librairie7l.com\/en\/#website","url":"https:\/\/librairie7l.com\/en\/","name":"Librairie 7L","description":"Librairie fond\u00e9e en 1999 par Karl Lagerfeld \u00e0 Paris","publisher":{"@id":"https:\/\/librairie7l.com\/en\/#organization"},"potentialAction":[{"@type":"SearchAction","target":{"@type":"EntryPoint","urlTemplate":"https:\/\/librairie7l.com\/en\/?s={search_term_string}"},"query-input":"required name=search_term_string"}],"inLanguage":"en-US"},{"@type":"Organization","@id":"https:\/\/librairie7l.com\/en\/#organization","name":"Librairie 7L","url":"https:\/\/librairie7l.com\/en\/","logo":{"@type":"ImageObject","inLanguage":"en-US","@id":"https:\/\/librairie7l.com\/en\/#\/schema\/logo\/image\/","url":"https:\/\/librairie7l.com\/wp-content\/uploads\/2022\/08\/logo-1.png","contentUrl":"https:\/\/librairie7l.com\/wp-content\/uploads\/2022\/08\/logo-1.png","width":227,"height":301,"caption":"Librairie 7L"},"image":{"@id":"https:\/\/librairie7l.com\/en\/#\/schema\/logo\/image\/"}}]}},"_links":{"self":[{"href":"https:\/\/librairie7l.com\/en\/wp-json\/wp\/v2\/product\/48087"}],"collection":[{"href":"https:\/\/librairie7l.com\/en\/wp-json\/wp\/v2\/product"}],"about":[{"href":"https:\/\/librairie7l.com\/en\/wp-json\/wp\/v2\/types\/product"}],"wp:featuredmedia":[{"embeddable":true,"href":"https:\/\/librairie7l.com\/en\/wp-json\/wp\/v2\/media\/48085"}],"wp:attachment":[{"href":"https:\/\/librairie7l.com\/en\/wp-json\/wp\/v2\/media?parent=48087"}],"wp:term":[{"taxonomy":"product_cat","embeddable":true,"href":"https:\/\/librairie7l.com\/en\/wp-json\/wp\/v2\/product_cat?post=48087"},{"taxonomy":"product_tag","embeddable":true,"href":"https:\/\/librairie7l.com\/en\/wp-json\/wp\/v2\/product_tag?post=48087"}],"curies":[{"name":"wp","href":"https:\/\/api.w.org\/{rel}","templated":true}]}}