{"id":48089,"date":"2025-05-22T09:17:46","date_gmt":"2025-05-22T07:17:46","guid":{"rendered":"https:\/\/librairie7l.com\/?post_type=product&#038;p=48089"},"modified":"2026-04-23T09:42:26","modified_gmt":"2026-04-23T07:42:26","slug":"ali-cherri-vingt-quatre-fantomes-par-seconde-2","status":"publish","type":"product","link":"https:\/\/librairie7l.com\/en\/produit\/ali-cherri-vingt-quatre-fantomes-par-seconde-2\/","title":{"rendered":"ALI CHERRI. VINGT-QUATRE FANT\u00d4MES PAR SECONDE"},"content":{"rendered":"<p>Leporello publi\u00e9 \u00e0 l&#8217;occasion de l&#8217;exposition &#8220;Vingt-quatre fant\u00f4mes par seconde&#8221; d&#8217;Ali Cherri dans les vitrines de la Bourse de Commerce &#8211; Pinault Collection jusqu&#8217;au 25 ao\u00fbt 2025<br \/>\nN\u00e9 \u00e0 Beyrouth (Liban), Ali Cherri vit et travaille entre Beyrouth et Paris. Il appartient \u00e0 cette g\u00e9n\u00e9ration d&#8217;artistes libanais n\u00e9e pendant la guerre civile (1975-1990) dont le travail a \u00e9t\u00e9 fortement affect\u00e9 par ce contexte d&#8217;instabilit\u00e9. \u00c0 travers son travail plastique et vid\u00e9o, Ali Cherri op\u00e8re des glissements temporels entre les mondes antiques et nos soci\u00e9t\u00e9s contemporaines, des allers-retours constants entre mythes fondateurs et utopie d&#8217;un progr\u00e8s sans limite. Son oeuvre explore ainsi les liens qui unissent arch\u00e9ologie, r\u00e9cits historiques et patrimoine culturel, et s&#8217;attache de fait aux processus de fouilles, de d\u00e9placement et de mus\u00e9ification de vestiges, qui sont autant de violences faites \u00e0 des pratiques culturelles imm\u00e9morielles et \u00e0 des sites arch\u00e9ologiques.<br \/>\nPendant l&#8217;exposition collective &#8220;Corps et \u00e2mes&#8221;, Ali Cherri investit le Passage de la Bourse de Commerce &#8211; Pinault Collection. Les vingt-quatre vitrines &#8211; dispositif mus\u00e9al par excellence &#8211; qui le constituent rappellent \u00e0 l&#8217;artiste les vingt-quatre images par seconde qui produisent l&#8217;illusion du mouvement au cin\u00e9ma et permettent ainsi de &#8220;donner vie&#8221; aux oeuvres expos\u00e9es, comme des flashes fantomatiques entre le r\u00e9el et la fiction, le pass\u00e9 et le pr\u00e9sent. Les vitrines pr\u00e9sentent des sculptures hybrides m\u00ealant artefacts arch\u00e9ologiques et cr\u00e9ations de l&#8217;artiste, proposant une r\u00e9flexion sur les cons\u00e9quences de leur manipulation (spoliation, trafic, appropriation&#8230;).<br \/>\n&#8220;Les greffes que j&#8217;op\u00e8re dans ma s\u00e9rie de sculptures sont une forme de solidarit\u00e9 entre des corps bris\u00e9s, fragment\u00e9s, violent\u00e9s, qui, en se soudant, cr\u00e9ent une communaut\u00e9&#8221;, explique l&#8217;artiste, qui s&#8217;appuie sur le film surr\u00e9aliste Le Sang d&#8217;un po\u00e8te de Jean Cocteau (1930) comme un fil conducteur, symbole du passage d&#8217;un monde \u00e0 un autre.<\/p>\n","protected":false},"excerpt":{"rendered":"<p>Leporello publi\u00e9 \u00e0 l&#8217;occasion de l&#8217;exposition &#8220;Vingt-quatre fant\u00f4mes par seconde&#8221; d&#8217;Ali Cherri dans les vitrines de la Bourse de Commerce &#8211; Pinault Collection jusqu&#8217;au 25 ao\u00fbt 2025 N\u00e9 \u00e0 Beyrouth (Liban), Ali Cherri vit et travaille entre Beyrouth et Paris. Il appartient \u00e0 cette g\u00e9n\u00e9ration d&#8217;artistes libanais n\u00e9e pendant la guerre civile (1975-1990) dont le [&hellip;]<\/p>\n","protected":false},"featured_media":49772,"template":"","meta":[],"product_cat":[2948,2953],"product_tag":[],"acf":[],"yoast_head":"<!-- This site is optimized with the Yoast SEO plugin v20.11 - https:\/\/yoast.com\/wordpress\/plugins\/seo\/ -->\n<title>Ali Cherri. Vingt-quatre fant\u00f4mes par seconde - Librairie 7L<\/title>\n<meta name=\"robots\" content=\"index, follow, max-snippet:-1, max-image-preview:large, max-video-preview:-1\" \/>\n<link rel=\"canonical\" href=\"https:\/\/librairie7l.com\/en\/produit\/ali-cherri-vingt-quatre-fantomes-par-seconde-2\/\" \/>\n<meta property=\"og:locale\" content=\"en_US\" \/>\n<meta property=\"og:type\" content=\"article\" \/>\n<meta property=\"og:title\" content=\"Ali Cherri. Vingt-quatre fant\u00f4mes par seconde - Librairie 7L\" \/>\n<meta property=\"og:description\" content=\"Leporello publi\u00e9 \u00e0 l&#8217;occasion de l&#8217;exposition &#8220;Vingt-quatre fant\u00f4mes par seconde&#8221; d&#8217;Ali Cherri dans les vitrines de la Bourse de Commerce &#8211; Pinault Collection jusqu&#8217;au 25 ao\u00fbt 2025 N\u00e9 \u00e0 Beyrouth (Liban), Ali Cherri vit et travaille entre Beyrouth et Paris. Il appartient \u00e0 cette g\u00e9n\u00e9ration d&#8217;artistes libanais n\u00e9e pendant la guerre civile (1975-1990) dont le [&hellip;]\" \/>\n<meta property=\"og:url\" content=\"https:\/\/librairie7l.com\/en\/produit\/ali-cherri-vingt-quatre-fantomes-par-seconde-2\/\" \/>\n<meta property=\"og:site_name\" content=\"Librairie 7L\" \/>\n<meta property=\"article:modified_time\" content=\"2026-04-23T07:42:26+00:00\" \/>\n<meta name=\"twitter:card\" content=\"summary_large_image\" \/>\n<meta name=\"twitter:label1\" content=\"Est. reading time\" \/>\n\t<meta name=\"twitter:data1\" content=\"2 minutes\" \/>\n<script type=\"application\/ld+json\" class=\"yoast-schema-graph\">{\"@context\":\"https:\/\/schema.org\",\"@graph\":[{\"@type\":\"WebPage\",\"@id\":\"https:\/\/librairie7l.com\/en\/produit\/ali-cherri-vingt-quatre-fantomes-par-seconde-2\/\",\"url\":\"https:\/\/librairie7l.com\/en\/produit\/ali-cherri-vingt-quatre-fantomes-par-seconde-2\/\",\"name\":\"Ali Cherri. Vingt-quatre fant\u00f4mes par seconde - Librairie 7L\",\"isPartOf\":{\"@id\":\"https:\/\/librairie7l.com\/en\/#website\"},\"datePublished\":\"2025-05-22T07:17:46+00:00\",\"dateModified\":\"2026-04-23T07:42:26+00:00\",\"breadcrumb\":{\"@id\":\"https:\/\/librairie7l.com\/en\/produit\/ali-cherri-vingt-quatre-fantomes-par-seconde-2\/#breadcrumb\"},\"inLanguage\":\"en-US\",\"potentialAction\":[{\"@type\":\"ReadAction\",\"target\":[\"https:\/\/librairie7l.com\/en\/produit\/ali-cherri-vingt-quatre-fantomes-par-seconde-2\/\"]}]},{\"@type\":\"BreadcrumbList\",\"@id\":\"https:\/\/librairie7l.com\/en\/produit\/ali-cherri-vingt-quatre-fantomes-par-seconde-2\/#breadcrumb\",\"itemListElement\":[{\"@type\":\"ListItem\",\"position\":1,\"name\":\"Accueil\",\"item\":\"https:\/\/librairie7l.com\/en\/\"},{\"@type\":\"ListItem\",\"position\":2,\"name\":\"Shop\",\"item\":\"https:\/\/librairie7l.com\/en\/shop\/\"},{\"@type\":\"ListItem\",\"position\":3,\"name\":\"ALI CHERRI. VINGT-QUATRE FANT\u00d4MES PAR SECONDE\"}]},{\"@type\":\"WebSite\",\"@id\":\"https:\/\/librairie7l.com\/en\/#website\",\"url\":\"https:\/\/librairie7l.com\/en\/\",\"name\":\"Librairie 7L\",\"description\":\"Librairie fond\u00e9e en 1999 par Karl Lagerfeld \u00e0 Paris\",\"publisher\":{\"@id\":\"https:\/\/librairie7l.com\/en\/#organization\"},\"potentialAction\":[{\"@type\":\"SearchAction\",\"target\":{\"@type\":\"EntryPoint\",\"urlTemplate\":\"https:\/\/librairie7l.com\/en\/?s={search_term_string}\"},\"query-input\":\"required name=search_term_string\"}],\"inLanguage\":\"en-US\"},{\"@type\":\"Organization\",\"@id\":\"https:\/\/librairie7l.com\/en\/#organization\",\"name\":\"Librairie 7L\",\"url\":\"https:\/\/librairie7l.com\/en\/\",\"logo\":{\"@type\":\"ImageObject\",\"inLanguage\":\"en-US\",\"@id\":\"https:\/\/librairie7l.com\/en\/#\/schema\/logo\/image\/\",\"url\":\"https:\/\/librairie7l.com\/wp-content\/uploads\/2022\/08\/logo-1.png\",\"contentUrl\":\"https:\/\/librairie7l.com\/wp-content\/uploads\/2022\/08\/logo-1.png\",\"width\":227,\"height\":301,\"caption\":\"Librairie 7L\"},\"image\":{\"@id\":\"https:\/\/librairie7l.com\/en\/#\/schema\/logo\/image\/\"}}]}<\/script>\n<!-- \/ Yoast SEO plugin. -->","yoast_head_json":{"title":"Ali Cherri. Vingt-quatre fant\u00f4mes par seconde - Librairie 7L","robots":{"index":"index","follow":"follow","max-snippet":"max-snippet:-1","max-image-preview":"max-image-preview:large","max-video-preview":"max-video-preview:-1"},"canonical":"https:\/\/librairie7l.com\/en\/produit\/ali-cherri-vingt-quatre-fantomes-par-seconde-2\/","og_locale":"en_US","og_type":"article","og_title":"Ali Cherri. Vingt-quatre fant\u00f4mes par seconde - Librairie 7L","og_description":"Leporello publi\u00e9 \u00e0 l&#8217;occasion de l&#8217;exposition &#8220;Vingt-quatre fant\u00f4mes par seconde&#8221; d&#8217;Ali Cherri dans les vitrines de la Bourse de Commerce &#8211; Pinault Collection jusqu&#8217;au 25 ao\u00fbt 2025 N\u00e9 \u00e0 Beyrouth (Liban), Ali Cherri vit et travaille entre Beyrouth et Paris. Il appartient \u00e0 cette g\u00e9n\u00e9ration d&#8217;artistes libanais n\u00e9e pendant la guerre civile (1975-1990) dont le [&hellip;]","og_url":"https:\/\/librairie7l.com\/en\/produit\/ali-cherri-vingt-quatre-fantomes-par-seconde-2\/","og_site_name":"Librairie 7L","article_modified_time":"2026-04-23T07:42:26+00:00","twitter_card":"summary_large_image","twitter_misc":{"Est. reading time":"2 minutes"},"schema":{"@context":"https:\/\/schema.org","@graph":[{"@type":"WebPage","@id":"https:\/\/librairie7l.com\/en\/produit\/ali-cherri-vingt-quatre-fantomes-par-seconde-2\/","url":"https:\/\/librairie7l.com\/en\/produit\/ali-cherri-vingt-quatre-fantomes-par-seconde-2\/","name":"Ali Cherri. Vingt-quatre fant\u00f4mes par seconde - Librairie 7L","isPartOf":{"@id":"https:\/\/librairie7l.com\/en\/#website"},"datePublished":"2025-05-22T07:17:46+00:00","dateModified":"2026-04-23T07:42:26+00:00","breadcrumb":{"@id":"https:\/\/librairie7l.com\/en\/produit\/ali-cherri-vingt-quatre-fantomes-par-seconde-2\/#breadcrumb"},"inLanguage":"en-US","potentialAction":[{"@type":"ReadAction","target":["https:\/\/librairie7l.com\/en\/produit\/ali-cherri-vingt-quatre-fantomes-par-seconde-2\/"]}]},{"@type":"BreadcrumbList","@id":"https:\/\/librairie7l.com\/en\/produit\/ali-cherri-vingt-quatre-fantomes-par-seconde-2\/#breadcrumb","itemListElement":[{"@type":"ListItem","position":1,"name":"Accueil","item":"https:\/\/librairie7l.com\/en\/"},{"@type":"ListItem","position":2,"name":"Shop","item":"https:\/\/librairie7l.com\/en\/shop\/"},{"@type":"ListItem","position":3,"name":"ALI CHERRI. VINGT-QUATRE FANT\u00d4MES PAR SECONDE"}]},{"@type":"WebSite","@id":"https:\/\/librairie7l.com\/en\/#website","url":"https:\/\/librairie7l.com\/en\/","name":"Librairie 7L","description":"Librairie fond\u00e9e en 1999 par Karl Lagerfeld \u00e0 Paris","publisher":{"@id":"https:\/\/librairie7l.com\/en\/#organization"},"potentialAction":[{"@type":"SearchAction","target":{"@type":"EntryPoint","urlTemplate":"https:\/\/librairie7l.com\/en\/?s={search_term_string}"},"query-input":"required name=search_term_string"}],"inLanguage":"en-US"},{"@type":"Organization","@id":"https:\/\/librairie7l.com\/en\/#organization","name":"Librairie 7L","url":"https:\/\/librairie7l.com\/en\/","logo":{"@type":"ImageObject","inLanguage":"en-US","@id":"https:\/\/librairie7l.com\/en\/#\/schema\/logo\/image\/","url":"https:\/\/librairie7l.com\/wp-content\/uploads\/2022\/08\/logo-1.png","contentUrl":"https:\/\/librairie7l.com\/wp-content\/uploads\/2022\/08\/logo-1.png","width":227,"height":301,"caption":"Librairie 7L"},"image":{"@id":"https:\/\/librairie7l.com\/en\/#\/schema\/logo\/image\/"}}]}},"_links":{"self":[{"href":"https:\/\/librairie7l.com\/en\/wp-json\/wp\/v2\/product\/48089"}],"collection":[{"href":"https:\/\/librairie7l.com\/en\/wp-json\/wp\/v2\/product"}],"about":[{"href":"https:\/\/librairie7l.com\/en\/wp-json\/wp\/v2\/types\/product"}],"wp:featuredmedia":[{"embeddable":true,"href":"https:\/\/librairie7l.com\/en\/wp-json\/wp\/v2\/media\/49772"}],"wp:attachment":[{"href":"https:\/\/librairie7l.com\/en\/wp-json\/wp\/v2\/media?parent=48089"}],"wp:term":[{"taxonomy":"product_cat","embeddable":true,"href":"https:\/\/librairie7l.com\/en\/wp-json\/wp\/v2\/product_cat?post=48089"},{"taxonomy":"product_tag","embeddable":true,"href":"https:\/\/librairie7l.com\/en\/wp-json\/wp\/v2\/product_tag?post=48089"}],"curies":[{"name":"wp","href":"https:\/\/api.w.org\/{rel}","templated":true}]}}