{"id":48093,"date":"2025-05-22T09:17:49","date_gmt":"2025-05-22T07:17:49","guid":{"rendered":"https:\/\/librairie7l.com\/?post_type=product&#038;p=48093"},"modified":"2026-04-05T02:01:04","modified_gmt":"2026-04-05T00:01:04","slug":"japonisme-architectural-en-france-1550-1930-2","status":"publish","type":"product","link":"https:\/\/librairie7l.com\/en\/produit\/japonisme-architectural-en-france-1550-1930-2\/","title":{"rendered":"JAPONISME ARCHITECTURAL EN FRANCE, 1550-1930"},"content":{"rendered":"<p>Dans l&#8217;esprit des Occidentaux, l&#8217;architecture japonisante b\u00e2tie en Europe \u00e0 la fin du XIXe si\u00e8cle \u00e9tait identique \u00e0 celle de l&#8217;archipel. Mais ces d\u00e9cors monumentaux ou rustiques, pr\u00e9sent\u00e9s dans des paysages exotiques cr\u00e9\u00e9s de toutes pi\u00e8ces, \u00e9taient des architectures mixtes, en partie import\u00e9es de l&#8217;archipel, mais toujours adapt\u00e9es aux plaisirs des Europ\u00e9ens. En effet le succ\u00e8s de ce japonisme architectural n&#8217;\u00e9tait autre que la suite de l&#8217;engouement qu&#8217;avait connu le premier XIXe si\u00e8cle pour les Folies et les chinoiseries.<\/p>\n","protected":false},"excerpt":{"rendered":"<p>Dans l&#8217;esprit des Occidentaux, l&#8217;architecture japonisante b\u00e2tie en Europe \u00e0 la fin du XIXe si\u00e8cle \u00e9tait identique \u00e0 celle de l&#8217;archipel. Mais ces d\u00e9cors monumentaux ou rustiques, pr\u00e9sent\u00e9s dans des paysages exotiques cr\u00e9\u00e9s de toutes pi\u00e8ces, \u00e9taient des architectures mixtes, en partie import\u00e9es de l&#8217;archipel, mais toujours adapt\u00e9es aux plaisirs des Europ\u00e9ens. En effet le [&hellip;]<\/p>\n","protected":false},"featured_media":48091,"template":"","meta":[],"product_cat":[2948,2950],"product_tag":[],"acf":[],"yoast_head":"<!-- This site is optimized with the Yoast SEO plugin v20.11 - https:\/\/yoast.com\/wordpress\/plugins\/seo\/ -->\n<title>Japonisme architectural en France, 1550-1930 - Librairie 7L<\/title>\n<meta name=\"robots\" content=\"index, follow, max-snippet:-1, max-image-preview:large, max-video-preview:-1\" \/>\n<link rel=\"canonical\" href=\"https:\/\/librairie7l.com\/en\/produit\/japonisme-architectural-en-france-1550-1930-2\/\" \/>\n<meta property=\"og:locale\" content=\"en_US\" \/>\n<meta property=\"og:type\" content=\"article\" \/>\n<meta property=\"og:title\" content=\"Japonisme architectural en France, 1550-1930 - Librairie 7L\" \/>\n<meta property=\"og:description\" content=\"Dans l&#8217;esprit des Occidentaux, l&#8217;architecture japonisante b\u00e2tie en Europe \u00e0 la fin du XIXe si\u00e8cle \u00e9tait identique \u00e0 celle de l&#8217;archipel. Mais ces d\u00e9cors monumentaux ou rustiques, pr\u00e9sent\u00e9s dans des paysages exotiques cr\u00e9\u00e9s de toutes pi\u00e8ces, \u00e9taient des architectures mixtes, en partie import\u00e9es de l&#8217;archipel, mais toujours adapt\u00e9es aux plaisirs des Europ\u00e9ens. En effet le [&hellip;]\" \/>\n<meta property=\"og:url\" content=\"https:\/\/librairie7l.com\/en\/produit\/japonisme-architectural-en-france-1550-1930-2\/\" \/>\n<meta property=\"og:site_name\" content=\"Librairie 7L\" \/>\n<meta property=\"article:modified_time\" content=\"2026-04-05T00:01:04+00:00\" \/>\n<meta property=\"og:image\" content=\"https:\/\/librairie7l.com\/wp-content\/uploads\/2018\/01\/9782878442328_1_75.jpg\" \/>\n\t<meta property=\"og:image:width\" content=\"600\" \/>\n\t<meta property=\"og:image:height\" content=\"787\" \/>\n\t<meta property=\"og:image:type\" content=\"image\/jpeg\" \/>\n<meta name=\"twitter:card\" content=\"summary_large_image\" \/>\n<script type=\"application\/ld+json\" class=\"yoast-schema-graph\">{\"@context\":\"https:\/\/schema.org\",\"@graph\":[{\"@type\":\"WebPage\",\"@id\":\"https:\/\/librairie7l.com\/en\/produit\/japonisme-architectural-en-france-1550-1930-2\/\",\"url\":\"https:\/\/librairie7l.com\/en\/produit\/japonisme-architectural-en-france-1550-1930-2\/\",\"name\":\"Japonisme architectural en France, 1550-1930 - Librairie 7L\",\"isPartOf\":{\"@id\":\"https:\/\/librairie7l.com\/en\/#website\"},\"datePublished\":\"2025-05-22T07:17:49+00:00\",\"dateModified\":\"2026-04-05T00:01:04+00:00\",\"breadcrumb\":{\"@id\":\"https:\/\/librairie7l.com\/en\/produit\/japonisme-architectural-en-france-1550-1930-2\/#breadcrumb\"},\"inLanguage\":\"en-US\",\"potentialAction\":[{\"@type\":\"ReadAction\",\"target\":[\"https:\/\/librairie7l.com\/en\/produit\/japonisme-architectural-en-france-1550-1930-2\/\"]}]},{\"@type\":\"BreadcrumbList\",\"@id\":\"https:\/\/librairie7l.com\/en\/produit\/japonisme-architectural-en-france-1550-1930-2\/#breadcrumb\",\"itemListElement\":[{\"@type\":\"ListItem\",\"position\":1,\"name\":\"Accueil\",\"item\":\"https:\/\/librairie7l.com\/en\/\"},{\"@type\":\"ListItem\",\"position\":2,\"name\":\"Shop\",\"item\":\"https:\/\/librairie7l.com\/en\/shop\/\"},{\"@type\":\"ListItem\",\"position\":3,\"name\":\"JAPONISME ARCHITECTURAL EN FRANCE, 1550-1930\"}]},{\"@type\":\"WebSite\",\"@id\":\"https:\/\/librairie7l.com\/en\/#website\",\"url\":\"https:\/\/librairie7l.com\/en\/\",\"name\":\"Librairie 7L\",\"description\":\"Librairie fond\u00e9e en 1999 par Karl Lagerfeld \u00e0 Paris\",\"publisher\":{\"@id\":\"https:\/\/librairie7l.com\/en\/#organization\"},\"potentialAction\":[{\"@type\":\"SearchAction\",\"target\":{\"@type\":\"EntryPoint\",\"urlTemplate\":\"https:\/\/librairie7l.com\/en\/?s={search_term_string}\"},\"query-input\":\"required name=search_term_string\"}],\"inLanguage\":\"en-US\"},{\"@type\":\"Organization\",\"@id\":\"https:\/\/librairie7l.com\/en\/#organization\",\"name\":\"Librairie 7L\",\"url\":\"https:\/\/librairie7l.com\/en\/\",\"logo\":{\"@type\":\"ImageObject\",\"inLanguage\":\"en-US\",\"@id\":\"https:\/\/librairie7l.com\/en\/#\/schema\/logo\/image\/\",\"url\":\"https:\/\/librairie7l.com\/wp-content\/uploads\/2022\/08\/logo-1.png\",\"contentUrl\":\"https:\/\/librairie7l.com\/wp-content\/uploads\/2022\/08\/logo-1.png\",\"width\":227,\"height\":301,\"caption\":\"Librairie 7L\"},\"image\":{\"@id\":\"https:\/\/librairie7l.com\/en\/#\/schema\/logo\/image\/\"}}]}<\/script>\n<!-- \/ Yoast SEO plugin. -->","yoast_head_json":{"title":"Japonisme architectural en France, 1550-1930 - Librairie 7L","robots":{"index":"index","follow":"follow","max-snippet":"max-snippet:-1","max-image-preview":"max-image-preview:large","max-video-preview":"max-video-preview:-1"},"canonical":"https:\/\/librairie7l.com\/en\/produit\/japonisme-architectural-en-france-1550-1930-2\/","og_locale":"en_US","og_type":"article","og_title":"Japonisme architectural en France, 1550-1930 - Librairie 7L","og_description":"Dans l&#8217;esprit des Occidentaux, l&#8217;architecture japonisante b\u00e2tie en Europe \u00e0 la fin du XIXe si\u00e8cle \u00e9tait identique \u00e0 celle de l&#8217;archipel. Mais ces d\u00e9cors monumentaux ou rustiques, pr\u00e9sent\u00e9s dans des paysages exotiques cr\u00e9\u00e9s de toutes pi\u00e8ces, \u00e9taient des architectures mixtes, en partie import\u00e9es de l&#8217;archipel, mais toujours adapt\u00e9es aux plaisirs des Europ\u00e9ens. En effet le [&hellip;]","og_url":"https:\/\/librairie7l.com\/en\/produit\/japonisme-architectural-en-france-1550-1930-2\/","og_site_name":"Librairie 7L","article_modified_time":"2026-04-05T00:01:04+00:00","og_image":[{"width":600,"height":787,"url":"https:\/\/librairie7l.com\/wp-content\/uploads\/2018\/01\/9782878442328_1_75.jpg","type":"image\/jpeg"}],"twitter_card":"summary_large_image","schema":{"@context":"https:\/\/schema.org","@graph":[{"@type":"WebPage","@id":"https:\/\/librairie7l.com\/en\/produit\/japonisme-architectural-en-france-1550-1930-2\/","url":"https:\/\/librairie7l.com\/en\/produit\/japonisme-architectural-en-france-1550-1930-2\/","name":"Japonisme architectural en France, 1550-1930 - Librairie 7L","isPartOf":{"@id":"https:\/\/librairie7l.com\/en\/#website"},"datePublished":"2025-05-22T07:17:49+00:00","dateModified":"2026-04-05T00:01:04+00:00","breadcrumb":{"@id":"https:\/\/librairie7l.com\/en\/produit\/japonisme-architectural-en-france-1550-1930-2\/#breadcrumb"},"inLanguage":"en-US","potentialAction":[{"@type":"ReadAction","target":["https:\/\/librairie7l.com\/en\/produit\/japonisme-architectural-en-france-1550-1930-2\/"]}]},{"@type":"BreadcrumbList","@id":"https:\/\/librairie7l.com\/en\/produit\/japonisme-architectural-en-france-1550-1930-2\/#breadcrumb","itemListElement":[{"@type":"ListItem","position":1,"name":"Accueil","item":"https:\/\/librairie7l.com\/en\/"},{"@type":"ListItem","position":2,"name":"Shop","item":"https:\/\/librairie7l.com\/en\/shop\/"},{"@type":"ListItem","position":3,"name":"JAPONISME ARCHITECTURAL EN FRANCE, 1550-1930"}]},{"@type":"WebSite","@id":"https:\/\/librairie7l.com\/en\/#website","url":"https:\/\/librairie7l.com\/en\/","name":"Librairie 7L","description":"Librairie fond\u00e9e en 1999 par Karl Lagerfeld \u00e0 Paris","publisher":{"@id":"https:\/\/librairie7l.com\/en\/#organization"},"potentialAction":[{"@type":"SearchAction","target":{"@type":"EntryPoint","urlTemplate":"https:\/\/librairie7l.com\/en\/?s={search_term_string}"},"query-input":"required name=search_term_string"}],"inLanguage":"en-US"},{"@type":"Organization","@id":"https:\/\/librairie7l.com\/en\/#organization","name":"Librairie 7L","url":"https:\/\/librairie7l.com\/en\/","logo":{"@type":"ImageObject","inLanguage":"en-US","@id":"https:\/\/librairie7l.com\/en\/#\/schema\/logo\/image\/","url":"https:\/\/librairie7l.com\/wp-content\/uploads\/2022\/08\/logo-1.png","contentUrl":"https:\/\/librairie7l.com\/wp-content\/uploads\/2022\/08\/logo-1.png","width":227,"height":301,"caption":"Librairie 7L"},"image":{"@id":"https:\/\/librairie7l.com\/en\/#\/schema\/logo\/image\/"}}]}},"_links":{"self":[{"href":"https:\/\/librairie7l.com\/en\/wp-json\/wp\/v2\/product\/48093"}],"collection":[{"href":"https:\/\/librairie7l.com\/en\/wp-json\/wp\/v2\/product"}],"about":[{"href":"https:\/\/librairie7l.com\/en\/wp-json\/wp\/v2\/types\/product"}],"wp:featuredmedia":[{"embeddable":true,"href":"https:\/\/librairie7l.com\/en\/wp-json\/wp\/v2\/media\/48091"}],"wp:attachment":[{"href":"https:\/\/librairie7l.com\/en\/wp-json\/wp\/v2\/media?parent=48093"}],"wp:term":[{"taxonomy":"product_cat","embeddable":true,"href":"https:\/\/librairie7l.com\/en\/wp-json\/wp\/v2\/product_cat?post=48093"},{"taxonomy":"product_tag","embeddable":true,"href":"https:\/\/librairie7l.com\/en\/wp-json\/wp\/v2\/product_tag?post=48093"}],"curies":[{"name":"wp","href":"https:\/\/api.w.org\/{rel}","templated":true}]}}